{"id":47688,"date":"2025-06-13T07:34:38","date_gmt":"2025-06-13T07:34:38","guid":{"rendered":"https:\/\/sindicom.hr\/?post_type=product&#038;p=47688"},"modified":"2025-10-27T12:15:41","modified_gmt":"2025-10-27T12:15:41","slug":"sprej-za-sjaj-i-ciscenje-unutrasnjosti-vozila-600-ml-motip","status":"publish","type":"product","link":"https:\/\/sindicom.hr\/en\/katalog\/sprej-za-sjaj-i-ciscenje-unutrasnjosti-vozila-600-ml-motip\/","title":{"rendered":"SPREJ ZA SJAJ I \u010cI\u0160\u0106ENJE UNUTRA\u0160NJOSTI VOZILA 600 ml MOTIP"},"content":{"rendered":"<p>000709 MOTIP  8902226 WURTH  Plastic and rubber cleaner for vehicle interior. packaging 600 ml  Kunststoff- und Gummireiniger f\u00fcr den Fahrzeuginnenraum. Verpackung 600 ml<\/p>\n","protected":false},"excerpt":{"rendered":"<p>000709 MOTIP 8902226 WURTH Plastic and rubber cleaner for vehicle  [&#8230;]<\/p>\n","protected":false},"featured_media":0,"template":"","meta":{"inline_featured_image":false},"product_brand":[],"product_cat":[],"product_tag":[],"class_list":{"0":"post-47688","1":"product","2":"type-product","3":"status-publish","6":"first","7":"instock","8":"shipping-taxable","9":"purchasable","10":"product-type-simple"},"yoast_head":"<!-- This site is optimized with the Yoast SEO plugin v26.2 - https:\/\/yoast.com\/wordpress\/plugins\/seo\/ -->\n<title>SPREJ ZA SJAJ I \u010cI\u0160\u0106ENJE UNUTRA\u0160NJOSTI VOZILA 600 ml MOTIP - Sindicom<\/title>\n<meta name=\"robots\" content=\"index, follow, max-snippet:-1, max-image-preview:large, max-video-preview:-1\" \/>\n<link rel=\"canonical\" href=\"https:\/\/sindicom.hr\/en\/katalog\/sprej-za-sjaj-i-ciscenje-unutrasnjosti-vozila-600-ml-motip\/\" \/>\n<meta property=\"og:locale\" content=\"en_US\" \/>\n<meta property=\"og:type\" content=\"article\" \/>\n<meta property=\"og:title\" content=\"SPREJ ZA SJAJ I \u010cI\u0160\u0106ENJE UNUTRA\u0160NJOSTI VOZILA 600 ml MOTIP - Sindicom\" \/>\n<meta property=\"og:description\" content=\"000709 MOTIP 8902226 WURTH Plastic and rubber cleaner for vehicle [...]\" \/>\n<meta property=\"og:url\" content=\"https:\/\/sindicom.hr\/en\/katalog\/sprej-za-sjaj-i-ciscenje-unutrasnjosti-vozila-600-ml-motip\/\" \/>\n<meta property=\"og:site_name\" content=\"Sindicom\" \/>\n<meta property=\"article:publisher\" content=\"https:\/\/www.facebook.com\/Sindicom-doo-170277286366043\/\" \/>\n<meta property=\"article:modified_time\" content=\"2025-10-27T12:15:41+00:00\" \/>\n<meta name=\"twitter:card\" content=\"summary_large_image\" \/>\n<script type=\"application\/ld+json\" class=\"yoast-schema-graph\">{\"@context\":\"https:\/\/schema.org\",\"@graph\":[{\"@type\":\"WebPage\",\"@id\":\"https:\/\/sindicom.hr\/en\/katalog\/sprej-za-sjaj-i-ciscenje-unutrasnjosti-vozila-600-ml-motip\/\",\"url\":\"https:\/\/sindicom.hr\/en\/katalog\/sprej-za-sjaj-i-ciscenje-unutrasnjosti-vozila-600-ml-motip\/\",\"name\":\"SPREJ ZA SJAJ I \u010cI\u0160\u0106ENJE UNUTRA\u0160NJOSTI VOZILA 600 ml MOTIP - Sindicom\",\"isPartOf\":{\"@id\":\"https:\/\/sindicom.hr\/en\/#website\"},\"datePublished\":\"2025-06-13T07:34:38+00:00\",\"dateModified\":\"2025-10-27T12:15:41+00:00\",\"breadcrumb\":{\"@id\":\"https:\/\/sindicom.hr\/en\/katalog\/sprej-za-sjaj-i-ciscenje-unutrasnjosti-vozila-600-ml-motip\/#breadcrumb\"},\"inLanguage\":\"en-US\",\"potentialAction\":[{\"@type\":\"ReadAction\",\"target\":[\"https:\/\/sindicom.hr\/en\/katalog\/sprej-za-sjaj-i-ciscenje-unutrasnjosti-vozila-600-ml-motip\/\"]}]},{\"@type\":\"BreadcrumbList\",\"@id\":\"https:\/\/sindicom.hr\/en\/katalog\/sprej-za-sjaj-i-ciscenje-unutrasnjosti-vozila-600-ml-motip\/#breadcrumb\",\"itemListElement\":[{\"@type\":\"ListItem\",\"position\":1,\"name\":\"Po\u010detna stranica\",\"item\":\"https:\/\/sindicom.hr\/en\/\"},{\"@type\":\"ListItem\",\"position\":2,\"name\":\"Katalog dijelova\",\"item\":\"https:\/\/sindicom.hr\/en\/catalog\/\"},{\"@type\":\"ListItem\",\"position\":3,\"name\":\"SPREJ ZA SJAJ I \u010cI\u0160\u0106ENJE UNUTRA\u0160NJOSTI VOZILA 600 ml MOTIP\"}]},{\"@type\":\"WebSite\",\"@id\":\"https:\/\/sindicom.hr\/en\/#website\",\"url\":\"https:\/\/sindicom.hr\/en\/\",\"name\":\"SINDICOM\",\"description\":\"Trade and repair of pneumatic brakes, air and hydraulic systems for trucks and buses\",\"publisher\":{\"@id\":\"https:\/\/sindicom.hr\/en\/#organization\"},\"potentialAction\":[{\"@type\":\"SearchAction\",\"target\":{\"@type\":\"EntryPoint\",\"urlTemplate\":\"https:\/\/sindicom.hr\/en\/?s={search_term_string}\"},\"query-input\":{\"@type\":\"PropertyValueSpecification\",\"valueRequired\":true,\"valueName\":\"search_term_string\"}}],\"inLanguage\":\"en-US\"},{\"@type\":\"Organization\",\"@id\":\"https:\/\/sindicom.hr\/en\/#organization\",\"name\":\"SINDICOM d.o.o.\",\"url\":\"https:\/\/sindicom.hr\/en\/\",\"logo\":{\"@type\":\"ImageObject\",\"inLanguage\":\"en-US\",\"@id\":\"https:\/\/sindicom.hr\/en\/#\/schema\/logo\/image\/\",\"url\":\"https:\/\/sindicom.hr\/wp-content\/uploads\/2019\/11\/sindicom_logo_veliki1.jpg.png\",\"contentUrl\":\"https:\/\/sindicom.hr\/wp-content\/uploads\/2019\/11\/sindicom_logo_veliki1.jpg.png\",\"width\":732,\"height\":706,\"caption\":\"SINDICOM d.o.o.\"},\"image\":{\"@id\":\"https:\/\/sindicom.hr\/en\/#\/schema\/logo\/image\/\"},\"sameAs\":[\"https:\/\/www.facebook.com\/Sindicom-doo-170277286366043\/\",\"https:\/\/instagram.com\/sindicomdoo\"]}]}<\/script>\n<!-- \/ Yoast SEO plugin. -->","yoast_head_json":{"title":"SPREJ ZA SJAJ I \u010cI\u0160\u0106ENJE UNUTRA\u0160NJOSTI VOZILA 600 ml MOTIP - Sindicom","robots":{"index":"index","follow":"follow","max-snippet":"max-snippet:-1","max-image-preview":"max-image-preview:large","max-video-preview":"max-video-preview:-1"},"canonical":"https:\/\/sindicom.hr\/en\/katalog\/sprej-za-sjaj-i-ciscenje-unutrasnjosti-vozila-600-ml-motip\/","og_locale":"en_US","og_type":"article","og_title":"SPREJ ZA SJAJ I \u010cI\u0160\u0106ENJE UNUTRA\u0160NJOSTI VOZILA 600 ml MOTIP - Sindicom","og_description":"000709 MOTIP 8902226 WURTH Plastic and rubber cleaner for vehicle [...]","og_url":"https:\/\/sindicom.hr\/en\/katalog\/sprej-za-sjaj-i-ciscenje-unutrasnjosti-vozila-600-ml-motip\/","og_site_name":"Sindicom","article_publisher":"https:\/\/www.facebook.com\/Sindicom-doo-170277286366043\/","article_modified_time":"2025-10-27T12:15:41+00:00","twitter_card":"summary_large_image","schema":{"@context":"https:\/\/schema.org","@graph":[{"@type":"WebPage","@id":"https:\/\/sindicom.hr\/en\/katalog\/sprej-za-sjaj-i-ciscenje-unutrasnjosti-vozila-600-ml-motip\/","url":"https:\/\/sindicom.hr\/en\/katalog\/sprej-za-sjaj-i-ciscenje-unutrasnjosti-vozila-600-ml-motip\/","name":"SPREJ ZA SJAJ I \u010cI\u0160\u0106ENJE UNUTRA\u0160NJOSTI VOZILA 600 ml MOTIP - Sindicom","isPartOf":{"@id":"https:\/\/sindicom.hr\/en\/#website"},"datePublished":"2025-06-13T07:34:38+00:00","dateModified":"2025-10-27T12:15:41+00:00","breadcrumb":{"@id":"https:\/\/sindicom.hr\/en\/katalog\/sprej-za-sjaj-i-ciscenje-unutrasnjosti-vozila-600-ml-motip\/#breadcrumb"},"inLanguage":"en-US","potentialAction":[{"@type":"ReadAction","target":["https:\/\/sindicom.hr\/en\/katalog\/sprej-za-sjaj-i-ciscenje-unutrasnjosti-vozila-600-ml-motip\/"]}]},{"@type":"BreadcrumbList","@id":"https:\/\/sindicom.hr\/en\/katalog\/sprej-za-sjaj-i-ciscenje-unutrasnjosti-vozila-600-ml-motip\/#breadcrumb","itemListElement":[{"@type":"ListItem","position":1,"name":"Po\u010detna stranica","item":"https:\/\/sindicom.hr\/en\/"},{"@type":"ListItem","position":2,"name":"Katalog dijelova","item":"https:\/\/sindicom.hr\/en\/catalog\/"},{"@type":"ListItem","position":3,"name":"SPREJ ZA SJAJ I \u010cI\u0160\u0106ENJE UNUTRA\u0160NJOSTI VOZILA 600 ml MOTIP"}]},{"@type":"WebSite","@id":"https:\/\/sindicom.hr\/en\/#website","url":"https:\/\/sindicom.hr\/en\/","name":"SINDICOM","description":"Trade and repair of pneumatic brakes, air and hydraulic systems for trucks and buses","publisher":{"@id":"https:\/\/sindicom.hr\/en\/#organization"},"potentialAction":[{"@type":"SearchAction","target":{"@type":"EntryPoint","urlTemplate":"https:\/\/sindicom.hr\/en\/?s={search_term_string}"},"query-input":{"@type":"PropertyValueSpecification","valueRequired":true,"valueName":"search_term_string"}}],"inLanguage":"en-US"},{"@type":"Organization","@id":"https:\/\/sindicom.hr\/en\/#organization","name":"SINDICOM d.o.o.","url":"https:\/\/sindicom.hr\/en\/","logo":{"@type":"ImageObject","inLanguage":"en-US","@id":"https:\/\/sindicom.hr\/en\/#\/schema\/logo\/image\/","url":"https:\/\/sindicom.hr\/wp-content\/uploads\/2019\/11\/sindicom_logo_veliki1.jpg.png","contentUrl":"https:\/\/sindicom.hr\/wp-content\/uploads\/2019\/11\/sindicom_logo_veliki1.jpg.png","width":732,"height":706,"caption":"SINDICOM d.o.o."},"image":{"@id":"https:\/\/sindicom.hr\/en\/#\/schema\/logo\/image\/"},"sameAs":["https:\/\/www.facebook.com\/Sindicom-doo-170277286366043\/","https:\/\/instagram.com\/sindicomdoo"]}]}},"_links":{"self":[{"href":"https:\/\/sindicom.hr\/en\/wp-json\/wp\/v2\/product\/47688","targetHints":{"allow":["GET"]}}],"collection":[{"href":"https:\/\/sindicom.hr\/en\/wp-json\/wp\/v2\/product"}],"about":[{"href":"https:\/\/sindicom.hr\/en\/wp-json\/wp\/v2\/types\/product"}],"wp:attachment":[{"href":"https:\/\/sindicom.hr\/en\/wp-json\/wp\/v2\/media?parent=47688"}],"wp:term":[{"taxonomy":"product_brand","embeddable":true,"href":"https:\/\/sindicom.hr\/en\/wp-json\/wp\/v2\/product_brand?post=47688"},{"taxonomy":"product_cat","embeddable":true,"href":"https:\/\/sindicom.hr\/en\/wp-json\/wp\/v2\/product_cat?post=47688"},{"taxonomy":"product_tag","embeddable":true,"href":"https:\/\/sindicom.hr\/en\/wp-json\/wp\/v2\/product_tag?post=47688"}],"curies":[{"name":"wp","href":"https:\/\/api.w.org\/{rel}","templated":true}]}}