{"id":47693,"date":"2025-06-13T07:34:39","date_gmt":"2025-06-13T07:34:39","guid":{"rendered":"https:\/\/sindicom.hr\/?post_type=product&#038;p=47693"},"modified":"2025-10-27T12:15:45","modified_gmt":"2025-10-27T12:15:45","slug":"set-s-kucistem-zf-gearbox-astronic-lite-kontrolne-jedinice-wabco-oe","status":"publish","type":"product","link":"https:\/\/sindicom.hr\/en\/katalog\/set-s-kucistem-zf-gearbox-astronic-lite-kontrolne-jedinice-wabco-oe\/","title":{"rendered":"SET S KU\u010cI\u0160TEM ZF GEARBOX ASTRONIC LITE KONTROLNE JEDINICE WABCO OE"},"content":{"rendered":"<p>4770019262 WABCO  4770019202 WABCO  4770019202=4770019262 WABCO  4410431080 SENZOR WABCO  4410431080 SENSOR WABCO  4770019263 WABCO  4770010256 WABCO  4770019263 BODY HOUSING WABCO  4770010256 BODY HOUSING WABCO  0501330354 ZF  0501 330 354 ZF  0501.330.354 ZF  050133035401 ZF  0501 330 354 01 ZF  0501.330.354.01 ZF  42568212 IVECO  4770010300 WABCO  477001030R WABCO  4770010310 WABCO  477001031R WABCO  4770010360 WABCO  4770010370 WABCO  477 001 920 2 WABCO  441 043 108 0 SENSOR WABCO  Repair kit  Reparatieset  Reparatursatz  Kit di riparazione  Kit de r\u00e9paration  Kit de reparaci\u00f3n  Drucksensor  Pressure sensor  Sensor de presion  Capteur de pression  Sensore di pressione  ZF Solutions repair kit: Solenoid Valve  Hydraulic Automated Manual Transmission (AMT)  L\u00f6sungen f\u00fcr Daimlerfahrzeuge; Teilesatz: Drucksensor  Teile f\u00fcr hydraulische AMTs von ZF (EMOS)  Teilesatz: Magnetventil  Hydraulic Automated Manual Transmission (AMT) ZF Solutions Kit: Solenoid Valve  Cambio manuale automatizzato idraulico (AMT)  Soluzioni ZF  Kit: Elettrovalvola<\/p>\n","protected":false},"excerpt":{"rendered":"<p>4770019262 WABCO 4770019202 WABCO 4770019202=4770019262 WABCO 4410431080 SENZOR WABCO 4410431080  [&#8230;]<\/p>\n","protected":false},"featured_media":0,"template":"","meta":{"inline_featured_image":false},"product_brand":[],"product_cat":[],"product_tag":[],"class_list":{"0":"post-47693","1":"product","2":"type-product","3":"status-publish","6":"first","7":"instock","8":"shipping-taxable","9":"purchasable","10":"product-type-simple"},"yoast_head":"<!-- This site is optimized with the Yoast SEO plugin v26.2 - https:\/\/yoast.com\/wordpress\/plugins\/seo\/ -->\n<title>SET S KU\u010cI\u0160TEM ZF GEARBOX ASTRONIC LITE KONTROLNE JEDINICE WABCO OE - Sindicom<\/title>\n<meta name=\"robots\" content=\"index, follow, max-snippet:-1, max-image-preview:large, max-video-preview:-1\" \/>\n<link rel=\"canonical\" href=\"https:\/\/sindicom.hr\/en\/katalog\/set-s-kucistem-zf-gearbox-astronic-lite-kontrolne-jedinice-wabco-oe\/\" \/>\n<meta property=\"og:locale\" content=\"en_US\" \/>\n<meta property=\"og:type\" content=\"article\" \/>\n<meta property=\"og:title\" content=\"SET S KU\u010cI\u0160TEM ZF GEARBOX ASTRONIC LITE KONTROLNE JEDINICE WABCO OE - Sindicom\" \/>\n<meta property=\"og:description\" content=\"4770019262 WABCO 4770019202 WABCO 4770019202=4770019262 WABCO 4410431080 SENZOR WABCO 4410431080 [...]\" \/>\n<meta property=\"og:url\" content=\"https:\/\/sindicom.hr\/en\/katalog\/set-s-kucistem-zf-gearbox-astronic-lite-kontrolne-jedinice-wabco-oe\/\" \/>\n<meta property=\"og:site_name\" content=\"Sindicom\" \/>\n<meta property=\"article:publisher\" content=\"https:\/\/www.facebook.com\/Sindicom-doo-170277286366043\/\" \/>\n<meta property=\"article:modified_time\" content=\"2025-10-27T12:15:45+00:00\" \/>\n<meta name=\"twitter:card\" content=\"summary_large_image\" \/>\n<meta name=\"twitter:label1\" content=\"Est. reading time\" \/>\n\t<meta name=\"twitter:data1\" content=\"1 minute\" \/>\n<script type=\"application\/ld+json\" class=\"yoast-schema-graph\">{\"@context\":\"https:\/\/schema.org\",\"@graph\":[{\"@type\":\"WebPage\",\"@id\":\"https:\/\/sindicom.hr\/en\/katalog\/set-s-kucistem-zf-gearbox-astronic-lite-kontrolne-jedinice-wabco-oe\/\",\"url\":\"https:\/\/sindicom.hr\/en\/katalog\/set-s-kucistem-zf-gearbox-astronic-lite-kontrolne-jedinice-wabco-oe\/\",\"name\":\"SET S KU\u010cI\u0160TEM ZF GEARBOX ASTRONIC LITE KONTROLNE JEDINICE WABCO OE - Sindicom\",\"isPartOf\":{\"@id\":\"https:\/\/sindicom.hr\/en\/#website\"},\"datePublished\":\"2025-06-13T07:34:39+00:00\",\"dateModified\":\"2025-10-27T12:15:45+00:00\",\"breadcrumb\":{\"@id\":\"https:\/\/sindicom.hr\/en\/katalog\/set-s-kucistem-zf-gearbox-astronic-lite-kontrolne-jedinice-wabco-oe\/#breadcrumb\"},\"inLanguage\":\"en-US\",\"potentialAction\":[{\"@type\":\"ReadAction\",\"target\":[\"https:\/\/sindicom.hr\/en\/katalog\/set-s-kucistem-zf-gearbox-astronic-lite-kontrolne-jedinice-wabco-oe\/\"]}]},{\"@type\":\"BreadcrumbList\",\"@id\":\"https:\/\/sindicom.hr\/en\/katalog\/set-s-kucistem-zf-gearbox-astronic-lite-kontrolne-jedinice-wabco-oe\/#breadcrumb\",\"itemListElement\":[{\"@type\":\"ListItem\",\"position\":1,\"name\":\"Po\u010detna stranica\",\"item\":\"https:\/\/sindicom.hr\/en\/\"},{\"@type\":\"ListItem\",\"position\":2,\"name\":\"Katalog dijelova\",\"item\":\"https:\/\/sindicom.hr\/en\/catalog\/\"},{\"@type\":\"ListItem\",\"position\":3,\"name\":\"SET S KU\u010cI\u0160TEM ZF GEARBOX ASTRONIC LITE KONTROLNE JEDINICE WABCO OE\"}]},{\"@type\":\"WebSite\",\"@id\":\"https:\/\/sindicom.hr\/en\/#website\",\"url\":\"https:\/\/sindicom.hr\/en\/\",\"name\":\"SINDICOM\",\"description\":\"Trade and repair of pneumatic brakes, air and hydraulic systems for trucks and buses\",\"publisher\":{\"@id\":\"https:\/\/sindicom.hr\/en\/#organization\"},\"potentialAction\":[{\"@type\":\"SearchAction\",\"target\":{\"@type\":\"EntryPoint\",\"urlTemplate\":\"https:\/\/sindicom.hr\/en\/?s={search_term_string}\"},\"query-input\":{\"@type\":\"PropertyValueSpecification\",\"valueRequired\":true,\"valueName\":\"search_term_string\"}}],\"inLanguage\":\"en-US\"},{\"@type\":\"Organization\",\"@id\":\"https:\/\/sindicom.hr\/en\/#organization\",\"name\":\"SINDICOM d.o.o.\",\"url\":\"https:\/\/sindicom.hr\/en\/\",\"logo\":{\"@type\":\"ImageObject\",\"inLanguage\":\"en-US\",\"@id\":\"https:\/\/sindicom.hr\/en\/#\/schema\/logo\/image\/\",\"url\":\"https:\/\/sindicom.hr\/wp-content\/uploads\/2019\/11\/sindicom_logo_veliki1.jpg.png\",\"contentUrl\":\"https:\/\/sindicom.hr\/wp-content\/uploads\/2019\/11\/sindicom_logo_veliki1.jpg.png\",\"width\":732,\"height\":706,\"caption\":\"SINDICOM d.o.o.\"},\"image\":{\"@id\":\"https:\/\/sindicom.hr\/en\/#\/schema\/logo\/image\/\"},\"sameAs\":[\"https:\/\/www.facebook.com\/Sindicom-doo-170277286366043\/\",\"https:\/\/instagram.com\/sindicomdoo\"]}]}<\/script>\n<!-- \/ Yoast SEO plugin. -->","yoast_head_json":{"title":"SET S KU\u010cI\u0160TEM ZF GEARBOX ASTRONIC LITE KONTROLNE JEDINICE WABCO OE - Sindicom","robots":{"index":"index","follow":"follow","max-snippet":"max-snippet:-1","max-image-preview":"max-image-preview:large","max-video-preview":"max-video-preview:-1"},"canonical":"https:\/\/sindicom.hr\/en\/katalog\/set-s-kucistem-zf-gearbox-astronic-lite-kontrolne-jedinice-wabco-oe\/","og_locale":"en_US","og_type":"article","og_title":"SET S KU\u010cI\u0160TEM ZF GEARBOX ASTRONIC LITE KONTROLNE JEDINICE WABCO OE - Sindicom","og_description":"4770019262 WABCO 4770019202 WABCO 4770019202=4770019262 WABCO 4410431080 SENZOR WABCO 4410431080 [...]","og_url":"https:\/\/sindicom.hr\/en\/katalog\/set-s-kucistem-zf-gearbox-astronic-lite-kontrolne-jedinice-wabco-oe\/","og_site_name":"Sindicom","article_publisher":"https:\/\/www.facebook.com\/Sindicom-doo-170277286366043\/","article_modified_time":"2025-10-27T12:15:45+00:00","twitter_card":"summary_large_image","twitter_misc":{"Est. reading time":"1 minute"},"schema":{"@context":"https:\/\/schema.org","@graph":[{"@type":"WebPage","@id":"https:\/\/sindicom.hr\/en\/katalog\/set-s-kucistem-zf-gearbox-astronic-lite-kontrolne-jedinice-wabco-oe\/","url":"https:\/\/sindicom.hr\/en\/katalog\/set-s-kucistem-zf-gearbox-astronic-lite-kontrolne-jedinice-wabco-oe\/","name":"SET S KU\u010cI\u0160TEM ZF GEARBOX ASTRONIC LITE KONTROLNE JEDINICE WABCO OE - Sindicom","isPartOf":{"@id":"https:\/\/sindicom.hr\/en\/#website"},"datePublished":"2025-06-13T07:34:39+00:00","dateModified":"2025-10-27T12:15:45+00:00","breadcrumb":{"@id":"https:\/\/sindicom.hr\/en\/katalog\/set-s-kucistem-zf-gearbox-astronic-lite-kontrolne-jedinice-wabco-oe\/#breadcrumb"},"inLanguage":"en-US","potentialAction":[{"@type":"ReadAction","target":["https:\/\/sindicom.hr\/en\/katalog\/set-s-kucistem-zf-gearbox-astronic-lite-kontrolne-jedinice-wabco-oe\/"]}]},{"@type":"BreadcrumbList","@id":"https:\/\/sindicom.hr\/en\/katalog\/set-s-kucistem-zf-gearbox-astronic-lite-kontrolne-jedinice-wabco-oe\/#breadcrumb","itemListElement":[{"@type":"ListItem","position":1,"name":"Po\u010detna stranica","item":"https:\/\/sindicom.hr\/en\/"},{"@type":"ListItem","position":2,"name":"Katalog dijelova","item":"https:\/\/sindicom.hr\/en\/catalog\/"},{"@type":"ListItem","position":3,"name":"SET S KU\u010cI\u0160TEM ZF GEARBOX ASTRONIC LITE KONTROLNE JEDINICE WABCO OE"}]},{"@type":"WebSite","@id":"https:\/\/sindicom.hr\/en\/#website","url":"https:\/\/sindicom.hr\/en\/","name":"SINDICOM","description":"Trade and repair of pneumatic brakes, air and hydraulic systems for trucks and buses","publisher":{"@id":"https:\/\/sindicom.hr\/en\/#organization"},"potentialAction":[{"@type":"SearchAction","target":{"@type":"EntryPoint","urlTemplate":"https:\/\/sindicom.hr\/en\/?s={search_term_string}"},"query-input":{"@type":"PropertyValueSpecification","valueRequired":true,"valueName":"search_term_string"}}],"inLanguage":"en-US"},{"@type":"Organization","@id":"https:\/\/sindicom.hr\/en\/#organization","name":"SINDICOM d.o.o.","url":"https:\/\/sindicom.hr\/en\/","logo":{"@type":"ImageObject","inLanguage":"en-US","@id":"https:\/\/sindicom.hr\/en\/#\/schema\/logo\/image\/","url":"https:\/\/sindicom.hr\/wp-content\/uploads\/2019\/11\/sindicom_logo_veliki1.jpg.png","contentUrl":"https:\/\/sindicom.hr\/wp-content\/uploads\/2019\/11\/sindicom_logo_veliki1.jpg.png","width":732,"height":706,"caption":"SINDICOM d.o.o."},"image":{"@id":"https:\/\/sindicom.hr\/en\/#\/schema\/logo\/image\/"},"sameAs":["https:\/\/www.facebook.com\/Sindicom-doo-170277286366043\/","https:\/\/instagram.com\/sindicomdoo"]}]}},"_links":{"self":[{"href":"https:\/\/sindicom.hr\/en\/wp-json\/wp\/v2\/product\/47693","targetHints":{"allow":["GET"]}}],"collection":[{"href":"https:\/\/sindicom.hr\/en\/wp-json\/wp\/v2\/product"}],"about":[{"href":"https:\/\/sindicom.hr\/en\/wp-json\/wp\/v2\/types\/product"}],"wp:attachment":[{"href":"https:\/\/sindicom.hr\/en\/wp-json\/wp\/v2\/media?parent=47693"}],"wp:term":[{"taxonomy":"product_brand","embeddable":true,"href":"https:\/\/sindicom.hr\/en\/wp-json\/wp\/v2\/product_brand?post=47693"},{"taxonomy":"product_cat","embeddable":true,"href":"https:\/\/sindicom.hr\/en\/wp-json\/wp\/v2\/product_cat?post=47693"},{"taxonomy":"product_tag","embeddable":true,"href":"https:\/\/sindicom.hr\/en\/wp-json\/wp\/v2\/product_tag?post=47693"}],"curies":[{"name":"wp","href":"https:\/\/api.w.org\/{rel}","templated":true}]}}