{"id":48079,"date":"2025-07-04T11:12:56","date_gmt":"2025-07-04T11:12:56","guid":{"rendered":"https:\/\/sindicom.hr\/?post_type=product&#038;p=48079"},"modified":"2025-10-27T12:16:26","modified_gmt":"2025-10-27T12:16:26","slug":"rsk-mehanicki-ventil-prikolice-haldex-oe","status":"publish","type":"product","link":"https:\/\/sindicom.hr\/en\/katalog\/rsk-mehanicki-ventil-prikolice-haldex-oe\/","title":{"rendered":"RSK MEHANI\u010cKI VENTIL PRIKOLICE HALDEX OE"},"content":{"rendered":"<p>352011601 HALDEX  335500069 AGIS HALDEX  352011102 HALDEX  352011101 HALDEX  4756040100 WABCO  4756040130 WABCO  4756040110 WABCO  4756040117 WABCO  BR1300 KNORR  522200010 PPT  0719702 DAF  700125 DAF  700126 DAF  719702 DAF  719704 DAF  8W280000 CRAVER ITALY  8.283.462.000 EVOBUS  8.283.462.000 0 KASSBOHRER  S4756040110 KENWORTH  77372 KOGEL  500945364 KRONE  81521616225 MAN  81521619225 MAN  82521616002 MAN  AIF0892 OTOKAR  AG 46 729 001 RENAULT 1010125 SCANIA  2089917 SCANIA  82834620000 SCHMITZ  INS0120036 SCHMITZ  637203620 VAN HOOL  35200030010 SORL  35200020020 SORL  35200020010 SORL  Load Sensing Valve LSV Manual  Bremskraftregler (mech.)  Load Sensing Valve (Mech)  Correttore di Frenata (Mecc)  Correcteur a cde pneumatique (Mec.)  V\u00e1lvula de detecci\u00f3n de carga (mec\u00e1nica)<\/p>\n","protected":false},"excerpt":{"rendered":"<p><img decoding=\"async\" class=\"alignnone size-medium wp-image-17704\" src=\"https:\/\/sindicom.hr\/wp-content\/uploads\/2020\/05\/haldex-300x300.png\" alt=\"\" width=\"300\" height=\"300\" srcset=\"https:\/\/sindicom.hr\/wp-content\/uploads\/2020\/05\/haldex-64x64.png 64w, https:\/\/sindicom.hr\/wp-content\/uploads\/2020\/05\/haldex-66x66.png 66w, https:\/\/sindicom.hr\/wp-content\/uploads\/2020\/05\/haldex-100x100.png 100w, https:\/\/sindicom.hr\/wp-content\/uploads\/2020\/05\/haldex-150x150.png 150w, https:\/\/sindicom.hr\/wp-content\/uploads\/2020\/05\/haldex-200x200.png 200w, https:\/\/sindicom.hr\/wp-content\/uploads\/2020\/05\/haldex.png 300w\" sizes=\"(max-width: 300px) 100vw, 300px\" \/><\/p>\n","protected":false},"featured_media":48100,"template":"","meta":{"inline_featured_image":false},"product_brand":[],"product_cat":[15,126,145,116,117,108,114,57,112,109,118,107,136],"product_tag":[],"class_list":{"0":"post-48079","1":"product","2":"type-product","3":"status-publish","4":"has-post-thumbnail","6":"product_cat-all-products","7":"product_cat-daf","8":"product_cat-kassbohrer","9":"product_cat-kogel","10":"product_cat-krone","11":"product_cat-man-teretna-vozila","12":"product_cat-prikolice","13":"product_cat-regulatori-sile-kocenja","14":"product_cat-renault","15":"product_cat-scania-teretna-vozila","16":"product_cat-schmitz","17":"product_cat-teretna-vozila","18":"product_cat-traktori","20":"first","21":"instock","22":"shipping-taxable","23":"purchasable","24":"product-type-simple"},"yoast_head":"<!-- This site is optimized with the Yoast SEO plugin v26.2 - https:\/\/yoast.com\/wordpress\/plugins\/seo\/ -->\n<title>RSK MEHANI\u010cKI VENTIL PRIKOLICE HALDEX OE - Sindicom<\/title>\n<meta name=\"robots\" content=\"index, follow, max-snippet:-1, max-image-preview:large, max-video-preview:-1\" \/>\n<link rel=\"canonical\" href=\"https:\/\/sindicom.hr\/en\/katalog\/rsk-mehanicki-ventil-prikolice-haldex-oe\/\" \/>\n<meta property=\"og:locale\" content=\"en_US\" \/>\n<meta property=\"og:type\" content=\"article\" \/>\n<meta property=\"og:title\" content=\"RSK MEHANI\u010cKI VENTIL PRIKOLICE HALDEX OE - Sindicom\" \/>\n<meta property=\"og:url\" content=\"https:\/\/sindicom.hr\/en\/katalog\/rsk-mehanicki-ventil-prikolice-haldex-oe\/\" \/>\n<meta property=\"og:site_name\" content=\"Sindicom\" \/>\n<meta property=\"article:publisher\" content=\"https:\/\/www.facebook.com\/Sindicom-doo-170277286366043\/\" \/>\n<meta property=\"article:modified_time\" content=\"2025-10-27T12:16:26+00:00\" \/>\n<meta property=\"og:image\" content=\"https:\/\/sindicom.hr\/wp-content\/uploads\/2025\/07\/352011601.webp\" \/>\n\t<meta property=\"og:image:width\" content=\"600\" \/>\n\t<meta property=\"og:image:height\" content=\"600\" \/>\n\t<meta property=\"og:image:type\" content=\"image\/webp\" \/>\n<meta name=\"twitter:card\" content=\"summary_large_image\" \/>\n<meta name=\"twitter:label1\" content=\"Est. reading time\" \/>\n\t<meta name=\"twitter:data1\" content=\"1 minute\" \/>\n<script type=\"application\/ld+json\" class=\"yoast-schema-graph\">{\"@context\":\"https:\/\/schema.org\",\"@graph\":[{\"@type\":\"WebPage\",\"@id\":\"https:\/\/sindicom.hr\/en\/katalog\/rsk-mehanicki-ventil-prikolice-haldex-oe\/\",\"url\":\"https:\/\/sindicom.hr\/en\/katalog\/rsk-mehanicki-ventil-prikolice-haldex-oe\/\",\"name\":\"RSK MEHANI\u010cKI VENTIL PRIKOLICE HALDEX OE - Sindicom\",\"isPartOf\":{\"@id\":\"https:\/\/sindicom.hr\/en\/#website\"},\"primaryImageOfPage\":{\"@id\":\"https:\/\/sindicom.hr\/en\/katalog\/rsk-mehanicki-ventil-prikolice-haldex-oe\/#primaryimage\"},\"image\":{\"@id\":\"https:\/\/sindicom.hr\/en\/katalog\/rsk-mehanicki-ventil-prikolice-haldex-oe\/#primaryimage\"},\"thumbnailUrl\":\"https:\/\/sindicom.hr\/wp-content\/uploads\/2025\/07\/352011601.webp\",\"datePublished\":\"2025-07-04T11:12:56+00:00\",\"dateModified\":\"2025-10-27T12:16:26+00:00\",\"breadcrumb\":{\"@id\":\"https:\/\/sindicom.hr\/en\/katalog\/rsk-mehanicki-ventil-prikolice-haldex-oe\/#breadcrumb\"},\"inLanguage\":\"en-US\",\"potentialAction\":[{\"@type\":\"ReadAction\",\"target\":[\"https:\/\/sindicom.hr\/en\/katalog\/rsk-mehanicki-ventil-prikolice-haldex-oe\/\"]}]},{\"@type\":\"ImageObject\",\"inLanguage\":\"en-US\",\"@id\":\"https:\/\/sindicom.hr\/en\/katalog\/rsk-mehanicki-ventil-prikolice-haldex-oe\/#primaryimage\",\"url\":\"https:\/\/sindicom.hr\/wp-content\/uploads\/2025\/07\/352011601.webp\",\"contentUrl\":\"https:\/\/sindicom.hr\/wp-content\/uploads\/2025\/07\/352011601.webp\",\"width\":600,\"height\":600},{\"@type\":\"BreadcrumbList\",\"@id\":\"https:\/\/sindicom.hr\/en\/katalog\/rsk-mehanicki-ventil-prikolice-haldex-oe\/#breadcrumb\",\"itemListElement\":[{\"@type\":\"ListItem\",\"position\":1,\"name\":\"Po\u010detna stranica\",\"item\":\"https:\/\/sindicom.hr\/en\/\"},{\"@type\":\"ListItem\",\"position\":2,\"name\":\"Katalog dijelova\",\"item\":\"https:\/\/sindicom.hr\/en\/catalog\/\"},{\"@type\":\"ListItem\",\"position\":3,\"name\":\"RSK MEHANI\u010cKI VENTIL PRIKOLICE HALDEX OE\"}]},{\"@type\":\"WebSite\",\"@id\":\"https:\/\/sindicom.hr\/en\/#website\",\"url\":\"https:\/\/sindicom.hr\/en\/\",\"name\":\"SINDICOM\",\"description\":\"Trade and repair of pneumatic brakes, air and hydraulic systems for trucks and buses\",\"publisher\":{\"@id\":\"https:\/\/sindicom.hr\/en\/#organization\"},\"potentialAction\":[{\"@type\":\"SearchAction\",\"target\":{\"@type\":\"EntryPoint\",\"urlTemplate\":\"https:\/\/sindicom.hr\/en\/?s={search_term_string}\"},\"query-input\":{\"@type\":\"PropertyValueSpecification\",\"valueRequired\":true,\"valueName\":\"search_term_string\"}}],\"inLanguage\":\"en-US\"},{\"@type\":\"Organization\",\"@id\":\"https:\/\/sindicom.hr\/en\/#organization\",\"name\":\"SINDICOM d.o.o.\",\"url\":\"https:\/\/sindicom.hr\/en\/\",\"logo\":{\"@type\":\"ImageObject\",\"inLanguage\":\"en-US\",\"@id\":\"https:\/\/sindicom.hr\/en\/#\/schema\/logo\/image\/\",\"url\":\"https:\/\/sindicom.hr\/wp-content\/uploads\/2019\/11\/sindicom_logo_veliki1.jpg.png\",\"contentUrl\":\"https:\/\/sindicom.hr\/wp-content\/uploads\/2019\/11\/sindicom_logo_veliki1.jpg.png\",\"width\":732,\"height\":706,\"caption\":\"SINDICOM d.o.o.\"},\"image\":{\"@id\":\"https:\/\/sindicom.hr\/en\/#\/schema\/logo\/image\/\"},\"sameAs\":[\"https:\/\/www.facebook.com\/Sindicom-doo-170277286366043\/\",\"https:\/\/instagram.com\/sindicomdoo\"]}]}<\/script>\n<!-- \/ Yoast SEO plugin. -->","yoast_head_json":{"title":"RSK MEHANI\u010cKI VENTIL PRIKOLICE HALDEX OE - Sindicom","robots":{"index":"index","follow":"follow","max-snippet":"max-snippet:-1","max-image-preview":"max-image-preview:large","max-video-preview":"max-video-preview:-1"},"canonical":"https:\/\/sindicom.hr\/en\/katalog\/rsk-mehanicki-ventil-prikolice-haldex-oe\/","og_locale":"en_US","og_type":"article","og_title":"RSK MEHANI\u010cKI VENTIL PRIKOLICE HALDEX OE - Sindicom","og_url":"https:\/\/sindicom.hr\/en\/katalog\/rsk-mehanicki-ventil-prikolice-haldex-oe\/","og_site_name":"Sindicom","article_publisher":"https:\/\/www.facebook.com\/Sindicom-doo-170277286366043\/","article_modified_time":"2025-10-27T12:16:26+00:00","og_image":[{"width":600,"height":600,"url":"https:\/\/sindicom.hr\/wp-content\/uploads\/2025\/07\/352011601.webp","type":"image\/webp"}],"twitter_card":"summary_large_image","twitter_misc":{"Est. reading time":"1 minute"},"schema":{"@context":"https:\/\/schema.org","@graph":[{"@type":"WebPage","@id":"https:\/\/sindicom.hr\/en\/katalog\/rsk-mehanicki-ventil-prikolice-haldex-oe\/","url":"https:\/\/sindicom.hr\/en\/katalog\/rsk-mehanicki-ventil-prikolice-haldex-oe\/","name":"RSK MEHANI\u010cKI VENTIL PRIKOLICE HALDEX OE - Sindicom","isPartOf":{"@id":"https:\/\/sindicom.hr\/en\/#website"},"primaryImageOfPage":{"@id":"https:\/\/sindicom.hr\/en\/katalog\/rsk-mehanicki-ventil-prikolice-haldex-oe\/#primaryimage"},"image":{"@id":"https:\/\/sindicom.hr\/en\/katalog\/rsk-mehanicki-ventil-prikolice-haldex-oe\/#primaryimage"},"thumbnailUrl":"https:\/\/sindicom.hr\/wp-content\/uploads\/2025\/07\/352011601.webp","datePublished":"2025-07-04T11:12:56+00:00","dateModified":"2025-10-27T12:16:26+00:00","breadcrumb":{"@id":"https:\/\/sindicom.hr\/en\/katalog\/rsk-mehanicki-ventil-prikolice-haldex-oe\/#breadcrumb"},"inLanguage":"en-US","potentialAction":[{"@type":"ReadAction","target":["https:\/\/sindicom.hr\/en\/katalog\/rsk-mehanicki-ventil-prikolice-haldex-oe\/"]}]},{"@type":"ImageObject","inLanguage":"en-US","@id":"https:\/\/sindicom.hr\/en\/katalog\/rsk-mehanicki-ventil-prikolice-haldex-oe\/#primaryimage","url":"https:\/\/sindicom.hr\/wp-content\/uploads\/2025\/07\/352011601.webp","contentUrl":"https:\/\/sindicom.hr\/wp-content\/uploads\/2025\/07\/352011601.webp","width":600,"height":600},{"@type":"BreadcrumbList","@id":"https:\/\/sindicom.hr\/en\/katalog\/rsk-mehanicki-ventil-prikolice-haldex-oe\/#breadcrumb","itemListElement":[{"@type":"ListItem","position":1,"name":"Po\u010detna stranica","item":"https:\/\/sindicom.hr\/en\/"},{"@type":"ListItem","position":2,"name":"Katalog dijelova","item":"https:\/\/sindicom.hr\/en\/catalog\/"},{"@type":"ListItem","position":3,"name":"RSK MEHANI\u010cKI VENTIL PRIKOLICE HALDEX OE"}]},{"@type":"WebSite","@id":"https:\/\/sindicom.hr\/en\/#website","url":"https:\/\/sindicom.hr\/en\/","name":"SINDICOM","description":"Trade and repair of pneumatic brakes, air and hydraulic systems for trucks and buses","publisher":{"@id":"https:\/\/sindicom.hr\/en\/#organization"},"potentialAction":[{"@type":"SearchAction","target":{"@type":"EntryPoint","urlTemplate":"https:\/\/sindicom.hr\/en\/?s={search_term_string}"},"query-input":{"@type":"PropertyValueSpecification","valueRequired":true,"valueName":"search_term_string"}}],"inLanguage":"en-US"},{"@type":"Organization","@id":"https:\/\/sindicom.hr\/en\/#organization","name":"SINDICOM d.o.o.","url":"https:\/\/sindicom.hr\/en\/","logo":{"@type":"ImageObject","inLanguage":"en-US","@id":"https:\/\/sindicom.hr\/en\/#\/schema\/logo\/image\/","url":"https:\/\/sindicom.hr\/wp-content\/uploads\/2019\/11\/sindicom_logo_veliki1.jpg.png","contentUrl":"https:\/\/sindicom.hr\/wp-content\/uploads\/2019\/11\/sindicom_logo_veliki1.jpg.png","width":732,"height":706,"caption":"SINDICOM d.o.o."},"image":{"@id":"https:\/\/sindicom.hr\/en\/#\/schema\/logo\/image\/"},"sameAs":["https:\/\/www.facebook.com\/Sindicom-doo-170277286366043\/","https:\/\/instagram.com\/sindicomdoo"]}]}},"_links":{"self":[{"href":"https:\/\/sindicom.hr\/en\/wp-json\/wp\/v2\/product\/48079","targetHints":{"allow":["GET"]}}],"collection":[{"href":"https:\/\/sindicom.hr\/en\/wp-json\/wp\/v2\/product"}],"about":[{"href":"https:\/\/sindicom.hr\/en\/wp-json\/wp\/v2\/types\/product"}],"wp:featuredmedia":[{"embeddable":true,"href":"https:\/\/sindicom.hr\/en\/wp-json\/wp\/v2\/media\/48100"}],"wp:attachment":[{"href":"https:\/\/sindicom.hr\/en\/wp-json\/wp\/v2\/media?parent=48079"}],"wp:term":[{"taxonomy":"product_brand","embeddable":true,"href":"https:\/\/sindicom.hr\/en\/wp-json\/wp\/v2\/product_brand?post=48079"},{"taxonomy":"product_cat","embeddable":true,"href":"https:\/\/sindicom.hr\/en\/wp-json\/wp\/v2\/product_cat?post=48079"},{"taxonomy":"product_tag","embeddable":true,"href":"https:\/\/sindicom.hr\/en\/wp-json\/wp\/v2\/product_tag?post=48079"}],"curies":[{"name":"wp","href":"https:\/\/api.w.org\/{rel}","templated":true}]}}