{"id":48438,"date":"2025-07-23T11:41:14","date_gmt":"2025-07-23T11:41:14","guid":{"rendered":"https:\/\/sindicom.hr\/?post_type=product&#038;p=48438"},"modified":"2025-10-27T12:16:34","modified_gmt":"2025-10-27T12:16:34","slug":"set-primarnog-cilindra-kvacila-25-mm-man-fte-valeo-oe","status":"publish","type":"product","link":"https:\/\/sindicom.hr\/en\/katalog\/set-primarnog-cilindra-kvacila-25-mm-man-fte-valeo-oe\/","title":{"rendered":"SET PRIMARNOG CILINDRA KVA\u010cILA 25 mm MAN FTE VALEO OE"},"content":{"rendered":"<p>2501325 VALEO  RK25714 FTE  KG25794.1.3 FTE  KG2579413 FTE  54008400 TEXTAR  2101325 VALEO  SP8862 TRW  692721405 VW  501298090 ZF  0501298090 ZF  0501 298 090 ZF  81307156100 MAN  81307156126 MAN  81307156066 MAN  81307156076 MAN  81307156116 MAN  81.30715-6066 MAN  81.30715-6076 MAN  81.30715-6116 MAN  81.30715-6100 MAN  81.30715-6126 MAN  5000286420 RENAULT  Clutch master cylinder repair kit  Kupplungsgeberzylinder-Reparatursatz  Kit de r\u00e9paration du ma\u00eetre-cylindre d&#8217;embrayage  Kit de reparaci\u00f3n del cilindro maestro del embrague  Kit di riparazione del cilindro principale della frizione<\/p>\n","protected":false},"excerpt":{"rendered":"<p><img decoding=\"async\" class=\"alignnone size-medium wp-image-17724\" src=\"https:\/\/sindicom.hr\/wp-content\/uploads\/2020\/05\/valeo-fte-300x300.png\" alt=\"\" width=\"300\" height=\"300\" srcset=\"https:\/\/sindicom.hr\/wp-content\/uploads\/2020\/05\/valeo-fte-64x64.png 64w, https:\/\/sindicom.hr\/wp-content\/uploads\/2020\/05\/valeo-fte-66x66.png 66w, https:\/\/sindicom.hr\/wp-content\/uploads\/2020\/05\/valeo-fte-100x100.png 100w, https:\/\/sindicom.hr\/wp-content\/uploads\/2020\/05\/valeo-fte-150x150.png 150w, https:\/\/sindicom.hr\/wp-content\/uploads\/2020\/05\/valeo-fte-200x200.png 200w, https:\/\/sindicom.hr\/wp-content\/uploads\/2020\/05\/valeo-fte.png 300w\" sizes=\"(max-width: 300px) 100vw, 300px\" \/><\/p>\n","protected":false},"featured_media":48439,"template":"","meta":{"inline_featured_image":false},"product_brand":[],"product_cat":[15,108,112,120,107],"product_tag":[],"class_list":{"0":"post-48438","1":"product","2":"type-product","3":"status-publish","4":"has-post-thumbnail","6":"product_cat-all-products","7":"product_cat-man-teretna-vozila","8":"product_cat-renault","9":"product_cat-reparaturni-setovi","10":"product_cat-teretna-vozila","12":"first","13":"instock","14":"shipping-taxable","15":"purchasable","16":"product-type-simple"},"yoast_head":"<!-- This site is optimized with the Yoast SEO plugin v26.2 - https:\/\/yoast.com\/wordpress\/plugins\/seo\/ -->\n<title>SET PRIMARNOG CILINDRA KVA\u010cILA 25 mm MAN FTE VALEO OE - Sindicom<\/title>\n<meta name=\"robots\" content=\"index, follow, max-snippet:-1, max-image-preview:large, max-video-preview:-1\" \/>\n<link rel=\"canonical\" href=\"https:\/\/sindicom.hr\/en\/katalog\/set-primarnog-cilindra-kvacila-25-mm-man-fte-valeo-oe\/\" \/>\n<meta property=\"og:locale\" content=\"en_US\" \/>\n<meta property=\"og:type\" content=\"article\" \/>\n<meta property=\"og:title\" content=\"SET PRIMARNOG CILINDRA KVA\u010cILA 25 mm MAN FTE VALEO OE - Sindicom\" \/>\n<meta property=\"og:url\" content=\"https:\/\/sindicom.hr\/en\/katalog\/set-primarnog-cilindra-kvacila-25-mm-man-fte-valeo-oe\/\" \/>\n<meta property=\"og:site_name\" content=\"Sindicom\" \/>\n<meta property=\"article:publisher\" content=\"https:\/\/www.facebook.com\/Sindicom-doo-170277286366043\/\" \/>\n<meta property=\"article:modified_time\" content=\"2025-10-27T12:16:34+00:00\" \/>\n<meta property=\"og:image\" content=\"https:\/\/sindicom.hr\/wp-content\/uploads\/2025\/07\/2501325.webp\" \/>\n\t<meta property=\"og:image:width\" content=\"600\" \/>\n\t<meta property=\"og:image:height\" content=\"600\" \/>\n\t<meta property=\"og:image:type\" content=\"image\/webp\" \/>\n<meta name=\"twitter:card\" content=\"summary_large_image\" \/>\n<meta name=\"twitter:label1\" content=\"Est. reading time\" \/>\n\t<meta name=\"twitter:data1\" content=\"1 minute\" \/>\n<script type=\"application\/ld+json\" class=\"yoast-schema-graph\">{\"@context\":\"https:\/\/schema.org\",\"@graph\":[{\"@type\":\"WebPage\",\"@id\":\"https:\/\/sindicom.hr\/en\/katalog\/set-primarnog-cilindra-kvacila-25-mm-man-fte-valeo-oe\/\",\"url\":\"https:\/\/sindicom.hr\/en\/katalog\/set-primarnog-cilindra-kvacila-25-mm-man-fte-valeo-oe\/\",\"name\":\"SET PRIMARNOG CILINDRA KVA\u010cILA 25 mm MAN FTE VALEO OE - Sindicom\",\"isPartOf\":{\"@id\":\"https:\/\/sindicom.hr\/en\/#website\"},\"primaryImageOfPage\":{\"@id\":\"https:\/\/sindicom.hr\/en\/katalog\/set-primarnog-cilindra-kvacila-25-mm-man-fte-valeo-oe\/#primaryimage\"},\"image\":{\"@id\":\"https:\/\/sindicom.hr\/en\/katalog\/set-primarnog-cilindra-kvacila-25-mm-man-fte-valeo-oe\/#primaryimage\"},\"thumbnailUrl\":\"https:\/\/sindicom.hr\/wp-content\/uploads\/2025\/07\/2501325.webp\",\"datePublished\":\"2025-07-23T11:41:14+00:00\",\"dateModified\":\"2025-10-27T12:16:34+00:00\",\"breadcrumb\":{\"@id\":\"https:\/\/sindicom.hr\/en\/katalog\/set-primarnog-cilindra-kvacila-25-mm-man-fte-valeo-oe\/#breadcrumb\"},\"inLanguage\":\"en-US\",\"potentialAction\":[{\"@type\":\"ReadAction\",\"target\":[\"https:\/\/sindicom.hr\/en\/katalog\/set-primarnog-cilindra-kvacila-25-mm-man-fte-valeo-oe\/\"]}]},{\"@type\":\"ImageObject\",\"inLanguage\":\"en-US\",\"@id\":\"https:\/\/sindicom.hr\/en\/katalog\/set-primarnog-cilindra-kvacila-25-mm-man-fte-valeo-oe\/#primaryimage\",\"url\":\"https:\/\/sindicom.hr\/wp-content\/uploads\/2025\/07\/2501325.webp\",\"contentUrl\":\"https:\/\/sindicom.hr\/wp-content\/uploads\/2025\/07\/2501325.webp\",\"width\":600,\"height\":600},{\"@type\":\"BreadcrumbList\",\"@id\":\"https:\/\/sindicom.hr\/en\/katalog\/set-primarnog-cilindra-kvacila-25-mm-man-fte-valeo-oe\/#breadcrumb\",\"itemListElement\":[{\"@type\":\"ListItem\",\"position\":1,\"name\":\"Po\u010detna stranica\",\"item\":\"https:\/\/sindicom.hr\/en\/\"},{\"@type\":\"ListItem\",\"position\":2,\"name\":\"Katalog dijelova\",\"item\":\"https:\/\/sindicom.hr\/en\/catalog\/\"},{\"@type\":\"ListItem\",\"position\":3,\"name\":\"SET PRIMARNOG CILINDRA KVA\u010cILA 25 mm MAN FTE VALEO OE\"}]},{\"@type\":\"WebSite\",\"@id\":\"https:\/\/sindicom.hr\/en\/#website\",\"url\":\"https:\/\/sindicom.hr\/en\/\",\"name\":\"SINDICOM\",\"description\":\"Trade and repair of pneumatic brakes, air and hydraulic systems for trucks and buses\",\"publisher\":{\"@id\":\"https:\/\/sindicom.hr\/en\/#organization\"},\"potentialAction\":[{\"@type\":\"SearchAction\",\"target\":{\"@type\":\"EntryPoint\",\"urlTemplate\":\"https:\/\/sindicom.hr\/en\/?s={search_term_string}\"},\"query-input\":{\"@type\":\"PropertyValueSpecification\",\"valueRequired\":true,\"valueName\":\"search_term_string\"}}],\"inLanguage\":\"en-US\"},{\"@type\":\"Organization\",\"@id\":\"https:\/\/sindicom.hr\/en\/#organization\",\"name\":\"SINDICOM d.o.o.\",\"url\":\"https:\/\/sindicom.hr\/en\/\",\"logo\":{\"@type\":\"ImageObject\",\"inLanguage\":\"en-US\",\"@id\":\"https:\/\/sindicom.hr\/en\/#\/schema\/logo\/image\/\",\"url\":\"https:\/\/sindicom.hr\/wp-content\/uploads\/2019\/11\/sindicom_logo_veliki1.jpg.png\",\"contentUrl\":\"https:\/\/sindicom.hr\/wp-content\/uploads\/2019\/11\/sindicom_logo_veliki1.jpg.png\",\"width\":732,\"height\":706,\"caption\":\"SINDICOM d.o.o.\"},\"image\":{\"@id\":\"https:\/\/sindicom.hr\/en\/#\/schema\/logo\/image\/\"},\"sameAs\":[\"https:\/\/www.facebook.com\/Sindicom-doo-170277286366043\/\",\"https:\/\/instagram.com\/sindicomdoo\"]}]}<\/script>\n<!-- \/ Yoast SEO plugin. -->","yoast_head_json":{"title":"SET PRIMARNOG CILINDRA KVA\u010cILA 25 mm MAN FTE VALEO OE - Sindicom","robots":{"index":"index","follow":"follow","max-snippet":"max-snippet:-1","max-image-preview":"max-image-preview:large","max-video-preview":"max-video-preview:-1"},"canonical":"https:\/\/sindicom.hr\/en\/katalog\/set-primarnog-cilindra-kvacila-25-mm-man-fte-valeo-oe\/","og_locale":"en_US","og_type":"article","og_title":"SET PRIMARNOG CILINDRA KVA\u010cILA 25 mm MAN FTE VALEO OE - Sindicom","og_url":"https:\/\/sindicom.hr\/en\/katalog\/set-primarnog-cilindra-kvacila-25-mm-man-fte-valeo-oe\/","og_site_name":"Sindicom","article_publisher":"https:\/\/www.facebook.com\/Sindicom-doo-170277286366043\/","article_modified_time":"2025-10-27T12:16:34+00:00","og_image":[{"width":600,"height":600,"url":"https:\/\/sindicom.hr\/wp-content\/uploads\/2025\/07\/2501325.webp","type":"image\/webp"}],"twitter_card":"summary_large_image","twitter_misc":{"Est. reading time":"1 minute"},"schema":{"@context":"https:\/\/schema.org","@graph":[{"@type":"WebPage","@id":"https:\/\/sindicom.hr\/en\/katalog\/set-primarnog-cilindra-kvacila-25-mm-man-fte-valeo-oe\/","url":"https:\/\/sindicom.hr\/en\/katalog\/set-primarnog-cilindra-kvacila-25-mm-man-fte-valeo-oe\/","name":"SET PRIMARNOG CILINDRA KVA\u010cILA 25 mm MAN FTE VALEO OE - Sindicom","isPartOf":{"@id":"https:\/\/sindicom.hr\/en\/#website"},"primaryImageOfPage":{"@id":"https:\/\/sindicom.hr\/en\/katalog\/set-primarnog-cilindra-kvacila-25-mm-man-fte-valeo-oe\/#primaryimage"},"image":{"@id":"https:\/\/sindicom.hr\/en\/katalog\/set-primarnog-cilindra-kvacila-25-mm-man-fte-valeo-oe\/#primaryimage"},"thumbnailUrl":"https:\/\/sindicom.hr\/wp-content\/uploads\/2025\/07\/2501325.webp","datePublished":"2025-07-23T11:41:14+00:00","dateModified":"2025-10-27T12:16:34+00:00","breadcrumb":{"@id":"https:\/\/sindicom.hr\/en\/katalog\/set-primarnog-cilindra-kvacila-25-mm-man-fte-valeo-oe\/#breadcrumb"},"inLanguage":"en-US","potentialAction":[{"@type":"ReadAction","target":["https:\/\/sindicom.hr\/en\/katalog\/set-primarnog-cilindra-kvacila-25-mm-man-fte-valeo-oe\/"]}]},{"@type":"ImageObject","inLanguage":"en-US","@id":"https:\/\/sindicom.hr\/en\/katalog\/set-primarnog-cilindra-kvacila-25-mm-man-fte-valeo-oe\/#primaryimage","url":"https:\/\/sindicom.hr\/wp-content\/uploads\/2025\/07\/2501325.webp","contentUrl":"https:\/\/sindicom.hr\/wp-content\/uploads\/2025\/07\/2501325.webp","width":600,"height":600},{"@type":"BreadcrumbList","@id":"https:\/\/sindicom.hr\/en\/katalog\/set-primarnog-cilindra-kvacila-25-mm-man-fte-valeo-oe\/#breadcrumb","itemListElement":[{"@type":"ListItem","position":1,"name":"Po\u010detna stranica","item":"https:\/\/sindicom.hr\/en\/"},{"@type":"ListItem","position":2,"name":"Katalog dijelova","item":"https:\/\/sindicom.hr\/en\/catalog\/"},{"@type":"ListItem","position":3,"name":"SET PRIMARNOG CILINDRA KVA\u010cILA 25 mm MAN FTE VALEO OE"}]},{"@type":"WebSite","@id":"https:\/\/sindicom.hr\/en\/#website","url":"https:\/\/sindicom.hr\/en\/","name":"SINDICOM","description":"Trade and repair of pneumatic brakes, air and hydraulic systems for trucks and buses","publisher":{"@id":"https:\/\/sindicom.hr\/en\/#organization"},"potentialAction":[{"@type":"SearchAction","target":{"@type":"EntryPoint","urlTemplate":"https:\/\/sindicom.hr\/en\/?s={search_term_string}"},"query-input":{"@type":"PropertyValueSpecification","valueRequired":true,"valueName":"search_term_string"}}],"inLanguage":"en-US"},{"@type":"Organization","@id":"https:\/\/sindicom.hr\/en\/#organization","name":"SINDICOM d.o.o.","url":"https:\/\/sindicom.hr\/en\/","logo":{"@type":"ImageObject","inLanguage":"en-US","@id":"https:\/\/sindicom.hr\/en\/#\/schema\/logo\/image\/","url":"https:\/\/sindicom.hr\/wp-content\/uploads\/2019\/11\/sindicom_logo_veliki1.jpg.png","contentUrl":"https:\/\/sindicom.hr\/wp-content\/uploads\/2019\/11\/sindicom_logo_veliki1.jpg.png","width":732,"height":706,"caption":"SINDICOM d.o.o."},"image":{"@id":"https:\/\/sindicom.hr\/en\/#\/schema\/logo\/image\/"},"sameAs":["https:\/\/www.facebook.com\/Sindicom-doo-170277286366043\/","https:\/\/instagram.com\/sindicomdoo"]}]}},"_links":{"self":[{"href":"https:\/\/sindicom.hr\/en\/wp-json\/wp\/v2\/product\/48438","targetHints":{"allow":["GET"]}}],"collection":[{"href":"https:\/\/sindicom.hr\/en\/wp-json\/wp\/v2\/product"}],"about":[{"href":"https:\/\/sindicom.hr\/en\/wp-json\/wp\/v2\/types\/product"}],"wp:featuredmedia":[{"embeddable":true,"href":"https:\/\/sindicom.hr\/en\/wp-json\/wp\/v2\/media\/48439"}],"wp:attachment":[{"href":"https:\/\/sindicom.hr\/en\/wp-json\/wp\/v2\/media?parent=48438"}],"wp:term":[{"taxonomy":"product_brand","embeddable":true,"href":"https:\/\/sindicom.hr\/en\/wp-json\/wp\/v2\/product_brand?post=48438"},{"taxonomy":"product_cat","embeddable":true,"href":"https:\/\/sindicom.hr\/en\/wp-json\/wp\/v2\/product_cat?post=48438"},{"taxonomy":"product_tag","embeddable":true,"href":"https:\/\/sindicom.hr\/en\/wp-json\/wp\/v2\/product_tag?post=48438"}],"curies":[{"name":"wp","href":"https:\/\/api.w.org\/{rel}","templated":true}]}}