{"id":48845,"date":"2025-08-25T12:49:40","date_gmt":"2025-08-25T12:49:40","guid":{"rendered":"https:\/\/sindicom.hr\/?post_type=product&#038;p=48845"},"modified":"2025-10-27T12:16:43","modified_gmt":"2025-10-27T12:16:43","slug":"zracni-jastuk-prikolice-bez-postolja-baze-schmitz-bpw-osovina-zamj","status":"publish","type":"product","link":"https:\/\/sindicom.hr\/en\/katalog\/zracni-jastuk-prikolice-bez-postolja-baze-schmitz-bpw-osovina-zamj\/","title":{"rendered":"ZRA\u010cNI JASTUK PRIKOLICE BEZ POSTOLJA\/BAZE SCHMITZ BPW OSOVINA ZAMJ."},"content":{"rendered":"<p>20481 FEBI  750570 SCHMITZ  750228 SCHMITZ  0542941010 BPW  05.429.41.01.0 BPW  0542943410 BPW  0542943410 BPW  05.429.43.41.0 BPW  0542940010 BPW  05.429.40.01.0 BPW  0542943380 BPW  05.429.43.38.0 BPW  0542943510 BPW  05.429.43.51.0 BPW  0542943320 BPW  05.429.43.32.0 BPW  0542943440 BPW  05.429.43.44.0 BPW  BPW 36 K BPW  BPW36 BPW  345820 KOGEL  345821 KOGEL  345822 KOGEL  550025980 KRONE  4881NP02 CONTINENTAL  4881 N P02 CONTINENTAL  4881NP02 50495 CONTINENTAL  4881 N P02 CONTITECH AIR SPRING  1T66 D-7.0 FIRESTONE  W01M588601 FIRESTONE  MLF8040 MERITOR  MSK20022 MERITOR  4001AS-S OPTIBELT  1 DK 32 K PHOENIX  BPW 36 K BPW  60423 SCHWARZMULLER  44585 SCHWARZMULLER  54120 SCHWARZMULLER  10.16020 DT  15020 FEBI  15315 FEBI  344881 AUGER  SP 554881 SAMPA  72.4881.S02 SEM  14188001000 WINKLER  TT23.09.041 TRUCKTECHNIC  045.406-00 PE AUTOMOTIVE  084.059-41 PE AUTOMOTIVE  084.059-71 PE AUTOMOTIVE  084.116-74 PE AUTOMOTIVE  084.116-11A PE AUTOMOTIVE  084.116-21A PE AUTOMOTIVE  084.116-71A PE AUTOMOTIVE  Air spring  Luftfeder  Luchtveer  L\u00e9grug\u00f3  Molla ad aria  Resorte neum\u00e1tico  Ressort pneumatique  Air suspension bag (bellows) fits BPW<\/p>\n","protected":false},"excerpt":{"rendered":"<p><img decoding=\"async\" class=\"alignnone size-medium wp-image-17694\" src=\"https:\/\/sindicom.hr\/wp-content\/uploads\/2020\/05\/aftermarket-300x300.png\" alt=\"\" width=\"300\" height=\"300\" srcset=\"https:\/\/sindicom.hr\/wp-content\/uploads\/2020\/05\/aftermarket-64x64.png 64w, https:\/\/sindicom.hr\/wp-content\/uploads\/2020\/05\/aftermarket-66x66.png 66w, https:\/\/sindicom.hr\/wp-content\/uploads\/2020\/05\/aftermarket-100x100.png 100w, https:\/\/sindicom.hr\/wp-content\/uploads\/2020\/05\/aftermarket-150x150.png 150w, https:\/\/sindicom.hr\/wp-content\/uploads\/2020\/05\/aftermarket-200x200.png 200w, https:\/\/sindicom.hr\/wp-content\/uploads\/2020\/05\/aftermarket.png 300w\" sizes=\"(max-width: 300px) 100vw, 300px\" \/><\/p>\n","protected":false},"featured_media":48884,"template":"","meta":{"inline_featured_image":false},"product_brand":[],"product_cat":[116,117,114,118,119,72],"product_tag":[],"class_list":{"0":"post-48845","1":"product","2":"type-product","3":"status-publish","4":"has-post-thumbnail","6":"product_cat-kogel","7":"product_cat-krone","8":"product_cat-prikolice","9":"product_cat-schmitz","10":"product_cat-schwarzmuller","11":"product_cat-zracni-jastuci","13":"first","14":"instock","15":"shipping-taxable","16":"purchasable","17":"product-type-simple"},"yoast_head":"<!-- This site is optimized with the Yoast SEO plugin v26.2 - https:\/\/yoast.com\/wordpress\/plugins\/seo\/ -->\n<title>ZRA\u010cNI JASTUK PRIKOLICE BEZ POSTOLJA\/BAZE SCHMITZ BPW OSOVINA ZAMJ. - Sindicom<\/title>\n<meta name=\"robots\" content=\"index, follow, max-snippet:-1, max-image-preview:large, max-video-preview:-1\" \/>\n<link rel=\"canonical\" href=\"https:\/\/sindicom.hr\/en\/katalog\/zracni-jastuk-prikolice-bez-postolja-baze-schmitz-bpw-osovina-zamj\/\" \/>\n<meta property=\"og:locale\" content=\"en_US\" \/>\n<meta property=\"og:type\" content=\"article\" \/>\n<meta property=\"og:title\" content=\"ZRA\u010cNI JASTUK PRIKOLICE BEZ POSTOLJA\/BAZE SCHMITZ BPW OSOVINA ZAMJ. - Sindicom\" \/>\n<meta property=\"og:url\" content=\"https:\/\/sindicom.hr\/en\/katalog\/zracni-jastuk-prikolice-bez-postolja-baze-schmitz-bpw-osovina-zamj\/\" \/>\n<meta property=\"og:site_name\" content=\"Sindicom\" \/>\n<meta property=\"article:publisher\" content=\"https:\/\/www.facebook.com\/Sindicom-doo-170277286366043\/\" \/>\n<meta property=\"article:modified_time\" content=\"2025-10-27T12:16:43+00:00\" \/>\n<meta property=\"og:image\" content=\"https:\/\/sindicom.hr\/wp-content\/uploads\/2025\/08\/20481-FEBI-1.webp\" \/>\n\t<meta property=\"og:image:width\" content=\"1800\" \/>\n\t<meta property=\"og:image:height\" content=\"1013\" \/>\n\t<meta property=\"og:image:type\" content=\"image\/webp\" \/>\n<meta name=\"twitter:card\" content=\"summary_large_image\" \/>\n<meta name=\"twitter:label1\" content=\"Est. reading time\" \/>\n\t<meta name=\"twitter:data1\" content=\"2 minutes\" \/>\n<script type=\"application\/ld+json\" class=\"yoast-schema-graph\">{\"@context\":\"https:\/\/schema.org\",\"@graph\":[{\"@type\":\"WebPage\",\"@id\":\"https:\/\/sindicom.hr\/en\/katalog\/zracni-jastuk-prikolice-bez-postolja-baze-schmitz-bpw-osovina-zamj\/\",\"url\":\"https:\/\/sindicom.hr\/en\/katalog\/zracni-jastuk-prikolice-bez-postolja-baze-schmitz-bpw-osovina-zamj\/\",\"name\":\"ZRA\u010cNI JASTUK PRIKOLICE BEZ POSTOLJA\/BAZE SCHMITZ BPW OSOVINA ZAMJ. - Sindicom\",\"isPartOf\":{\"@id\":\"https:\/\/sindicom.hr\/en\/#website\"},\"primaryImageOfPage\":{\"@id\":\"https:\/\/sindicom.hr\/en\/katalog\/zracni-jastuk-prikolice-bez-postolja-baze-schmitz-bpw-osovina-zamj\/#primaryimage\"},\"image\":{\"@id\":\"https:\/\/sindicom.hr\/en\/katalog\/zracni-jastuk-prikolice-bez-postolja-baze-schmitz-bpw-osovina-zamj\/#primaryimage\"},\"thumbnailUrl\":\"https:\/\/sindicom.hr\/wp-content\/uploads\/2025\/08\/20481-FEBI-1.webp\",\"datePublished\":\"2025-08-25T12:49:40+00:00\",\"dateModified\":\"2025-10-27T12:16:43+00:00\",\"breadcrumb\":{\"@id\":\"https:\/\/sindicom.hr\/en\/katalog\/zracni-jastuk-prikolice-bez-postolja-baze-schmitz-bpw-osovina-zamj\/#breadcrumb\"},\"inLanguage\":\"en-US\",\"potentialAction\":[{\"@type\":\"ReadAction\",\"target\":[\"https:\/\/sindicom.hr\/en\/katalog\/zracni-jastuk-prikolice-bez-postolja-baze-schmitz-bpw-osovina-zamj\/\"]}]},{\"@type\":\"ImageObject\",\"inLanguage\":\"en-US\",\"@id\":\"https:\/\/sindicom.hr\/en\/katalog\/zracni-jastuk-prikolice-bez-postolja-baze-schmitz-bpw-osovina-zamj\/#primaryimage\",\"url\":\"https:\/\/sindicom.hr\/wp-content\/uploads\/2025\/08\/20481-FEBI-1.webp\",\"contentUrl\":\"https:\/\/sindicom.hr\/wp-content\/uploads\/2025\/08\/20481-FEBI-1.webp\",\"width\":1800,\"height\":1013},{\"@type\":\"BreadcrumbList\",\"@id\":\"https:\/\/sindicom.hr\/en\/katalog\/zracni-jastuk-prikolice-bez-postolja-baze-schmitz-bpw-osovina-zamj\/#breadcrumb\",\"itemListElement\":[{\"@type\":\"ListItem\",\"position\":1,\"name\":\"Po\u010detna stranica\",\"item\":\"https:\/\/sindicom.hr\/en\/\"},{\"@type\":\"ListItem\",\"position\":2,\"name\":\"Katalog dijelova\",\"item\":\"https:\/\/sindicom.hr\/en\/catalog\/\"},{\"@type\":\"ListItem\",\"position\":3,\"name\":\"ZRA\u010cNI JASTUK PRIKOLICE BEZ POSTOLJA\/BAZE SCHMITZ BPW OSOVINA ZAMJ.\"}]},{\"@type\":\"WebSite\",\"@id\":\"https:\/\/sindicom.hr\/en\/#website\",\"url\":\"https:\/\/sindicom.hr\/en\/\",\"name\":\"SINDICOM\",\"description\":\"Trade and repair of pneumatic brakes, air and hydraulic systems for trucks and buses\",\"publisher\":{\"@id\":\"https:\/\/sindicom.hr\/en\/#organization\"},\"potentialAction\":[{\"@type\":\"SearchAction\",\"target\":{\"@type\":\"EntryPoint\",\"urlTemplate\":\"https:\/\/sindicom.hr\/en\/?s={search_term_string}\"},\"query-input\":{\"@type\":\"PropertyValueSpecification\",\"valueRequired\":true,\"valueName\":\"search_term_string\"}}],\"inLanguage\":\"en-US\"},{\"@type\":\"Organization\",\"@id\":\"https:\/\/sindicom.hr\/en\/#organization\",\"name\":\"SINDICOM d.o.o.\",\"url\":\"https:\/\/sindicom.hr\/en\/\",\"logo\":{\"@type\":\"ImageObject\",\"inLanguage\":\"en-US\",\"@id\":\"https:\/\/sindicom.hr\/en\/#\/schema\/logo\/image\/\",\"url\":\"https:\/\/sindicom.hr\/wp-content\/uploads\/2019\/11\/sindicom_logo_veliki1.jpg.png\",\"contentUrl\":\"https:\/\/sindicom.hr\/wp-content\/uploads\/2019\/11\/sindicom_logo_veliki1.jpg.png\",\"width\":732,\"height\":706,\"caption\":\"SINDICOM d.o.o.\"},\"image\":{\"@id\":\"https:\/\/sindicom.hr\/en\/#\/schema\/logo\/image\/\"},\"sameAs\":[\"https:\/\/www.facebook.com\/Sindicom-doo-170277286366043\/\",\"https:\/\/instagram.com\/sindicomdoo\"]}]}<\/script>\n<!-- \/ Yoast SEO plugin. -->","yoast_head_json":{"title":"ZRA\u010cNI JASTUK PRIKOLICE BEZ POSTOLJA\/BAZE SCHMITZ BPW OSOVINA ZAMJ. - Sindicom","robots":{"index":"index","follow":"follow","max-snippet":"max-snippet:-1","max-image-preview":"max-image-preview:large","max-video-preview":"max-video-preview:-1"},"canonical":"https:\/\/sindicom.hr\/en\/katalog\/zracni-jastuk-prikolice-bez-postolja-baze-schmitz-bpw-osovina-zamj\/","og_locale":"en_US","og_type":"article","og_title":"ZRA\u010cNI JASTUK PRIKOLICE BEZ POSTOLJA\/BAZE SCHMITZ BPW OSOVINA ZAMJ. - Sindicom","og_url":"https:\/\/sindicom.hr\/en\/katalog\/zracni-jastuk-prikolice-bez-postolja-baze-schmitz-bpw-osovina-zamj\/","og_site_name":"Sindicom","article_publisher":"https:\/\/www.facebook.com\/Sindicom-doo-170277286366043\/","article_modified_time":"2025-10-27T12:16:43+00:00","og_image":[{"width":1800,"height":1013,"url":"https:\/\/sindicom.hr\/wp-content\/uploads\/2025\/08\/20481-FEBI-1.webp","type":"image\/webp"}],"twitter_card":"summary_large_image","twitter_misc":{"Est. reading time":"2 minutes"},"schema":{"@context":"https:\/\/schema.org","@graph":[{"@type":"WebPage","@id":"https:\/\/sindicom.hr\/en\/katalog\/zracni-jastuk-prikolice-bez-postolja-baze-schmitz-bpw-osovina-zamj\/","url":"https:\/\/sindicom.hr\/en\/katalog\/zracni-jastuk-prikolice-bez-postolja-baze-schmitz-bpw-osovina-zamj\/","name":"ZRA\u010cNI JASTUK PRIKOLICE BEZ POSTOLJA\/BAZE SCHMITZ BPW OSOVINA ZAMJ. - Sindicom","isPartOf":{"@id":"https:\/\/sindicom.hr\/en\/#website"},"primaryImageOfPage":{"@id":"https:\/\/sindicom.hr\/en\/katalog\/zracni-jastuk-prikolice-bez-postolja-baze-schmitz-bpw-osovina-zamj\/#primaryimage"},"image":{"@id":"https:\/\/sindicom.hr\/en\/katalog\/zracni-jastuk-prikolice-bez-postolja-baze-schmitz-bpw-osovina-zamj\/#primaryimage"},"thumbnailUrl":"https:\/\/sindicom.hr\/wp-content\/uploads\/2025\/08\/20481-FEBI-1.webp","datePublished":"2025-08-25T12:49:40+00:00","dateModified":"2025-10-27T12:16:43+00:00","breadcrumb":{"@id":"https:\/\/sindicom.hr\/en\/katalog\/zracni-jastuk-prikolice-bez-postolja-baze-schmitz-bpw-osovina-zamj\/#breadcrumb"},"inLanguage":"en-US","potentialAction":[{"@type":"ReadAction","target":["https:\/\/sindicom.hr\/en\/katalog\/zracni-jastuk-prikolice-bez-postolja-baze-schmitz-bpw-osovina-zamj\/"]}]},{"@type":"ImageObject","inLanguage":"en-US","@id":"https:\/\/sindicom.hr\/en\/katalog\/zracni-jastuk-prikolice-bez-postolja-baze-schmitz-bpw-osovina-zamj\/#primaryimage","url":"https:\/\/sindicom.hr\/wp-content\/uploads\/2025\/08\/20481-FEBI-1.webp","contentUrl":"https:\/\/sindicom.hr\/wp-content\/uploads\/2025\/08\/20481-FEBI-1.webp","width":1800,"height":1013},{"@type":"BreadcrumbList","@id":"https:\/\/sindicom.hr\/en\/katalog\/zracni-jastuk-prikolice-bez-postolja-baze-schmitz-bpw-osovina-zamj\/#breadcrumb","itemListElement":[{"@type":"ListItem","position":1,"name":"Po\u010detna stranica","item":"https:\/\/sindicom.hr\/en\/"},{"@type":"ListItem","position":2,"name":"Katalog dijelova","item":"https:\/\/sindicom.hr\/en\/catalog\/"},{"@type":"ListItem","position":3,"name":"ZRA\u010cNI JASTUK PRIKOLICE BEZ POSTOLJA\/BAZE SCHMITZ BPW OSOVINA ZAMJ."}]},{"@type":"WebSite","@id":"https:\/\/sindicom.hr\/en\/#website","url":"https:\/\/sindicom.hr\/en\/","name":"SINDICOM","description":"Trade and repair of pneumatic brakes, air and hydraulic systems for trucks and buses","publisher":{"@id":"https:\/\/sindicom.hr\/en\/#organization"},"potentialAction":[{"@type":"SearchAction","target":{"@type":"EntryPoint","urlTemplate":"https:\/\/sindicom.hr\/en\/?s={search_term_string}"},"query-input":{"@type":"PropertyValueSpecification","valueRequired":true,"valueName":"search_term_string"}}],"inLanguage":"en-US"},{"@type":"Organization","@id":"https:\/\/sindicom.hr\/en\/#organization","name":"SINDICOM d.o.o.","url":"https:\/\/sindicom.hr\/en\/","logo":{"@type":"ImageObject","inLanguage":"en-US","@id":"https:\/\/sindicom.hr\/en\/#\/schema\/logo\/image\/","url":"https:\/\/sindicom.hr\/wp-content\/uploads\/2019\/11\/sindicom_logo_veliki1.jpg.png","contentUrl":"https:\/\/sindicom.hr\/wp-content\/uploads\/2019\/11\/sindicom_logo_veliki1.jpg.png","width":732,"height":706,"caption":"SINDICOM d.o.o."},"image":{"@id":"https:\/\/sindicom.hr\/en\/#\/schema\/logo\/image\/"},"sameAs":["https:\/\/www.facebook.com\/Sindicom-doo-170277286366043\/","https:\/\/instagram.com\/sindicomdoo"]}]}},"_links":{"self":[{"href":"https:\/\/sindicom.hr\/en\/wp-json\/wp\/v2\/product\/48845","targetHints":{"allow":["GET"]}}],"collection":[{"href":"https:\/\/sindicom.hr\/en\/wp-json\/wp\/v2\/product"}],"about":[{"href":"https:\/\/sindicom.hr\/en\/wp-json\/wp\/v2\/types\/product"}],"wp:featuredmedia":[{"embeddable":true,"href":"https:\/\/sindicom.hr\/en\/wp-json\/wp\/v2\/media\/48884"}],"wp:attachment":[{"href":"https:\/\/sindicom.hr\/en\/wp-json\/wp\/v2\/media?parent=48845"}],"wp:term":[{"taxonomy":"product_brand","embeddable":true,"href":"https:\/\/sindicom.hr\/en\/wp-json\/wp\/v2\/product_brand?post=48845"},{"taxonomy":"product_cat","embeddable":true,"href":"https:\/\/sindicom.hr\/en\/wp-json\/wp\/v2\/product_cat?post=48845"},{"taxonomy":"product_tag","embeddable":true,"href":"https:\/\/sindicom.hr\/en\/wp-json\/wp\/v2\/product_tag?post=48845"}],"curies":[{"name":"wp","href":"https:\/\/api.w.org\/{rel}","templated":true}]}}