{"id":48858,"date":"2025-08-26T07:49:03","date_gmt":"2025-08-26T07:49:03","guid":{"rendered":"https:\/\/sindicom.hr\/?post_type=product&#038;p=48858"},"modified":"2025-10-27T12:16:39","modified_gmt":"2025-10-27T12:16:39","slug":"kiper-pumpa-meiller-kipper-tip-265-1-man-mercedes-actros-atego-lijeva-desna-meiller-oe","status":"publish","type":"product","link":"https:\/\/sindicom.hr\/en\/katalog\/kiper-pumpa-meiller-kipper-tip-265-1-man-mercedes-actros-atego-lijeva-desna-meiller-oe\/","title":{"rendered":"KIPER PUMPA MEILLER KIPPER TIP 265\/1 MAN MERCEDES ACTROS ATEGO LIJEVA\/DESNA MEILLER OE"},"content":{"rendered":"<p>265\/1 MEILLER  265\/1 MEILLER KIPPER  255\/1 MEILLER KIPPER  C382192 MEILLER KIPPER  1412740 MEILLER KIPPER  20822557 MEILLER  02652001001 MEILLER  0002366105 MEILLER  PAM50 HYDROLEDUC  0501212721 ZF  0501212720 ZF  0501.212.721 ZF  0501.212.720 ZF  10800505225 OMFB  108-005-05225 OMFB  380954 MEILLER  C382192 MEILLER  81657046027 MAN  81.65704-6027 MAN  81657046013 MAN  81.65704-6013 MAN  380954 MEILLER  265\/1x MEILLER  1222666 MEILLER  129324 1222666 MEILLER  48\/24 MEILLER  SLR2 MEILLER  8048040000 K\u00e4ssbohrer  8-048-040-000 K\u00e4ssbohrer  8048040000 KASSBOHRER  8-048-040-000 KASSBOHRER  45104-4202265-90 KAMAZ  61102525300 MEILLER  02652001001 MEILLER   0002366105 MERCEDES  A0002366105 MERCEDES  A 000 236 61 05 MERCEDES  F1-61-L MEILLER KIPPER  3781061 MEILLER KIPPER  380954 MEILLER KIPPER  0515920 HYDRO LEDUC  GEO857606 MEILLER KIPPER  BH174.006 MEILLER KIPPER  174006 MEILLER KIPPER  174.006 MEILLER KIPPER  265\/62 &#8211; 02652001001 MEILLER KIPPER  PZB &#8211; 31610502000 &#8211; P1 50-4D MEILLER KIPPER  201PE050ZSE MEILLER KIPPER  OMFB DARK-52 ISO SHORT  OMFB DARK 52 ISO SHORT  75182 AUGER  202.099 SAMPA  Type: 265\/1  Weight (kg); 11.678  Construction: straight  Max. revolution (rpm): 2000  Delivery rate (cm3\/r): 52  Direction of rotation: left  Direction of rotation: right  Standard drive: DIN 5462  Max. pressure (bar): 350  Assembly flange drive: 4-hole; 80&#215;80 mm  Suction connection: M 45&#215;2 internal thread  Pressure connection: M 22&#215;1.5 internal thread  Material housing: cast steel  Specification drive: shaft 8x32x36 cm  Tipper pump Meiller kipper  Meiller kipper dumper pump  Pompe benne Meiller Kipper  Pompe dumper Meiller Kipper  Kipperpumpe Meiller Kipper  Kipperkipperpumpe von Meiller  Kipperpomp Meiller kipper  Meiller kipperdumperpomp  Billen\u0151 szivatty\u00fa Meiller kipper  Meiller kipper d\u00f6mper szivatty\u00fa  Pompa per ribaltabile Meiller affumicatrice  Pompa per dumper Meiller per aringhe  Fits MERCEDES-BENZ ACTROS\/ ATEGO 2\/ ACTROS MP2\/ AXOR 2\/ LK\/ LN2\/ LK\/ LN2\/ LK\/ LN2\/ LK\/ LN2\/ MAN \/KASSBOHRER<\/p>\n","protected":false},"excerpt":{"rendered":"<p><img decoding=\"async\" class=\"alignnone size-medium wp-image-18041\" src=\"https:\/\/sindicom.hr\/wp-content\/uploads\/2020\/05\/meiller-kipper-300x300.png\" alt=\"\" width=\"300\" height=\"300\" srcset=\"https:\/\/sindicom.hr\/wp-content\/uploads\/2020\/05\/meiller-kipper-64x64.png 64w, https:\/\/sindicom.hr\/wp-content\/uploads\/2020\/05\/meiller-kipper-66x66.png 66w, https:\/\/sindicom.hr\/wp-content\/uploads\/2020\/05\/meiller-kipper-100x100.png 100w, https:\/\/sindicom.hr\/wp-content\/uploads\/2020\/05\/meiller-kipper-150x150.png 150w, https:\/\/sindicom.hr\/wp-content\/uploads\/2020\/05\/meiller-kipper-200x200.png 200w, https:\/\/sindicom.hr\/wp-content\/uploads\/2020\/05\/meiller-kipper.png 300w\" sizes=\"(max-width: 300px) 100vw, 300px\" \/><\/p>\n","protected":false},"featured_media":48859,"template":"","meta":{"inline_featured_image":false},"product_brand":[],"product_cat":[15,145,108,245,113,114,107],"product_tag":[],"class_list":{"0":"post-48858","1":"product","2":"type-product","3":"status-publish","4":"has-post-thumbnail","6":"product_cat-all-products","7":"product_cat-kassbohrer","8":"product_cat-man-teretna-vozila","9":"product_cat-meiller-kipper-rezervni-dijelovi-meiller-kipper-ersatzteile","10":"product_cat-mercedes-teretna-vozila","11":"product_cat-prikolice","12":"product_cat-teretna-vozila","14":"first","15":"instock","16":"shipping-taxable","17":"purchasable","18":"product-type-simple"},"yoast_head":"<!-- This site is optimized with the Yoast SEO plugin v26.2 - https:\/\/yoast.com\/wordpress\/plugins\/seo\/ -->\n<title>KIPER PUMPA MEILLER KIPPER TIP 265\/1 MAN MERCEDES ACTROS ATEGO LIJEVA\/DESNA MEILLER OE - Sindicom<\/title>\n<meta name=\"robots\" content=\"index, follow, max-snippet:-1, max-image-preview:large, max-video-preview:-1\" \/>\n<link rel=\"canonical\" href=\"https:\/\/sindicom.hr\/en\/katalog\/kiper-pumpa-meiller-kipper-tip-265-1-man-mercedes-actros-atego-lijeva-desna-meiller-oe\/\" \/>\n<meta property=\"og:locale\" content=\"en_US\" \/>\n<meta property=\"og:type\" content=\"article\" \/>\n<meta property=\"og:title\" content=\"KIPER PUMPA MEILLER KIPPER TIP 265\/1 MAN MERCEDES ACTROS ATEGO LIJEVA\/DESNA MEILLER OE - Sindicom\" \/>\n<meta property=\"og:url\" content=\"https:\/\/sindicom.hr\/en\/katalog\/kiper-pumpa-meiller-kipper-tip-265-1-man-mercedes-actros-atego-lijeva-desna-meiller-oe\/\" \/>\n<meta property=\"og:site_name\" content=\"Sindicom\" \/>\n<meta property=\"article:publisher\" content=\"https:\/\/www.facebook.com\/Sindicom-doo-170277286366043\/\" \/>\n<meta property=\"article:modified_time\" content=\"2025-10-27T12:16:39+00:00\" \/>\n<meta property=\"og:image\" content=\"https:\/\/sindicom.hr\/wp-content\/uploads\/2025\/08\/265-1.webp\" \/>\n\t<meta property=\"og:image:width\" content=\"1600\" \/>\n\t<meta property=\"og:image:height\" content=\"900\" \/>\n\t<meta property=\"og:image:type\" content=\"image\/webp\" \/>\n<meta name=\"twitter:card\" content=\"summary_large_image\" \/>\n<meta name=\"twitter:label1\" content=\"Est. reading time\" \/>\n\t<meta name=\"twitter:data1\" content=\"2 minutes\" \/>\n<script type=\"application\/ld+json\" class=\"yoast-schema-graph\">{\"@context\":\"https:\/\/schema.org\",\"@graph\":[{\"@type\":\"WebPage\",\"@id\":\"https:\/\/sindicom.hr\/en\/katalog\/kiper-pumpa-meiller-kipper-tip-265-1-man-mercedes-actros-atego-lijeva-desna-meiller-oe\/\",\"url\":\"https:\/\/sindicom.hr\/en\/katalog\/kiper-pumpa-meiller-kipper-tip-265-1-man-mercedes-actros-atego-lijeva-desna-meiller-oe\/\",\"name\":\"KIPER PUMPA MEILLER KIPPER TIP 265\/1 MAN MERCEDES ACTROS ATEGO LIJEVA\/DESNA MEILLER OE - Sindicom\",\"isPartOf\":{\"@id\":\"https:\/\/sindicom.hr\/en\/#website\"},\"primaryImageOfPage\":{\"@id\":\"https:\/\/sindicom.hr\/en\/katalog\/kiper-pumpa-meiller-kipper-tip-265-1-man-mercedes-actros-atego-lijeva-desna-meiller-oe\/#primaryimage\"},\"image\":{\"@id\":\"https:\/\/sindicom.hr\/en\/katalog\/kiper-pumpa-meiller-kipper-tip-265-1-man-mercedes-actros-atego-lijeva-desna-meiller-oe\/#primaryimage\"},\"thumbnailUrl\":\"https:\/\/sindicom.hr\/wp-content\/uploads\/2025\/08\/265-1.webp\",\"datePublished\":\"2025-08-26T07:49:03+00:00\",\"dateModified\":\"2025-10-27T12:16:39+00:00\",\"breadcrumb\":{\"@id\":\"https:\/\/sindicom.hr\/en\/katalog\/kiper-pumpa-meiller-kipper-tip-265-1-man-mercedes-actros-atego-lijeva-desna-meiller-oe\/#breadcrumb\"},\"inLanguage\":\"en-US\",\"potentialAction\":[{\"@type\":\"ReadAction\",\"target\":[\"https:\/\/sindicom.hr\/en\/katalog\/kiper-pumpa-meiller-kipper-tip-265-1-man-mercedes-actros-atego-lijeva-desna-meiller-oe\/\"]}]},{\"@type\":\"ImageObject\",\"inLanguage\":\"en-US\",\"@id\":\"https:\/\/sindicom.hr\/en\/katalog\/kiper-pumpa-meiller-kipper-tip-265-1-man-mercedes-actros-atego-lijeva-desna-meiller-oe\/#primaryimage\",\"url\":\"https:\/\/sindicom.hr\/wp-content\/uploads\/2025\/08\/265-1.webp\",\"contentUrl\":\"https:\/\/sindicom.hr\/wp-content\/uploads\/2025\/08\/265-1.webp\",\"width\":1600,\"height\":900},{\"@type\":\"BreadcrumbList\",\"@id\":\"https:\/\/sindicom.hr\/en\/katalog\/kiper-pumpa-meiller-kipper-tip-265-1-man-mercedes-actros-atego-lijeva-desna-meiller-oe\/#breadcrumb\",\"itemListElement\":[{\"@type\":\"ListItem\",\"position\":1,\"name\":\"Po\u010detna stranica\",\"item\":\"https:\/\/sindicom.hr\/en\/\"},{\"@type\":\"ListItem\",\"position\":2,\"name\":\"Katalog dijelova\",\"item\":\"https:\/\/sindicom.hr\/en\/catalog\/\"},{\"@type\":\"ListItem\",\"position\":3,\"name\":\"KIPER PUMPA MEILLER KIPPER TIP 265\/1 MAN MERCEDES ACTROS ATEGO LIJEVA\/DESNA MEILLER OE\"}]},{\"@type\":\"WebSite\",\"@id\":\"https:\/\/sindicom.hr\/en\/#website\",\"url\":\"https:\/\/sindicom.hr\/en\/\",\"name\":\"SINDICOM\",\"description\":\"Trade and repair of pneumatic brakes, air and hydraulic systems for trucks and buses\",\"publisher\":{\"@id\":\"https:\/\/sindicom.hr\/en\/#organization\"},\"potentialAction\":[{\"@type\":\"SearchAction\",\"target\":{\"@type\":\"EntryPoint\",\"urlTemplate\":\"https:\/\/sindicom.hr\/en\/?s={search_term_string}\"},\"query-input\":{\"@type\":\"PropertyValueSpecification\",\"valueRequired\":true,\"valueName\":\"search_term_string\"}}],\"inLanguage\":\"en-US\"},{\"@type\":\"Organization\",\"@id\":\"https:\/\/sindicom.hr\/en\/#organization\",\"name\":\"SINDICOM d.o.o.\",\"url\":\"https:\/\/sindicom.hr\/en\/\",\"logo\":{\"@type\":\"ImageObject\",\"inLanguage\":\"en-US\",\"@id\":\"https:\/\/sindicom.hr\/en\/#\/schema\/logo\/image\/\",\"url\":\"https:\/\/sindicom.hr\/wp-content\/uploads\/2019\/11\/sindicom_logo_veliki1.jpg.png\",\"contentUrl\":\"https:\/\/sindicom.hr\/wp-content\/uploads\/2019\/11\/sindicom_logo_veliki1.jpg.png\",\"width\":732,\"height\":706,\"caption\":\"SINDICOM d.o.o.\"},\"image\":{\"@id\":\"https:\/\/sindicom.hr\/en\/#\/schema\/logo\/image\/\"},\"sameAs\":[\"https:\/\/www.facebook.com\/Sindicom-doo-170277286366043\/\",\"https:\/\/instagram.com\/sindicomdoo\"]}]}<\/script>\n<!-- \/ Yoast SEO plugin. -->","yoast_head_json":{"title":"KIPER PUMPA MEILLER KIPPER TIP 265\/1 MAN MERCEDES ACTROS ATEGO LIJEVA\/DESNA MEILLER OE - Sindicom","robots":{"index":"index","follow":"follow","max-snippet":"max-snippet:-1","max-image-preview":"max-image-preview:large","max-video-preview":"max-video-preview:-1"},"canonical":"https:\/\/sindicom.hr\/en\/katalog\/kiper-pumpa-meiller-kipper-tip-265-1-man-mercedes-actros-atego-lijeva-desna-meiller-oe\/","og_locale":"en_US","og_type":"article","og_title":"KIPER PUMPA MEILLER KIPPER TIP 265\/1 MAN MERCEDES ACTROS ATEGO LIJEVA\/DESNA MEILLER OE - Sindicom","og_url":"https:\/\/sindicom.hr\/en\/katalog\/kiper-pumpa-meiller-kipper-tip-265-1-man-mercedes-actros-atego-lijeva-desna-meiller-oe\/","og_site_name":"Sindicom","article_publisher":"https:\/\/www.facebook.com\/Sindicom-doo-170277286366043\/","article_modified_time":"2025-10-27T12:16:39+00:00","og_image":[{"width":1600,"height":900,"url":"https:\/\/sindicom.hr\/wp-content\/uploads\/2025\/08\/265-1.webp","type":"image\/webp"}],"twitter_card":"summary_large_image","twitter_misc":{"Est. reading time":"2 minutes"},"schema":{"@context":"https:\/\/schema.org","@graph":[{"@type":"WebPage","@id":"https:\/\/sindicom.hr\/en\/katalog\/kiper-pumpa-meiller-kipper-tip-265-1-man-mercedes-actros-atego-lijeva-desna-meiller-oe\/","url":"https:\/\/sindicom.hr\/en\/katalog\/kiper-pumpa-meiller-kipper-tip-265-1-man-mercedes-actros-atego-lijeva-desna-meiller-oe\/","name":"KIPER PUMPA MEILLER KIPPER TIP 265\/1 MAN MERCEDES ACTROS ATEGO LIJEVA\/DESNA MEILLER OE - Sindicom","isPartOf":{"@id":"https:\/\/sindicom.hr\/en\/#website"},"primaryImageOfPage":{"@id":"https:\/\/sindicom.hr\/en\/katalog\/kiper-pumpa-meiller-kipper-tip-265-1-man-mercedes-actros-atego-lijeva-desna-meiller-oe\/#primaryimage"},"image":{"@id":"https:\/\/sindicom.hr\/en\/katalog\/kiper-pumpa-meiller-kipper-tip-265-1-man-mercedes-actros-atego-lijeva-desna-meiller-oe\/#primaryimage"},"thumbnailUrl":"https:\/\/sindicom.hr\/wp-content\/uploads\/2025\/08\/265-1.webp","datePublished":"2025-08-26T07:49:03+00:00","dateModified":"2025-10-27T12:16:39+00:00","breadcrumb":{"@id":"https:\/\/sindicom.hr\/en\/katalog\/kiper-pumpa-meiller-kipper-tip-265-1-man-mercedes-actros-atego-lijeva-desna-meiller-oe\/#breadcrumb"},"inLanguage":"en-US","potentialAction":[{"@type":"ReadAction","target":["https:\/\/sindicom.hr\/en\/katalog\/kiper-pumpa-meiller-kipper-tip-265-1-man-mercedes-actros-atego-lijeva-desna-meiller-oe\/"]}]},{"@type":"ImageObject","inLanguage":"en-US","@id":"https:\/\/sindicom.hr\/en\/katalog\/kiper-pumpa-meiller-kipper-tip-265-1-man-mercedes-actros-atego-lijeva-desna-meiller-oe\/#primaryimage","url":"https:\/\/sindicom.hr\/wp-content\/uploads\/2025\/08\/265-1.webp","contentUrl":"https:\/\/sindicom.hr\/wp-content\/uploads\/2025\/08\/265-1.webp","width":1600,"height":900},{"@type":"BreadcrumbList","@id":"https:\/\/sindicom.hr\/en\/katalog\/kiper-pumpa-meiller-kipper-tip-265-1-man-mercedes-actros-atego-lijeva-desna-meiller-oe\/#breadcrumb","itemListElement":[{"@type":"ListItem","position":1,"name":"Po\u010detna stranica","item":"https:\/\/sindicom.hr\/en\/"},{"@type":"ListItem","position":2,"name":"Katalog dijelova","item":"https:\/\/sindicom.hr\/en\/catalog\/"},{"@type":"ListItem","position":3,"name":"KIPER PUMPA MEILLER KIPPER TIP 265\/1 MAN MERCEDES ACTROS ATEGO LIJEVA\/DESNA MEILLER OE"}]},{"@type":"WebSite","@id":"https:\/\/sindicom.hr\/en\/#website","url":"https:\/\/sindicom.hr\/en\/","name":"SINDICOM","description":"Trade and repair of pneumatic brakes, air and hydraulic systems for trucks and buses","publisher":{"@id":"https:\/\/sindicom.hr\/en\/#organization"},"potentialAction":[{"@type":"SearchAction","target":{"@type":"EntryPoint","urlTemplate":"https:\/\/sindicom.hr\/en\/?s={search_term_string}"},"query-input":{"@type":"PropertyValueSpecification","valueRequired":true,"valueName":"search_term_string"}}],"inLanguage":"en-US"},{"@type":"Organization","@id":"https:\/\/sindicom.hr\/en\/#organization","name":"SINDICOM d.o.o.","url":"https:\/\/sindicom.hr\/en\/","logo":{"@type":"ImageObject","inLanguage":"en-US","@id":"https:\/\/sindicom.hr\/en\/#\/schema\/logo\/image\/","url":"https:\/\/sindicom.hr\/wp-content\/uploads\/2019\/11\/sindicom_logo_veliki1.jpg.png","contentUrl":"https:\/\/sindicom.hr\/wp-content\/uploads\/2019\/11\/sindicom_logo_veliki1.jpg.png","width":732,"height":706,"caption":"SINDICOM d.o.o."},"image":{"@id":"https:\/\/sindicom.hr\/en\/#\/schema\/logo\/image\/"},"sameAs":["https:\/\/www.facebook.com\/Sindicom-doo-170277286366043\/","https:\/\/instagram.com\/sindicomdoo"]}]}},"_links":{"self":[{"href":"https:\/\/sindicom.hr\/en\/wp-json\/wp\/v2\/product\/48858","targetHints":{"allow":["GET"]}}],"collection":[{"href":"https:\/\/sindicom.hr\/en\/wp-json\/wp\/v2\/product"}],"about":[{"href":"https:\/\/sindicom.hr\/en\/wp-json\/wp\/v2\/types\/product"}],"wp:featuredmedia":[{"embeddable":true,"href":"https:\/\/sindicom.hr\/en\/wp-json\/wp\/v2\/media\/48859"}],"wp:attachment":[{"href":"https:\/\/sindicom.hr\/en\/wp-json\/wp\/v2\/media?parent=48858"}],"wp:term":[{"taxonomy":"product_brand","embeddable":true,"href":"https:\/\/sindicom.hr\/en\/wp-json\/wp\/v2\/product_brand?post=48858"},{"taxonomy":"product_cat","embeddable":true,"href":"https:\/\/sindicom.hr\/en\/wp-json\/wp\/v2\/product_cat?post=48858"},{"taxonomy":"product_tag","embeddable":true,"href":"https:\/\/sindicom.hr\/en\/wp-json\/wp\/v2\/product_tag?post=48858"}],"curies":[{"name":"wp","href":"https:\/\/api.w.org\/{rel}","templated":true}]}}