{"id":48880,"date":"2025-08-26T11:07:48","date_gmt":"2025-08-26T11:07:48","guid":{"rendered":"https:\/\/sindicom.hr\/?post_type=product&#038;p=48880"},"modified":"2025-10-27T12:16:43","modified_gmt":"2025-10-27T12:16:43","slug":"zracni-jastuk-prikolice-kogel-schmitz-krone-saf-osovina-saf-zamj","status":"publish","type":"product","link":"https:\/\/sindicom.hr\/en\/katalog\/zracni-jastuk-prikolice-kogel-schmitz-krone-saf-osovina-saf-zamj\/","title":{"rendered":"ZRA\u010cNI JASTUK PRIKOLICE KOGEL SCHMITZ KRONE SAF OSOVINA SAF ZAMJ."},"content":{"rendered":"<p>38828 FEBI  3229003300 SAF  03229003300 SAF  3.229.0033.00 SAF  03.229.0033.00 SAF  343757 KOGEL  751443 SCHMITZ  751 443 SCHMITZ  50517038 KRONE  550025978 KRONE  550027038 KRONE  550027704 KRONE  4022NP05 CONTINENTAL  4022N P05 CONTINENTAL  4022NP05 50 CONTINENTAL  4022 N P05 CONTITECH AIR SPRING  W01M588612 FIRESTONE  MLF8044 MERITOR  MSK20073 MERITOR  9518117810 WABCO  951 811 781 0 WABCO  10.36000 DT  344022 AUGER  724022CP05 SEM  4005AS-CPL OPTIBELT  1 DK 22 E-11 PHOENIX  1DK22E11 PHOENIX  SP 554022-KP05 SAMPA  TT23.09.044 TRUCKTECHNIC  084.100-13A PE AUTOMOTIVE  084.100-73A PE AUTOMOTIVE  5002-03-0090P MAGNUM TECHNOLOGY  3229003300 UNIVERSAL COMPONENTS UK  Air spring  Luftfeder  Luchtveer  L\u00e9grug\u00f3  Molla ad aria  Resorte neum\u00e1tico  Ressort pneumatique  Air suspension bag (bellows) fits SAF INTRAAX. INTRADISC PLUS. INTRADISC EVOLUTION<\/p>\n","protected":false},"excerpt":{"rendered":"<p><img decoding=\"async\" class=\"alignnone size-medium wp-image-17694\" src=\"https:\/\/sindicom.hr\/wp-content\/uploads\/2020\/05\/aftermarket-300x300.png\" alt=\"\" width=\"300\" height=\"300\" srcset=\"https:\/\/sindicom.hr\/wp-content\/uploads\/2020\/05\/aftermarket-64x64.png 64w, https:\/\/sindicom.hr\/wp-content\/uploads\/2020\/05\/aftermarket-66x66.png 66w, https:\/\/sindicom.hr\/wp-content\/uploads\/2020\/05\/aftermarket-100x100.png 100w, https:\/\/sindicom.hr\/wp-content\/uploads\/2020\/05\/aftermarket-150x150.png 150w, https:\/\/sindicom.hr\/wp-content\/uploads\/2020\/05\/aftermarket-200x200.png 200w, https:\/\/sindicom.hr\/wp-content\/uploads\/2020\/05\/aftermarket.png 300w\" sizes=\"(max-width: 300px) 100vw, 300px\" \/><\/p>\n","protected":false},"featured_media":48881,"template":"","meta":{"inline_featured_image":false},"product_brand":[],"product_cat":[116,117,114,118,72],"product_tag":[],"class_list":{"0":"post-48880","1":"product","2":"type-product","3":"status-publish","4":"has-post-thumbnail","6":"product_cat-kogel","7":"product_cat-krone","8":"product_cat-prikolice","9":"product_cat-schmitz","10":"product_cat-zracni-jastuci","12":"first","13":"instock","14":"shipping-taxable","15":"purchasable","16":"product-type-simple"},"yoast_head":"<!-- This site is optimized with the Yoast SEO plugin v26.2 - https:\/\/yoast.com\/wordpress\/plugins\/seo\/ -->\n<title>ZRA\u010cNI JASTUK PRIKOLICE KOGEL SCHMITZ KRONE SAF OSOVINA SAF ZAMJ. - Sindicom<\/title>\n<meta name=\"robots\" content=\"index, follow, max-snippet:-1, max-image-preview:large, max-video-preview:-1\" \/>\n<link rel=\"canonical\" href=\"https:\/\/sindicom.hr\/en\/katalog\/zracni-jastuk-prikolice-kogel-schmitz-krone-saf-osovina-saf-zamj\/\" \/>\n<meta property=\"og:locale\" content=\"en_US\" \/>\n<meta property=\"og:type\" content=\"article\" \/>\n<meta property=\"og:title\" content=\"ZRA\u010cNI JASTUK PRIKOLICE KOGEL SCHMITZ KRONE SAF OSOVINA SAF ZAMJ. - Sindicom\" \/>\n<meta property=\"og:url\" content=\"https:\/\/sindicom.hr\/en\/katalog\/zracni-jastuk-prikolice-kogel-schmitz-krone-saf-osovina-saf-zamj\/\" \/>\n<meta property=\"og:site_name\" content=\"Sindicom\" \/>\n<meta property=\"article:publisher\" content=\"https:\/\/www.facebook.com\/Sindicom-doo-170277286366043\/\" \/>\n<meta property=\"article:modified_time\" content=\"2025-10-27T12:16:43+00:00\" \/>\n<meta property=\"og:image\" content=\"https:\/\/sindicom.hr\/wp-content\/uploads\/2025\/08\/38828-FEBI.webp\" \/>\n\t<meta property=\"og:image:width\" content=\"1600\" \/>\n\t<meta property=\"og:image:height\" content=\"900\" \/>\n\t<meta property=\"og:image:type\" content=\"image\/webp\" \/>\n<meta name=\"twitter:card\" content=\"summary_large_image\" \/>\n<meta name=\"twitter:label1\" content=\"Est. reading time\" \/>\n\t<meta name=\"twitter:data1\" content=\"1 minute\" \/>\n<script type=\"application\/ld+json\" class=\"yoast-schema-graph\">{\"@context\":\"https:\/\/schema.org\",\"@graph\":[{\"@type\":\"WebPage\",\"@id\":\"https:\/\/sindicom.hr\/en\/katalog\/zracni-jastuk-prikolice-kogel-schmitz-krone-saf-osovina-saf-zamj\/\",\"url\":\"https:\/\/sindicom.hr\/en\/katalog\/zracni-jastuk-prikolice-kogel-schmitz-krone-saf-osovina-saf-zamj\/\",\"name\":\"ZRA\u010cNI JASTUK PRIKOLICE KOGEL SCHMITZ KRONE SAF OSOVINA SAF ZAMJ. - Sindicom\",\"isPartOf\":{\"@id\":\"https:\/\/sindicom.hr\/en\/#website\"},\"primaryImageOfPage\":{\"@id\":\"https:\/\/sindicom.hr\/en\/katalog\/zracni-jastuk-prikolice-kogel-schmitz-krone-saf-osovina-saf-zamj\/#primaryimage\"},\"image\":{\"@id\":\"https:\/\/sindicom.hr\/en\/katalog\/zracni-jastuk-prikolice-kogel-schmitz-krone-saf-osovina-saf-zamj\/#primaryimage\"},\"thumbnailUrl\":\"https:\/\/sindicom.hr\/wp-content\/uploads\/2025\/08\/38828-FEBI.webp\",\"datePublished\":\"2025-08-26T11:07:48+00:00\",\"dateModified\":\"2025-10-27T12:16:43+00:00\",\"breadcrumb\":{\"@id\":\"https:\/\/sindicom.hr\/en\/katalog\/zracni-jastuk-prikolice-kogel-schmitz-krone-saf-osovina-saf-zamj\/#breadcrumb\"},\"inLanguage\":\"en-US\",\"potentialAction\":[{\"@type\":\"ReadAction\",\"target\":[\"https:\/\/sindicom.hr\/en\/katalog\/zracni-jastuk-prikolice-kogel-schmitz-krone-saf-osovina-saf-zamj\/\"]}]},{\"@type\":\"ImageObject\",\"inLanguage\":\"en-US\",\"@id\":\"https:\/\/sindicom.hr\/en\/katalog\/zracni-jastuk-prikolice-kogel-schmitz-krone-saf-osovina-saf-zamj\/#primaryimage\",\"url\":\"https:\/\/sindicom.hr\/wp-content\/uploads\/2025\/08\/38828-FEBI.webp\",\"contentUrl\":\"https:\/\/sindicom.hr\/wp-content\/uploads\/2025\/08\/38828-FEBI.webp\",\"width\":1600,\"height\":900},{\"@type\":\"BreadcrumbList\",\"@id\":\"https:\/\/sindicom.hr\/en\/katalog\/zracni-jastuk-prikolice-kogel-schmitz-krone-saf-osovina-saf-zamj\/#breadcrumb\",\"itemListElement\":[{\"@type\":\"ListItem\",\"position\":1,\"name\":\"Po\u010detna stranica\",\"item\":\"https:\/\/sindicom.hr\/en\/\"},{\"@type\":\"ListItem\",\"position\":2,\"name\":\"Katalog dijelova\",\"item\":\"https:\/\/sindicom.hr\/en\/catalog\/\"},{\"@type\":\"ListItem\",\"position\":3,\"name\":\"ZRA\u010cNI JASTUK PRIKOLICE KOGEL SCHMITZ KRONE SAF OSOVINA SAF ZAMJ.\"}]},{\"@type\":\"WebSite\",\"@id\":\"https:\/\/sindicom.hr\/en\/#website\",\"url\":\"https:\/\/sindicom.hr\/en\/\",\"name\":\"SINDICOM\",\"description\":\"Trade and repair of pneumatic brakes, air and hydraulic systems for trucks and buses\",\"publisher\":{\"@id\":\"https:\/\/sindicom.hr\/en\/#organization\"},\"potentialAction\":[{\"@type\":\"SearchAction\",\"target\":{\"@type\":\"EntryPoint\",\"urlTemplate\":\"https:\/\/sindicom.hr\/en\/?s={search_term_string}\"},\"query-input\":{\"@type\":\"PropertyValueSpecification\",\"valueRequired\":true,\"valueName\":\"search_term_string\"}}],\"inLanguage\":\"en-US\"},{\"@type\":\"Organization\",\"@id\":\"https:\/\/sindicom.hr\/en\/#organization\",\"name\":\"SINDICOM d.o.o.\",\"url\":\"https:\/\/sindicom.hr\/en\/\",\"logo\":{\"@type\":\"ImageObject\",\"inLanguage\":\"en-US\",\"@id\":\"https:\/\/sindicom.hr\/en\/#\/schema\/logo\/image\/\",\"url\":\"https:\/\/sindicom.hr\/wp-content\/uploads\/2019\/11\/sindicom_logo_veliki1.jpg.png\",\"contentUrl\":\"https:\/\/sindicom.hr\/wp-content\/uploads\/2019\/11\/sindicom_logo_veliki1.jpg.png\",\"width\":732,\"height\":706,\"caption\":\"SINDICOM d.o.o.\"},\"image\":{\"@id\":\"https:\/\/sindicom.hr\/en\/#\/schema\/logo\/image\/\"},\"sameAs\":[\"https:\/\/www.facebook.com\/Sindicom-doo-170277286366043\/\",\"https:\/\/instagram.com\/sindicomdoo\"]}]}<\/script>\n<!-- \/ Yoast SEO plugin. -->","yoast_head_json":{"title":"ZRA\u010cNI JASTUK PRIKOLICE KOGEL SCHMITZ KRONE SAF OSOVINA SAF ZAMJ. - Sindicom","robots":{"index":"index","follow":"follow","max-snippet":"max-snippet:-1","max-image-preview":"max-image-preview:large","max-video-preview":"max-video-preview:-1"},"canonical":"https:\/\/sindicom.hr\/en\/katalog\/zracni-jastuk-prikolice-kogel-schmitz-krone-saf-osovina-saf-zamj\/","og_locale":"en_US","og_type":"article","og_title":"ZRA\u010cNI JASTUK PRIKOLICE KOGEL SCHMITZ KRONE SAF OSOVINA SAF ZAMJ. - Sindicom","og_url":"https:\/\/sindicom.hr\/en\/katalog\/zracni-jastuk-prikolice-kogel-schmitz-krone-saf-osovina-saf-zamj\/","og_site_name":"Sindicom","article_publisher":"https:\/\/www.facebook.com\/Sindicom-doo-170277286366043\/","article_modified_time":"2025-10-27T12:16:43+00:00","og_image":[{"width":1600,"height":900,"url":"https:\/\/sindicom.hr\/wp-content\/uploads\/2025\/08\/38828-FEBI.webp","type":"image\/webp"}],"twitter_card":"summary_large_image","twitter_misc":{"Est. reading time":"1 minute"},"schema":{"@context":"https:\/\/schema.org","@graph":[{"@type":"WebPage","@id":"https:\/\/sindicom.hr\/en\/katalog\/zracni-jastuk-prikolice-kogel-schmitz-krone-saf-osovina-saf-zamj\/","url":"https:\/\/sindicom.hr\/en\/katalog\/zracni-jastuk-prikolice-kogel-schmitz-krone-saf-osovina-saf-zamj\/","name":"ZRA\u010cNI JASTUK PRIKOLICE KOGEL SCHMITZ KRONE SAF OSOVINA SAF ZAMJ. - Sindicom","isPartOf":{"@id":"https:\/\/sindicom.hr\/en\/#website"},"primaryImageOfPage":{"@id":"https:\/\/sindicom.hr\/en\/katalog\/zracni-jastuk-prikolice-kogel-schmitz-krone-saf-osovina-saf-zamj\/#primaryimage"},"image":{"@id":"https:\/\/sindicom.hr\/en\/katalog\/zracni-jastuk-prikolice-kogel-schmitz-krone-saf-osovina-saf-zamj\/#primaryimage"},"thumbnailUrl":"https:\/\/sindicom.hr\/wp-content\/uploads\/2025\/08\/38828-FEBI.webp","datePublished":"2025-08-26T11:07:48+00:00","dateModified":"2025-10-27T12:16:43+00:00","breadcrumb":{"@id":"https:\/\/sindicom.hr\/en\/katalog\/zracni-jastuk-prikolice-kogel-schmitz-krone-saf-osovina-saf-zamj\/#breadcrumb"},"inLanguage":"en-US","potentialAction":[{"@type":"ReadAction","target":["https:\/\/sindicom.hr\/en\/katalog\/zracni-jastuk-prikolice-kogel-schmitz-krone-saf-osovina-saf-zamj\/"]}]},{"@type":"ImageObject","inLanguage":"en-US","@id":"https:\/\/sindicom.hr\/en\/katalog\/zracni-jastuk-prikolice-kogel-schmitz-krone-saf-osovina-saf-zamj\/#primaryimage","url":"https:\/\/sindicom.hr\/wp-content\/uploads\/2025\/08\/38828-FEBI.webp","contentUrl":"https:\/\/sindicom.hr\/wp-content\/uploads\/2025\/08\/38828-FEBI.webp","width":1600,"height":900},{"@type":"BreadcrumbList","@id":"https:\/\/sindicom.hr\/en\/katalog\/zracni-jastuk-prikolice-kogel-schmitz-krone-saf-osovina-saf-zamj\/#breadcrumb","itemListElement":[{"@type":"ListItem","position":1,"name":"Po\u010detna stranica","item":"https:\/\/sindicom.hr\/en\/"},{"@type":"ListItem","position":2,"name":"Katalog dijelova","item":"https:\/\/sindicom.hr\/en\/catalog\/"},{"@type":"ListItem","position":3,"name":"ZRA\u010cNI JASTUK PRIKOLICE KOGEL SCHMITZ KRONE SAF OSOVINA SAF ZAMJ."}]},{"@type":"WebSite","@id":"https:\/\/sindicom.hr\/en\/#website","url":"https:\/\/sindicom.hr\/en\/","name":"SINDICOM","description":"Trade and repair of pneumatic brakes, air and hydraulic systems for trucks and buses","publisher":{"@id":"https:\/\/sindicom.hr\/en\/#organization"},"potentialAction":[{"@type":"SearchAction","target":{"@type":"EntryPoint","urlTemplate":"https:\/\/sindicom.hr\/en\/?s={search_term_string}"},"query-input":{"@type":"PropertyValueSpecification","valueRequired":true,"valueName":"search_term_string"}}],"inLanguage":"en-US"},{"@type":"Organization","@id":"https:\/\/sindicom.hr\/en\/#organization","name":"SINDICOM d.o.o.","url":"https:\/\/sindicom.hr\/en\/","logo":{"@type":"ImageObject","inLanguage":"en-US","@id":"https:\/\/sindicom.hr\/en\/#\/schema\/logo\/image\/","url":"https:\/\/sindicom.hr\/wp-content\/uploads\/2019\/11\/sindicom_logo_veliki1.jpg.png","contentUrl":"https:\/\/sindicom.hr\/wp-content\/uploads\/2019\/11\/sindicom_logo_veliki1.jpg.png","width":732,"height":706,"caption":"SINDICOM d.o.o."},"image":{"@id":"https:\/\/sindicom.hr\/en\/#\/schema\/logo\/image\/"},"sameAs":["https:\/\/www.facebook.com\/Sindicom-doo-170277286366043\/","https:\/\/instagram.com\/sindicomdoo"]}]}},"_links":{"self":[{"href":"https:\/\/sindicom.hr\/en\/wp-json\/wp\/v2\/product\/48880","targetHints":{"allow":["GET"]}}],"collection":[{"href":"https:\/\/sindicom.hr\/en\/wp-json\/wp\/v2\/product"}],"about":[{"href":"https:\/\/sindicom.hr\/en\/wp-json\/wp\/v2\/types\/product"}],"wp:featuredmedia":[{"embeddable":true,"href":"https:\/\/sindicom.hr\/en\/wp-json\/wp\/v2\/media\/48881"}],"wp:attachment":[{"href":"https:\/\/sindicom.hr\/en\/wp-json\/wp\/v2\/media?parent=48880"}],"wp:term":[{"taxonomy":"product_brand","embeddable":true,"href":"https:\/\/sindicom.hr\/en\/wp-json\/wp\/v2\/product_brand?post=48880"},{"taxonomy":"product_cat","embeddable":true,"href":"https:\/\/sindicom.hr\/en\/wp-json\/wp\/v2\/product_cat?post=48880"},{"taxonomy":"product_tag","embeddable":true,"href":"https:\/\/sindicom.hr\/en\/wp-json\/wp\/v2\/product_tag?post=48880"}],"curies":[{"name":"wp","href":"https:\/\/api.w.org\/{rel}","templated":true}]}}