{"id":48988,"date":"2025-08-29T11:17:14","date_gmt":"2025-08-29T11:17:14","guid":{"rendered":"https:\/\/sindicom.hr\/?post_type=product&#038;p=48988"},"modified":"2025-10-27T12:16:48","modified_gmt":"2025-10-27T12:16:48","slug":"kuciste-cilindar-za-polovinke-na-zf-mjenjacu-man-daf-iveco-zf-oe","status":"publish","type":"product","link":"https:\/\/sindicom.hr\/en\/katalog\/kuciste-cilindar-za-polovinke-na-zf-mjenjacu-man-daf-iveco-zf-oe\/","title":{"rendered":"KU\u010cI\u0160TE CILINDAR ZA POLOVINKE NA ZF MJENJA\u010cU MAN DAF IVECO ZF OE"},"content":{"rendered":"<p>1316.312.015 ZF  1316.312.015 000 ZF  1316 312 015 ZF  1316312015 ZF  1316312015000 ZF  1317310 DAF  1317 310 DAF  42531413 IVECO  81326380037 MAN  81.32638.0037 MAN  81.32638-0037 MAN  5001848895 RVI  50 01 848 895 RVI  5001848895 RENAULT  50 01 848 895 RENAULT  132.097 CEI  6.45070 DT  95534247 EURORICAMBI  Control GV cylinder on ZF gearbox  GV-Zylinder am ZF-Getriebe steuern  Cilindro de control GV en caja de cambios ZF  V\u00e9rin de contr\u00f4le GV sur bo\u00eete de vitesses ZF  Cilindro GV di controllo sul cambio ZF<\/p>\n","protected":false},"excerpt":{"rendered":"<p><img decoding=\"async\" class=\"alignnone size-medium wp-image-17722\" src=\"https:\/\/sindicom.hr\/wp-content\/uploads\/2020\/05\/zf-300x300.png\" alt=\"\" width=\"300\" height=\"300\" srcset=\"https:\/\/sindicom.hr\/wp-content\/uploads\/2020\/05\/zf-64x64.png 64w, https:\/\/sindicom.hr\/wp-content\/uploads\/2020\/05\/zf-66x66.png 66w, https:\/\/sindicom.hr\/wp-content\/uploads\/2020\/05\/zf-100x100.png 100w, https:\/\/sindicom.hr\/wp-content\/uploads\/2020\/05\/zf-150x150.png 150w, https:\/\/sindicom.hr\/wp-content\/uploads\/2020\/05\/zf-200x200.png 200w, https:\/\/sindicom.hr\/wp-content\/uploads\/2020\/05\/zf.png 300w\" sizes=\"(max-width: 300px) 100vw, 300px\" \/><\/p>\n","protected":false},"featured_media":48989,"template":"","meta":{"inline_featured_image":false},"product_brand":[],"product_cat":[126,110,108,112,120,107,64],"product_tag":[],"class_list":{"0":"post-48988","1":"product","2":"type-product","3":"status-publish","4":"has-post-thumbnail","6":"product_cat-daf","7":"product_cat-iveco-teretna-vozila","8":"product_cat-man-teretna-vozila","9":"product_cat-renault","10":"product_cat-reparaturni-setovi","11":"product_cat-teretna-vozila","12":"product_cat-zf-dijelovi-mjenjaca","14":"first","15":"instock","16":"shipping-taxable","17":"purchasable","18":"product-type-simple"},"yoast_head":"<!-- This site is optimized with the Yoast SEO plugin v26.2 - https:\/\/yoast.com\/wordpress\/plugins\/seo\/ -->\n<title>KU\u010cI\u0160TE CILINDAR ZA POLOVINKE NA ZF MJENJA\u010cU MAN DAF IVECO ZF OE - Sindicom<\/title>\n<meta name=\"robots\" content=\"index, follow, max-snippet:-1, max-image-preview:large, max-video-preview:-1\" \/>\n<link rel=\"canonical\" href=\"https:\/\/sindicom.hr\/en\/katalog\/kuciste-cilindar-za-polovinke-na-zf-mjenjacu-man-daf-iveco-zf-oe\/\" \/>\n<meta property=\"og:locale\" content=\"en_US\" \/>\n<meta property=\"og:type\" content=\"article\" \/>\n<meta property=\"og:title\" content=\"KU\u010cI\u0160TE CILINDAR ZA POLOVINKE NA ZF MJENJA\u010cU MAN DAF IVECO ZF OE - Sindicom\" \/>\n<meta property=\"og:url\" content=\"https:\/\/sindicom.hr\/en\/katalog\/kuciste-cilindar-za-polovinke-na-zf-mjenjacu-man-daf-iveco-zf-oe\/\" \/>\n<meta property=\"og:site_name\" content=\"Sindicom\" \/>\n<meta property=\"article:publisher\" content=\"https:\/\/www.facebook.com\/Sindicom-doo-170277286366043\/\" \/>\n<meta property=\"article:modified_time\" content=\"2025-10-27T12:16:48+00:00\" \/>\n<meta property=\"og:image\" content=\"https:\/\/sindicom.hr\/wp-content\/uploads\/2025\/08\/1316.312.015.webp\" \/>\n\t<meta property=\"og:image:width\" content=\"1800\" \/>\n\t<meta property=\"og:image:height\" content=\"1013\" \/>\n\t<meta property=\"og:image:type\" content=\"image\/webp\" \/>\n<meta name=\"twitter:card\" content=\"summary_large_image\" \/>\n<meta name=\"twitter:label1\" content=\"Est. reading time\" \/>\n\t<meta name=\"twitter:data1\" content=\"1 minute\" \/>\n<script type=\"application\/ld+json\" class=\"yoast-schema-graph\">{\"@context\":\"https:\/\/schema.org\",\"@graph\":[{\"@type\":\"WebPage\",\"@id\":\"https:\/\/sindicom.hr\/en\/katalog\/kuciste-cilindar-za-polovinke-na-zf-mjenjacu-man-daf-iveco-zf-oe\/\",\"url\":\"https:\/\/sindicom.hr\/en\/katalog\/kuciste-cilindar-za-polovinke-na-zf-mjenjacu-man-daf-iveco-zf-oe\/\",\"name\":\"KU\u010cI\u0160TE CILINDAR ZA POLOVINKE NA ZF MJENJA\u010cU MAN DAF IVECO ZF OE - Sindicom\",\"isPartOf\":{\"@id\":\"https:\/\/sindicom.hr\/en\/#website\"},\"primaryImageOfPage\":{\"@id\":\"https:\/\/sindicom.hr\/en\/katalog\/kuciste-cilindar-za-polovinke-na-zf-mjenjacu-man-daf-iveco-zf-oe\/#primaryimage\"},\"image\":{\"@id\":\"https:\/\/sindicom.hr\/en\/katalog\/kuciste-cilindar-za-polovinke-na-zf-mjenjacu-man-daf-iveco-zf-oe\/#primaryimage\"},\"thumbnailUrl\":\"https:\/\/sindicom.hr\/wp-content\/uploads\/2025\/08\/1316.312.015.webp\",\"datePublished\":\"2025-08-29T11:17:14+00:00\",\"dateModified\":\"2025-10-27T12:16:48+00:00\",\"breadcrumb\":{\"@id\":\"https:\/\/sindicom.hr\/en\/katalog\/kuciste-cilindar-za-polovinke-na-zf-mjenjacu-man-daf-iveco-zf-oe\/#breadcrumb\"},\"inLanguage\":\"en-US\",\"potentialAction\":[{\"@type\":\"ReadAction\",\"target\":[\"https:\/\/sindicom.hr\/en\/katalog\/kuciste-cilindar-za-polovinke-na-zf-mjenjacu-man-daf-iveco-zf-oe\/\"]}]},{\"@type\":\"ImageObject\",\"inLanguage\":\"en-US\",\"@id\":\"https:\/\/sindicom.hr\/en\/katalog\/kuciste-cilindar-za-polovinke-na-zf-mjenjacu-man-daf-iveco-zf-oe\/#primaryimage\",\"url\":\"https:\/\/sindicom.hr\/wp-content\/uploads\/2025\/08\/1316.312.015.webp\",\"contentUrl\":\"https:\/\/sindicom.hr\/wp-content\/uploads\/2025\/08\/1316.312.015.webp\",\"width\":1800,\"height\":1013},{\"@type\":\"BreadcrumbList\",\"@id\":\"https:\/\/sindicom.hr\/en\/katalog\/kuciste-cilindar-za-polovinke-na-zf-mjenjacu-man-daf-iveco-zf-oe\/#breadcrumb\",\"itemListElement\":[{\"@type\":\"ListItem\",\"position\":1,\"name\":\"Po\u010detna stranica\",\"item\":\"https:\/\/sindicom.hr\/en\/\"},{\"@type\":\"ListItem\",\"position\":2,\"name\":\"Katalog dijelova\",\"item\":\"https:\/\/sindicom.hr\/en\/catalog\/\"},{\"@type\":\"ListItem\",\"position\":3,\"name\":\"KU\u010cI\u0160TE CILINDAR ZA POLOVINKE NA ZF MJENJA\u010cU MAN DAF IVECO ZF OE\"}]},{\"@type\":\"WebSite\",\"@id\":\"https:\/\/sindicom.hr\/en\/#website\",\"url\":\"https:\/\/sindicom.hr\/en\/\",\"name\":\"SINDICOM\",\"description\":\"Trade and repair of pneumatic brakes, air and hydraulic systems for trucks and buses\",\"publisher\":{\"@id\":\"https:\/\/sindicom.hr\/en\/#organization\"},\"potentialAction\":[{\"@type\":\"SearchAction\",\"target\":{\"@type\":\"EntryPoint\",\"urlTemplate\":\"https:\/\/sindicom.hr\/en\/?s={search_term_string}\"},\"query-input\":{\"@type\":\"PropertyValueSpecification\",\"valueRequired\":true,\"valueName\":\"search_term_string\"}}],\"inLanguage\":\"en-US\"},{\"@type\":\"Organization\",\"@id\":\"https:\/\/sindicom.hr\/en\/#organization\",\"name\":\"SINDICOM d.o.o.\",\"url\":\"https:\/\/sindicom.hr\/en\/\",\"logo\":{\"@type\":\"ImageObject\",\"inLanguage\":\"en-US\",\"@id\":\"https:\/\/sindicom.hr\/en\/#\/schema\/logo\/image\/\",\"url\":\"https:\/\/sindicom.hr\/wp-content\/uploads\/2019\/11\/sindicom_logo_veliki1.jpg.png\",\"contentUrl\":\"https:\/\/sindicom.hr\/wp-content\/uploads\/2019\/11\/sindicom_logo_veliki1.jpg.png\",\"width\":732,\"height\":706,\"caption\":\"SINDICOM d.o.o.\"},\"image\":{\"@id\":\"https:\/\/sindicom.hr\/en\/#\/schema\/logo\/image\/\"},\"sameAs\":[\"https:\/\/www.facebook.com\/Sindicom-doo-170277286366043\/\",\"https:\/\/instagram.com\/sindicomdoo\"]}]}<\/script>\n<!-- \/ Yoast SEO plugin. -->","yoast_head_json":{"title":"KU\u010cI\u0160TE CILINDAR ZA POLOVINKE NA ZF MJENJA\u010cU MAN DAF IVECO ZF OE - Sindicom","robots":{"index":"index","follow":"follow","max-snippet":"max-snippet:-1","max-image-preview":"max-image-preview:large","max-video-preview":"max-video-preview:-1"},"canonical":"https:\/\/sindicom.hr\/en\/katalog\/kuciste-cilindar-za-polovinke-na-zf-mjenjacu-man-daf-iveco-zf-oe\/","og_locale":"en_US","og_type":"article","og_title":"KU\u010cI\u0160TE CILINDAR ZA POLOVINKE NA ZF MJENJA\u010cU MAN DAF IVECO ZF OE - Sindicom","og_url":"https:\/\/sindicom.hr\/en\/katalog\/kuciste-cilindar-za-polovinke-na-zf-mjenjacu-man-daf-iveco-zf-oe\/","og_site_name":"Sindicom","article_publisher":"https:\/\/www.facebook.com\/Sindicom-doo-170277286366043\/","article_modified_time":"2025-10-27T12:16:48+00:00","og_image":[{"width":1800,"height":1013,"url":"https:\/\/sindicom.hr\/wp-content\/uploads\/2025\/08\/1316.312.015.webp","type":"image\/webp"}],"twitter_card":"summary_large_image","twitter_misc":{"Est. reading time":"1 minute"},"schema":{"@context":"https:\/\/schema.org","@graph":[{"@type":"WebPage","@id":"https:\/\/sindicom.hr\/en\/katalog\/kuciste-cilindar-za-polovinke-na-zf-mjenjacu-man-daf-iveco-zf-oe\/","url":"https:\/\/sindicom.hr\/en\/katalog\/kuciste-cilindar-za-polovinke-na-zf-mjenjacu-man-daf-iveco-zf-oe\/","name":"KU\u010cI\u0160TE CILINDAR ZA POLOVINKE NA ZF MJENJA\u010cU MAN DAF IVECO ZF OE - Sindicom","isPartOf":{"@id":"https:\/\/sindicom.hr\/en\/#website"},"primaryImageOfPage":{"@id":"https:\/\/sindicom.hr\/en\/katalog\/kuciste-cilindar-za-polovinke-na-zf-mjenjacu-man-daf-iveco-zf-oe\/#primaryimage"},"image":{"@id":"https:\/\/sindicom.hr\/en\/katalog\/kuciste-cilindar-za-polovinke-na-zf-mjenjacu-man-daf-iveco-zf-oe\/#primaryimage"},"thumbnailUrl":"https:\/\/sindicom.hr\/wp-content\/uploads\/2025\/08\/1316.312.015.webp","datePublished":"2025-08-29T11:17:14+00:00","dateModified":"2025-10-27T12:16:48+00:00","breadcrumb":{"@id":"https:\/\/sindicom.hr\/en\/katalog\/kuciste-cilindar-za-polovinke-na-zf-mjenjacu-man-daf-iveco-zf-oe\/#breadcrumb"},"inLanguage":"en-US","potentialAction":[{"@type":"ReadAction","target":["https:\/\/sindicom.hr\/en\/katalog\/kuciste-cilindar-za-polovinke-na-zf-mjenjacu-man-daf-iveco-zf-oe\/"]}]},{"@type":"ImageObject","inLanguage":"en-US","@id":"https:\/\/sindicom.hr\/en\/katalog\/kuciste-cilindar-za-polovinke-na-zf-mjenjacu-man-daf-iveco-zf-oe\/#primaryimage","url":"https:\/\/sindicom.hr\/wp-content\/uploads\/2025\/08\/1316.312.015.webp","contentUrl":"https:\/\/sindicom.hr\/wp-content\/uploads\/2025\/08\/1316.312.015.webp","width":1800,"height":1013},{"@type":"BreadcrumbList","@id":"https:\/\/sindicom.hr\/en\/katalog\/kuciste-cilindar-za-polovinke-na-zf-mjenjacu-man-daf-iveco-zf-oe\/#breadcrumb","itemListElement":[{"@type":"ListItem","position":1,"name":"Po\u010detna stranica","item":"https:\/\/sindicom.hr\/en\/"},{"@type":"ListItem","position":2,"name":"Katalog dijelova","item":"https:\/\/sindicom.hr\/en\/catalog\/"},{"@type":"ListItem","position":3,"name":"KU\u010cI\u0160TE CILINDAR ZA POLOVINKE NA ZF MJENJA\u010cU MAN DAF IVECO ZF OE"}]},{"@type":"WebSite","@id":"https:\/\/sindicom.hr\/en\/#website","url":"https:\/\/sindicom.hr\/en\/","name":"SINDICOM","description":"Trade and repair of pneumatic brakes, air and hydraulic systems for trucks and buses","publisher":{"@id":"https:\/\/sindicom.hr\/en\/#organization"},"potentialAction":[{"@type":"SearchAction","target":{"@type":"EntryPoint","urlTemplate":"https:\/\/sindicom.hr\/en\/?s={search_term_string}"},"query-input":{"@type":"PropertyValueSpecification","valueRequired":true,"valueName":"search_term_string"}}],"inLanguage":"en-US"},{"@type":"Organization","@id":"https:\/\/sindicom.hr\/en\/#organization","name":"SINDICOM d.o.o.","url":"https:\/\/sindicom.hr\/en\/","logo":{"@type":"ImageObject","inLanguage":"en-US","@id":"https:\/\/sindicom.hr\/en\/#\/schema\/logo\/image\/","url":"https:\/\/sindicom.hr\/wp-content\/uploads\/2019\/11\/sindicom_logo_veliki1.jpg.png","contentUrl":"https:\/\/sindicom.hr\/wp-content\/uploads\/2019\/11\/sindicom_logo_veliki1.jpg.png","width":732,"height":706,"caption":"SINDICOM d.o.o."},"image":{"@id":"https:\/\/sindicom.hr\/en\/#\/schema\/logo\/image\/"},"sameAs":["https:\/\/www.facebook.com\/Sindicom-doo-170277286366043\/","https:\/\/instagram.com\/sindicomdoo"]}]}},"_links":{"self":[{"href":"https:\/\/sindicom.hr\/en\/wp-json\/wp\/v2\/product\/48988","targetHints":{"allow":["GET"]}}],"collection":[{"href":"https:\/\/sindicom.hr\/en\/wp-json\/wp\/v2\/product"}],"about":[{"href":"https:\/\/sindicom.hr\/en\/wp-json\/wp\/v2\/types\/product"}],"wp:featuredmedia":[{"embeddable":true,"href":"https:\/\/sindicom.hr\/en\/wp-json\/wp\/v2\/media\/48989"}],"wp:attachment":[{"href":"https:\/\/sindicom.hr\/en\/wp-json\/wp\/v2\/media?parent=48988"}],"wp:term":[{"taxonomy":"product_brand","embeddable":true,"href":"https:\/\/sindicom.hr\/en\/wp-json\/wp\/v2\/product_brand?post=48988"},{"taxonomy":"product_cat","embeddable":true,"href":"https:\/\/sindicom.hr\/en\/wp-json\/wp\/v2\/product_cat?post=48988"},{"taxonomy":"product_tag","embeddable":true,"href":"https:\/\/sindicom.hr\/en\/wp-json\/wp\/v2\/product_tag?post=48988"}],"curies":[{"name":"wp","href":"https:\/\/api.w.org\/{rel}","templated":true}]}}