{"id":49323,"date":"2025-09-12T11:14:36","date_gmt":"2025-09-12T11:14:36","guid":{"rendered":"https:\/\/sindicom.hr\/?post_type=product&#038;p=49323"},"modified":"2025-10-27T12:16:55","modified_gmt":"2025-10-27T12:16:55","slug":"nosac-kocione-celjusti-prikolice-225-l-d-schmitz-knorr-bremse-oe","status":"publish","type":"product","link":"https:\/\/sindicom.hr\/en\/katalog\/nosac-kocione-celjusti-prikolice-225-l-d-schmitz-knorr-bremse-oe\/","title":{"rendered":"NOSA\u010c KO\u010cIONE \u010cELJUSTI PRIKOLICE 22.5 L\/D SCHMITZ KNORR BREMSE OE"},"content":{"rendered":"<p>K108001K50 KNORR  K090764 KNORR  ST7002 KNORR  K090765 KNORR  ST7012 KNORR  K172244 KNORR  ST7002 KNORR  K172244N64 KNORR  ST7002 KNORR  K172245 KNORR  ST7012 KNORR  K172245N64 KNORR  ST7012 KNORR  ST7003RC KNORR  ST7013RC KNORR  K097530K50 KNORR  K097531K50 KNORR  1227596 SCHMITZ  1227593 SCHMITZ  1227597 SCHMITZ  1227594 SCHMITZ  20190 TTT  6050-28 MAY  10528 BENEFIT  Bremssatteltr\u00e4ger  Brake caliper carrier  Supporto pinza freno<\/p>\n","protected":false},"excerpt":{"rendered":"<p><img decoding=\"async\" class=\"alignnone size-medium wp-image-17705\" src=\"https:\/\/sindicom.hr\/wp-content\/uploads\/2020\/05\/knorr-bremse-300x300.png\" alt=\"\" width=\"300\" height=\"300\" srcset=\"https:\/\/sindicom.hr\/wp-content\/uploads\/2020\/05\/knorr-bremse-64x64.png 64w, https:\/\/sindicom.hr\/wp-content\/uploads\/2020\/05\/knorr-bremse-66x66.png 66w, https:\/\/sindicom.hr\/wp-content\/uploads\/2020\/05\/knorr-bremse-100x100.png 100w, https:\/\/sindicom.hr\/wp-content\/uploads\/2020\/05\/knorr-bremse-150x150.png 150w, https:\/\/sindicom.hr\/wp-content\/uploads\/2020\/05\/knorr-bremse-200x200.png 200w, https:\/\/sindicom.hr\/wp-content\/uploads\/2020\/05\/knorr-bremse.png 300w\" sizes=\"(max-width: 300px) 100vw, 300px\" \/><\/p>\n","protected":false},"featured_media":49324,"template":"","meta":{"inline_featured_image":false},"product_brand":[],"product_cat":[15,91,114,118],"product_tag":[],"class_list":{"0":"post-49323","1":"product","2":"type-product","3":"status-publish","4":"has-post-thumbnail","6":"product_cat-all-products","7":"product_cat-nosaci-kocionih-celjusti","8":"product_cat-prikolice","9":"product_cat-schmitz","11":"first","12":"instock","13":"shipping-taxable","14":"purchasable","15":"product-type-simple"},"yoast_head":"<!-- This site is optimized with the Yoast SEO plugin v26.2 - https:\/\/yoast.com\/wordpress\/plugins\/seo\/ -->\n<title>NOSA\u010c KO\u010cIONE \u010cELJUSTI PRIKOLICE 22.5 L\/D SCHMITZ KNORR BREMSE OE - Sindicom<\/title>\n<meta name=\"robots\" content=\"index, follow, max-snippet:-1, max-image-preview:large, max-video-preview:-1\" \/>\n<link rel=\"canonical\" href=\"https:\/\/sindicom.hr\/en\/katalog\/nosac-kocione-celjusti-prikolice-225-l-d-schmitz-knorr-bremse-oe\/\" \/>\n<meta property=\"og:locale\" content=\"en_US\" \/>\n<meta property=\"og:type\" content=\"article\" \/>\n<meta property=\"og:title\" content=\"NOSA\u010c KO\u010cIONE \u010cELJUSTI PRIKOLICE 22.5 L\/D SCHMITZ KNORR BREMSE OE - Sindicom\" \/>\n<meta property=\"og:url\" content=\"https:\/\/sindicom.hr\/en\/katalog\/nosac-kocione-celjusti-prikolice-225-l-d-schmitz-knorr-bremse-oe\/\" \/>\n<meta property=\"og:site_name\" content=\"Sindicom\" \/>\n<meta property=\"article:publisher\" content=\"https:\/\/www.facebook.com\/Sindicom-doo-170277286366043\/\" \/>\n<meta property=\"article:modified_time\" content=\"2025-10-27T12:16:55+00:00\" \/>\n<meta property=\"og:image\" content=\"https:\/\/sindicom.hr\/wp-content\/uploads\/2025\/09\/K108001K50-KNORR.webp\" \/>\n\t<meta property=\"og:image:width\" content=\"1800\" \/>\n\t<meta property=\"og:image:height\" content=\"1013\" \/>\n\t<meta property=\"og:image:type\" content=\"image\/webp\" \/>\n<meta name=\"twitter:card\" content=\"summary_large_image\" \/>\n<meta name=\"twitter:label1\" content=\"Est. reading time\" \/>\n\t<meta name=\"twitter:data1\" content=\"1 minute\" \/>\n<script type=\"application\/ld+json\" class=\"yoast-schema-graph\">{\"@context\":\"https:\/\/schema.org\",\"@graph\":[{\"@type\":\"WebPage\",\"@id\":\"https:\/\/sindicom.hr\/en\/katalog\/nosac-kocione-celjusti-prikolice-225-l-d-schmitz-knorr-bremse-oe\/\",\"url\":\"https:\/\/sindicom.hr\/en\/katalog\/nosac-kocione-celjusti-prikolice-225-l-d-schmitz-knorr-bremse-oe\/\",\"name\":\"NOSA\u010c KO\u010cIONE \u010cELJUSTI PRIKOLICE 22.5 L\/D SCHMITZ KNORR BREMSE OE - Sindicom\",\"isPartOf\":{\"@id\":\"https:\/\/sindicom.hr\/en\/#website\"},\"primaryImageOfPage\":{\"@id\":\"https:\/\/sindicom.hr\/en\/katalog\/nosac-kocione-celjusti-prikolice-225-l-d-schmitz-knorr-bremse-oe\/#primaryimage\"},\"image\":{\"@id\":\"https:\/\/sindicom.hr\/en\/katalog\/nosac-kocione-celjusti-prikolice-225-l-d-schmitz-knorr-bremse-oe\/#primaryimage\"},\"thumbnailUrl\":\"https:\/\/sindicom.hr\/wp-content\/uploads\/2025\/09\/K108001K50-KNORR.webp\",\"datePublished\":\"2025-09-12T11:14:36+00:00\",\"dateModified\":\"2025-10-27T12:16:55+00:00\",\"breadcrumb\":{\"@id\":\"https:\/\/sindicom.hr\/en\/katalog\/nosac-kocione-celjusti-prikolice-225-l-d-schmitz-knorr-bremse-oe\/#breadcrumb\"},\"inLanguage\":\"en-US\",\"potentialAction\":[{\"@type\":\"ReadAction\",\"target\":[\"https:\/\/sindicom.hr\/en\/katalog\/nosac-kocione-celjusti-prikolice-225-l-d-schmitz-knorr-bremse-oe\/\"]}]},{\"@type\":\"ImageObject\",\"inLanguage\":\"en-US\",\"@id\":\"https:\/\/sindicom.hr\/en\/katalog\/nosac-kocione-celjusti-prikolice-225-l-d-schmitz-knorr-bremse-oe\/#primaryimage\",\"url\":\"https:\/\/sindicom.hr\/wp-content\/uploads\/2025\/09\/K108001K50-KNORR.webp\",\"contentUrl\":\"https:\/\/sindicom.hr\/wp-content\/uploads\/2025\/09\/K108001K50-KNORR.webp\",\"width\":1800,\"height\":1013},{\"@type\":\"BreadcrumbList\",\"@id\":\"https:\/\/sindicom.hr\/en\/katalog\/nosac-kocione-celjusti-prikolice-225-l-d-schmitz-knorr-bremse-oe\/#breadcrumb\",\"itemListElement\":[{\"@type\":\"ListItem\",\"position\":1,\"name\":\"Po\u010detna stranica\",\"item\":\"https:\/\/sindicom.hr\/en\/\"},{\"@type\":\"ListItem\",\"position\":2,\"name\":\"Katalog dijelova\",\"item\":\"https:\/\/sindicom.hr\/en\/catalog\/\"},{\"@type\":\"ListItem\",\"position\":3,\"name\":\"NOSA\u010c KO\u010cIONE \u010cELJUSTI PRIKOLICE 22.5 L\/D SCHMITZ KNORR BREMSE OE\"}]},{\"@type\":\"WebSite\",\"@id\":\"https:\/\/sindicom.hr\/en\/#website\",\"url\":\"https:\/\/sindicom.hr\/en\/\",\"name\":\"SINDICOM\",\"description\":\"Trade and repair of pneumatic brakes, air and hydraulic systems for trucks and buses\",\"publisher\":{\"@id\":\"https:\/\/sindicom.hr\/en\/#organization\"},\"potentialAction\":[{\"@type\":\"SearchAction\",\"target\":{\"@type\":\"EntryPoint\",\"urlTemplate\":\"https:\/\/sindicom.hr\/en\/?s={search_term_string}\"},\"query-input\":{\"@type\":\"PropertyValueSpecification\",\"valueRequired\":true,\"valueName\":\"search_term_string\"}}],\"inLanguage\":\"en-US\"},{\"@type\":\"Organization\",\"@id\":\"https:\/\/sindicom.hr\/en\/#organization\",\"name\":\"SINDICOM d.o.o.\",\"url\":\"https:\/\/sindicom.hr\/en\/\",\"logo\":{\"@type\":\"ImageObject\",\"inLanguage\":\"en-US\",\"@id\":\"https:\/\/sindicom.hr\/en\/#\/schema\/logo\/image\/\",\"url\":\"https:\/\/sindicom.hr\/wp-content\/uploads\/2019\/11\/sindicom_logo_veliki1.jpg.png\",\"contentUrl\":\"https:\/\/sindicom.hr\/wp-content\/uploads\/2019\/11\/sindicom_logo_veliki1.jpg.png\",\"width\":732,\"height\":706,\"caption\":\"SINDICOM d.o.o.\"},\"image\":{\"@id\":\"https:\/\/sindicom.hr\/en\/#\/schema\/logo\/image\/\"},\"sameAs\":[\"https:\/\/www.facebook.com\/Sindicom-doo-170277286366043\/\",\"https:\/\/instagram.com\/sindicomdoo\"]}]}<\/script>\n<!-- \/ Yoast SEO plugin. -->","yoast_head_json":{"title":"NOSA\u010c KO\u010cIONE \u010cELJUSTI PRIKOLICE 22.5 L\/D SCHMITZ KNORR BREMSE OE - Sindicom","robots":{"index":"index","follow":"follow","max-snippet":"max-snippet:-1","max-image-preview":"max-image-preview:large","max-video-preview":"max-video-preview:-1"},"canonical":"https:\/\/sindicom.hr\/en\/katalog\/nosac-kocione-celjusti-prikolice-225-l-d-schmitz-knorr-bremse-oe\/","og_locale":"en_US","og_type":"article","og_title":"NOSA\u010c KO\u010cIONE \u010cELJUSTI PRIKOLICE 22.5 L\/D SCHMITZ KNORR BREMSE OE - Sindicom","og_url":"https:\/\/sindicom.hr\/en\/katalog\/nosac-kocione-celjusti-prikolice-225-l-d-schmitz-knorr-bremse-oe\/","og_site_name":"Sindicom","article_publisher":"https:\/\/www.facebook.com\/Sindicom-doo-170277286366043\/","article_modified_time":"2025-10-27T12:16:55+00:00","og_image":[{"width":1800,"height":1013,"url":"https:\/\/sindicom.hr\/wp-content\/uploads\/2025\/09\/K108001K50-KNORR.webp","type":"image\/webp"}],"twitter_card":"summary_large_image","twitter_misc":{"Est. reading time":"1 minute"},"schema":{"@context":"https:\/\/schema.org","@graph":[{"@type":"WebPage","@id":"https:\/\/sindicom.hr\/en\/katalog\/nosac-kocione-celjusti-prikolice-225-l-d-schmitz-knorr-bremse-oe\/","url":"https:\/\/sindicom.hr\/en\/katalog\/nosac-kocione-celjusti-prikolice-225-l-d-schmitz-knorr-bremse-oe\/","name":"NOSA\u010c KO\u010cIONE \u010cELJUSTI PRIKOLICE 22.5 L\/D SCHMITZ KNORR BREMSE OE - Sindicom","isPartOf":{"@id":"https:\/\/sindicom.hr\/en\/#website"},"primaryImageOfPage":{"@id":"https:\/\/sindicom.hr\/en\/katalog\/nosac-kocione-celjusti-prikolice-225-l-d-schmitz-knorr-bremse-oe\/#primaryimage"},"image":{"@id":"https:\/\/sindicom.hr\/en\/katalog\/nosac-kocione-celjusti-prikolice-225-l-d-schmitz-knorr-bremse-oe\/#primaryimage"},"thumbnailUrl":"https:\/\/sindicom.hr\/wp-content\/uploads\/2025\/09\/K108001K50-KNORR.webp","datePublished":"2025-09-12T11:14:36+00:00","dateModified":"2025-10-27T12:16:55+00:00","breadcrumb":{"@id":"https:\/\/sindicom.hr\/en\/katalog\/nosac-kocione-celjusti-prikolice-225-l-d-schmitz-knorr-bremse-oe\/#breadcrumb"},"inLanguage":"en-US","potentialAction":[{"@type":"ReadAction","target":["https:\/\/sindicom.hr\/en\/katalog\/nosac-kocione-celjusti-prikolice-225-l-d-schmitz-knorr-bremse-oe\/"]}]},{"@type":"ImageObject","inLanguage":"en-US","@id":"https:\/\/sindicom.hr\/en\/katalog\/nosac-kocione-celjusti-prikolice-225-l-d-schmitz-knorr-bremse-oe\/#primaryimage","url":"https:\/\/sindicom.hr\/wp-content\/uploads\/2025\/09\/K108001K50-KNORR.webp","contentUrl":"https:\/\/sindicom.hr\/wp-content\/uploads\/2025\/09\/K108001K50-KNORR.webp","width":1800,"height":1013},{"@type":"BreadcrumbList","@id":"https:\/\/sindicom.hr\/en\/katalog\/nosac-kocione-celjusti-prikolice-225-l-d-schmitz-knorr-bremse-oe\/#breadcrumb","itemListElement":[{"@type":"ListItem","position":1,"name":"Po\u010detna stranica","item":"https:\/\/sindicom.hr\/en\/"},{"@type":"ListItem","position":2,"name":"Katalog dijelova","item":"https:\/\/sindicom.hr\/en\/catalog\/"},{"@type":"ListItem","position":3,"name":"NOSA\u010c KO\u010cIONE \u010cELJUSTI PRIKOLICE 22.5 L\/D SCHMITZ KNORR BREMSE OE"}]},{"@type":"WebSite","@id":"https:\/\/sindicom.hr\/en\/#website","url":"https:\/\/sindicom.hr\/en\/","name":"SINDICOM","description":"Trade and repair of pneumatic brakes, air and hydraulic systems for trucks and buses","publisher":{"@id":"https:\/\/sindicom.hr\/en\/#organization"},"potentialAction":[{"@type":"SearchAction","target":{"@type":"EntryPoint","urlTemplate":"https:\/\/sindicom.hr\/en\/?s={search_term_string}"},"query-input":{"@type":"PropertyValueSpecification","valueRequired":true,"valueName":"search_term_string"}}],"inLanguage":"en-US"},{"@type":"Organization","@id":"https:\/\/sindicom.hr\/en\/#organization","name":"SINDICOM d.o.o.","url":"https:\/\/sindicom.hr\/en\/","logo":{"@type":"ImageObject","inLanguage":"en-US","@id":"https:\/\/sindicom.hr\/en\/#\/schema\/logo\/image\/","url":"https:\/\/sindicom.hr\/wp-content\/uploads\/2019\/11\/sindicom_logo_veliki1.jpg.png","contentUrl":"https:\/\/sindicom.hr\/wp-content\/uploads\/2019\/11\/sindicom_logo_veliki1.jpg.png","width":732,"height":706,"caption":"SINDICOM d.o.o."},"image":{"@id":"https:\/\/sindicom.hr\/en\/#\/schema\/logo\/image\/"},"sameAs":["https:\/\/www.facebook.com\/Sindicom-doo-170277286366043\/","https:\/\/instagram.com\/sindicomdoo"]}]}},"_links":{"self":[{"href":"https:\/\/sindicom.hr\/en\/wp-json\/wp\/v2\/product\/49323","targetHints":{"allow":["GET"]}}],"collection":[{"href":"https:\/\/sindicom.hr\/en\/wp-json\/wp\/v2\/product"}],"about":[{"href":"https:\/\/sindicom.hr\/en\/wp-json\/wp\/v2\/types\/product"}],"wp:featuredmedia":[{"embeddable":true,"href":"https:\/\/sindicom.hr\/en\/wp-json\/wp\/v2\/media\/49324"}],"wp:attachment":[{"href":"https:\/\/sindicom.hr\/en\/wp-json\/wp\/v2\/media?parent=49323"}],"wp:term":[{"taxonomy":"product_brand","embeddable":true,"href":"https:\/\/sindicom.hr\/en\/wp-json\/wp\/v2\/product_brand?post=49323"},{"taxonomy":"product_cat","embeddable":true,"href":"https:\/\/sindicom.hr\/en\/wp-json\/wp\/v2\/product_cat?post=49323"},{"taxonomy":"product_tag","embeddable":true,"href":"https:\/\/sindicom.hr\/en\/wp-json\/wp\/v2\/product_tag?post=49323"}],"curies":[{"name":"wp","href":"https:\/\/api.w.org\/{rel}","templated":true}]}}