{"id":49434,"date":"2025-09-17T10:15:09","date_gmt":"2025-09-17T10:15:09","guid":{"rendered":"https:\/\/sindicom.hr\/?post_type=product&#038;p=49434"},"modified":"2025-10-27T12:16:56","modified_gmt":"2025-10-27T12:16:56","slug":"rezervoar-zraka-15-l-d-526-mm-l-200-206-mm-m22x15-iveco-fendt-john-deere-wabco-zamj","status":"publish","type":"product","link":"https:\/\/sindicom.hr\/en\/katalog\/rezervoar-zraka-15-l-d-526-mm-l-200-206-mm-m22x15-iveco-fendt-john-deere-wabco-zamj\/","title":{"rendered":"REZERVOAR ZRAKA 15 L D-526 mm L-200\/206 mm M22x1.5 IVECO FENDT JOHN DEERE WABCO ZAMJ."},"content":{"rendered":"<p>21986 AUGER  9504150050 WABCO  9504150070 WABCO  030363609 HALDEX  VB33015\/206 KNORR-BREMSE  2089987 SCANIA  4803545 IVECO  04803545 IVECO  98480832 IVECO  098480832 IVECO  504197586 IVECO  504047697 IVECO  5949780684 IVECO  H515880090010 FENDT  AL111802 JOHN DEERE  7.16618 DT  106 063 FEBI  05600034 SAMPA  BRAR7586 BOTTO RICAMBI  026.043-00 PE AUTOMOTIVE  026.043-00A PE AUTOMOTIVE  950 415 005 0 WABCO  950 415 007 0 WABCO  Air tank  Serbatoio aria  Dep\u00f3sito aire  R\u00e9servoir d&#8217;air  Lufttank Luftbeh\u00e4lter Stahl  Air tank 15 l diameter 206 mm \/length 526 mm 15.5 bar fits IVECO EUROCARGO I-III. EUROCARGO IV. EUROCARGO V. EUROSTAR. EUROTECH MP. EUROTECH MT. STRALIS I. STRALIS II. ZETA. FENDT. JOHN DEERE<\/p>\n","protected":false},"excerpt":{"rendered":"<p><img decoding=\"async\" class=\"alignnone size-medium wp-image-17694\" src=\"https:\/\/sindicom.hr\/wp-content\/uploads\/2020\/05\/aftermarket-300x300.png\" alt=\"\" width=\"300\" height=\"300\" srcset=\"https:\/\/sindicom.hr\/wp-content\/uploads\/2020\/05\/aftermarket-64x64.png 64w, https:\/\/sindicom.hr\/wp-content\/uploads\/2020\/05\/aftermarket-66x66.png 66w, https:\/\/sindicom.hr\/wp-content\/uploads\/2020\/05\/aftermarket-100x100.png 100w, https:\/\/sindicom.hr\/wp-content\/uploads\/2020\/05\/aftermarket-150x150.png 150w, https:\/\/sindicom.hr\/wp-content\/uploads\/2020\/05\/aftermarket-200x200.png 200w, https:\/\/sindicom.hr\/wp-content\/uploads\/2020\/05\/aftermarket.png 300w\" sizes=\"(max-width: 300px) 100vw, 300px\" \/><\/p>\n","protected":false},"featured_media":49435,"template":"","meta":{"inline_featured_image":false},"product_brand":[],"product_cat":[15,139,110,156,267,109,107,136],"product_tag":[],"class_list":{"0":"post-49434","1":"product","2":"type-product","3":"status-publish","4":"has-post-thumbnail","6":"product_cat-all-products","7":"product_cat-fendt","8":"product_cat-iveco-teretna-vozila","9":"product_cat-john-deere","10":"product_cat-rezervoar-spremnik-zraka-air","11":"product_cat-scania-teretna-vozila","12":"product_cat-teretna-vozila","13":"product_cat-traktori","15":"first","16":"instock","17":"shipping-taxable","18":"purchasable","19":"product-type-simple"},"yoast_head":"<!-- This site is optimized with the Yoast SEO plugin v26.2 - https:\/\/yoast.com\/wordpress\/plugins\/seo\/ -->\n<title>REZERVOAR ZRAKA 15 L D-526 mm L-200\/206 mm M22x1.5 IVECO FENDT JOHN DEERE WABCO ZAMJ. - Sindicom<\/title>\n<meta name=\"robots\" content=\"index, follow, max-snippet:-1, max-image-preview:large, max-video-preview:-1\" \/>\n<link rel=\"canonical\" href=\"https:\/\/sindicom.hr\/en\/katalog\/rezervoar-zraka-15-l-d-526-mm-l-200-206-mm-m22x15-iveco-fendt-john-deere-wabco-zamj\/\" \/>\n<meta property=\"og:locale\" content=\"en_US\" \/>\n<meta property=\"og:type\" content=\"article\" \/>\n<meta property=\"og:title\" content=\"REZERVOAR ZRAKA 15 L D-526 mm L-200\/206 mm M22x1.5 IVECO FENDT JOHN DEERE WABCO ZAMJ. - Sindicom\" \/>\n<meta property=\"og:url\" content=\"https:\/\/sindicom.hr\/en\/katalog\/rezervoar-zraka-15-l-d-526-mm-l-200-206-mm-m22x15-iveco-fendt-john-deere-wabco-zamj\/\" \/>\n<meta property=\"og:site_name\" content=\"Sindicom\" \/>\n<meta property=\"article:publisher\" content=\"https:\/\/www.facebook.com\/Sindicom-doo-170277286366043\/\" \/>\n<meta property=\"article:modified_time\" content=\"2025-10-27T12:16:56+00:00\" \/>\n<meta property=\"og:image\" content=\"https:\/\/sindicom.hr\/wp-content\/uploads\/2025\/09\/21986.webp\" \/>\n\t<meta property=\"og:image:width\" content=\"1800\" \/>\n\t<meta property=\"og:image:height\" content=\"1013\" \/>\n\t<meta property=\"og:image:type\" content=\"image\/webp\" \/>\n<meta name=\"twitter:card\" content=\"summary_large_image\" \/>\n<meta name=\"twitter:label1\" content=\"Est. reading time\" \/>\n\t<meta name=\"twitter:data1\" content=\"1 minute\" \/>\n<script type=\"application\/ld+json\" class=\"yoast-schema-graph\">{\"@context\":\"https:\/\/schema.org\",\"@graph\":[{\"@type\":\"WebPage\",\"@id\":\"https:\/\/sindicom.hr\/en\/katalog\/rezervoar-zraka-15-l-d-526-mm-l-200-206-mm-m22x15-iveco-fendt-john-deere-wabco-zamj\/\",\"url\":\"https:\/\/sindicom.hr\/en\/katalog\/rezervoar-zraka-15-l-d-526-mm-l-200-206-mm-m22x15-iveco-fendt-john-deere-wabco-zamj\/\",\"name\":\"REZERVOAR ZRAKA 15 L D-526 mm L-200\/206 mm M22x1.5 IVECO FENDT JOHN DEERE WABCO ZAMJ. - Sindicom\",\"isPartOf\":{\"@id\":\"https:\/\/sindicom.hr\/en\/#website\"},\"primaryImageOfPage\":{\"@id\":\"https:\/\/sindicom.hr\/en\/katalog\/rezervoar-zraka-15-l-d-526-mm-l-200-206-mm-m22x15-iveco-fendt-john-deere-wabco-zamj\/#primaryimage\"},\"image\":{\"@id\":\"https:\/\/sindicom.hr\/en\/katalog\/rezervoar-zraka-15-l-d-526-mm-l-200-206-mm-m22x15-iveco-fendt-john-deere-wabco-zamj\/#primaryimage\"},\"thumbnailUrl\":\"https:\/\/sindicom.hr\/wp-content\/uploads\/2025\/09\/21986.webp\",\"datePublished\":\"2025-09-17T10:15:09+00:00\",\"dateModified\":\"2025-10-27T12:16:56+00:00\",\"breadcrumb\":{\"@id\":\"https:\/\/sindicom.hr\/en\/katalog\/rezervoar-zraka-15-l-d-526-mm-l-200-206-mm-m22x15-iveco-fendt-john-deere-wabco-zamj\/#breadcrumb\"},\"inLanguage\":\"en-US\",\"potentialAction\":[{\"@type\":\"ReadAction\",\"target\":[\"https:\/\/sindicom.hr\/en\/katalog\/rezervoar-zraka-15-l-d-526-mm-l-200-206-mm-m22x15-iveco-fendt-john-deere-wabco-zamj\/\"]}]},{\"@type\":\"ImageObject\",\"inLanguage\":\"en-US\",\"@id\":\"https:\/\/sindicom.hr\/en\/katalog\/rezervoar-zraka-15-l-d-526-mm-l-200-206-mm-m22x15-iveco-fendt-john-deere-wabco-zamj\/#primaryimage\",\"url\":\"https:\/\/sindicom.hr\/wp-content\/uploads\/2025\/09\/21986.webp\",\"contentUrl\":\"https:\/\/sindicom.hr\/wp-content\/uploads\/2025\/09\/21986.webp\",\"width\":1800,\"height\":1013},{\"@type\":\"BreadcrumbList\",\"@id\":\"https:\/\/sindicom.hr\/en\/katalog\/rezervoar-zraka-15-l-d-526-mm-l-200-206-mm-m22x15-iveco-fendt-john-deere-wabco-zamj\/#breadcrumb\",\"itemListElement\":[{\"@type\":\"ListItem\",\"position\":1,\"name\":\"Po\u010detna stranica\",\"item\":\"https:\/\/sindicom.hr\/en\/\"},{\"@type\":\"ListItem\",\"position\":2,\"name\":\"Katalog dijelova\",\"item\":\"https:\/\/sindicom.hr\/en\/catalog\/\"},{\"@type\":\"ListItem\",\"position\":3,\"name\":\"REZERVOAR ZRAKA 15 L D-526 mm L-200\/206 mm M22x1.5 IVECO FENDT JOHN DEERE WABCO ZAMJ.\"}]},{\"@type\":\"WebSite\",\"@id\":\"https:\/\/sindicom.hr\/en\/#website\",\"url\":\"https:\/\/sindicom.hr\/en\/\",\"name\":\"SINDICOM\",\"description\":\"Trade and repair of pneumatic brakes, air and hydraulic systems for trucks and buses\",\"publisher\":{\"@id\":\"https:\/\/sindicom.hr\/en\/#organization\"},\"potentialAction\":[{\"@type\":\"SearchAction\",\"target\":{\"@type\":\"EntryPoint\",\"urlTemplate\":\"https:\/\/sindicom.hr\/en\/?s={search_term_string}\"},\"query-input\":{\"@type\":\"PropertyValueSpecification\",\"valueRequired\":true,\"valueName\":\"search_term_string\"}}],\"inLanguage\":\"en-US\"},{\"@type\":\"Organization\",\"@id\":\"https:\/\/sindicom.hr\/en\/#organization\",\"name\":\"SINDICOM d.o.o.\",\"url\":\"https:\/\/sindicom.hr\/en\/\",\"logo\":{\"@type\":\"ImageObject\",\"inLanguage\":\"en-US\",\"@id\":\"https:\/\/sindicom.hr\/en\/#\/schema\/logo\/image\/\",\"url\":\"https:\/\/sindicom.hr\/wp-content\/uploads\/2019\/11\/sindicom_logo_veliki1.jpg.png\",\"contentUrl\":\"https:\/\/sindicom.hr\/wp-content\/uploads\/2019\/11\/sindicom_logo_veliki1.jpg.png\",\"width\":732,\"height\":706,\"caption\":\"SINDICOM d.o.o.\"},\"image\":{\"@id\":\"https:\/\/sindicom.hr\/en\/#\/schema\/logo\/image\/\"},\"sameAs\":[\"https:\/\/www.facebook.com\/Sindicom-doo-170277286366043\/\",\"https:\/\/instagram.com\/sindicomdoo\"]}]}<\/script>\n<!-- \/ Yoast SEO plugin. -->","yoast_head_json":{"title":"REZERVOAR ZRAKA 15 L D-526 mm L-200\/206 mm M22x1.5 IVECO FENDT JOHN DEERE WABCO ZAMJ. - Sindicom","robots":{"index":"index","follow":"follow","max-snippet":"max-snippet:-1","max-image-preview":"max-image-preview:large","max-video-preview":"max-video-preview:-1"},"canonical":"https:\/\/sindicom.hr\/en\/katalog\/rezervoar-zraka-15-l-d-526-mm-l-200-206-mm-m22x15-iveco-fendt-john-deere-wabco-zamj\/","og_locale":"en_US","og_type":"article","og_title":"REZERVOAR ZRAKA 15 L D-526 mm L-200\/206 mm M22x1.5 IVECO FENDT JOHN DEERE WABCO ZAMJ. - Sindicom","og_url":"https:\/\/sindicom.hr\/en\/katalog\/rezervoar-zraka-15-l-d-526-mm-l-200-206-mm-m22x15-iveco-fendt-john-deere-wabco-zamj\/","og_site_name":"Sindicom","article_publisher":"https:\/\/www.facebook.com\/Sindicom-doo-170277286366043\/","article_modified_time":"2025-10-27T12:16:56+00:00","og_image":[{"width":1800,"height":1013,"url":"https:\/\/sindicom.hr\/wp-content\/uploads\/2025\/09\/21986.webp","type":"image\/webp"}],"twitter_card":"summary_large_image","twitter_misc":{"Est. reading time":"1 minute"},"schema":{"@context":"https:\/\/schema.org","@graph":[{"@type":"WebPage","@id":"https:\/\/sindicom.hr\/en\/katalog\/rezervoar-zraka-15-l-d-526-mm-l-200-206-mm-m22x15-iveco-fendt-john-deere-wabco-zamj\/","url":"https:\/\/sindicom.hr\/en\/katalog\/rezervoar-zraka-15-l-d-526-mm-l-200-206-mm-m22x15-iveco-fendt-john-deere-wabco-zamj\/","name":"REZERVOAR ZRAKA 15 L D-526 mm L-200\/206 mm M22x1.5 IVECO FENDT JOHN DEERE WABCO ZAMJ. - Sindicom","isPartOf":{"@id":"https:\/\/sindicom.hr\/en\/#website"},"primaryImageOfPage":{"@id":"https:\/\/sindicom.hr\/en\/katalog\/rezervoar-zraka-15-l-d-526-mm-l-200-206-mm-m22x15-iveco-fendt-john-deere-wabco-zamj\/#primaryimage"},"image":{"@id":"https:\/\/sindicom.hr\/en\/katalog\/rezervoar-zraka-15-l-d-526-mm-l-200-206-mm-m22x15-iveco-fendt-john-deere-wabco-zamj\/#primaryimage"},"thumbnailUrl":"https:\/\/sindicom.hr\/wp-content\/uploads\/2025\/09\/21986.webp","datePublished":"2025-09-17T10:15:09+00:00","dateModified":"2025-10-27T12:16:56+00:00","breadcrumb":{"@id":"https:\/\/sindicom.hr\/en\/katalog\/rezervoar-zraka-15-l-d-526-mm-l-200-206-mm-m22x15-iveco-fendt-john-deere-wabco-zamj\/#breadcrumb"},"inLanguage":"en-US","potentialAction":[{"@type":"ReadAction","target":["https:\/\/sindicom.hr\/en\/katalog\/rezervoar-zraka-15-l-d-526-mm-l-200-206-mm-m22x15-iveco-fendt-john-deere-wabco-zamj\/"]}]},{"@type":"ImageObject","inLanguage":"en-US","@id":"https:\/\/sindicom.hr\/en\/katalog\/rezervoar-zraka-15-l-d-526-mm-l-200-206-mm-m22x15-iveco-fendt-john-deere-wabco-zamj\/#primaryimage","url":"https:\/\/sindicom.hr\/wp-content\/uploads\/2025\/09\/21986.webp","contentUrl":"https:\/\/sindicom.hr\/wp-content\/uploads\/2025\/09\/21986.webp","width":1800,"height":1013},{"@type":"BreadcrumbList","@id":"https:\/\/sindicom.hr\/en\/katalog\/rezervoar-zraka-15-l-d-526-mm-l-200-206-mm-m22x15-iveco-fendt-john-deere-wabco-zamj\/#breadcrumb","itemListElement":[{"@type":"ListItem","position":1,"name":"Po\u010detna stranica","item":"https:\/\/sindicom.hr\/en\/"},{"@type":"ListItem","position":2,"name":"Katalog dijelova","item":"https:\/\/sindicom.hr\/en\/catalog\/"},{"@type":"ListItem","position":3,"name":"REZERVOAR ZRAKA 15 L D-526 mm L-200\/206 mm M22x1.5 IVECO FENDT JOHN DEERE WABCO ZAMJ."}]},{"@type":"WebSite","@id":"https:\/\/sindicom.hr\/en\/#website","url":"https:\/\/sindicom.hr\/en\/","name":"SINDICOM","description":"Trade and repair of pneumatic brakes, air and hydraulic systems for trucks and buses","publisher":{"@id":"https:\/\/sindicom.hr\/en\/#organization"},"potentialAction":[{"@type":"SearchAction","target":{"@type":"EntryPoint","urlTemplate":"https:\/\/sindicom.hr\/en\/?s={search_term_string}"},"query-input":{"@type":"PropertyValueSpecification","valueRequired":true,"valueName":"search_term_string"}}],"inLanguage":"en-US"},{"@type":"Organization","@id":"https:\/\/sindicom.hr\/en\/#organization","name":"SINDICOM d.o.o.","url":"https:\/\/sindicom.hr\/en\/","logo":{"@type":"ImageObject","inLanguage":"en-US","@id":"https:\/\/sindicom.hr\/en\/#\/schema\/logo\/image\/","url":"https:\/\/sindicom.hr\/wp-content\/uploads\/2019\/11\/sindicom_logo_veliki1.jpg.png","contentUrl":"https:\/\/sindicom.hr\/wp-content\/uploads\/2019\/11\/sindicom_logo_veliki1.jpg.png","width":732,"height":706,"caption":"SINDICOM d.o.o."},"image":{"@id":"https:\/\/sindicom.hr\/en\/#\/schema\/logo\/image\/"},"sameAs":["https:\/\/www.facebook.com\/Sindicom-doo-170277286366043\/","https:\/\/instagram.com\/sindicomdoo"]}]}},"_links":{"self":[{"href":"https:\/\/sindicom.hr\/en\/wp-json\/wp\/v2\/product\/49434","targetHints":{"allow":["GET"]}}],"collection":[{"href":"https:\/\/sindicom.hr\/en\/wp-json\/wp\/v2\/product"}],"about":[{"href":"https:\/\/sindicom.hr\/en\/wp-json\/wp\/v2\/types\/product"}],"wp:featuredmedia":[{"embeddable":true,"href":"https:\/\/sindicom.hr\/en\/wp-json\/wp\/v2\/media\/49435"}],"wp:attachment":[{"href":"https:\/\/sindicom.hr\/en\/wp-json\/wp\/v2\/media?parent=49434"}],"wp:term":[{"taxonomy":"product_brand","embeddable":true,"href":"https:\/\/sindicom.hr\/en\/wp-json\/wp\/v2\/product_brand?post=49434"},{"taxonomy":"product_cat","embeddable":true,"href":"https:\/\/sindicom.hr\/en\/wp-json\/wp\/v2\/product_cat?post=49434"},{"taxonomy":"product_tag","embeddable":true,"href":"https:\/\/sindicom.hr\/en\/wp-json\/wp\/v2\/product_tag?post=49434"}],"curies":[{"name":"wp","href":"https:\/\/api.w.org\/{rel}","templated":true}]}}