{"id":49945,"date":"2025-10-09T09:19:40","date_gmt":"2025-10-09T09:19:40","guid":{"rendered":"https:\/\/sindicom.hr\/?post_type=product&#038;p=49945"},"modified":"2025-10-27T12:16:48","modified_gmt":"2025-10-27T12:16:48","slug":"elektromagnet-spula-24v-dc-19w-30om-rupa-o-18-mm-visina-l-40-mm-hydac-oe","status":"publish","type":"product","link":"https:\/\/sindicom.hr\/en\/katalog\/elektromagnet-spula-24v-dc-19w-30om-rupa-o-18-mm-visina-l-40-mm-hydac-oe\/","title":{"rendered":"ELEKTROMAGNET (\u0160PULA) 24V DC 19W 30OM RUPA O-18 mm VISINA L-40 mm HYDAC OE"},"content":{"rendered":"<p>3036401 HYDAC  9524303 Totalsource  Nazivni napon (DC): 24 V  Otpor pri: 20 \u00b0C 30 Ohm  Struja pri nominalnom naponu: 0.8 A  Snaga \/ elektri\u010dna potro\u0161nja: 18 W (kod 24 V i 0.8 A)  Du\u017eina namotaja \/ visina: 40 mm  Vanjski promjer: 36 mm  Monta\u017eni otvor (unutarnji promjer): 18 mm  Konektor \/ priklju\u010dak: Deutsch 2-polni konektor  Za\u0161tita \/ razred izolacije: IP 65 \/ IP 67 \/ IP6K9K  Vrsta namotaja \/ izolacija: \u017eica klase H (180 \u00b0C)  Temperaturna granica namota\tmaksimalno do 160 \u00b0C  Nominal voltage (DC): 24 V  Resistance at: 20 \u00b0C 30 Ohm  Current at nominal voltage: 0.8 A  Power \/ electrical consumption: 18 W (at 24 V and 0.8 A)  Coil length \/ height: 40 mm  Outer diameter: 36 mm  Mounting hole (inner diameter): 18 mm  Connector \/ connection: Deutsch 2-pole connector  Protection \/ insulation class: IP 65 \/ IP 67 \/ IP6K9K  Type of winding \/ insulation: class H wire (180 \u00b0C)  Winding temperature limit up to 160 \u00b0C  Nennspannung (DC): 24 V  Widerstand bei: 20 \u00b0C: 30 Ohm  Stromaufnahme bei Nennspannung: 0.8 A  Leistung\/Stromaufnahme: 18 W (bei 24 V und 0.8 A)  Spulenl\u00e4nge\/-h\u00f6he: 40 mm  Au\u00dfendurchmesser: 36 mm  Montagebohrung (Innendurchmesser): 18 mm  Stecker\/Anschluss: Deutsch 2-poliger Stecker  Schutzart\/Isolationsklasse: IP 65 \/ IP 67 \/ IP6K9K  Wicklungsart\/Isolation: Draht der Klasse H (180 \u00b0C)  Wicklungstemperaturgrenze bis 160 \u00b0C  Magnetspule  Solenoid coil  Solenoide spoel  Electromagnetic coil  Bobina del solenoide  Bobine de sol\u00e9noide  Bobina de solenoide  M\u00e1gnesszelep tekercs<\/p>\n","protected":false},"excerpt":{"rendered":"<p><img decoding=\"async\" class=\"alignnone size-medium wp-image-49946\" src=\"https:\/\/sindicom.hr\/wp-content\/uploads\/2025\/10\/3036401-HYDAC-300x98.png\" alt=\"\" width=\"300\" height=\"98\" srcset=\"https:\/\/sindicom.hr\/wp-content\/uploads\/2025\/10\/3036401-HYDAC-64x21.png 64w, https:\/\/sindicom.hr\/wp-content\/uploads\/2025\/10\/3036401-HYDAC-200x65.png 200w, https:\/\/sindicom.hr\/wp-content\/uploads\/2025\/10\/3036401-HYDAC-300x98.png 300w, https:\/\/sindicom.hr\/wp-content\/uploads\/2025\/10\/3036401-HYDAC-400x131.png 400w, https:\/\/sindicom.hr\/wp-content\/uploads\/2025\/10\/3036401-HYDAC-500x163.png 500w, https:\/\/sindicom.hr\/wp-content\/uploads\/2025\/10\/3036401-HYDAC-600x196.png 600w, https:\/\/sindicom.hr\/wp-content\/uploads\/2025\/10\/3036401-HYDAC-700x229.png 700w, https:\/\/sindicom.hr\/wp-content\/uploads\/2025\/10\/3036401-HYDAC-768x251.png 768w, https:\/\/sindicom.hr\/wp-content\/uploads\/2025\/10\/3036401-HYDAC-800x262.png 800w, https:\/\/sindicom.hr\/wp-content\/uploads\/2025\/10\/3036401-HYDAC-1024x335.png 1024w, https:\/\/sindicom.hr\/wp-content\/uploads\/2025\/10\/3036401-HYDAC-1200x392.png 1200w, https:\/\/sindicom.hr\/wp-content\/uploads\/2025\/10\/3036401-HYDAC-1536x502.png 1536w\" sizes=\"(max-width: 300px) 100vw, 300px\" \/><\/p>\n","protected":false},"featured_media":49948,"template":"","meta":{"inline_featured_image":false},"product_brand":[],"product_cat":[15,212,278,140],"product_tag":[],"class_list":{"0":"post-49945","1":"product","2":"type-product","3":"status-publish","4":"has-post-thumbnail","6":"product_cat-all-products","7":"product_cat-elektromagneti-electromagnets","8":"product_cat-ostali-rezervni-dijelovi-other-spare-parts-andere-ersatzteile-altri-ricambi","9":"product_cat-radni-strojevi","11":"first","12":"instock","13":"shipping-taxable","14":"purchasable","15":"product-type-simple"},"yoast_head":"<!-- This site is optimized with the Yoast SEO plugin v26.2 - https:\/\/yoast.com\/wordpress\/plugins\/seo\/ -->\n<title>ELEKTROMAGNET (\u0160PULA) 24V DC 19W 30OM RUPA O-18 mm VISINA L-40 mm HYDAC OE - Sindicom<\/title>\n<meta name=\"robots\" content=\"index, follow, max-snippet:-1, max-image-preview:large, max-video-preview:-1\" \/>\n<link rel=\"canonical\" href=\"https:\/\/sindicom.hr\/en\/katalog\/elektromagnet-spula-24v-dc-19w-30om-rupa-o-18-mm-visina-l-40-mm-hydac-oe\/\" \/>\n<meta property=\"og:locale\" content=\"en_US\" \/>\n<meta property=\"og:type\" content=\"article\" \/>\n<meta property=\"og:title\" content=\"ELEKTROMAGNET (\u0160PULA) 24V DC 19W 30OM RUPA O-18 mm VISINA L-40 mm HYDAC OE - Sindicom\" \/>\n<meta property=\"og:url\" content=\"https:\/\/sindicom.hr\/en\/katalog\/elektromagnet-spula-24v-dc-19w-30om-rupa-o-18-mm-visina-l-40-mm-hydac-oe\/\" \/>\n<meta property=\"og:site_name\" content=\"Sindicom\" \/>\n<meta property=\"article:publisher\" content=\"https:\/\/www.facebook.com\/Sindicom-doo-170277286366043\/\" \/>\n<meta property=\"article:modified_time\" content=\"2025-10-27T12:16:48+00:00\" \/>\n<meta property=\"og:image\" content=\"https:\/\/sindicom.hr\/wp-content\/uploads\/2025\/10\/3036401.webp\" \/>\n\t<meta property=\"og:image:width\" content=\"1600\" \/>\n\t<meta property=\"og:image:height\" content=\"900\" \/>\n\t<meta property=\"og:image:type\" content=\"image\/webp\" \/>\n<meta name=\"twitter:card\" content=\"summary_large_image\" \/>\n<meta name=\"twitter:label1\" content=\"Est. reading time\" \/>\n\t<meta name=\"twitter:data1\" content=\"1 minute\" \/>\n<script type=\"application\/ld+json\" class=\"yoast-schema-graph\">{\"@context\":\"https:\/\/schema.org\",\"@graph\":[{\"@type\":\"WebPage\",\"@id\":\"https:\/\/sindicom.hr\/en\/katalog\/elektromagnet-spula-24v-dc-19w-30om-rupa-o-18-mm-visina-l-40-mm-hydac-oe\/\",\"url\":\"https:\/\/sindicom.hr\/en\/katalog\/elektromagnet-spula-24v-dc-19w-30om-rupa-o-18-mm-visina-l-40-mm-hydac-oe\/\",\"name\":\"ELEKTROMAGNET (\u0160PULA) 24V DC 19W 30OM RUPA O-18 mm VISINA L-40 mm HYDAC OE - Sindicom\",\"isPartOf\":{\"@id\":\"https:\/\/sindicom.hr\/en\/#website\"},\"primaryImageOfPage\":{\"@id\":\"https:\/\/sindicom.hr\/en\/katalog\/elektromagnet-spula-24v-dc-19w-30om-rupa-o-18-mm-visina-l-40-mm-hydac-oe\/#primaryimage\"},\"image\":{\"@id\":\"https:\/\/sindicom.hr\/en\/katalog\/elektromagnet-spula-24v-dc-19w-30om-rupa-o-18-mm-visina-l-40-mm-hydac-oe\/#primaryimage\"},\"thumbnailUrl\":\"https:\/\/sindicom.hr\/wp-content\/uploads\/2025\/10\/3036401.webp\",\"datePublished\":\"2025-10-09T09:19:40+00:00\",\"dateModified\":\"2025-10-27T12:16:48+00:00\",\"breadcrumb\":{\"@id\":\"https:\/\/sindicom.hr\/en\/katalog\/elektromagnet-spula-24v-dc-19w-30om-rupa-o-18-mm-visina-l-40-mm-hydac-oe\/#breadcrumb\"},\"inLanguage\":\"en-US\",\"potentialAction\":[{\"@type\":\"ReadAction\",\"target\":[\"https:\/\/sindicom.hr\/en\/katalog\/elektromagnet-spula-24v-dc-19w-30om-rupa-o-18-mm-visina-l-40-mm-hydac-oe\/\"]}]},{\"@type\":\"ImageObject\",\"inLanguage\":\"en-US\",\"@id\":\"https:\/\/sindicom.hr\/en\/katalog\/elektromagnet-spula-24v-dc-19w-30om-rupa-o-18-mm-visina-l-40-mm-hydac-oe\/#primaryimage\",\"url\":\"https:\/\/sindicom.hr\/wp-content\/uploads\/2025\/10\/3036401.webp\",\"contentUrl\":\"https:\/\/sindicom.hr\/wp-content\/uploads\/2025\/10\/3036401.webp\",\"width\":1600,\"height\":900},{\"@type\":\"BreadcrumbList\",\"@id\":\"https:\/\/sindicom.hr\/en\/katalog\/elektromagnet-spula-24v-dc-19w-30om-rupa-o-18-mm-visina-l-40-mm-hydac-oe\/#breadcrumb\",\"itemListElement\":[{\"@type\":\"ListItem\",\"position\":1,\"name\":\"Po\u010detna stranica\",\"item\":\"https:\/\/sindicom.hr\/en\/\"},{\"@type\":\"ListItem\",\"position\":2,\"name\":\"Katalog dijelova\",\"item\":\"https:\/\/sindicom.hr\/en\/catalog\/\"},{\"@type\":\"ListItem\",\"position\":3,\"name\":\"ELEKTROMAGNET (\u0160PULA) 24V DC 19W 30OM RUPA O-18 mm VISINA L-40 mm HYDAC OE\"}]},{\"@type\":\"WebSite\",\"@id\":\"https:\/\/sindicom.hr\/en\/#website\",\"url\":\"https:\/\/sindicom.hr\/en\/\",\"name\":\"SINDICOM\",\"description\":\"Trade and repair of pneumatic brakes, air and hydraulic systems for trucks and buses\",\"publisher\":{\"@id\":\"https:\/\/sindicom.hr\/en\/#organization\"},\"potentialAction\":[{\"@type\":\"SearchAction\",\"target\":{\"@type\":\"EntryPoint\",\"urlTemplate\":\"https:\/\/sindicom.hr\/en\/?s={search_term_string}\"},\"query-input\":{\"@type\":\"PropertyValueSpecification\",\"valueRequired\":true,\"valueName\":\"search_term_string\"}}],\"inLanguage\":\"en-US\"},{\"@type\":\"Organization\",\"@id\":\"https:\/\/sindicom.hr\/en\/#organization\",\"name\":\"SINDICOM d.o.o.\",\"url\":\"https:\/\/sindicom.hr\/en\/\",\"logo\":{\"@type\":\"ImageObject\",\"inLanguage\":\"en-US\",\"@id\":\"https:\/\/sindicom.hr\/en\/#\/schema\/logo\/image\/\",\"url\":\"https:\/\/sindicom.hr\/wp-content\/uploads\/2019\/11\/sindicom_logo_veliki1.jpg.png\",\"contentUrl\":\"https:\/\/sindicom.hr\/wp-content\/uploads\/2019\/11\/sindicom_logo_veliki1.jpg.png\",\"width\":732,\"height\":706,\"caption\":\"SINDICOM d.o.o.\"},\"image\":{\"@id\":\"https:\/\/sindicom.hr\/en\/#\/schema\/logo\/image\/\"},\"sameAs\":[\"https:\/\/www.facebook.com\/Sindicom-doo-170277286366043\/\",\"https:\/\/instagram.com\/sindicomdoo\"]}]}<\/script>\n<!-- \/ Yoast SEO plugin. -->","yoast_head_json":{"title":"ELEKTROMAGNET (\u0160PULA) 24V DC 19W 30OM RUPA O-18 mm VISINA L-40 mm HYDAC OE - Sindicom","robots":{"index":"index","follow":"follow","max-snippet":"max-snippet:-1","max-image-preview":"max-image-preview:large","max-video-preview":"max-video-preview:-1"},"canonical":"https:\/\/sindicom.hr\/en\/katalog\/elektromagnet-spula-24v-dc-19w-30om-rupa-o-18-mm-visina-l-40-mm-hydac-oe\/","og_locale":"en_US","og_type":"article","og_title":"ELEKTROMAGNET (\u0160PULA) 24V DC 19W 30OM RUPA O-18 mm VISINA L-40 mm HYDAC OE - Sindicom","og_url":"https:\/\/sindicom.hr\/en\/katalog\/elektromagnet-spula-24v-dc-19w-30om-rupa-o-18-mm-visina-l-40-mm-hydac-oe\/","og_site_name":"Sindicom","article_publisher":"https:\/\/www.facebook.com\/Sindicom-doo-170277286366043\/","article_modified_time":"2025-10-27T12:16:48+00:00","og_image":[{"width":1600,"height":900,"url":"https:\/\/sindicom.hr\/wp-content\/uploads\/2025\/10\/3036401.webp","type":"image\/webp"}],"twitter_card":"summary_large_image","twitter_misc":{"Est. reading time":"1 minute"},"schema":{"@context":"https:\/\/schema.org","@graph":[{"@type":"WebPage","@id":"https:\/\/sindicom.hr\/en\/katalog\/elektromagnet-spula-24v-dc-19w-30om-rupa-o-18-mm-visina-l-40-mm-hydac-oe\/","url":"https:\/\/sindicom.hr\/en\/katalog\/elektromagnet-spula-24v-dc-19w-30om-rupa-o-18-mm-visina-l-40-mm-hydac-oe\/","name":"ELEKTROMAGNET (\u0160PULA) 24V DC 19W 30OM RUPA O-18 mm VISINA L-40 mm HYDAC OE - Sindicom","isPartOf":{"@id":"https:\/\/sindicom.hr\/en\/#website"},"primaryImageOfPage":{"@id":"https:\/\/sindicom.hr\/en\/katalog\/elektromagnet-spula-24v-dc-19w-30om-rupa-o-18-mm-visina-l-40-mm-hydac-oe\/#primaryimage"},"image":{"@id":"https:\/\/sindicom.hr\/en\/katalog\/elektromagnet-spula-24v-dc-19w-30om-rupa-o-18-mm-visina-l-40-mm-hydac-oe\/#primaryimage"},"thumbnailUrl":"https:\/\/sindicom.hr\/wp-content\/uploads\/2025\/10\/3036401.webp","datePublished":"2025-10-09T09:19:40+00:00","dateModified":"2025-10-27T12:16:48+00:00","breadcrumb":{"@id":"https:\/\/sindicom.hr\/en\/katalog\/elektromagnet-spula-24v-dc-19w-30om-rupa-o-18-mm-visina-l-40-mm-hydac-oe\/#breadcrumb"},"inLanguage":"en-US","potentialAction":[{"@type":"ReadAction","target":["https:\/\/sindicom.hr\/en\/katalog\/elektromagnet-spula-24v-dc-19w-30om-rupa-o-18-mm-visina-l-40-mm-hydac-oe\/"]}]},{"@type":"ImageObject","inLanguage":"en-US","@id":"https:\/\/sindicom.hr\/en\/katalog\/elektromagnet-spula-24v-dc-19w-30om-rupa-o-18-mm-visina-l-40-mm-hydac-oe\/#primaryimage","url":"https:\/\/sindicom.hr\/wp-content\/uploads\/2025\/10\/3036401.webp","contentUrl":"https:\/\/sindicom.hr\/wp-content\/uploads\/2025\/10\/3036401.webp","width":1600,"height":900},{"@type":"BreadcrumbList","@id":"https:\/\/sindicom.hr\/en\/katalog\/elektromagnet-spula-24v-dc-19w-30om-rupa-o-18-mm-visina-l-40-mm-hydac-oe\/#breadcrumb","itemListElement":[{"@type":"ListItem","position":1,"name":"Po\u010detna stranica","item":"https:\/\/sindicom.hr\/en\/"},{"@type":"ListItem","position":2,"name":"Katalog dijelova","item":"https:\/\/sindicom.hr\/en\/catalog\/"},{"@type":"ListItem","position":3,"name":"ELEKTROMAGNET (\u0160PULA) 24V DC 19W 30OM RUPA O-18 mm VISINA L-40 mm HYDAC OE"}]},{"@type":"WebSite","@id":"https:\/\/sindicom.hr\/en\/#website","url":"https:\/\/sindicom.hr\/en\/","name":"SINDICOM","description":"Trade and repair of pneumatic brakes, air and hydraulic systems for trucks and buses","publisher":{"@id":"https:\/\/sindicom.hr\/en\/#organization"},"potentialAction":[{"@type":"SearchAction","target":{"@type":"EntryPoint","urlTemplate":"https:\/\/sindicom.hr\/en\/?s={search_term_string}"},"query-input":{"@type":"PropertyValueSpecification","valueRequired":true,"valueName":"search_term_string"}}],"inLanguage":"en-US"},{"@type":"Organization","@id":"https:\/\/sindicom.hr\/en\/#organization","name":"SINDICOM d.o.o.","url":"https:\/\/sindicom.hr\/en\/","logo":{"@type":"ImageObject","inLanguage":"en-US","@id":"https:\/\/sindicom.hr\/en\/#\/schema\/logo\/image\/","url":"https:\/\/sindicom.hr\/wp-content\/uploads\/2019\/11\/sindicom_logo_veliki1.jpg.png","contentUrl":"https:\/\/sindicom.hr\/wp-content\/uploads\/2019\/11\/sindicom_logo_veliki1.jpg.png","width":732,"height":706,"caption":"SINDICOM d.o.o."},"image":{"@id":"https:\/\/sindicom.hr\/en\/#\/schema\/logo\/image\/"},"sameAs":["https:\/\/www.facebook.com\/Sindicom-doo-170277286366043\/","https:\/\/instagram.com\/sindicomdoo"]}]}},"_links":{"self":[{"href":"https:\/\/sindicom.hr\/en\/wp-json\/wp\/v2\/product\/49945","targetHints":{"allow":["GET"]}}],"collection":[{"href":"https:\/\/sindicom.hr\/en\/wp-json\/wp\/v2\/product"}],"about":[{"href":"https:\/\/sindicom.hr\/en\/wp-json\/wp\/v2\/types\/product"}],"wp:featuredmedia":[{"embeddable":true,"href":"https:\/\/sindicom.hr\/en\/wp-json\/wp\/v2\/media\/49948"}],"wp:attachment":[{"href":"https:\/\/sindicom.hr\/en\/wp-json\/wp\/v2\/media?parent=49945"}],"wp:term":[{"taxonomy":"product_brand","embeddable":true,"href":"https:\/\/sindicom.hr\/en\/wp-json\/wp\/v2\/product_brand?post=49945"},{"taxonomy":"product_cat","embeddable":true,"href":"https:\/\/sindicom.hr\/en\/wp-json\/wp\/v2\/product_cat?post=49945"},{"taxonomy":"product_tag","embeddable":true,"href":"https:\/\/sindicom.hr\/en\/wp-json\/wp\/v2\/product_tag?post=49945"}],"curies":[{"name":"wp","href":"https:\/\/api.w.org\/{rel}","templated":true}]}}