{"id":49986,"date":"2025-10-09T12:04:13","date_gmt":"2025-10-09T12:04:13","guid":{"rendered":"https:\/\/sindicom.hr\/?post_type=product&#038;p=49986"},"modified":"2025-10-27T12:17:05","modified_gmt":"2025-10-27T12:17:05","slug":"otkocni-ventil-prikolice-crni-crveni-provia-oe","status":"publish","type":"product","link":"https:\/\/sindicom.hr\/en\/katalog\/otkocni-ventil-prikolice-crni-crveni-provia-oe\/","title":{"rendered":"OTKO\u010cNI VENTIL PRIKOLICE CRNI\/CRVENI PROVIA OE"},"content":{"rendered":"<p>PRO5270050 PROVIA  9630010510 WABCO  9630010517 WABCO  9630010520 WABCO  352044001 HALDEX  352045001 HALDEX  352045011 HALDEX  AE4247 KNORR  201326 DAF  230542082 DAF  3779026570 DAF  LB253 DAF  S02200028 DAF  B89.05119 GRIMME  336490 KOGEL  6500883 KOGEL  0945481\/0 RENAULT  2205958 SCANIA  10720949 VAN HOOL  1506448 DAF  7069646 DOLL  336490 KOGEL  5812423 KRONE  5812423\/0 KRONE  10102276 LIEBHERR  9630010510 LOHR  A05021210 LOHR  07133.000 NEOPLAN  A-IF0503 OTOKAR  2090266 SCANIA  2258915 SCANIA  052190 SCHMITZ  1060742 SCHMITZ  8-283-012-000 SCHMITZ  0243105700 RENAULT  36006 SCHWARZMULLER  21151103260 KASSBOHRER  8-283-012-000 KASSBOHRER  S9630010510 KENWORTH  Trailer Release Valve  Anh\u00e4nger-L\u00f6seventil  Valve de desserrage  Valvola di rilascio rimorchio  V\u00e1lvula de liberaci\u00f3n del remolque<\/p>\n","protected":false},"excerpt":{"rendered":"<p><img decoding=\"async\" class=\"alignnone size-medium wp-image-146\" src=\"https:\/\/sindicom.hr\/wp-content\/uploads\/2019\/06\/Provia-300x300.jpg\" alt=\"\" width=\"300\" height=\"300\" srcset=\"https:\/\/sindicom.hr\/wp-content\/uploads\/2019\/06\/Provia-64x64.jpg 64w, https:\/\/sindicom.hr\/wp-content\/uploads\/2019\/06\/Provia-100x100.jpg 100w, https:\/\/sindicom.hr\/wp-content\/uploads\/2019\/06\/Provia-150x150.jpg 150w, https:\/\/sindicom.hr\/wp-content\/uploads\/2019\/06\/Provia-300x300.jpg 300w, https:\/\/sindicom.hr\/wp-content\/uploads\/2019\/06\/Provia-500x500.jpg 500w, https:\/\/sindicom.hr\/wp-content\/uploads\/2019\/06\/Provia-700x700.jpg 700w, https:\/\/sindicom.hr\/wp-content\/uploads\/2019\/06\/Provia-768x768.jpg 768w, https:\/\/sindicom.hr\/wp-content\/uploads\/2019\/06\/Provia.jpg 900w\" sizes=\"(max-width: 300px) 100vw, 300px\" \/><\/p>\n","protected":false},"featured_media":49988,"template":"","meta":{"inline_featured_image":false},"product_brand":[],"product_cat":[15,96,126,201,145,116,117,104,85,89,114,50,109,118,119,107,106],"product_tag":[],"class_list":{"0":"post-49986","1":"product","2":"type-product","3":"status-publish","4":"has-post-thumbnail","6":"product_cat-all-products","7":"product_cat-busevi","8":"product_cat-daf","9":"product_cat-doll","10":"product_cat-kassbohrer","11":"product_cat-kogel","12":"product_cat-krone","13":"product_cat-neoplan","14":"product_cat-otkocni-ventili","15":"product_cat-parkirni-otkocni-ventili-prikolice","16":"product_cat-prikolice","17":"product_cat-prikolicni-ventili","18":"product_cat-scania-teretna-vozila","19":"product_cat-schmitz","20":"product_cat-schwarzmuller","21":"product_cat-teretna-vozila","22":"product_cat-van-hool-eos","24":"first","25":"instock","26":"shipping-taxable","27":"purchasable","28":"product-type-simple"},"yoast_head":"<!-- This site is optimized with the Yoast SEO plugin v26.2 - https:\/\/yoast.com\/wordpress\/plugins\/seo\/ -->\n<title>OTKO\u010cNI VENTIL PRIKOLICE CRNI\/CRVENI PROVIA OE - Sindicom<\/title>\n<meta name=\"robots\" content=\"index, follow, max-snippet:-1, max-image-preview:large, max-video-preview:-1\" \/>\n<link rel=\"canonical\" href=\"https:\/\/sindicom.hr\/en\/katalog\/otkocni-ventil-prikolice-crni-crveni-provia-oe\/\" \/>\n<meta property=\"og:locale\" content=\"en_US\" \/>\n<meta property=\"og:type\" content=\"article\" \/>\n<meta property=\"og:title\" content=\"OTKO\u010cNI VENTIL PRIKOLICE CRNI\/CRVENI PROVIA OE - Sindicom\" \/>\n<meta property=\"og:url\" content=\"https:\/\/sindicom.hr\/en\/katalog\/otkocni-ventil-prikolice-crni-crveni-provia-oe\/\" \/>\n<meta property=\"og:site_name\" content=\"Sindicom\" \/>\n<meta property=\"article:publisher\" content=\"https:\/\/www.facebook.com\/Sindicom-doo-170277286366043\/\" \/>\n<meta property=\"article:modified_time\" content=\"2025-10-27T12:17:05+00:00\" \/>\n<meta property=\"og:image\" content=\"https:\/\/sindicom.hr\/wp-content\/uploads\/2025\/10\/PRO5270050.webp\" \/>\n\t<meta property=\"og:image:width\" content=\"1600\" \/>\n\t<meta property=\"og:image:height\" content=\"900\" \/>\n\t<meta property=\"og:image:type\" content=\"image\/webp\" \/>\n<meta name=\"twitter:card\" content=\"summary_large_image\" \/>\n<meta name=\"twitter:label1\" content=\"Est. reading time\" \/>\n\t<meta name=\"twitter:data1\" content=\"1 minute\" \/>\n<script type=\"application\/ld+json\" class=\"yoast-schema-graph\">{\"@context\":\"https:\/\/schema.org\",\"@graph\":[{\"@type\":\"WebPage\",\"@id\":\"https:\/\/sindicom.hr\/en\/katalog\/otkocni-ventil-prikolice-crni-crveni-provia-oe\/\",\"url\":\"https:\/\/sindicom.hr\/en\/katalog\/otkocni-ventil-prikolice-crni-crveni-provia-oe\/\",\"name\":\"OTKO\u010cNI VENTIL PRIKOLICE CRNI\/CRVENI PROVIA OE - Sindicom\",\"isPartOf\":{\"@id\":\"https:\/\/sindicom.hr\/en\/#website\"},\"primaryImageOfPage\":{\"@id\":\"https:\/\/sindicom.hr\/en\/katalog\/otkocni-ventil-prikolice-crni-crveni-provia-oe\/#primaryimage\"},\"image\":{\"@id\":\"https:\/\/sindicom.hr\/en\/katalog\/otkocni-ventil-prikolice-crni-crveni-provia-oe\/#primaryimage\"},\"thumbnailUrl\":\"https:\/\/sindicom.hr\/wp-content\/uploads\/2025\/10\/PRO5270050.webp\",\"datePublished\":\"2025-10-09T12:04:13+00:00\",\"dateModified\":\"2025-10-27T12:17:05+00:00\",\"breadcrumb\":{\"@id\":\"https:\/\/sindicom.hr\/en\/katalog\/otkocni-ventil-prikolice-crni-crveni-provia-oe\/#breadcrumb\"},\"inLanguage\":\"en-US\",\"potentialAction\":[{\"@type\":\"ReadAction\",\"target\":[\"https:\/\/sindicom.hr\/en\/katalog\/otkocni-ventil-prikolice-crni-crveni-provia-oe\/\"]}]},{\"@type\":\"ImageObject\",\"inLanguage\":\"en-US\",\"@id\":\"https:\/\/sindicom.hr\/en\/katalog\/otkocni-ventil-prikolice-crni-crveni-provia-oe\/#primaryimage\",\"url\":\"https:\/\/sindicom.hr\/wp-content\/uploads\/2025\/10\/PRO5270050.webp\",\"contentUrl\":\"https:\/\/sindicom.hr\/wp-content\/uploads\/2025\/10\/PRO5270050.webp\",\"width\":1600,\"height\":900},{\"@type\":\"BreadcrumbList\",\"@id\":\"https:\/\/sindicom.hr\/en\/katalog\/otkocni-ventil-prikolice-crni-crveni-provia-oe\/#breadcrumb\",\"itemListElement\":[{\"@type\":\"ListItem\",\"position\":1,\"name\":\"Po\u010detna stranica\",\"item\":\"https:\/\/sindicom.hr\/en\/\"},{\"@type\":\"ListItem\",\"position\":2,\"name\":\"Katalog dijelova\",\"item\":\"https:\/\/sindicom.hr\/en\/catalog\/\"},{\"@type\":\"ListItem\",\"position\":3,\"name\":\"OTKO\u010cNI VENTIL PRIKOLICE CRNI\/CRVENI PROVIA OE\"}]},{\"@type\":\"WebSite\",\"@id\":\"https:\/\/sindicom.hr\/en\/#website\",\"url\":\"https:\/\/sindicom.hr\/en\/\",\"name\":\"SINDICOM\",\"description\":\"Trade and repair of pneumatic brakes, air and hydraulic systems for trucks and buses\",\"publisher\":{\"@id\":\"https:\/\/sindicom.hr\/en\/#organization\"},\"potentialAction\":[{\"@type\":\"SearchAction\",\"target\":{\"@type\":\"EntryPoint\",\"urlTemplate\":\"https:\/\/sindicom.hr\/en\/?s={search_term_string}\"},\"query-input\":{\"@type\":\"PropertyValueSpecification\",\"valueRequired\":true,\"valueName\":\"search_term_string\"}}],\"inLanguage\":\"en-US\"},{\"@type\":\"Organization\",\"@id\":\"https:\/\/sindicom.hr\/en\/#organization\",\"name\":\"SINDICOM d.o.o.\",\"url\":\"https:\/\/sindicom.hr\/en\/\",\"logo\":{\"@type\":\"ImageObject\",\"inLanguage\":\"en-US\",\"@id\":\"https:\/\/sindicom.hr\/en\/#\/schema\/logo\/image\/\",\"url\":\"https:\/\/sindicom.hr\/wp-content\/uploads\/2019\/11\/sindicom_logo_veliki1.jpg.png\",\"contentUrl\":\"https:\/\/sindicom.hr\/wp-content\/uploads\/2019\/11\/sindicom_logo_veliki1.jpg.png\",\"width\":732,\"height\":706,\"caption\":\"SINDICOM d.o.o.\"},\"image\":{\"@id\":\"https:\/\/sindicom.hr\/en\/#\/schema\/logo\/image\/\"},\"sameAs\":[\"https:\/\/www.facebook.com\/Sindicom-doo-170277286366043\/\",\"https:\/\/instagram.com\/sindicomdoo\"]}]}<\/script>\n<!-- \/ Yoast SEO plugin. -->","yoast_head_json":{"title":"OTKO\u010cNI VENTIL PRIKOLICE CRNI\/CRVENI PROVIA OE - Sindicom","robots":{"index":"index","follow":"follow","max-snippet":"max-snippet:-1","max-image-preview":"max-image-preview:large","max-video-preview":"max-video-preview:-1"},"canonical":"https:\/\/sindicom.hr\/en\/katalog\/otkocni-ventil-prikolice-crni-crveni-provia-oe\/","og_locale":"en_US","og_type":"article","og_title":"OTKO\u010cNI VENTIL PRIKOLICE CRNI\/CRVENI PROVIA OE - Sindicom","og_url":"https:\/\/sindicom.hr\/en\/katalog\/otkocni-ventil-prikolice-crni-crveni-provia-oe\/","og_site_name":"Sindicom","article_publisher":"https:\/\/www.facebook.com\/Sindicom-doo-170277286366043\/","article_modified_time":"2025-10-27T12:17:05+00:00","og_image":[{"width":1600,"height":900,"url":"https:\/\/sindicom.hr\/wp-content\/uploads\/2025\/10\/PRO5270050.webp","type":"image\/webp"}],"twitter_card":"summary_large_image","twitter_misc":{"Est. reading time":"1 minute"},"schema":{"@context":"https:\/\/schema.org","@graph":[{"@type":"WebPage","@id":"https:\/\/sindicom.hr\/en\/katalog\/otkocni-ventil-prikolice-crni-crveni-provia-oe\/","url":"https:\/\/sindicom.hr\/en\/katalog\/otkocni-ventil-prikolice-crni-crveni-provia-oe\/","name":"OTKO\u010cNI VENTIL PRIKOLICE CRNI\/CRVENI PROVIA OE - Sindicom","isPartOf":{"@id":"https:\/\/sindicom.hr\/en\/#website"},"primaryImageOfPage":{"@id":"https:\/\/sindicom.hr\/en\/katalog\/otkocni-ventil-prikolice-crni-crveni-provia-oe\/#primaryimage"},"image":{"@id":"https:\/\/sindicom.hr\/en\/katalog\/otkocni-ventil-prikolice-crni-crveni-provia-oe\/#primaryimage"},"thumbnailUrl":"https:\/\/sindicom.hr\/wp-content\/uploads\/2025\/10\/PRO5270050.webp","datePublished":"2025-10-09T12:04:13+00:00","dateModified":"2025-10-27T12:17:05+00:00","breadcrumb":{"@id":"https:\/\/sindicom.hr\/en\/katalog\/otkocni-ventil-prikolice-crni-crveni-provia-oe\/#breadcrumb"},"inLanguage":"en-US","potentialAction":[{"@type":"ReadAction","target":["https:\/\/sindicom.hr\/en\/katalog\/otkocni-ventil-prikolice-crni-crveni-provia-oe\/"]}]},{"@type":"ImageObject","inLanguage":"en-US","@id":"https:\/\/sindicom.hr\/en\/katalog\/otkocni-ventil-prikolice-crni-crveni-provia-oe\/#primaryimage","url":"https:\/\/sindicom.hr\/wp-content\/uploads\/2025\/10\/PRO5270050.webp","contentUrl":"https:\/\/sindicom.hr\/wp-content\/uploads\/2025\/10\/PRO5270050.webp","width":1600,"height":900},{"@type":"BreadcrumbList","@id":"https:\/\/sindicom.hr\/en\/katalog\/otkocni-ventil-prikolice-crni-crveni-provia-oe\/#breadcrumb","itemListElement":[{"@type":"ListItem","position":1,"name":"Po\u010detna stranica","item":"https:\/\/sindicom.hr\/en\/"},{"@type":"ListItem","position":2,"name":"Katalog dijelova","item":"https:\/\/sindicom.hr\/en\/catalog\/"},{"@type":"ListItem","position":3,"name":"OTKO\u010cNI VENTIL PRIKOLICE CRNI\/CRVENI PROVIA OE"}]},{"@type":"WebSite","@id":"https:\/\/sindicom.hr\/en\/#website","url":"https:\/\/sindicom.hr\/en\/","name":"SINDICOM","description":"Trade and repair of pneumatic brakes, air and hydraulic systems for trucks and buses","publisher":{"@id":"https:\/\/sindicom.hr\/en\/#organization"},"potentialAction":[{"@type":"SearchAction","target":{"@type":"EntryPoint","urlTemplate":"https:\/\/sindicom.hr\/en\/?s={search_term_string}"},"query-input":{"@type":"PropertyValueSpecification","valueRequired":true,"valueName":"search_term_string"}}],"inLanguage":"en-US"},{"@type":"Organization","@id":"https:\/\/sindicom.hr\/en\/#organization","name":"SINDICOM d.o.o.","url":"https:\/\/sindicom.hr\/en\/","logo":{"@type":"ImageObject","inLanguage":"en-US","@id":"https:\/\/sindicom.hr\/en\/#\/schema\/logo\/image\/","url":"https:\/\/sindicom.hr\/wp-content\/uploads\/2019\/11\/sindicom_logo_veliki1.jpg.png","contentUrl":"https:\/\/sindicom.hr\/wp-content\/uploads\/2019\/11\/sindicom_logo_veliki1.jpg.png","width":732,"height":706,"caption":"SINDICOM d.o.o."},"image":{"@id":"https:\/\/sindicom.hr\/en\/#\/schema\/logo\/image\/"},"sameAs":["https:\/\/www.facebook.com\/Sindicom-doo-170277286366043\/","https:\/\/instagram.com\/sindicomdoo"]}]}},"_links":{"self":[{"href":"https:\/\/sindicom.hr\/en\/wp-json\/wp\/v2\/product\/49986","targetHints":{"allow":["GET"]}}],"collection":[{"href":"https:\/\/sindicom.hr\/en\/wp-json\/wp\/v2\/product"}],"about":[{"href":"https:\/\/sindicom.hr\/en\/wp-json\/wp\/v2\/types\/product"}],"wp:featuredmedia":[{"embeddable":true,"href":"https:\/\/sindicom.hr\/en\/wp-json\/wp\/v2\/media\/49988"}],"wp:attachment":[{"href":"https:\/\/sindicom.hr\/en\/wp-json\/wp\/v2\/media?parent=49986"}],"wp:term":[{"taxonomy":"product_brand","embeddable":true,"href":"https:\/\/sindicom.hr\/en\/wp-json\/wp\/v2\/product_brand?post=49986"},{"taxonomy":"product_cat","embeddable":true,"href":"https:\/\/sindicom.hr\/en\/wp-json\/wp\/v2\/product_cat?post=49986"},{"taxonomy":"product_tag","embeddable":true,"href":"https:\/\/sindicom.hr\/en\/wp-json\/wp\/v2\/product_tag?post=49986"}],"curies":[{"name":"wp","href":"https:\/\/api.w.org\/{rel}","templated":true}]}}