{"id":50087,"date":"2025-10-15T09:14:20","date_gmt":"2025-10-15T09:14:20","guid":{"rendered":"https:\/\/sindicom.hr\/?post_type=product&#038;p=50087"},"modified":"2025-10-27T12:17:09","modified_gmt":"2025-10-27T12:17:09","slug":"pletena-metalna-cijev-kompresora-mercedes-m26x15-l-35-cm-m16x15-prokom-zamj","status":"publish","type":"product","link":"https:\/\/sindicom.hr\/en\/katalog\/pletena-metalna-cijev-kompresora-mercedes-m26x15-l-35-cm-m16x15-prokom-zamj\/","title":{"rendered":"PLETENA METALNA CIJEV KOMPRESORA MERCEDES M26x1.5 L-35 cm M16X1.5 PROKOM ZAMJ."},"content":{"rendered":"<p>4.10370 DT  75913 AUGER  202.246 SAMPA  9404200048 MERCEDES  A9404200048 MERCEDES  A 9404200048 MERCEDES  A 940 420 00 48 MERCEDES  Air compressor Brake hose. Coolant tube. Pipe  Luftkompressor Bremsschlauch. K\u00fchlmittelrohr. Rohr  Compresor de aire Manguera de freno. Tubo de refrigerante. Tuber\u00eda  Przew\u00f3d hamulcowy spr\u0119\u017carki powietrza. przew\u00f3d p\u0142ynu ch\u0142odz\u0105cego. rura  Compresseur d&#8217;air Tuyau de frein. tube de liquide de refroidissement. tuyau  Compressore d&#8217;aria Tubo flessibile del freno. Tubo del liquido di raffreddamento. Tubo<\/p>\n","protected":false},"excerpt":{"rendered":"<p><img decoding=\"async\" class=\"alignnone size-medium wp-image-17694\" src=\"https:\/\/sindicom.hr\/wp-content\/uploads\/2020\/05\/aftermarket-300x300.png\" alt=\"\" width=\"300\" height=\"300\" srcset=\"https:\/\/sindicom.hr\/wp-content\/uploads\/2020\/05\/aftermarket-64x64.png 64w, https:\/\/sindicom.hr\/wp-content\/uploads\/2020\/05\/aftermarket-66x66.png 66w, https:\/\/sindicom.hr\/wp-content\/uploads\/2020\/05\/aftermarket-100x100.png 100w, https:\/\/sindicom.hr\/wp-content\/uploads\/2020\/05\/aftermarket-150x150.png 150w, https:\/\/sindicom.hr\/wp-content\/uploads\/2020\/05\/aftermarket-200x200.png 200w, https:\/\/sindicom.hr\/wp-content\/uploads\/2020\/05\/aftermarket.png 300w\" sizes=\"(max-width: 300px) 100vw, 300px\" \/><\/p>\n","protected":false},"featured_media":50088,"template":"","meta":{"inline_featured_image":false},"product_brand":[],"product_cat":[15,182,113,278,146,107],"product_tag":[],"class_list":{"0":"post-50087","1":"product","2":"type-product","3":"status-publish","4":"has-post-thumbnail","6":"product_cat-all-products","7":"product_cat-cijevi","8":"product_cat-mercedes-teretna-vozila","9":"product_cat-ostali-rezervni-dijelovi-other-spare-parts-andere-ersatzteile-altri-ricambi","10":"product_cat-reparaturni-setovi-kompresora-zraka","11":"product_cat-teretna-vozila","13":"first","14":"instock","15":"shipping-taxable","16":"purchasable","17":"product-type-simple"},"yoast_head":"<!-- This site is optimized with the Yoast SEO plugin v26.2 - https:\/\/yoast.com\/wordpress\/plugins\/seo\/ -->\n<title>PLETENA METALNA CIJEV KOMPRESORA MERCEDES M26x1.5 L-35 cm M16X1.5 PROKOM ZAMJ. - Sindicom<\/title>\n<meta name=\"robots\" content=\"index, follow, max-snippet:-1, max-image-preview:large, max-video-preview:-1\" \/>\n<link rel=\"canonical\" href=\"https:\/\/sindicom.hr\/en\/katalog\/pletena-metalna-cijev-kompresora-mercedes-m26x15-l-35-cm-m16x15-prokom-zamj\/\" \/>\n<meta property=\"og:locale\" content=\"en_US\" \/>\n<meta property=\"og:type\" content=\"article\" \/>\n<meta property=\"og:title\" content=\"PLETENA METALNA CIJEV KOMPRESORA MERCEDES M26x1.5 L-35 cm M16X1.5 PROKOM ZAMJ. - Sindicom\" \/>\n<meta property=\"og:url\" content=\"https:\/\/sindicom.hr\/en\/katalog\/pletena-metalna-cijev-kompresora-mercedes-m26x15-l-35-cm-m16x15-prokom-zamj\/\" \/>\n<meta property=\"og:site_name\" content=\"Sindicom\" \/>\n<meta property=\"article:publisher\" content=\"https:\/\/www.facebook.com\/Sindicom-doo-170277286366043\/\" \/>\n<meta property=\"article:modified_time\" content=\"2025-10-27T12:17:09+00:00\" \/>\n<meta property=\"og:image\" content=\"https:\/\/sindicom.hr\/wp-content\/uploads\/2025\/10\/4.10370-DT.webp\" \/>\n\t<meta property=\"og:image:width\" content=\"1600\" \/>\n\t<meta property=\"og:image:height\" content=\"900\" \/>\n\t<meta property=\"og:image:type\" content=\"image\/webp\" \/>\n<meta name=\"twitter:card\" content=\"summary_large_image\" \/>\n<meta name=\"twitter:label1\" content=\"Est. reading time\" \/>\n\t<meta name=\"twitter:data1\" content=\"1 minute\" \/>\n<script type=\"application\/ld+json\" class=\"yoast-schema-graph\">{\"@context\":\"https:\/\/schema.org\",\"@graph\":[{\"@type\":\"WebPage\",\"@id\":\"https:\/\/sindicom.hr\/en\/katalog\/pletena-metalna-cijev-kompresora-mercedes-m26x15-l-35-cm-m16x15-prokom-zamj\/\",\"url\":\"https:\/\/sindicom.hr\/en\/katalog\/pletena-metalna-cijev-kompresora-mercedes-m26x15-l-35-cm-m16x15-prokom-zamj\/\",\"name\":\"PLETENA METALNA CIJEV KOMPRESORA MERCEDES M26x1.5 L-35 cm M16X1.5 PROKOM ZAMJ. - Sindicom\",\"isPartOf\":{\"@id\":\"https:\/\/sindicom.hr\/en\/#website\"},\"primaryImageOfPage\":{\"@id\":\"https:\/\/sindicom.hr\/en\/katalog\/pletena-metalna-cijev-kompresora-mercedes-m26x15-l-35-cm-m16x15-prokom-zamj\/#primaryimage\"},\"image\":{\"@id\":\"https:\/\/sindicom.hr\/en\/katalog\/pletena-metalna-cijev-kompresora-mercedes-m26x15-l-35-cm-m16x15-prokom-zamj\/#primaryimage\"},\"thumbnailUrl\":\"https:\/\/sindicom.hr\/wp-content\/uploads\/2025\/10\/4.10370-DT.webp\",\"datePublished\":\"2025-10-15T09:14:20+00:00\",\"dateModified\":\"2025-10-27T12:17:09+00:00\",\"breadcrumb\":{\"@id\":\"https:\/\/sindicom.hr\/en\/katalog\/pletena-metalna-cijev-kompresora-mercedes-m26x15-l-35-cm-m16x15-prokom-zamj\/#breadcrumb\"},\"inLanguage\":\"en-US\",\"potentialAction\":[{\"@type\":\"ReadAction\",\"target\":[\"https:\/\/sindicom.hr\/en\/katalog\/pletena-metalna-cijev-kompresora-mercedes-m26x15-l-35-cm-m16x15-prokom-zamj\/\"]}]},{\"@type\":\"ImageObject\",\"inLanguage\":\"en-US\",\"@id\":\"https:\/\/sindicom.hr\/en\/katalog\/pletena-metalna-cijev-kompresora-mercedes-m26x15-l-35-cm-m16x15-prokom-zamj\/#primaryimage\",\"url\":\"https:\/\/sindicom.hr\/wp-content\/uploads\/2025\/10\/4.10370-DT.webp\",\"contentUrl\":\"https:\/\/sindicom.hr\/wp-content\/uploads\/2025\/10\/4.10370-DT.webp\",\"width\":1600,\"height\":900},{\"@type\":\"BreadcrumbList\",\"@id\":\"https:\/\/sindicom.hr\/en\/katalog\/pletena-metalna-cijev-kompresora-mercedes-m26x15-l-35-cm-m16x15-prokom-zamj\/#breadcrumb\",\"itemListElement\":[{\"@type\":\"ListItem\",\"position\":1,\"name\":\"Po\u010detna stranica\",\"item\":\"https:\/\/sindicom.hr\/en\/\"},{\"@type\":\"ListItem\",\"position\":2,\"name\":\"Katalog dijelova\",\"item\":\"https:\/\/sindicom.hr\/en\/catalog\/\"},{\"@type\":\"ListItem\",\"position\":3,\"name\":\"PLETENA METALNA CIJEV KOMPRESORA MERCEDES M26x1.5 L-35 cm M16X1.5 PROKOM ZAMJ.\"}]},{\"@type\":\"WebSite\",\"@id\":\"https:\/\/sindicom.hr\/en\/#website\",\"url\":\"https:\/\/sindicom.hr\/en\/\",\"name\":\"SINDICOM\",\"description\":\"Trade and repair of pneumatic brakes, air and hydraulic systems for trucks and buses\",\"publisher\":{\"@id\":\"https:\/\/sindicom.hr\/en\/#organization\"},\"potentialAction\":[{\"@type\":\"SearchAction\",\"target\":{\"@type\":\"EntryPoint\",\"urlTemplate\":\"https:\/\/sindicom.hr\/en\/?s={search_term_string}\"},\"query-input\":{\"@type\":\"PropertyValueSpecification\",\"valueRequired\":true,\"valueName\":\"search_term_string\"}}],\"inLanguage\":\"en-US\"},{\"@type\":\"Organization\",\"@id\":\"https:\/\/sindicom.hr\/en\/#organization\",\"name\":\"SINDICOM d.o.o.\",\"url\":\"https:\/\/sindicom.hr\/en\/\",\"logo\":{\"@type\":\"ImageObject\",\"inLanguage\":\"en-US\",\"@id\":\"https:\/\/sindicom.hr\/en\/#\/schema\/logo\/image\/\",\"url\":\"https:\/\/sindicom.hr\/wp-content\/uploads\/2019\/11\/sindicom_logo_veliki1.jpg.png\",\"contentUrl\":\"https:\/\/sindicom.hr\/wp-content\/uploads\/2019\/11\/sindicom_logo_veliki1.jpg.png\",\"width\":732,\"height\":706,\"caption\":\"SINDICOM d.o.o.\"},\"image\":{\"@id\":\"https:\/\/sindicom.hr\/en\/#\/schema\/logo\/image\/\"},\"sameAs\":[\"https:\/\/www.facebook.com\/Sindicom-doo-170277286366043\/\",\"https:\/\/instagram.com\/sindicomdoo\"]}]}<\/script>\n<!-- \/ Yoast SEO plugin. -->","yoast_head_json":{"title":"PLETENA METALNA CIJEV KOMPRESORA MERCEDES M26x1.5 L-35 cm M16X1.5 PROKOM ZAMJ. - Sindicom","robots":{"index":"index","follow":"follow","max-snippet":"max-snippet:-1","max-image-preview":"max-image-preview:large","max-video-preview":"max-video-preview:-1"},"canonical":"https:\/\/sindicom.hr\/en\/katalog\/pletena-metalna-cijev-kompresora-mercedes-m26x15-l-35-cm-m16x15-prokom-zamj\/","og_locale":"en_US","og_type":"article","og_title":"PLETENA METALNA CIJEV KOMPRESORA MERCEDES M26x1.5 L-35 cm M16X1.5 PROKOM ZAMJ. - Sindicom","og_url":"https:\/\/sindicom.hr\/en\/katalog\/pletena-metalna-cijev-kompresora-mercedes-m26x15-l-35-cm-m16x15-prokom-zamj\/","og_site_name":"Sindicom","article_publisher":"https:\/\/www.facebook.com\/Sindicom-doo-170277286366043\/","article_modified_time":"2025-10-27T12:17:09+00:00","og_image":[{"width":1600,"height":900,"url":"https:\/\/sindicom.hr\/wp-content\/uploads\/2025\/10\/4.10370-DT.webp","type":"image\/webp"}],"twitter_card":"summary_large_image","twitter_misc":{"Est. reading time":"1 minute"},"schema":{"@context":"https:\/\/schema.org","@graph":[{"@type":"WebPage","@id":"https:\/\/sindicom.hr\/en\/katalog\/pletena-metalna-cijev-kompresora-mercedes-m26x15-l-35-cm-m16x15-prokom-zamj\/","url":"https:\/\/sindicom.hr\/en\/katalog\/pletena-metalna-cijev-kompresora-mercedes-m26x15-l-35-cm-m16x15-prokom-zamj\/","name":"PLETENA METALNA CIJEV KOMPRESORA MERCEDES M26x1.5 L-35 cm M16X1.5 PROKOM ZAMJ. - Sindicom","isPartOf":{"@id":"https:\/\/sindicom.hr\/en\/#website"},"primaryImageOfPage":{"@id":"https:\/\/sindicom.hr\/en\/katalog\/pletena-metalna-cijev-kompresora-mercedes-m26x15-l-35-cm-m16x15-prokom-zamj\/#primaryimage"},"image":{"@id":"https:\/\/sindicom.hr\/en\/katalog\/pletena-metalna-cijev-kompresora-mercedes-m26x15-l-35-cm-m16x15-prokom-zamj\/#primaryimage"},"thumbnailUrl":"https:\/\/sindicom.hr\/wp-content\/uploads\/2025\/10\/4.10370-DT.webp","datePublished":"2025-10-15T09:14:20+00:00","dateModified":"2025-10-27T12:17:09+00:00","breadcrumb":{"@id":"https:\/\/sindicom.hr\/en\/katalog\/pletena-metalna-cijev-kompresora-mercedes-m26x15-l-35-cm-m16x15-prokom-zamj\/#breadcrumb"},"inLanguage":"en-US","potentialAction":[{"@type":"ReadAction","target":["https:\/\/sindicom.hr\/en\/katalog\/pletena-metalna-cijev-kompresora-mercedes-m26x15-l-35-cm-m16x15-prokom-zamj\/"]}]},{"@type":"ImageObject","inLanguage":"en-US","@id":"https:\/\/sindicom.hr\/en\/katalog\/pletena-metalna-cijev-kompresora-mercedes-m26x15-l-35-cm-m16x15-prokom-zamj\/#primaryimage","url":"https:\/\/sindicom.hr\/wp-content\/uploads\/2025\/10\/4.10370-DT.webp","contentUrl":"https:\/\/sindicom.hr\/wp-content\/uploads\/2025\/10\/4.10370-DT.webp","width":1600,"height":900},{"@type":"BreadcrumbList","@id":"https:\/\/sindicom.hr\/en\/katalog\/pletena-metalna-cijev-kompresora-mercedes-m26x15-l-35-cm-m16x15-prokom-zamj\/#breadcrumb","itemListElement":[{"@type":"ListItem","position":1,"name":"Po\u010detna stranica","item":"https:\/\/sindicom.hr\/en\/"},{"@type":"ListItem","position":2,"name":"Katalog dijelova","item":"https:\/\/sindicom.hr\/en\/catalog\/"},{"@type":"ListItem","position":3,"name":"PLETENA METALNA CIJEV KOMPRESORA MERCEDES M26x1.5 L-35 cm M16X1.5 PROKOM ZAMJ."}]},{"@type":"WebSite","@id":"https:\/\/sindicom.hr\/en\/#website","url":"https:\/\/sindicom.hr\/en\/","name":"SINDICOM","description":"Trade and repair of pneumatic brakes, air and hydraulic systems for trucks and buses","publisher":{"@id":"https:\/\/sindicom.hr\/en\/#organization"},"potentialAction":[{"@type":"SearchAction","target":{"@type":"EntryPoint","urlTemplate":"https:\/\/sindicom.hr\/en\/?s={search_term_string}"},"query-input":{"@type":"PropertyValueSpecification","valueRequired":true,"valueName":"search_term_string"}}],"inLanguage":"en-US"},{"@type":"Organization","@id":"https:\/\/sindicom.hr\/en\/#organization","name":"SINDICOM d.o.o.","url":"https:\/\/sindicom.hr\/en\/","logo":{"@type":"ImageObject","inLanguage":"en-US","@id":"https:\/\/sindicom.hr\/en\/#\/schema\/logo\/image\/","url":"https:\/\/sindicom.hr\/wp-content\/uploads\/2019\/11\/sindicom_logo_veliki1.jpg.png","contentUrl":"https:\/\/sindicom.hr\/wp-content\/uploads\/2019\/11\/sindicom_logo_veliki1.jpg.png","width":732,"height":706,"caption":"SINDICOM d.o.o."},"image":{"@id":"https:\/\/sindicom.hr\/en\/#\/schema\/logo\/image\/"},"sameAs":["https:\/\/www.facebook.com\/Sindicom-doo-170277286366043\/","https:\/\/instagram.com\/sindicomdoo"]}]}},"_links":{"self":[{"href":"https:\/\/sindicom.hr\/en\/wp-json\/wp\/v2\/product\/50087","targetHints":{"allow":["GET"]}}],"collection":[{"href":"https:\/\/sindicom.hr\/en\/wp-json\/wp\/v2\/product"}],"about":[{"href":"https:\/\/sindicom.hr\/en\/wp-json\/wp\/v2\/types\/product"}],"wp:featuredmedia":[{"embeddable":true,"href":"https:\/\/sindicom.hr\/en\/wp-json\/wp\/v2\/media\/50088"}],"wp:attachment":[{"href":"https:\/\/sindicom.hr\/en\/wp-json\/wp\/v2\/media?parent=50087"}],"wp:term":[{"taxonomy":"product_brand","embeddable":true,"href":"https:\/\/sindicom.hr\/en\/wp-json\/wp\/v2\/product_brand?post=50087"},{"taxonomy":"product_cat","embeddable":true,"href":"https:\/\/sindicom.hr\/en\/wp-json\/wp\/v2\/product_cat?post=50087"},{"taxonomy":"product_tag","embeddable":true,"href":"https:\/\/sindicom.hr\/en\/wp-json\/wp\/v2\/product_tag?post=50087"}],"curies":[{"name":"wp","href":"https:\/\/api.w.org\/{rel}","templated":true}]}}