{"id":50121,"date":"2025-10-16T11:23:57","date_gmt":"2025-10-16T11:23:57","guid":{"rendered":"https:\/\/sindicom.hr\/?post_type=product&#038;p=50121"},"modified":"2025-10-27T12:17:09","modified_gmt":"2025-10-27T12:17:09","slug":"cijev-kompresora-zraka-do-isusivaca-zraka-mercedes-atego-axor-oe","status":"publish","type":"product","link":"https:\/\/sindicom.hr\/en\/katalog\/cijev-kompresora-zraka-do-isusivaca-zraka-mercedes-atego-axor-oe\/","title":{"rendered":"CIJEV KOMPRESORA ZRAKA DO ISU\u0160IVA\u010cA ZRAKA MERCEDES ATEGO AXOR OE"},"content":{"rendered":"<p>9404206326 MERCEDES  A9404206326 MERCEDES  A 9404206326 MERCEDES  A 940 420 63 26 MERCEDES  Air compressor Brake hose. Coolant tube. Pipe  Luftkompressor Bremsschlauch. K\u00fchlmittelrohr. Rohr  Compresor de aire Manguera de freno. Tubo de refrigerante. Tuber\u00eda  Przew\u00f3d hamulcowy spr\u0119\u017carki powietrza. przew\u00f3d p\u0142ynu ch\u0142odz\u0105cego. rura  Compresseur d&#8217;air Tuyau de frein. tube de liquide de refroidissement. tuyau  Compressore d&#8217;aria Tubo flessibile del freno. Tubo del liquido di raffreddamento. Tubo<\/p>\n","protected":false},"excerpt":{"rendered":"<p><img decoding=\"async\" class=\"alignnone size-medium wp-image-17709\" src=\"https:\/\/sindicom.hr\/wp-content\/uploads\/2020\/05\/mercedes-300x300.png\" alt=\"\" width=\"300\" height=\"300\" srcset=\"https:\/\/sindicom.hr\/wp-content\/uploads\/2020\/05\/mercedes-64x64.png 64w, https:\/\/sindicom.hr\/wp-content\/uploads\/2020\/05\/mercedes-66x66.png 66w, https:\/\/sindicom.hr\/wp-content\/uploads\/2020\/05\/mercedes-100x100.png 100w, https:\/\/sindicom.hr\/wp-content\/uploads\/2020\/05\/mercedes-150x150.png 150w, https:\/\/sindicom.hr\/wp-content\/uploads\/2020\/05\/mercedes-200x200.png 200w, https:\/\/sindicom.hr\/wp-content\/uploads\/2020\/05\/mercedes.png 300w\" sizes=\"(max-width: 300px) 100vw, 300px\" \/><\/p>\n","protected":false},"featured_media":50122,"template":"","meta":{"inline_featured_image":false},"product_brand":[],"product_cat":[15,182,113,278,107],"product_tag":[],"class_list":{"0":"post-50121","1":"product","2":"type-product","3":"status-publish","4":"has-post-thumbnail","6":"product_cat-all-products","7":"product_cat-cijevi","8":"product_cat-mercedes-teretna-vozila","9":"product_cat-ostali-rezervni-dijelovi-other-spare-parts-andere-ersatzteile-altri-ricambi","10":"product_cat-teretna-vozila","12":"first","13":"instock","14":"shipping-taxable","15":"purchasable","16":"product-type-simple"},"yoast_head":"<!-- This site is optimized with the Yoast SEO plugin v26.2 - https:\/\/yoast.com\/wordpress\/plugins\/seo\/ -->\n<title>CIJEV KOMPRESORA ZRAKA DO ISU\u0160IVA\u010cA ZRAKA MERCEDES ATEGO AXOR OE - Sindicom<\/title>\n<meta name=\"robots\" content=\"index, follow, max-snippet:-1, max-image-preview:large, max-video-preview:-1\" \/>\n<link rel=\"canonical\" href=\"https:\/\/sindicom.hr\/en\/katalog\/cijev-kompresora-zraka-do-isusivaca-zraka-mercedes-atego-axor-oe\/\" \/>\n<meta property=\"og:locale\" content=\"en_US\" \/>\n<meta property=\"og:type\" content=\"article\" \/>\n<meta property=\"og:title\" content=\"CIJEV KOMPRESORA ZRAKA DO ISU\u0160IVA\u010cA ZRAKA MERCEDES ATEGO AXOR OE - Sindicom\" \/>\n<meta property=\"og:url\" content=\"https:\/\/sindicom.hr\/en\/katalog\/cijev-kompresora-zraka-do-isusivaca-zraka-mercedes-atego-axor-oe\/\" \/>\n<meta property=\"og:site_name\" content=\"Sindicom\" \/>\n<meta property=\"article:publisher\" content=\"https:\/\/www.facebook.com\/Sindicom-doo-170277286366043\/\" \/>\n<meta property=\"article:modified_time\" content=\"2025-10-27T12:17:09+00:00\" \/>\n<meta property=\"og:image\" content=\"https:\/\/sindicom.hr\/wp-content\/uploads\/2025\/10\/9404206326.webp\" \/>\n\t<meta property=\"og:image:width\" content=\"1600\" \/>\n\t<meta property=\"og:image:height\" content=\"900\" \/>\n\t<meta property=\"og:image:type\" content=\"image\/webp\" \/>\n<meta name=\"twitter:card\" content=\"summary_large_image\" \/>\n<meta name=\"twitter:label1\" content=\"Est. reading time\" \/>\n\t<meta name=\"twitter:data1\" content=\"1 minute\" \/>\n<script type=\"application\/ld+json\" class=\"yoast-schema-graph\">{\"@context\":\"https:\/\/schema.org\",\"@graph\":[{\"@type\":\"WebPage\",\"@id\":\"https:\/\/sindicom.hr\/en\/katalog\/cijev-kompresora-zraka-do-isusivaca-zraka-mercedes-atego-axor-oe\/\",\"url\":\"https:\/\/sindicom.hr\/en\/katalog\/cijev-kompresora-zraka-do-isusivaca-zraka-mercedes-atego-axor-oe\/\",\"name\":\"CIJEV KOMPRESORA ZRAKA DO ISU\u0160IVA\u010cA ZRAKA MERCEDES ATEGO AXOR OE - Sindicom\",\"isPartOf\":{\"@id\":\"https:\/\/sindicom.hr\/en\/#website\"},\"primaryImageOfPage\":{\"@id\":\"https:\/\/sindicom.hr\/en\/katalog\/cijev-kompresora-zraka-do-isusivaca-zraka-mercedes-atego-axor-oe\/#primaryimage\"},\"image\":{\"@id\":\"https:\/\/sindicom.hr\/en\/katalog\/cijev-kompresora-zraka-do-isusivaca-zraka-mercedes-atego-axor-oe\/#primaryimage\"},\"thumbnailUrl\":\"https:\/\/sindicom.hr\/wp-content\/uploads\/2025\/10\/9404206326.webp\",\"datePublished\":\"2025-10-16T11:23:57+00:00\",\"dateModified\":\"2025-10-27T12:17:09+00:00\",\"breadcrumb\":{\"@id\":\"https:\/\/sindicom.hr\/en\/katalog\/cijev-kompresora-zraka-do-isusivaca-zraka-mercedes-atego-axor-oe\/#breadcrumb\"},\"inLanguage\":\"en-US\",\"potentialAction\":[{\"@type\":\"ReadAction\",\"target\":[\"https:\/\/sindicom.hr\/en\/katalog\/cijev-kompresora-zraka-do-isusivaca-zraka-mercedes-atego-axor-oe\/\"]}]},{\"@type\":\"ImageObject\",\"inLanguage\":\"en-US\",\"@id\":\"https:\/\/sindicom.hr\/en\/katalog\/cijev-kompresora-zraka-do-isusivaca-zraka-mercedes-atego-axor-oe\/#primaryimage\",\"url\":\"https:\/\/sindicom.hr\/wp-content\/uploads\/2025\/10\/9404206326.webp\",\"contentUrl\":\"https:\/\/sindicom.hr\/wp-content\/uploads\/2025\/10\/9404206326.webp\",\"width\":1600,\"height\":900},{\"@type\":\"BreadcrumbList\",\"@id\":\"https:\/\/sindicom.hr\/en\/katalog\/cijev-kompresora-zraka-do-isusivaca-zraka-mercedes-atego-axor-oe\/#breadcrumb\",\"itemListElement\":[{\"@type\":\"ListItem\",\"position\":1,\"name\":\"Po\u010detna stranica\",\"item\":\"https:\/\/sindicom.hr\/en\/\"},{\"@type\":\"ListItem\",\"position\":2,\"name\":\"Katalog dijelova\",\"item\":\"https:\/\/sindicom.hr\/en\/catalog\/\"},{\"@type\":\"ListItem\",\"position\":3,\"name\":\"CIJEV KOMPRESORA ZRAKA DO ISU\u0160IVA\u010cA ZRAKA MERCEDES ATEGO AXOR OE\"}]},{\"@type\":\"WebSite\",\"@id\":\"https:\/\/sindicom.hr\/en\/#website\",\"url\":\"https:\/\/sindicom.hr\/en\/\",\"name\":\"SINDICOM\",\"description\":\"Trade and repair of pneumatic brakes, air and hydraulic systems for trucks and buses\",\"publisher\":{\"@id\":\"https:\/\/sindicom.hr\/en\/#organization\"},\"potentialAction\":[{\"@type\":\"SearchAction\",\"target\":{\"@type\":\"EntryPoint\",\"urlTemplate\":\"https:\/\/sindicom.hr\/en\/?s={search_term_string}\"},\"query-input\":{\"@type\":\"PropertyValueSpecification\",\"valueRequired\":true,\"valueName\":\"search_term_string\"}}],\"inLanguage\":\"en-US\"},{\"@type\":\"Organization\",\"@id\":\"https:\/\/sindicom.hr\/en\/#organization\",\"name\":\"SINDICOM d.o.o.\",\"url\":\"https:\/\/sindicom.hr\/en\/\",\"logo\":{\"@type\":\"ImageObject\",\"inLanguage\":\"en-US\",\"@id\":\"https:\/\/sindicom.hr\/en\/#\/schema\/logo\/image\/\",\"url\":\"https:\/\/sindicom.hr\/wp-content\/uploads\/2019\/11\/sindicom_logo_veliki1.jpg.png\",\"contentUrl\":\"https:\/\/sindicom.hr\/wp-content\/uploads\/2019\/11\/sindicom_logo_veliki1.jpg.png\",\"width\":732,\"height\":706,\"caption\":\"SINDICOM d.o.o.\"},\"image\":{\"@id\":\"https:\/\/sindicom.hr\/en\/#\/schema\/logo\/image\/\"},\"sameAs\":[\"https:\/\/www.facebook.com\/Sindicom-doo-170277286366043\/\",\"https:\/\/instagram.com\/sindicomdoo\"]}]}<\/script>\n<!-- \/ Yoast SEO plugin. -->","yoast_head_json":{"title":"CIJEV KOMPRESORA ZRAKA DO ISU\u0160IVA\u010cA ZRAKA MERCEDES ATEGO AXOR OE - Sindicom","robots":{"index":"index","follow":"follow","max-snippet":"max-snippet:-1","max-image-preview":"max-image-preview:large","max-video-preview":"max-video-preview:-1"},"canonical":"https:\/\/sindicom.hr\/en\/katalog\/cijev-kompresora-zraka-do-isusivaca-zraka-mercedes-atego-axor-oe\/","og_locale":"en_US","og_type":"article","og_title":"CIJEV KOMPRESORA ZRAKA DO ISU\u0160IVA\u010cA ZRAKA MERCEDES ATEGO AXOR OE - Sindicom","og_url":"https:\/\/sindicom.hr\/en\/katalog\/cijev-kompresora-zraka-do-isusivaca-zraka-mercedes-atego-axor-oe\/","og_site_name":"Sindicom","article_publisher":"https:\/\/www.facebook.com\/Sindicom-doo-170277286366043\/","article_modified_time":"2025-10-27T12:17:09+00:00","og_image":[{"width":1600,"height":900,"url":"https:\/\/sindicom.hr\/wp-content\/uploads\/2025\/10\/9404206326.webp","type":"image\/webp"}],"twitter_card":"summary_large_image","twitter_misc":{"Est. reading time":"1 minute"},"schema":{"@context":"https:\/\/schema.org","@graph":[{"@type":"WebPage","@id":"https:\/\/sindicom.hr\/en\/katalog\/cijev-kompresora-zraka-do-isusivaca-zraka-mercedes-atego-axor-oe\/","url":"https:\/\/sindicom.hr\/en\/katalog\/cijev-kompresora-zraka-do-isusivaca-zraka-mercedes-atego-axor-oe\/","name":"CIJEV KOMPRESORA ZRAKA DO ISU\u0160IVA\u010cA ZRAKA MERCEDES ATEGO AXOR OE - Sindicom","isPartOf":{"@id":"https:\/\/sindicom.hr\/en\/#website"},"primaryImageOfPage":{"@id":"https:\/\/sindicom.hr\/en\/katalog\/cijev-kompresora-zraka-do-isusivaca-zraka-mercedes-atego-axor-oe\/#primaryimage"},"image":{"@id":"https:\/\/sindicom.hr\/en\/katalog\/cijev-kompresora-zraka-do-isusivaca-zraka-mercedes-atego-axor-oe\/#primaryimage"},"thumbnailUrl":"https:\/\/sindicom.hr\/wp-content\/uploads\/2025\/10\/9404206326.webp","datePublished":"2025-10-16T11:23:57+00:00","dateModified":"2025-10-27T12:17:09+00:00","breadcrumb":{"@id":"https:\/\/sindicom.hr\/en\/katalog\/cijev-kompresora-zraka-do-isusivaca-zraka-mercedes-atego-axor-oe\/#breadcrumb"},"inLanguage":"en-US","potentialAction":[{"@type":"ReadAction","target":["https:\/\/sindicom.hr\/en\/katalog\/cijev-kompresora-zraka-do-isusivaca-zraka-mercedes-atego-axor-oe\/"]}]},{"@type":"ImageObject","inLanguage":"en-US","@id":"https:\/\/sindicom.hr\/en\/katalog\/cijev-kompresora-zraka-do-isusivaca-zraka-mercedes-atego-axor-oe\/#primaryimage","url":"https:\/\/sindicom.hr\/wp-content\/uploads\/2025\/10\/9404206326.webp","contentUrl":"https:\/\/sindicom.hr\/wp-content\/uploads\/2025\/10\/9404206326.webp","width":1600,"height":900},{"@type":"BreadcrumbList","@id":"https:\/\/sindicom.hr\/en\/katalog\/cijev-kompresora-zraka-do-isusivaca-zraka-mercedes-atego-axor-oe\/#breadcrumb","itemListElement":[{"@type":"ListItem","position":1,"name":"Po\u010detna stranica","item":"https:\/\/sindicom.hr\/en\/"},{"@type":"ListItem","position":2,"name":"Katalog dijelova","item":"https:\/\/sindicom.hr\/en\/catalog\/"},{"@type":"ListItem","position":3,"name":"CIJEV KOMPRESORA ZRAKA DO ISU\u0160IVA\u010cA ZRAKA MERCEDES ATEGO AXOR OE"}]},{"@type":"WebSite","@id":"https:\/\/sindicom.hr\/en\/#website","url":"https:\/\/sindicom.hr\/en\/","name":"SINDICOM","description":"Trade and repair of pneumatic brakes, air and hydraulic systems for trucks and buses","publisher":{"@id":"https:\/\/sindicom.hr\/en\/#organization"},"potentialAction":[{"@type":"SearchAction","target":{"@type":"EntryPoint","urlTemplate":"https:\/\/sindicom.hr\/en\/?s={search_term_string}"},"query-input":{"@type":"PropertyValueSpecification","valueRequired":true,"valueName":"search_term_string"}}],"inLanguage":"en-US"},{"@type":"Organization","@id":"https:\/\/sindicom.hr\/en\/#organization","name":"SINDICOM d.o.o.","url":"https:\/\/sindicom.hr\/en\/","logo":{"@type":"ImageObject","inLanguage":"en-US","@id":"https:\/\/sindicom.hr\/en\/#\/schema\/logo\/image\/","url":"https:\/\/sindicom.hr\/wp-content\/uploads\/2019\/11\/sindicom_logo_veliki1.jpg.png","contentUrl":"https:\/\/sindicom.hr\/wp-content\/uploads\/2019\/11\/sindicom_logo_veliki1.jpg.png","width":732,"height":706,"caption":"SINDICOM d.o.o."},"image":{"@id":"https:\/\/sindicom.hr\/en\/#\/schema\/logo\/image\/"},"sameAs":["https:\/\/www.facebook.com\/Sindicom-doo-170277286366043\/","https:\/\/instagram.com\/sindicomdoo"]}]}},"_links":{"self":[{"href":"https:\/\/sindicom.hr\/en\/wp-json\/wp\/v2\/product\/50121","targetHints":{"allow":["GET"]}}],"collection":[{"href":"https:\/\/sindicom.hr\/en\/wp-json\/wp\/v2\/product"}],"about":[{"href":"https:\/\/sindicom.hr\/en\/wp-json\/wp\/v2\/types\/product"}],"wp:featuredmedia":[{"embeddable":true,"href":"https:\/\/sindicom.hr\/en\/wp-json\/wp\/v2\/media\/50122"}],"wp:attachment":[{"href":"https:\/\/sindicom.hr\/en\/wp-json\/wp\/v2\/media?parent=50121"}],"wp:term":[{"taxonomy":"product_brand","embeddable":true,"href":"https:\/\/sindicom.hr\/en\/wp-json\/wp\/v2\/product_brand?post=50121"},{"taxonomy":"product_cat","embeddable":true,"href":"https:\/\/sindicom.hr\/en\/wp-json\/wp\/v2\/product_cat?post=50121"},{"taxonomy":"product_tag","embeddable":true,"href":"https:\/\/sindicom.hr\/en\/wp-json\/wp\/v2\/product_tag?post=50121"}],"curies":[{"name":"wp","href":"https:\/\/api.w.org\/{rel}","templated":true}]}}