{"id":50371,"date":"2025-10-27T12:16:18","date_gmt":"2025-10-27T12:16:18","guid":{"rendered":"https:\/\/sindicom.hr\/?post_type=product&#038;p=50371"},"modified":"2025-10-27T12:16:18","modified_gmt":"2025-10-27T12:16:18","slug":"set-senzora-temperature-na-gearbox-mjenjacu-renault-volvo-wabco-oe","status":"publish","type":"product","link":"https:\/\/sindicom.hr\/en\/katalog\/set-senzora-temperature-na-gearbox-mjenjacu-renault-volvo-wabco-oe\/","title":{"rendered":"SET SENZORA TEMPERATURE NA GEARBOX MJENJA\u010cU RENAULT VOLVO WABCO OE"},"content":{"rendered":"<p>4213659382 WABCO  4410371301 WABCO  4410371341 WABCO  4213657942 WABCO  4462401234 WABCO  8941101452 WABCO  4410371301 SENSOR WABCO  4410371341 SENSOR WABCO  20775027 VOLVO  22176325 VOLVO  7420775027 RENAULT  7422176325 RENAULT  ZA 4213650010 WABCO  ZA 4213650020 WABCO  ZA 4213650040 WABCO  421 365 938 2 WABCO  421 365 794 2 WABCO  176638 FEBI  97667 AUGER  298.610 C.E.I  298.780 C.E.I  2261207 COJALI  096.2653 SAMPA  140.689-00A PE AUTOMOTIVE  ZF gearbox sensor repair kit  ZF Getriebesensor Reparatursatz  Kit di riparazione del sensore del cambio ZF  Kit de r\u00e9paration de capteur de bo\u00eete de vitesses ZF  Kit de reparaci\u00f3n del sensor de la caja de cambios ZF  VOLVO FH. FH II. FH16. FM 01.9 7300. 8300. 8500. 8700. 8900. 9300. 9400. 9500. 9700. 9900. B12. 400. 420. 440. 460. 480. 500. 520. 540. FH 16\/540<\/p>\n","protected":false},"excerpt":{"rendered":"<p>4213659382 WABCO 4410371301 WABCO 4410371341 WABCO 4213657942 WABCO 4462401234 WABCO  [&#8230;]<\/p>\n","protected":false},"featured_media":0,"template":"","meta":{"inline_featured_image":false},"product_brand":[],"product_cat":[],"product_tag":[],"class_list":{"0":"post-50371","1":"product","2":"type-product","3":"status-publish","6":"first","7":"instock","8":"shipping-taxable","9":"purchasable","10":"product-type-simple"},"yoast_head":"<!-- This site is optimized with the Yoast SEO plugin v26.2 - https:\/\/yoast.com\/wordpress\/plugins\/seo\/ -->\n<title>SET SENZORA TEMPERATURE NA GEARBOX MJENJA\u010cU RENAULT VOLVO WABCO OE - Sindicom<\/title>\n<meta name=\"robots\" content=\"index, follow, max-snippet:-1, max-image-preview:large, max-video-preview:-1\" \/>\n<link rel=\"canonical\" href=\"https:\/\/sindicom.hr\/en\/katalog\/set-senzora-temperature-na-gearbox-mjenjacu-renault-volvo-wabco-oe\/\" \/>\n<meta property=\"og:locale\" content=\"en_US\" \/>\n<meta property=\"og:type\" content=\"article\" \/>\n<meta property=\"og:title\" content=\"SET SENZORA TEMPERATURE NA GEARBOX MJENJA\u010cU RENAULT VOLVO WABCO OE - Sindicom\" \/>\n<meta property=\"og:description\" content=\"4213659382 WABCO 4410371301 WABCO 4410371341 WABCO 4213657942 WABCO 4462401234 WABCO [...]\" \/>\n<meta property=\"og:url\" content=\"https:\/\/sindicom.hr\/en\/katalog\/set-senzora-temperature-na-gearbox-mjenjacu-renault-volvo-wabco-oe\/\" \/>\n<meta property=\"og:site_name\" content=\"Sindicom\" \/>\n<meta property=\"article:publisher\" content=\"https:\/\/www.facebook.com\/Sindicom-doo-170277286366043\/\" \/>\n<meta name=\"twitter:card\" content=\"summary_large_image\" \/>\n<script type=\"application\/ld+json\" class=\"yoast-schema-graph\">{\"@context\":\"https:\/\/schema.org\",\"@graph\":[{\"@type\":\"WebPage\",\"@id\":\"https:\/\/sindicom.hr\/en\/katalog\/set-senzora-temperature-na-gearbox-mjenjacu-renault-volvo-wabco-oe\/\",\"url\":\"https:\/\/sindicom.hr\/en\/katalog\/set-senzora-temperature-na-gearbox-mjenjacu-renault-volvo-wabco-oe\/\",\"name\":\"SET SENZORA TEMPERATURE NA GEARBOX MJENJA\u010cU RENAULT VOLVO WABCO OE - Sindicom\",\"isPartOf\":{\"@id\":\"https:\/\/sindicom.hr\/en\/#website\"},\"datePublished\":\"2025-10-27T12:16:18+00:00\",\"breadcrumb\":{\"@id\":\"https:\/\/sindicom.hr\/en\/katalog\/set-senzora-temperature-na-gearbox-mjenjacu-renault-volvo-wabco-oe\/#breadcrumb\"},\"inLanguage\":\"en-US\",\"potentialAction\":[{\"@type\":\"ReadAction\",\"target\":[\"https:\/\/sindicom.hr\/en\/katalog\/set-senzora-temperature-na-gearbox-mjenjacu-renault-volvo-wabco-oe\/\"]}]},{\"@type\":\"BreadcrumbList\",\"@id\":\"https:\/\/sindicom.hr\/en\/katalog\/set-senzora-temperature-na-gearbox-mjenjacu-renault-volvo-wabco-oe\/#breadcrumb\",\"itemListElement\":[{\"@type\":\"ListItem\",\"position\":1,\"name\":\"Po\u010detna stranica\",\"item\":\"https:\/\/sindicom.hr\/en\/\"},{\"@type\":\"ListItem\",\"position\":2,\"name\":\"Katalog dijelova\",\"item\":\"https:\/\/sindicom.hr\/en\/catalog\/\"},{\"@type\":\"ListItem\",\"position\":3,\"name\":\"SET SENZORA TEMPERATURE NA GEARBOX MJENJA\u010cU RENAULT VOLVO WABCO OE\"}]},{\"@type\":\"WebSite\",\"@id\":\"https:\/\/sindicom.hr\/en\/#website\",\"url\":\"https:\/\/sindicom.hr\/en\/\",\"name\":\"SINDICOM\",\"description\":\"Trade and repair of pneumatic brakes, air and hydraulic systems for trucks and buses\",\"publisher\":{\"@id\":\"https:\/\/sindicom.hr\/en\/#organization\"},\"potentialAction\":[{\"@type\":\"SearchAction\",\"target\":{\"@type\":\"EntryPoint\",\"urlTemplate\":\"https:\/\/sindicom.hr\/en\/?s={search_term_string}\"},\"query-input\":{\"@type\":\"PropertyValueSpecification\",\"valueRequired\":true,\"valueName\":\"search_term_string\"}}],\"inLanguage\":\"en-US\"},{\"@type\":\"Organization\",\"@id\":\"https:\/\/sindicom.hr\/en\/#organization\",\"name\":\"SINDICOM d.o.o.\",\"url\":\"https:\/\/sindicom.hr\/en\/\",\"logo\":{\"@type\":\"ImageObject\",\"inLanguage\":\"en-US\",\"@id\":\"https:\/\/sindicom.hr\/en\/#\/schema\/logo\/image\/\",\"url\":\"https:\/\/sindicom.hr\/wp-content\/uploads\/2019\/11\/sindicom_logo_veliki1.jpg.png\",\"contentUrl\":\"https:\/\/sindicom.hr\/wp-content\/uploads\/2019\/11\/sindicom_logo_veliki1.jpg.png\",\"width\":732,\"height\":706,\"caption\":\"SINDICOM d.o.o.\"},\"image\":{\"@id\":\"https:\/\/sindicom.hr\/en\/#\/schema\/logo\/image\/\"},\"sameAs\":[\"https:\/\/www.facebook.com\/Sindicom-doo-170277286366043\/\",\"https:\/\/instagram.com\/sindicomdoo\"]}]}<\/script>\n<!-- \/ Yoast SEO plugin. -->","yoast_head_json":{"title":"SET SENZORA TEMPERATURE NA GEARBOX MJENJA\u010cU RENAULT VOLVO WABCO OE - Sindicom","robots":{"index":"index","follow":"follow","max-snippet":"max-snippet:-1","max-image-preview":"max-image-preview:large","max-video-preview":"max-video-preview:-1"},"canonical":"https:\/\/sindicom.hr\/en\/katalog\/set-senzora-temperature-na-gearbox-mjenjacu-renault-volvo-wabco-oe\/","og_locale":"en_US","og_type":"article","og_title":"SET SENZORA TEMPERATURE NA GEARBOX MJENJA\u010cU RENAULT VOLVO WABCO OE - Sindicom","og_description":"4213659382 WABCO 4410371301 WABCO 4410371341 WABCO 4213657942 WABCO 4462401234 WABCO [...]","og_url":"https:\/\/sindicom.hr\/en\/katalog\/set-senzora-temperature-na-gearbox-mjenjacu-renault-volvo-wabco-oe\/","og_site_name":"Sindicom","article_publisher":"https:\/\/www.facebook.com\/Sindicom-doo-170277286366043\/","twitter_card":"summary_large_image","schema":{"@context":"https:\/\/schema.org","@graph":[{"@type":"WebPage","@id":"https:\/\/sindicom.hr\/en\/katalog\/set-senzora-temperature-na-gearbox-mjenjacu-renault-volvo-wabco-oe\/","url":"https:\/\/sindicom.hr\/en\/katalog\/set-senzora-temperature-na-gearbox-mjenjacu-renault-volvo-wabco-oe\/","name":"SET SENZORA TEMPERATURE NA GEARBOX MJENJA\u010cU RENAULT VOLVO WABCO OE - Sindicom","isPartOf":{"@id":"https:\/\/sindicom.hr\/en\/#website"},"datePublished":"2025-10-27T12:16:18+00:00","breadcrumb":{"@id":"https:\/\/sindicom.hr\/en\/katalog\/set-senzora-temperature-na-gearbox-mjenjacu-renault-volvo-wabco-oe\/#breadcrumb"},"inLanguage":"en-US","potentialAction":[{"@type":"ReadAction","target":["https:\/\/sindicom.hr\/en\/katalog\/set-senzora-temperature-na-gearbox-mjenjacu-renault-volvo-wabco-oe\/"]}]},{"@type":"BreadcrumbList","@id":"https:\/\/sindicom.hr\/en\/katalog\/set-senzora-temperature-na-gearbox-mjenjacu-renault-volvo-wabco-oe\/#breadcrumb","itemListElement":[{"@type":"ListItem","position":1,"name":"Po\u010detna stranica","item":"https:\/\/sindicom.hr\/en\/"},{"@type":"ListItem","position":2,"name":"Katalog dijelova","item":"https:\/\/sindicom.hr\/en\/catalog\/"},{"@type":"ListItem","position":3,"name":"SET SENZORA TEMPERATURE NA GEARBOX MJENJA\u010cU RENAULT VOLVO WABCO OE"}]},{"@type":"WebSite","@id":"https:\/\/sindicom.hr\/en\/#website","url":"https:\/\/sindicom.hr\/en\/","name":"SINDICOM","description":"Trade and repair of pneumatic brakes, air and hydraulic systems for trucks and buses","publisher":{"@id":"https:\/\/sindicom.hr\/en\/#organization"},"potentialAction":[{"@type":"SearchAction","target":{"@type":"EntryPoint","urlTemplate":"https:\/\/sindicom.hr\/en\/?s={search_term_string}"},"query-input":{"@type":"PropertyValueSpecification","valueRequired":true,"valueName":"search_term_string"}}],"inLanguage":"en-US"},{"@type":"Organization","@id":"https:\/\/sindicom.hr\/en\/#organization","name":"SINDICOM d.o.o.","url":"https:\/\/sindicom.hr\/en\/","logo":{"@type":"ImageObject","inLanguage":"en-US","@id":"https:\/\/sindicom.hr\/en\/#\/schema\/logo\/image\/","url":"https:\/\/sindicom.hr\/wp-content\/uploads\/2019\/11\/sindicom_logo_veliki1.jpg.png","contentUrl":"https:\/\/sindicom.hr\/wp-content\/uploads\/2019\/11\/sindicom_logo_veliki1.jpg.png","width":732,"height":706,"caption":"SINDICOM d.o.o."},"image":{"@id":"https:\/\/sindicom.hr\/en\/#\/schema\/logo\/image\/"},"sameAs":["https:\/\/www.facebook.com\/Sindicom-doo-170277286366043\/","https:\/\/instagram.com\/sindicomdoo"]}]}},"_links":{"self":[{"href":"https:\/\/sindicom.hr\/en\/wp-json\/wp\/v2\/product\/50371","targetHints":{"allow":["GET"]}}],"collection":[{"href":"https:\/\/sindicom.hr\/en\/wp-json\/wp\/v2\/product"}],"about":[{"href":"https:\/\/sindicom.hr\/en\/wp-json\/wp\/v2\/types\/product"}],"wp:attachment":[{"href":"https:\/\/sindicom.hr\/en\/wp-json\/wp\/v2\/media?parent=50371"}],"wp:term":[{"taxonomy":"product_brand","embeddable":true,"href":"https:\/\/sindicom.hr\/en\/wp-json\/wp\/v2\/product_brand?post=50371"},{"taxonomy":"product_cat","embeddable":true,"href":"https:\/\/sindicom.hr\/en\/wp-json\/wp\/v2\/product_cat?post=50371"},{"taxonomy":"product_tag","embeddable":true,"href":"https:\/\/sindicom.hr\/en\/wp-json\/wp\/v2\/product_tag?post=50371"}],"curies":[{"name":"wp","href":"https:\/\/api.w.org\/{rel}","templated":true}]}}