{"id":50384,"date":"2025-10-27T12:16:39","date_gmt":"2025-10-27T12:16:39","guid":{"rendered":"https:\/\/sindicom.hr\/?post_type=product&#038;p=50384"},"modified":"2025-10-27T12:16:39","modified_gmt":"2025-10-27T12:16:39","slug":"rezervoar-zraka-25-l-d-276-mm-l-411-413-mm-m22x1-5-mercedes-wabco-zamj","status":"publish","type":"product","link":"https:\/\/sindicom.hr\/en\/katalog\/rezervoar-zraka-25-l-d-276-mm-l-411-413-mm-m22x1-5-mercedes-wabco-zamj\/","title":{"rendered":"REZERVOAR ZRAKA 25 L D-276 mm L-411\/413 mm M22x1.5 MERCEDES WABCO ZAMJ."},"content":{"rendered":"<p>016.373-00A PE AUTOMOTIVE  9505250060 WABCO  030350008 HALDEX  0044324201 MERCEDES  0054323801 MERCEDES  0064324401 MERCEDES  3754323701 MERCEDES  A0044324201 MERCEDES  A0054323801 MERCEDES  A0064324401 MERCEDES  A3754323701 MERCEDES  A 004 432 42 01 MERCEDES  A 005 432 38 01 MERCEDES  A 006 432 44 01 MERCEDES  A 375 432 37 01 MERCEDES  21929 AUGER  4.66426 DT  106041 FEBI  0510 0046 SAMPA  Air tank  Serbatoio aria  Dep\u00f3sito aire  R\u00e9servoir d&#8217;air  Lufttank Luftbeh\u00e4lter Stahl  Air tank 25 l diameter 246mm\/length 604 mm 15.5 bar fits MERCEDES ACTROS; ACTROS MP4; ANTHOS; AROCS; ATEGO; AXOR; ECONIC. ACTROS MP2 \/ MP3. ATEGO. ATEGO 2. AXOR. AXOR 2<\/p>\n","protected":false},"excerpt":{"rendered":"<p>016.373-00A PE AUTOMOTIVE 9505250060 WABCO 030350008 HALDEX 0044324201 MERCEDES 0054323801  [&#8230;]<\/p>\n","protected":false},"featured_media":0,"template":"","meta":{"inline_featured_image":false},"product_brand":[],"product_cat":[],"product_tag":[],"class_list":{"0":"post-50384","1":"product","2":"type-product","3":"status-publish","6":"first","7":"instock","8":"shipping-taxable","9":"purchasable","10":"product-type-simple"},"yoast_head":"<!-- This site is optimized with the Yoast SEO plugin v26.2 - https:\/\/yoast.com\/wordpress\/plugins\/seo\/ -->\n<title>REZERVOAR ZRAKA 25 L D-276 mm L-411\/413 mm M22x1.5 MERCEDES WABCO ZAMJ. - Sindicom<\/title>\n<meta name=\"robots\" content=\"index, follow, max-snippet:-1, max-image-preview:large, max-video-preview:-1\" \/>\n<link rel=\"canonical\" href=\"https:\/\/sindicom.hr\/en\/katalog\/rezervoar-zraka-25-l-d-276-mm-l-411-413-mm-m22x1-5-mercedes-wabco-zamj\/\" \/>\n<meta property=\"og:locale\" content=\"en_US\" \/>\n<meta property=\"og:type\" content=\"article\" \/>\n<meta property=\"og:title\" content=\"REZERVOAR ZRAKA 25 L D-276 mm L-411\/413 mm M22x1.5 MERCEDES WABCO ZAMJ. - Sindicom\" \/>\n<meta property=\"og:description\" content=\"016.373-00A PE AUTOMOTIVE 9505250060 WABCO 030350008 HALDEX 0044324201 MERCEDES 0054323801 [...]\" \/>\n<meta property=\"og:url\" content=\"https:\/\/sindicom.hr\/en\/katalog\/rezervoar-zraka-25-l-d-276-mm-l-411-413-mm-m22x1-5-mercedes-wabco-zamj\/\" \/>\n<meta property=\"og:site_name\" content=\"Sindicom\" \/>\n<meta property=\"article:publisher\" content=\"https:\/\/www.facebook.com\/Sindicom-doo-170277286366043\/\" \/>\n<meta name=\"twitter:card\" content=\"summary_large_image\" \/>\n<script type=\"application\/ld+json\" class=\"yoast-schema-graph\">{\"@context\":\"https:\/\/schema.org\",\"@graph\":[{\"@type\":\"WebPage\",\"@id\":\"https:\/\/sindicom.hr\/en\/katalog\/rezervoar-zraka-25-l-d-276-mm-l-411-413-mm-m22x1-5-mercedes-wabco-zamj\/\",\"url\":\"https:\/\/sindicom.hr\/en\/katalog\/rezervoar-zraka-25-l-d-276-mm-l-411-413-mm-m22x1-5-mercedes-wabco-zamj\/\",\"name\":\"REZERVOAR ZRAKA 25 L D-276 mm L-411\/413 mm M22x1.5 MERCEDES WABCO ZAMJ. - Sindicom\",\"isPartOf\":{\"@id\":\"https:\/\/sindicom.hr\/en\/#website\"},\"datePublished\":\"2025-10-27T12:16:39+00:00\",\"breadcrumb\":{\"@id\":\"https:\/\/sindicom.hr\/en\/katalog\/rezervoar-zraka-25-l-d-276-mm-l-411-413-mm-m22x1-5-mercedes-wabco-zamj\/#breadcrumb\"},\"inLanguage\":\"en-US\",\"potentialAction\":[{\"@type\":\"ReadAction\",\"target\":[\"https:\/\/sindicom.hr\/en\/katalog\/rezervoar-zraka-25-l-d-276-mm-l-411-413-mm-m22x1-5-mercedes-wabco-zamj\/\"]}]},{\"@type\":\"BreadcrumbList\",\"@id\":\"https:\/\/sindicom.hr\/en\/katalog\/rezervoar-zraka-25-l-d-276-mm-l-411-413-mm-m22x1-5-mercedes-wabco-zamj\/#breadcrumb\",\"itemListElement\":[{\"@type\":\"ListItem\",\"position\":1,\"name\":\"Po\u010detna stranica\",\"item\":\"https:\/\/sindicom.hr\/en\/\"},{\"@type\":\"ListItem\",\"position\":2,\"name\":\"Katalog dijelova\",\"item\":\"https:\/\/sindicom.hr\/en\/catalog\/\"},{\"@type\":\"ListItem\",\"position\":3,\"name\":\"REZERVOAR ZRAKA 25 L D-276 mm L-411\/413 mm M22x1.5 MERCEDES WABCO ZAMJ.\"}]},{\"@type\":\"WebSite\",\"@id\":\"https:\/\/sindicom.hr\/en\/#website\",\"url\":\"https:\/\/sindicom.hr\/en\/\",\"name\":\"SINDICOM\",\"description\":\"Trade and repair of pneumatic brakes, air and hydraulic systems for trucks and buses\",\"publisher\":{\"@id\":\"https:\/\/sindicom.hr\/en\/#organization\"},\"potentialAction\":[{\"@type\":\"SearchAction\",\"target\":{\"@type\":\"EntryPoint\",\"urlTemplate\":\"https:\/\/sindicom.hr\/en\/?s={search_term_string}\"},\"query-input\":{\"@type\":\"PropertyValueSpecification\",\"valueRequired\":true,\"valueName\":\"search_term_string\"}}],\"inLanguage\":\"en-US\"},{\"@type\":\"Organization\",\"@id\":\"https:\/\/sindicom.hr\/en\/#organization\",\"name\":\"SINDICOM d.o.o.\",\"url\":\"https:\/\/sindicom.hr\/en\/\",\"logo\":{\"@type\":\"ImageObject\",\"inLanguage\":\"en-US\",\"@id\":\"https:\/\/sindicom.hr\/en\/#\/schema\/logo\/image\/\",\"url\":\"https:\/\/sindicom.hr\/wp-content\/uploads\/2019\/11\/sindicom_logo_veliki1.jpg.png\",\"contentUrl\":\"https:\/\/sindicom.hr\/wp-content\/uploads\/2019\/11\/sindicom_logo_veliki1.jpg.png\",\"width\":732,\"height\":706,\"caption\":\"SINDICOM d.o.o.\"},\"image\":{\"@id\":\"https:\/\/sindicom.hr\/en\/#\/schema\/logo\/image\/\"},\"sameAs\":[\"https:\/\/www.facebook.com\/Sindicom-doo-170277286366043\/\",\"https:\/\/instagram.com\/sindicomdoo\"]}]}<\/script>\n<!-- \/ Yoast SEO plugin. -->","yoast_head_json":{"title":"REZERVOAR ZRAKA 25 L D-276 mm L-411\/413 mm M22x1.5 MERCEDES WABCO ZAMJ. - Sindicom","robots":{"index":"index","follow":"follow","max-snippet":"max-snippet:-1","max-image-preview":"max-image-preview:large","max-video-preview":"max-video-preview:-1"},"canonical":"https:\/\/sindicom.hr\/en\/katalog\/rezervoar-zraka-25-l-d-276-mm-l-411-413-mm-m22x1-5-mercedes-wabco-zamj\/","og_locale":"en_US","og_type":"article","og_title":"REZERVOAR ZRAKA 25 L D-276 mm L-411\/413 mm M22x1.5 MERCEDES WABCO ZAMJ. - Sindicom","og_description":"016.373-00A PE AUTOMOTIVE 9505250060 WABCO 030350008 HALDEX 0044324201 MERCEDES 0054323801 [...]","og_url":"https:\/\/sindicom.hr\/en\/katalog\/rezervoar-zraka-25-l-d-276-mm-l-411-413-mm-m22x1-5-mercedes-wabco-zamj\/","og_site_name":"Sindicom","article_publisher":"https:\/\/www.facebook.com\/Sindicom-doo-170277286366043\/","twitter_card":"summary_large_image","schema":{"@context":"https:\/\/schema.org","@graph":[{"@type":"WebPage","@id":"https:\/\/sindicom.hr\/en\/katalog\/rezervoar-zraka-25-l-d-276-mm-l-411-413-mm-m22x1-5-mercedes-wabco-zamj\/","url":"https:\/\/sindicom.hr\/en\/katalog\/rezervoar-zraka-25-l-d-276-mm-l-411-413-mm-m22x1-5-mercedes-wabco-zamj\/","name":"REZERVOAR ZRAKA 25 L D-276 mm L-411\/413 mm M22x1.5 MERCEDES WABCO ZAMJ. - Sindicom","isPartOf":{"@id":"https:\/\/sindicom.hr\/en\/#website"},"datePublished":"2025-10-27T12:16:39+00:00","breadcrumb":{"@id":"https:\/\/sindicom.hr\/en\/katalog\/rezervoar-zraka-25-l-d-276-mm-l-411-413-mm-m22x1-5-mercedes-wabco-zamj\/#breadcrumb"},"inLanguage":"en-US","potentialAction":[{"@type":"ReadAction","target":["https:\/\/sindicom.hr\/en\/katalog\/rezervoar-zraka-25-l-d-276-mm-l-411-413-mm-m22x1-5-mercedes-wabco-zamj\/"]}]},{"@type":"BreadcrumbList","@id":"https:\/\/sindicom.hr\/en\/katalog\/rezervoar-zraka-25-l-d-276-mm-l-411-413-mm-m22x1-5-mercedes-wabco-zamj\/#breadcrumb","itemListElement":[{"@type":"ListItem","position":1,"name":"Po\u010detna stranica","item":"https:\/\/sindicom.hr\/en\/"},{"@type":"ListItem","position":2,"name":"Katalog dijelova","item":"https:\/\/sindicom.hr\/en\/catalog\/"},{"@type":"ListItem","position":3,"name":"REZERVOAR ZRAKA 25 L D-276 mm L-411\/413 mm M22x1.5 MERCEDES WABCO ZAMJ."}]},{"@type":"WebSite","@id":"https:\/\/sindicom.hr\/en\/#website","url":"https:\/\/sindicom.hr\/en\/","name":"SINDICOM","description":"Trade and repair of pneumatic brakes, air and hydraulic systems for trucks and buses","publisher":{"@id":"https:\/\/sindicom.hr\/en\/#organization"},"potentialAction":[{"@type":"SearchAction","target":{"@type":"EntryPoint","urlTemplate":"https:\/\/sindicom.hr\/en\/?s={search_term_string}"},"query-input":{"@type":"PropertyValueSpecification","valueRequired":true,"valueName":"search_term_string"}}],"inLanguage":"en-US"},{"@type":"Organization","@id":"https:\/\/sindicom.hr\/en\/#organization","name":"SINDICOM d.o.o.","url":"https:\/\/sindicom.hr\/en\/","logo":{"@type":"ImageObject","inLanguage":"en-US","@id":"https:\/\/sindicom.hr\/en\/#\/schema\/logo\/image\/","url":"https:\/\/sindicom.hr\/wp-content\/uploads\/2019\/11\/sindicom_logo_veliki1.jpg.png","contentUrl":"https:\/\/sindicom.hr\/wp-content\/uploads\/2019\/11\/sindicom_logo_veliki1.jpg.png","width":732,"height":706,"caption":"SINDICOM d.o.o."},"image":{"@id":"https:\/\/sindicom.hr\/en\/#\/schema\/logo\/image\/"},"sameAs":["https:\/\/www.facebook.com\/Sindicom-doo-170277286366043\/","https:\/\/instagram.com\/sindicomdoo"]}]}},"_links":{"self":[{"href":"https:\/\/sindicom.hr\/en\/wp-json\/wp\/v2\/product\/50384","targetHints":{"allow":["GET"]}}],"collection":[{"href":"https:\/\/sindicom.hr\/en\/wp-json\/wp\/v2\/product"}],"about":[{"href":"https:\/\/sindicom.hr\/en\/wp-json\/wp\/v2\/types\/product"}],"wp:attachment":[{"href":"https:\/\/sindicom.hr\/en\/wp-json\/wp\/v2\/media?parent=50384"}],"wp:term":[{"taxonomy":"product_brand","embeddable":true,"href":"https:\/\/sindicom.hr\/en\/wp-json\/wp\/v2\/product_brand?post=50384"},{"taxonomy":"product_cat","embeddable":true,"href":"https:\/\/sindicom.hr\/en\/wp-json\/wp\/v2\/product_cat?post=50384"},{"taxonomy":"product_tag","embeddable":true,"href":"https:\/\/sindicom.hr\/en\/wp-json\/wp\/v2\/product_tag?post=50384"}],"curies":[{"name":"wp","href":"https:\/\/api.w.org\/{rel}","templated":true}]}}