{"id":50399,"date":"2025-10-27T12:17:00","date_gmt":"2025-10-27T12:17:00","guid":{"rendered":"https:\/\/sindicom.hr\/?post_type=product&#038;p=50399"},"modified":"2025-12-05T12:23:32","modified_gmt":"2025-12-05T12:23:32","slug":"set-kocione-pedale-s-centralnim-ventilom-utovarivaca-volvo-30x19x29-mm-bendix-zamj","status":"publish","type":"product","link":"https:\/\/sindicom.hr\/en\/katalog\/set-kocione-pedale-s-centralnim-ventilom-utovarivaca-volvo-30x19x29-mm-bendix-zamj\/","title":{"rendered":"SET KO\u010cIONE PEDALE S CENTRALNIM VENTILOM UTOVARIVA\u010cA VOLVO 30x19x29 mm BENDIX ZAMJ."},"content":{"rendered":"<p>J69RK009A MAJORSELL<br \/>\n060016 MAJORSELL<br \/>\nT239649 BENDIX<br \/>\n277863 BENDIX<br \/>\nGA29155 VOLVO<br \/>\nASA5746 VOLVO<br \/>\nGA29155 BENDIX<br \/>\nASA5746 BENDIX<br \/>\nGA29155 KNORR<br \/>\nASA5746 KNORR<br \/>\nBSK.48 TRUCKTECNIC<br \/>\nBSK48 TRUCKTECNIC<br \/>\nRepair kit<br \/>\nSpares Kit<br \/>\nReparatieset<br \/>\nReparatursatz<br \/>\nReparationssat<br \/>\nKit di riparazione<br \/>\nKit de r\u00e9paration<br \/>\nKit de reparaci\u00f3n<br \/>\nZestaw naprawczy<br \/>\nFoot brake valve repair kit<br \/>\nRepair kit<br \/>\nSpares Kit<br \/>\nReparatieset<br \/>\nReparatursatz<br \/>\nReparationssat<br \/>\nKit di riparazione<br \/>\nKit de r\u00e9paration<br \/>\nKit de reparaci\u00f3n<br \/>\nZestaw naprawczy<br \/>\nVolvo loader working machine foot brake valve repair kit<br \/>\nReparatursatz f\u00fcr Fu\u00dfbremsventile von Volvo-Lademaschinen<br \/>\nKit de reparaci\u00f3n de la v\u00e1lvula del freno de pie de la m\u00e1quina cargadora Volvo<br \/>\nKit di riparazione della valvola del freno a pedale per macchine operatrici Volvo<\/p>\n","protected":false},"excerpt":{"rendered":"<p><img decoding=\"async\" class=\"alignnone size-medium wp-image-17694\" src=\"https:\/\/sindicom.hr\/wp-content\/uploads\/2020\/05\/aftermarket-300x300.png\" alt=\"\" width=\"300\" height=\"300\" srcset=\"https:\/\/sindicom.hr\/wp-content\/uploads\/2020\/05\/aftermarket-64x64.png 64w, https:\/\/sindicom.hr\/wp-content\/uploads\/2020\/05\/aftermarket-66x66.png 66w, https:\/\/sindicom.hr\/wp-content\/uploads\/2020\/05\/aftermarket-100x100.png 100w, https:\/\/sindicom.hr\/wp-content\/uploads\/2020\/05\/aftermarket-150x150.png 150w, https:\/\/sindicom.hr\/wp-content\/uploads\/2020\/05\/aftermarket-200x200.png 200w, https:\/\/sindicom.hr\/wp-content\/uploads\/2020\/05\/aftermarket.png 300w\" sizes=\"(max-width: 300px) 100vw, 300px\" \/><\/p>\n","protected":false},"featured_media":51400,"template":"","meta":{"inline_featured_image":false},"product_brand":[],"product_cat":[15,278,140,120,215],"product_tag":[],"class_list":{"0":"post-50399","1":"product","2":"type-product","3":"status-publish","4":"has-post-thumbnail","6":"product_cat-all-products","7":"product_cat-ostali-rezervni-dijelovi-other-spare-parts-andere-ersatzteile-altri-ricambi","8":"product_cat-radni-strojevi","9":"product_cat-reparaturni-setovi","10":"product_cat-volvo-radni-strojevi","12":"first","13":"instock","14":"shipping-taxable","15":"purchasable","16":"product-type-simple"},"yoast_head":"<!-- This site is optimized with the Yoast SEO plugin v26.2 - https:\/\/yoast.com\/wordpress\/plugins\/seo\/ -->\n<title>SET KO\u010cIONE PEDALE S CENTRALNIM VENTILOM UTOVARIVA\u010cA VOLVO 30x19x29 mm BENDIX ZAMJ. - Sindicom<\/title>\n<meta name=\"robots\" content=\"index, follow, max-snippet:-1, max-image-preview:large, max-video-preview:-1\" \/>\n<link rel=\"canonical\" href=\"https:\/\/sindicom.hr\/en\/katalog\/set-kocione-pedale-s-centralnim-ventilom-utovarivaca-volvo-30x19x29-mm-bendix-zamj\/\" \/>\n<meta property=\"og:locale\" content=\"en_US\" \/>\n<meta property=\"og:type\" content=\"article\" \/>\n<meta property=\"og:title\" content=\"SET KO\u010cIONE PEDALE S CENTRALNIM VENTILOM UTOVARIVA\u010cA VOLVO 30x19x29 mm BENDIX ZAMJ. - Sindicom\" \/>\n<meta property=\"og:url\" content=\"https:\/\/sindicom.hr\/en\/katalog\/set-kocione-pedale-s-centralnim-ventilom-utovarivaca-volvo-30x19x29-mm-bendix-zamj\/\" \/>\n<meta property=\"og:site_name\" content=\"Sindicom\" \/>\n<meta property=\"article:publisher\" content=\"https:\/\/www.facebook.com\/Sindicom-doo-170277286366043\/\" \/>\n<meta property=\"article:modified_time\" content=\"2025-12-05T12:23:32+00:00\" \/>\n<meta property=\"og:image\" content=\"https:\/\/sindicom.hr\/wp-content\/uploads\/2025\/10\/J69RK009A-1.webp\" \/>\n\t<meta property=\"og:image:width\" content=\"1600\" \/>\n\t<meta property=\"og:image:height\" content=\"900\" \/>\n\t<meta property=\"og:image:type\" content=\"image\/webp\" \/>\n<meta name=\"twitter:card\" content=\"summary_large_image\" \/>\n<meta name=\"twitter:label1\" content=\"Est. reading time\" \/>\n\t<meta name=\"twitter:data1\" content=\"1 minute\" \/>\n<script type=\"application\/ld+json\" class=\"yoast-schema-graph\">{\"@context\":\"https:\/\/schema.org\",\"@graph\":[{\"@type\":\"WebPage\",\"@id\":\"https:\/\/sindicom.hr\/en\/katalog\/set-kocione-pedale-s-centralnim-ventilom-utovarivaca-volvo-30x19x29-mm-bendix-zamj\/\",\"url\":\"https:\/\/sindicom.hr\/en\/katalog\/set-kocione-pedale-s-centralnim-ventilom-utovarivaca-volvo-30x19x29-mm-bendix-zamj\/\",\"name\":\"SET KO\u010cIONE PEDALE S CENTRALNIM VENTILOM UTOVARIVA\u010cA VOLVO 30x19x29 mm BENDIX ZAMJ. - Sindicom\",\"isPartOf\":{\"@id\":\"https:\/\/sindicom.hr\/en\/#website\"},\"primaryImageOfPage\":{\"@id\":\"https:\/\/sindicom.hr\/en\/katalog\/set-kocione-pedale-s-centralnim-ventilom-utovarivaca-volvo-30x19x29-mm-bendix-zamj\/#primaryimage\"},\"image\":{\"@id\":\"https:\/\/sindicom.hr\/en\/katalog\/set-kocione-pedale-s-centralnim-ventilom-utovarivaca-volvo-30x19x29-mm-bendix-zamj\/#primaryimage\"},\"thumbnailUrl\":\"https:\/\/sindicom.hr\/wp-content\/uploads\/2025\/10\/J69RK009A-1.webp\",\"datePublished\":\"2025-10-27T12:17:00+00:00\",\"dateModified\":\"2025-12-05T12:23:32+00:00\",\"breadcrumb\":{\"@id\":\"https:\/\/sindicom.hr\/en\/katalog\/set-kocione-pedale-s-centralnim-ventilom-utovarivaca-volvo-30x19x29-mm-bendix-zamj\/#breadcrumb\"},\"inLanguage\":\"en-US\",\"potentialAction\":[{\"@type\":\"ReadAction\",\"target\":[\"https:\/\/sindicom.hr\/en\/katalog\/set-kocione-pedale-s-centralnim-ventilom-utovarivaca-volvo-30x19x29-mm-bendix-zamj\/\"]}]},{\"@type\":\"ImageObject\",\"inLanguage\":\"en-US\",\"@id\":\"https:\/\/sindicom.hr\/en\/katalog\/set-kocione-pedale-s-centralnim-ventilom-utovarivaca-volvo-30x19x29-mm-bendix-zamj\/#primaryimage\",\"url\":\"https:\/\/sindicom.hr\/wp-content\/uploads\/2025\/10\/J69RK009A-1.webp\",\"contentUrl\":\"https:\/\/sindicom.hr\/wp-content\/uploads\/2025\/10\/J69RK009A-1.webp\",\"width\":1600,\"height\":900},{\"@type\":\"BreadcrumbList\",\"@id\":\"https:\/\/sindicom.hr\/en\/katalog\/set-kocione-pedale-s-centralnim-ventilom-utovarivaca-volvo-30x19x29-mm-bendix-zamj\/#breadcrumb\",\"itemListElement\":[{\"@type\":\"ListItem\",\"position\":1,\"name\":\"Po\u010detna stranica\",\"item\":\"https:\/\/sindicom.hr\/en\/\"},{\"@type\":\"ListItem\",\"position\":2,\"name\":\"Katalog dijelova\",\"item\":\"https:\/\/sindicom.hr\/en\/catalog\/\"},{\"@type\":\"ListItem\",\"position\":3,\"name\":\"SET KO\u010cIONE PEDALE S CENTRALNIM VENTILOM UTOVARIVA\u010cA VOLVO 30x19x29 mm BENDIX ZAMJ.\"}]},{\"@type\":\"WebSite\",\"@id\":\"https:\/\/sindicom.hr\/en\/#website\",\"url\":\"https:\/\/sindicom.hr\/en\/\",\"name\":\"SINDICOM\",\"description\":\"Trade and repair of pneumatic brakes, air and hydraulic systems for trucks and buses\",\"publisher\":{\"@id\":\"https:\/\/sindicom.hr\/en\/#organization\"},\"potentialAction\":[{\"@type\":\"SearchAction\",\"target\":{\"@type\":\"EntryPoint\",\"urlTemplate\":\"https:\/\/sindicom.hr\/en\/?s={search_term_string}\"},\"query-input\":{\"@type\":\"PropertyValueSpecification\",\"valueRequired\":true,\"valueName\":\"search_term_string\"}}],\"inLanguage\":\"en-US\"},{\"@type\":\"Organization\",\"@id\":\"https:\/\/sindicom.hr\/en\/#organization\",\"name\":\"SINDICOM d.o.o.\",\"url\":\"https:\/\/sindicom.hr\/en\/\",\"logo\":{\"@type\":\"ImageObject\",\"inLanguage\":\"en-US\",\"@id\":\"https:\/\/sindicom.hr\/en\/#\/schema\/logo\/image\/\",\"url\":\"https:\/\/sindicom.hr\/wp-content\/uploads\/2019\/11\/sindicom_logo_veliki1.jpg.png\",\"contentUrl\":\"https:\/\/sindicom.hr\/wp-content\/uploads\/2019\/11\/sindicom_logo_veliki1.jpg.png\",\"width\":732,\"height\":706,\"caption\":\"SINDICOM d.o.o.\"},\"image\":{\"@id\":\"https:\/\/sindicom.hr\/en\/#\/schema\/logo\/image\/\"},\"sameAs\":[\"https:\/\/www.facebook.com\/Sindicom-doo-170277286366043\/\",\"https:\/\/instagram.com\/sindicomdoo\"]}]}<\/script>\n<!-- \/ Yoast SEO plugin. -->","yoast_head_json":{"title":"SET KO\u010cIONE PEDALE S CENTRALNIM VENTILOM UTOVARIVA\u010cA VOLVO 30x19x29 mm BENDIX ZAMJ. - Sindicom","robots":{"index":"index","follow":"follow","max-snippet":"max-snippet:-1","max-image-preview":"max-image-preview:large","max-video-preview":"max-video-preview:-1"},"canonical":"https:\/\/sindicom.hr\/en\/katalog\/set-kocione-pedale-s-centralnim-ventilom-utovarivaca-volvo-30x19x29-mm-bendix-zamj\/","og_locale":"en_US","og_type":"article","og_title":"SET KO\u010cIONE PEDALE S CENTRALNIM VENTILOM UTOVARIVA\u010cA VOLVO 30x19x29 mm BENDIX ZAMJ. - Sindicom","og_url":"https:\/\/sindicom.hr\/en\/katalog\/set-kocione-pedale-s-centralnim-ventilom-utovarivaca-volvo-30x19x29-mm-bendix-zamj\/","og_site_name":"Sindicom","article_publisher":"https:\/\/www.facebook.com\/Sindicom-doo-170277286366043\/","article_modified_time":"2025-12-05T12:23:32+00:00","og_image":[{"width":1600,"height":900,"url":"https:\/\/sindicom.hr\/wp-content\/uploads\/2025\/10\/J69RK009A-1.webp","type":"image\/webp"}],"twitter_card":"summary_large_image","twitter_misc":{"Est. reading time":"1 minute"},"schema":{"@context":"https:\/\/schema.org","@graph":[{"@type":"WebPage","@id":"https:\/\/sindicom.hr\/en\/katalog\/set-kocione-pedale-s-centralnim-ventilom-utovarivaca-volvo-30x19x29-mm-bendix-zamj\/","url":"https:\/\/sindicom.hr\/en\/katalog\/set-kocione-pedale-s-centralnim-ventilom-utovarivaca-volvo-30x19x29-mm-bendix-zamj\/","name":"SET KO\u010cIONE PEDALE S CENTRALNIM VENTILOM UTOVARIVA\u010cA VOLVO 30x19x29 mm BENDIX ZAMJ. - Sindicom","isPartOf":{"@id":"https:\/\/sindicom.hr\/en\/#website"},"primaryImageOfPage":{"@id":"https:\/\/sindicom.hr\/en\/katalog\/set-kocione-pedale-s-centralnim-ventilom-utovarivaca-volvo-30x19x29-mm-bendix-zamj\/#primaryimage"},"image":{"@id":"https:\/\/sindicom.hr\/en\/katalog\/set-kocione-pedale-s-centralnim-ventilom-utovarivaca-volvo-30x19x29-mm-bendix-zamj\/#primaryimage"},"thumbnailUrl":"https:\/\/sindicom.hr\/wp-content\/uploads\/2025\/10\/J69RK009A-1.webp","datePublished":"2025-10-27T12:17:00+00:00","dateModified":"2025-12-05T12:23:32+00:00","breadcrumb":{"@id":"https:\/\/sindicom.hr\/en\/katalog\/set-kocione-pedale-s-centralnim-ventilom-utovarivaca-volvo-30x19x29-mm-bendix-zamj\/#breadcrumb"},"inLanguage":"en-US","potentialAction":[{"@type":"ReadAction","target":["https:\/\/sindicom.hr\/en\/katalog\/set-kocione-pedale-s-centralnim-ventilom-utovarivaca-volvo-30x19x29-mm-bendix-zamj\/"]}]},{"@type":"ImageObject","inLanguage":"en-US","@id":"https:\/\/sindicom.hr\/en\/katalog\/set-kocione-pedale-s-centralnim-ventilom-utovarivaca-volvo-30x19x29-mm-bendix-zamj\/#primaryimage","url":"https:\/\/sindicom.hr\/wp-content\/uploads\/2025\/10\/J69RK009A-1.webp","contentUrl":"https:\/\/sindicom.hr\/wp-content\/uploads\/2025\/10\/J69RK009A-1.webp","width":1600,"height":900},{"@type":"BreadcrumbList","@id":"https:\/\/sindicom.hr\/en\/katalog\/set-kocione-pedale-s-centralnim-ventilom-utovarivaca-volvo-30x19x29-mm-bendix-zamj\/#breadcrumb","itemListElement":[{"@type":"ListItem","position":1,"name":"Po\u010detna stranica","item":"https:\/\/sindicom.hr\/en\/"},{"@type":"ListItem","position":2,"name":"Katalog dijelova","item":"https:\/\/sindicom.hr\/en\/catalog\/"},{"@type":"ListItem","position":3,"name":"SET KO\u010cIONE PEDALE S CENTRALNIM VENTILOM UTOVARIVA\u010cA VOLVO 30x19x29 mm BENDIX ZAMJ."}]},{"@type":"WebSite","@id":"https:\/\/sindicom.hr\/en\/#website","url":"https:\/\/sindicom.hr\/en\/","name":"SINDICOM","description":"Trade and repair of pneumatic brakes, air and hydraulic systems for trucks and buses","publisher":{"@id":"https:\/\/sindicom.hr\/en\/#organization"},"potentialAction":[{"@type":"SearchAction","target":{"@type":"EntryPoint","urlTemplate":"https:\/\/sindicom.hr\/en\/?s={search_term_string}"},"query-input":{"@type":"PropertyValueSpecification","valueRequired":true,"valueName":"search_term_string"}}],"inLanguage":"en-US"},{"@type":"Organization","@id":"https:\/\/sindicom.hr\/en\/#organization","name":"SINDICOM d.o.o.","url":"https:\/\/sindicom.hr\/en\/","logo":{"@type":"ImageObject","inLanguage":"en-US","@id":"https:\/\/sindicom.hr\/en\/#\/schema\/logo\/image\/","url":"https:\/\/sindicom.hr\/wp-content\/uploads\/2019\/11\/sindicom_logo_veliki1.jpg.png","contentUrl":"https:\/\/sindicom.hr\/wp-content\/uploads\/2019\/11\/sindicom_logo_veliki1.jpg.png","width":732,"height":706,"caption":"SINDICOM d.o.o."},"image":{"@id":"https:\/\/sindicom.hr\/en\/#\/schema\/logo\/image\/"},"sameAs":["https:\/\/www.facebook.com\/Sindicom-doo-170277286366043\/","https:\/\/instagram.com\/sindicomdoo"]}]}},"_links":{"self":[{"href":"https:\/\/sindicom.hr\/en\/wp-json\/wp\/v2\/product\/50399","targetHints":{"allow":["GET"]}}],"collection":[{"href":"https:\/\/sindicom.hr\/en\/wp-json\/wp\/v2\/product"}],"about":[{"href":"https:\/\/sindicom.hr\/en\/wp-json\/wp\/v2\/types\/product"}],"wp:featuredmedia":[{"embeddable":true,"href":"https:\/\/sindicom.hr\/en\/wp-json\/wp\/v2\/media\/51400"}],"wp:attachment":[{"href":"https:\/\/sindicom.hr\/en\/wp-json\/wp\/v2\/media?parent=50399"}],"wp:term":[{"taxonomy":"product_brand","embeddable":true,"href":"https:\/\/sindicom.hr\/en\/wp-json\/wp\/v2\/product_brand?post=50399"},{"taxonomy":"product_cat","embeddable":true,"href":"https:\/\/sindicom.hr\/en\/wp-json\/wp\/v2\/product_cat?post=50399"},{"taxonomy":"product_tag","embeddable":true,"href":"https:\/\/sindicom.hr\/en\/wp-json\/wp\/v2\/product_tag?post=50399"}],"curies":[{"name":"wp","href":"https:\/\/api.w.org\/{rel}","templated":true}]}}