{"id":51006,"date":"2025-11-20T10:22:21","date_gmt":"2025-11-20T10:22:21","guid":{"rendered":"https:\/\/sindicom.hr\/?post_type=product&#038;p=51006"},"modified":"2025-11-20T11:24:58","modified_gmt":"2025-11-20T11:24:58","slug":"ventil-rucne-kocnice-3-prikljucka-m14x15-mm-ppt-agis-haldex-zamj","status":"publish","type":"product","link":"https:\/\/sindicom.hr\/en\/katalog\/ventil-rucne-kocnice-3-prikljucka-m14x15-mm-ppt-agis-haldex-zamj\/","title":{"rendered":"VENTIL RU\u010cNE KO\u010cNICE 3 PRIKLJU\u010cKA M14x1,5 mm PPT AGIS HALDEX ZAMJ."},"content":{"rendered":"<p>4.61784 DT<br \/>\n328011031 AGIS<br \/>\n328011031 HALDEX<br \/>\n328011011 HALDEX<br \/>\n330704801 HALDEX<br \/>\n9617011020 WABCO<br \/>\n9617011050 WABCO<br \/>\n9617011057 WABCO<br \/>\n9617011100 WABCO<br \/>\n9617011000 WABCO<br \/>\n9617011010 WABCO<br \/>\n9617011017 WABCO<br \/>\nHB1110 KNORR<br \/>\nHB1132 KNORR<br \/>\nHB1133 KNORR<br \/>\nHB1136 KNORR<br \/>\nHB1135 KNORR<br \/>\nI58021 KNORR-BREMSE<br \/>\nI71008 KNORR-BREMSE<br \/>\nI71252 KNORR-BREMSE<br \/>\nI71252AT KNORR-BREMSE<br \/>\nI71268 KNORR-BREMSE<br \/>\nI71268AT KNORR-BREMSE<br \/>\nI71268ATR KNORR-BREMSE<br \/>\nI71268ES KNORR-BREMSE<br \/>\nI86107 KNORR-BREMSE<br \/>\nI86107AT KNORR-BREMSE<br \/>\nI86107ATR KNORR-BREMSE<br \/>\nI86107ES KNORR-BREMSE<br \/>\nI86108 KNORR-BREMSE<br \/>\nI86108AT KNORR-BREMSE<br \/>\nI86108ATR KNORR-BREMSE<br \/>\nI86108ES KNORR-BREMSE<br \/>\nI86109 KNORR-BREMSE<br \/>\n5305420<br \/>\n190A110<br \/>\n150B7VP<br \/>\nGV5305420<br \/>\n170456A DAF<br \/>\n1617108 FAUN<br \/>\n1617166 FAUN<br \/>\n400555 SCANIA<br \/>\n10571107 SCANIA<br \/>\n1132026 VOLVO<br \/>\n01373808 IVECO<br \/>\n02468535 IVECO<br \/>\n02498634 IVECO<br \/>\n02515048 IVECO<br \/>\n04467945 IVECO<br \/>\n04710940 IVECO<br \/>\n04713746 IVECO<br \/>\n08123715 IVECO<br \/>\n81523156044 MAN<br \/>\n81523156053 MAN<br \/>\n81523156154 MAN<br \/>\n81.52315-6044 MAN<br \/>\n81.52315-6053 MAN<br \/>\n81.52315-6154 MAN<br \/>\n99.00035.0059 MAN<br \/>\n11.02651.0099 MAN<br \/>\n11.02653.0099 MAN<br \/>\n79000360343 STEYR<br \/>\n89000360390 STEYR<br \/>\n5000004989 RENAULT<br \/>\n8283625000 EVOBUS<br \/>\nA8.283.625.000 EVOBUS<br \/>\n3454307381 MERCEDES<br \/>\nA3454307381 MERCEDES<br \/>\n0004306481 MERCEDES<br \/>\nA0004306481 MERCEDES<br \/>\n0004305581 MERCEDES<br \/>\nA0004305581 MERCEDES<br \/>\n0004306681 MERCEDES<br \/>\nA0004306681 MERCEDES<br \/>\n0004305581 MERCEDES<br \/>\nA0004305581 MERCEDES<br \/>\n0004307181 MERCEDES<br \/>\nA0004307181 MERCEDES<br \/>\nA000430558180 MERCEDES<br \/>\nA 000 430 55 81 MERCEDES<br \/>\nA 000 430 64 81 MERCEDES<br \/>\nA 000 430 66 81 MERCEDES<br \/>\n328011031 GRAU AGIS<br \/>\n2224102 COJALI<br \/>\nTT05.06.001 MERITOR<br \/>\nHand brake valve<br \/>\nHandbremsventil<br \/>\nValvola freno a mano<br \/>\nParking brake valve<br \/>\nV\u00e1lvula de freno de mano<br \/>\nHand brake valve fits IVECO P\/PA-HAUBENFAHRZEUGE; MERCEDES NG, OF, T2\/L 01.72<\/p>\n","protected":false},"excerpt":{"rendered":"<p><img decoding=\"async\" class=\"alignnone size-medium wp-image-17694\" src=\"https:\/\/sindicom.hr\/wp-content\/uploads\/2020\/05\/aftermarket-300x300.png\" alt=\"\" width=\"300\" height=\"300\" srcset=\"https:\/\/sindicom.hr\/wp-content\/uploads\/2020\/05\/aftermarket-64x64.png 64w, https:\/\/sindicom.hr\/wp-content\/uploads\/2020\/05\/aftermarket-66x66.png 66w, https:\/\/sindicom.hr\/wp-content\/uploads\/2020\/05\/aftermarket-100x100.png 100w, https:\/\/sindicom.hr\/wp-content\/uploads\/2020\/05\/aftermarket-150x150.png 150w, https:\/\/sindicom.hr\/wp-content\/uploads\/2020\/05\/aftermarket-200x200.png 200w, https:\/\/sindicom.hr\/wp-content\/uploads\/2020\/05\/aftermarket.png 300w\" sizes=\"(max-width: 300px) 100vw, 300px\" \/><\/p>\n","protected":false},"featured_media":51007,"template":"","meta":{"inline_featured_image":false},"product_brand":[],"product_cat":[15,96,126,101,110,108,113,112,109,218,144,107,70,111],"product_tag":[],"class_list":{"0":"post-51006","1":"product","2":"type-product","3":"status-publish","4":"has-post-thumbnail","6":"product_cat-all-products","7":"product_cat-busevi","8":"product_cat-daf","9":"product_cat-evobus","10":"product_cat-iveco-teretna-vozila","11":"product_cat-man-teretna-vozila","12":"product_cat-mercedes-teretna-vozila","13":"product_cat-renault","14":"product_cat-scania-teretna-vozila","15":"product_cat-steyr-teretna-vozila","16":"product_cat-tam","17":"product_cat-teretna-vozila","18":"product_cat-ventili-rucne-kocnice","19":"product_cat-volvo","21":"first","22":"instock","23":"shipping-taxable","24":"purchasable","25":"product-type-simple"},"yoast_head":"<!-- This site is optimized with the Yoast SEO plugin v26.2 - https:\/\/yoast.com\/wordpress\/plugins\/seo\/ -->\n<title>VENTIL RU\u010cNE KO\u010cNICE 3 PRIKLJU\u010cKA M14x1,5 mm PPT AGIS HALDEX ZAMJ. - Sindicom<\/title>\n<meta name=\"robots\" content=\"index, follow, max-snippet:-1, max-image-preview:large, max-video-preview:-1\" \/>\n<link rel=\"canonical\" href=\"https:\/\/sindicom.hr\/en\/katalog\/ventil-rucne-kocnice-3-prikljucka-m14x15-mm-ppt-agis-haldex-zamj\/\" \/>\n<meta property=\"og:locale\" content=\"en_US\" \/>\n<meta property=\"og:type\" content=\"article\" \/>\n<meta property=\"og:title\" content=\"VENTIL RU\u010cNE KO\u010cNICE 3 PRIKLJU\u010cKA M14x1,5 mm PPT AGIS HALDEX ZAMJ. - Sindicom\" \/>\n<meta property=\"og:url\" content=\"https:\/\/sindicom.hr\/en\/katalog\/ventil-rucne-kocnice-3-prikljucka-m14x15-mm-ppt-agis-haldex-zamj\/\" \/>\n<meta property=\"og:site_name\" content=\"Sindicom\" \/>\n<meta property=\"article:publisher\" content=\"https:\/\/www.facebook.com\/Sindicom-doo-170277286366043\/\" \/>\n<meta property=\"article:modified_time\" content=\"2025-11-20T11:24:58+00:00\" \/>\n<meta property=\"og:image\" content=\"https:\/\/sindicom.hr\/wp-content\/uploads\/2025\/11\/4.61784.webp\" \/>\n\t<meta property=\"og:image:width\" content=\"1600\" \/>\n\t<meta property=\"og:image:height\" content=\"900\" \/>\n\t<meta property=\"og:image:type\" content=\"image\/webp\" \/>\n<meta name=\"twitter:card\" content=\"summary_large_image\" \/>\n<meta name=\"twitter:label1\" content=\"Est. reading time\" \/>\n\t<meta name=\"twitter:data1\" content=\"2 minutes\" \/>\n<script type=\"application\/ld+json\" class=\"yoast-schema-graph\">{\"@context\":\"https:\/\/schema.org\",\"@graph\":[{\"@type\":\"WebPage\",\"@id\":\"https:\/\/sindicom.hr\/en\/katalog\/ventil-rucne-kocnice-3-prikljucka-m14x15-mm-ppt-agis-haldex-zamj\/\",\"url\":\"https:\/\/sindicom.hr\/en\/katalog\/ventil-rucne-kocnice-3-prikljucka-m14x15-mm-ppt-agis-haldex-zamj\/\",\"name\":\"VENTIL RU\u010cNE KO\u010cNICE 3 PRIKLJU\u010cKA M14x1,5 mm PPT AGIS HALDEX ZAMJ. - Sindicom\",\"isPartOf\":{\"@id\":\"https:\/\/sindicom.hr\/en\/#website\"},\"primaryImageOfPage\":{\"@id\":\"https:\/\/sindicom.hr\/en\/katalog\/ventil-rucne-kocnice-3-prikljucka-m14x15-mm-ppt-agis-haldex-zamj\/#primaryimage\"},\"image\":{\"@id\":\"https:\/\/sindicom.hr\/en\/katalog\/ventil-rucne-kocnice-3-prikljucka-m14x15-mm-ppt-agis-haldex-zamj\/#primaryimage\"},\"thumbnailUrl\":\"https:\/\/sindicom.hr\/wp-content\/uploads\/2025\/11\/4.61784.webp\",\"datePublished\":\"2025-11-20T10:22:21+00:00\",\"dateModified\":\"2025-11-20T11:24:58+00:00\",\"breadcrumb\":{\"@id\":\"https:\/\/sindicom.hr\/en\/katalog\/ventil-rucne-kocnice-3-prikljucka-m14x15-mm-ppt-agis-haldex-zamj\/#breadcrumb\"},\"inLanguage\":\"en-US\",\"potentialAction\":[{\"@type\":\"ReadAction\",\"target\":[\"https:\/\/sindicom.hr\/en\/katalog\/ventil-rucne-kocnice-3-prikljucka-m14x15-mm-ppt-agis-haldex-zamj\/\"]}]},{\"@type\":\"ImageObject\",\"inLanguage\":\"en-US\",\"@id\":\"https:\/\/sindicom.hr\/en\/katalog\/ventil-rucne-kocnice-3-prikljucka-m14x15-mm-ppt-agis-haldex-zamj\/#primaryimage\",\"url\":\"https:\/\/sindicom.hr\/wp-content\/uploads\/2025\/11\/4.61784.webp\",\"contentUrl\":\"https:\/\/sindicom.hr\/wp-content\/uploads\/2025\/11\/4.61784.webp\",\"width\":1600,\"height\":900},{\"@type\":\"BreadcrumbList\",\"@id\":\"https:\/\/sindicom.hr\/en\/katalog\/ventil-rucne-kocnice-3-prikljucka-m14x15-mm-ppt-agis-haldex-zamj\/#breadcrumb\",\"itemListElement\":[{\"@type\":\"ListItem\",\"position\":1,\"name\":\"Po\u010detna stranica\",\"item\":\"https:\/\/sindicom.hr\/en\/\"},{\"@type\":\"ListItem\",\"position\":2,\"name\":\"Katalog dijelova\",\"item\":\"https:\/\/sindicom.hr\/en\/catalog\/\"},{\"@type\":\"ListItem\",\"position\":3,\"name\":\"VENTIL RU\u010cNE KO\u010cNICE 3 PRIKLJU\u010cKA M14x1,5 mm PPT AGIS HALDEX ZAMJ.\"}]},{\"@type\":\"WebSite\",\"@id\":\"https:\/\/sindicom.hr\/en\/#website\",\"url\":\"https:\/\/sindicom.hr\/en\/\",\"name\":\"SINDICOM\",\"description\":\"Trade and repair of pneumatic brakes, air and hydraulic systems for trucks and buses\",\"publisher\":{\"@id\":\"https:\/\/sindicom.hr\/en\/#organization\"},\"potentialAction\":[{\"@type\":\"SearchAction\",\"target\":{\"@type\":\"EntryPoint\",\"urlTemplate\":\"https:\/\/sindicom.hr\/en\/?s={search_term_string}\"},\"query-input\":{\"@type\":\"PropertyValueSpecification\",\"valueRequired\":true,\"valueName\":\"search_term_string\"}}],\"inLanguage\":\"en-US\"},{\"@type\":\"Organization\",\"@id\":\"https:\/\/sindicom.hr\/en\/#organization\",\"name\":\"SINDICOM d.o.o.\",\"url\":\"https:\/\/sindicom.hr\/en\/\",\"logo\":{\"@type\":\"ImageObject\",\"inLanguage\":\"en-US\",\"@id\":\"https:\/\/sindicom.hr\/en\/#\/schema\/logo\/image\/\",\"url\":\"https:\/\/sindicom.hr\/wp-content\/uploads\/2019\/11\/sindicom_logo_veliki1.jpg.png\",\"contentUrl\":\"https:\/\/sindicom.hr\/wp-content\/uploads\/2019\/11\/sindicom_logo_veliki1.jpg.png\",\"width\":732,\"height\":706,\"caption\":\"SINDICOM d.o.o.\"},\"image\":{\"@id\":\"https:\/\/sindicom.hr\/en\/#\/schema\/logo\/image\/\"},\"sameAs\":[\"https:\/\/www.facebook.com\/Sindicom-doo-170277286366043\/\",\"https:\/\/instagram.com\/sindicomdoo\"]}]}<\/script>\n<!-- \/ Yoast SEO plugin. -->","yoast_head_json":{"title":"VENTIL RU\u010cNE KO\u010cNICE 3 PRIKLJU\u010cKA M14x1,5 mm PPT AGIS HALDEX ZAMJ. - Sindicom","robots":{"index":"index","follow":"follow","max-snippet":"max-snippet:-1","max-image-preview":"max-image-preview:large","max-video-preview":"max-video-preview:-1"},"canonical":"https:\/\/sindicom.hr\/en\/katalog\/ventil-rucne-kocnice-3-prikljucka-m14x15-mm-ppt-agis-haldex-zamj\/","og_locale":"en_US","og_type":"article","og_title":"VENTIL RU\u010cNE KO\u010cNICE 3 PRIKLJU\u010cKA M14x1,5 mm PPT AGIS HALDEX ZAMJ. - Sindicom","og_url":"https:\/\/sindicom.hr\/en\/katalog\/ventil-rucne-kocnice-3-prikljucka-m14x15-mm-ppt-agis-haldex-zamj\/","og_site_name":"Sindicom","article_publisher":"https:\/\/www.facebook.com\/Sindicom-doo-170277286366043\/","article_modified_time":"2025-11-20T11:24:58+00:00","og_image":[{"width":1600,"height":900,"url":"https:\/\/sindicom.hr\/wp-content\/uploads\/2025\/11\/4.61784.webp","type":"image\/webp"}],"twitter_card":"summary_large_image","twitter_misc":{"Est. reading time":"2 minutes"},"schema":{"@context":"https:\/\/schema.org","@graph":[{"@type":"WebPage","@id":"https:\/\/sindicom.hr\/en\/katalog\/ventil-rucne-kocnice-3-prikljucka-m14x15-mm-ppt-agis-haldex-zamj\/","url":"https:\/\/sindicom.hr\/en\/katalog\/ventil-rucne-kocnice-3-prikljucka-m14x15-mm-ppt-agis-haldex-zamj\/","name":"VENTIL RU\u010cNE KO\u010cNICE 3 PRIKLJU\u010cKA M14x1,5 mm PPT AGIS HALDEX ZAMJ. - Sindicom","isPartOf":{"@id":"https:\/\/sindicom.hr\/en\/#website"},"primaryImageOfPage":{"@id":"https:\/\/sindicom.hr\/en\/katalog\/ventil-rucne-kocnice-3-prikljucka-m14x15-mm-ppt-agis-haldex-zamj\/#primaryimage"},"image":{"@id":"https:\/\/sindicom.hr\/en\/katalog\/ventil-rucne-kocnice-3-prikljucka-m14x15-mm-ppt-agis-haldex-zamj\/#primaryimage"},"thumbnailUrl":"https:\/\/sindicom.hr\/wp-content\/uploads\/2025\/11\/4.61784.webp","datePublished":"2025-11-20T10:22:21+00:00","dateModified":"2025-11-20T11:24:58+00:00","breadcrumb":{"@id":"https:\/\/sindicom.hr\/en\/katalog\/ventil-rucne-kocnice-3-prikljucka-m14x15-mm-ppt-agis-haldex-zamj\/#breadcrumb"},"inLanguage":"en-US","potentialAction":[{"@type":"ReadAction","target":["https:\/\/sindicom.hr\/en\/katalog\/ventil-rucne-kocnice-3-prikljucka-m14x15-mm-ppt-agis-haldex-zamj\/"]}]},{"@type":"ImageObject","inLanguage":"en-US","@id":"https:\/\/sindicom.hr\/en\/katalog\/ventil-rucne-kocnice-3-prikljucka-m14x15-mm-ppt-agis-haldex-zamj\/#primaryimage","url":"https:\/\/sindicom.hr\/wp-content\/uploads\/2025\/11\/4.61784.webp","contentUrl":"https:\/\/sindicom.hr\/wp-content\/uploads\/2025\/11\/4.61784.webp","width":1600,"height":900},{"@type":"BreadcrumbList","@id":"https:\/\/sindicom.hr\/en\/katalog\/ventil-rucne-kocnice-3-prikljucka-m14x15-mm-ppt-agis-haldex-zamj\/#breadcrumb","itemListElement":[{"@type":"ListItem","position":1,"name":"Po\u010detna stranica","item":"https:\/\/sindicom.hr\/en\/"},{"@type":"ListItem","position":2,"name":"Katalog dijelova","item":"https:\/\/sindicom.hr\/en\/catalog\/"},{"@type":"ListItem","position":3,"name":"VENTIL RU\u010cNE KO\u010cNICE 3 PRIKLJU\u010cKA M14x1,5 mm PPT AGIS HALDEX ZAMJ."}]},{"@type":"WebSite","@id":"https:\/\/sindicom.hr\/en\/#website","url":"https:\/\/sindicom.hr\/en\/","name":"SINDICOM","description":"Trade and repair of pneumatic brakes, air and hydraulic systems for trucks and buses","publisher":{"@id":"https:\/\/sindicom.hr\/en\/#organization"},"potentialAction":[{"@type":"SearchAction","target":{"@type":"EntryPoint","urlTemplate":"https:\/\/sindicom.hr\/en\/?s={search_term_string}"},"query-input":{"@type":"PropertyValueSpecification","valueRequired":true,"valueName":"search_term_string"}}],"inLanguage":"en-US"},{"@type":"Organization","@id":"https:\/\/sindicom.hr\/en\/#organization","name":"SINDICOM d.o.o.","url":"https:\/\/sindicom.hr\/en\/","logo":{"@type":"ImageObject","inLanguage":"en-US","@id":"https:\/\/sindicom.hr\/en\/#\/schema\/logo\/image\/","url":"https:\/\/sindicom.hr\/wp-content\/uploads\/2019\/11\/sindicom_logo_veliki1.jpg.png","contentUrl":"https:\/\/sindicom.hr\/wp-content\/uploads\/2019\/11\/sindicom_logo_veliki1.jpg.png","width":732,"height":706,"caption":"SINDICOM d.o.o."},"image":{"@id":"https:\/\/sindicom.hr\/en\/#\/schema\/logo\/image\/"},"sameAs":["https:\/\/www.facebook.com\/Sindicom-doo-170277286366043\/","https:\/\/instagram.com\/sindicomdoo"]}]}},"_links":{"self":[{"href":"https:\/\/sindicom.hr\/en\/wp-json\/wp\/v2\/product\/51006","targetHints":{"allow":["GET"]}}],"collection":[{"href":"https:\/\/sindicom.hr\/en\/wp-json\/wp\/v2\/product"}],"about":[{"href":"https:\/\/sindicom.hr\/en\/wp-json\/wp\/v2\/types\/product"}],"wp:featuredmedia":[{"embeddable":true,"href":"https:\/\/sindicom.hr\/en\/wp-json\/wp\/v2\/media\/51007"}],"wp:attachment":[{"href":"https:\/\/sindicom.hr\/en\/wp-json\/wp\/v2\/media?parent=51006"}],"wp:term":[{"taxonomy":"product_brand","embeddable":true,"href":"https:\/\/sindicom.hr\/en\/wp-json\/wp\/v2\/product_brand?post=51006"},{"taxonomy":"product_cat","embeddable":true,"href":"https:\/\/sindicom.hr\/en\/wp-json\/wp\/v2\/product_cat?post=51006"},{"taxonomy":"product_tag","embeddable":true,"href":"https:\/\/sindicom.hr\/en\/wp-json\/wp\/v2\/product_tag?post=51006"}],"curies":[{"name":"wp","href":"https:\/\/api.w.org\/{rel}","templated":true}]}}