{"id":51327,"date":"2025-12-04T07:23:52","date_gmt":"2025-12-04T07:23:52","guid":{"rendered":"https:\/\/sindicom.hr\/?post_type=product&#038;p=51327"},"modified":"2025-12-04T14:15:10","modified_gmt":"2025-12-04T14:15:10","slug":"zupcasta-hidraulicna-pumpa-dizalice-type-p010-32-straznji-prikljucci-g3-8-meta-hydraulic-walvoil","status":"publish","type":"product","link":"https:\/\/sindicom.hr\/en\/katalog\/zupcasta-hidraulicna-pumpa-dizalice-type-p010-32-straznji-prikljucci-g3-8-meta-hydraulic-walvoil\/","title":{"rendered":"ZUP\u010cASTA HIDRAULI\u010cNA PUMPA DIZALICE TYPE P010 32 STRA\u017dNJI PRIKLJU\u010cCI G3\/8 META HYDRAULIC WALVOIL"},"content":{"rendered":"<p>1SP-A-032-D-EUR-B-N-10-4-G WALVOIL<br \/>\nP01032D-P META HYDRAULIC<br \/>\nP01032DP META HYDRAULIC<br \/>\nP010 32 D-P META HYDRAULIC<br \/>\nP01032D-P RUBIERA<br \/>\n1SPA032DEURBN104G WALVOIL<br \/>\nCBD1F2032GZBB META HYDRAULIC<br \/>\nCBD1 F203.2GZ BB META HYDRAULIC<br \/>\nCBD1-F203.2GZBB META HYDRAULIC<br \/>\nCBD1-F203.2GZ-BB META HYDRAULIC<br \/>\nB245001 META HYDRAULIC<br \/>\nTipo\/type: P010 32<br \/>\nCilindrata displacement \/ Displacement displacement: 3.2 cm3<br \/>\nPressioni massime \/ Max pressure \/ Maximum pressure: 210\/230 bar<br \/>\nVelocita massina \/ Max speed: 6000 min (rmp)<br \/>\nDimensioni \/ Dimensions : 38 mm \/ 83 mm<br \/>\nConnessioni \/ Connections: G3\/8<br \/>\nRotazione Destra &#8211; Clockwise<br \/>\nTipo\/tipo: P010 32<br \/>\nDesplazamiento Cilindrata \/ Desplazamiento desplazamiento: 3,2 cm3<br \/>\nPressioni massime \/ Presi\u00f3n m\u00e1xima \/ Presi\u00f3n m\u00e1xima: 210\/230 bar<br \/>\nVelocita massina \/ Velocidad m\u00e1xima: 6000 min (rmp)<br \/>\nDimensiones \/ Dimensiones : 38 mm \/ 83 mm<br \/>\nConexiones \/ Conexiones: G3\/8<br \/>\nRotaci\u00f3n Destra &#8211; En sentido horario<br \/>\nHydraulic gear pumps for crane rear connections G3\/8<br \/>\nHydraulische Zahnradpumpen f\u00fcr Kran-Heckanschl\u00fcsse G3\/8<br \/>\nPompe idrauliche ad ingranaggi per attacchi posteriori gru G3\/8<br \/>\nPompes a engrenages hydrauliques pour connexions arriere de grue G3\/8<br \/>\nBombas hidr\u00e1ulicas de engranajes para conexiones traseras de gr\u00faa G3\/8<\/p>\n","protected":false},"excerpt":{"rendered":"<p><img decoding=\"async\" class=\"alignnone size-medium wp-image-51328\" src=\"https:\/\/sindicom.hr\/wp-content\/uploads\/2025\/12\/WALVOIL-LOGO-300x151.jpg\" alt=\"\" width=\"300\" height=\"151\" srcset=\"https:\/\/sindicom.hr\/wp-content\/uploads\/2025\/12\/WALVOIL-LOGO-64x32.jpg 64w, https:\/\/sindicom.hr\/wp-content\/uploads\/2025\/12\/WALVOIL-LOGO-200x100.jpg 200w, https:\/\/sindicom.hr\/wp-content\/uploads\/2025\/12\/WALVOIL-LOGO-300x151.jpg 300w, https:\/\/sindicom.hr\/wp-content\/uploads\/2025\/12\/WALVOIL-LOGO-400x201.jpg 400w, https:\/\/sindicom.hr\/wp-content\/uploads\/2025\/12\/WALVOIL-LOGO-500x251.jpg 500w, https:\/\/sindicom.hr\/wp-content\/uploads\/2025\/12\/WALVOIL-LOGO-600x301.jpg 600w, https:\/\/sindicom.hr\/wp-content\/uploads\/2025\/12\/WALVOIL-LOGO-700x351.jpg 700w, https:\/\/sindicom.hr\/wp-content\/uploads\/2025\/12\/WALVOIL-LOGO-768x386.jpg 768w, https:\/\/sindicom.hr\/wp-content\/uploads\/2025\/12\/WALVOIL-LOGO-800x402.jpg 800w, https:\/\/sindicom.hr\/wp-content\/uploads\/2025\/12\/WALVOIL-LOGO.jpg 1020w\" sizes=\"(max-width: 300px) 100vw, 300px\" \/><\/p>\n","protected":false},"featured_media":51340,"template":"","meta":{"inline_featured_image":false},"product_brand":[],"product_cat":[15,243,140],"product_tag":[],"class_list":{"0":"post-51327","1":"product","2":"type-product","3":"status-publish","4":"has-post-thumbnail","6":"product_cat-all-products","7":"product_cat-hidraulika-hydraulics","8":"product_cat-radni-strojevi","10":"first","11":"instock","12":"shipping-taxable","13":"purchasable","14":"product-type-simple"},"yoast_head":"<!-- This site is optimized with the Yoast SEO plugin v26.2 - https:\/\/yoast.com\/wordpress\/plugins\/seo\/ -->\n<title>ZUP\u010cASTA HIDRAULI\u010cNA PUMPA DIZALICE TYPE P010 32 STRA\u017dNJI PRIKLJU\u010cCI G3\/8 META HYDRAULIC WALVOIL - Sindicom<\/title>\n<meta name=\"robots\" content=\"index, follow, max-snippet:-1, max-image-preview:large, max-video-preview:-1\" \/>\n<link rel=\"canonical\" href=\"https:\/\/sindicom.hr\/en\/katalog\/zupcasta-hidraulicna-pumpa-dizalice-type-p010-32-straznji-prikljucci-g3-8-meta-hydraulic-walvoil\/\" \/>\n<meta property=\"og:locale\" content=\"en_US\" \/>\n<meta property=\"og:type\" content=\"article\" \/>\n<meta property=\"og:title\" content=\"ZUP\u010cASTA HIDRAULI\u010cNA PUMPA DIZALICE TYPE P010 32 STRA\u017dNJI PRIKLJU\u010cCI G3\/8 META HYDRAULIC WALVOIL - Sindicom\" \/>\n<meta property=\"og:url\" content=\"https:\/\/sindicom.hr\/en\/katalog\/zupcasta-hidraulicna-pumpa-dizalice-type-p010-32-straznji-prikljucci-g3-8-meta-hydraulic-walvoil\/\" \/>\n<meta property=\"og:site_name\" content=\"Sindicom\" \/>\n<meta property=\"article:publisher\" content=\"https:\/\/www.facebook.com\/Sindicom-doo-170277286366043\/\" \/>\n<meta property=\"article:modified_time\" content=\"2025-12-04T14:15:10+00:00\" \/>\n<meta property=\"og:image\" content=\"https:\/\/sindicom.hr\/wp-content\/uploads\/2025\/12\/P01032D-P-META-HYDRAULIC.webp\" \/>\n\t<meta property=\"og:image:width\" content=\"1600\" \/>\n\t<meta property=\"og:image:height\" content=\"900\" \/>\n\t<meta property=\"og:image:type\" content=\"image\/webp\" \/>\n<meta name=\"twitter:card\" content=\"summary_large_image\" \/>\n<meta name=\"twitter:label1\" content=\"Est. reading time\" \/>\n\t<meta name=\"twitter:data1\" content=\"2 minutes\" \/>\n<script type=\"application\/ld+json\" class=\"yoast-schema-graph\">{\"@context\":\"https:\/\/schema.org\",\"@graph\":[{\"@type\":\"WebPage\",\"@id\":\"https:\/\/sindicom.hr\/en\/katalog\/zupcasta-hidraulicna-pumpa-dizalice-type-p010-32-straznji-prikljucci-g3-8-meta-hydraulic-walvoil\/\",\"url\":\"https:\/\/sindicom.hr\/en\/katalog\/zupcasta-hidraulicna-pumpa-dizalice-type-p010-32-straznji-prikljucci-g3-8-meta-hydraulic-walvoil\/\",\"name\":\"ZUP\u010cASTA HIDRAULI\u010cNA PUMPA DIZALICE TYPE P010 32 STRA\u017dNJI PRIKLJU\u010cCI G3\/8 META HYDRAULIC WALVOIL - Sindicom\",\"isPartOf\":{\"@id\":\"https:\/\/sindicom.hr\/en\/#website\"},\"primaryImageOfPage\":{\"@id\":\"https:\/\/sindicom.hr\/en\/katalog\/zupcasta-hidraulicna-pumpa-dizalice-type-p010-32-straznji-prikljucci-g3-8-meta-hydraulic-walvoil\/#primaryimage\"},\"image\":{\"@id\":\"https:\/\/sindicom.hr\/en\/katalog\/zupcasta-hidraulicna-pumpa-dizalice-type-p010-32-straznji-prikljucci-g3-8-meta-hydraulic-walvoil\/#primaryimage\"},\"thumbnailUrl\":\"https:\/\/sindicom.hr\/wp-content\/uploads\/2025\/12\/P01032D-P-META-HYDRAULIC.webp\",\"datePublished\":\"2025-12-04T07:23:52+00:00\",\"dateModified\":\"2025-12-04T14:15:10+00:00\",\"breadcrumb\":{\"@id\":\"https:\/\/sindicom.hr\/en\/katalog\/zupcasta-hidraulicna-pumpa-dizalice-type-p010-32-straznji-prikljucci-g3-8-meta-hydraulic-walvoil\/#breadcrumb\"},\"inLanguage\":\"en-US\",\"potentialAction\":[{\"@type\":\"ReadAction\",\"target\":[\"https:\/\/sindicom.hr\/en\/katalog\/zupcasta-hidraulicna-pumpa-dizalice-type-p010-32-straznji-prikljucci-g3-8-meta-hydraulic-walvoil\/\"]}]},{\"@type\":\"ImageObject\",\"inLanguage\":\"en-US\",\"@id\":\"https:\/\/sindicom.hr\/en\/katalog\/zupcasta-hidraulicna-pumpa-dizalice-type-p010-32-straznji-prikljucci-g3-8-meta-hydraulic-walvoil\/#primaryimage\",\"url\":\"https:\/\/sindicom.hr\/wp-content\/uploads\/2025\/12\/P01032D-P-META-HYDRAULIC.webp\",\"contentUrl\":\"https:\/\/sindicom.hr\/wp-content\/uploads\/2025\/12\/P01032D-P-META-HYDRAULIC.webp\",\"width\":1600,\"height\":900},{\"@type\":\"BreadcrumbList\",\"@id\":\"https:\/\/sindicom.hr\/en\/katalog\/zupcasta-hidraulicna-pumpa-dizalice-type-p010-32-straznji-prikljucci-g3-8-meta-hydraulic-walvoil\/#breadcrumb\",\"itemListElement\":[{\"@type\":\"ListItem\",\"position\":1,\"name\":\"Po\u010detna stranica\",\"item\":\"https:\/\/sindicom.hr\/en\/\"},{\"@type\":\"ListItem\",\"position\":2,\"name\":\"Katalog dijelova\",\"item\":\"https:\/\/sindicom.hr\/en\/catalog\/\"},{\"@type\":\"ListItem\",\"position\":3,\"name\":\"ZUP\u010cASTA HIDRAULI\u010cNA PUMPA DIZALICE TYPE P010 32 STRA\u017dNJI PRIKLJU\u010cCI G3\/8 META HYDRAULIC WALVOIL\"}]},{\"@type\":\"WebSite\",\"@id\":\"https:\/\/sindicom.hr\/en\/#website\",\"url\":\"https:\/\/sindicom.hr\/en\/\",\"name\":\"SINDICOM\",\"description\":\"Trade and repair of pneumatic brakes, air and hydraulic systems for trucks and buses\",\"publisher\":{\"@id\":\"https:\/\/sindicom.hr\/en\/#organization\"},\"potentialAction\":[{\"@type\":\"SearchAction\",\"target\":{\"@type\":\"EntryPoint\",\"urlTemplate\":\"https:\/\/sindicom.hr\/en\/?s={search_term_string}\"},\"query-input\":{\"@type\":\"PropertyValueSpecification\",\"valueRequired\":true,\"valueName\":\"search_term_string\"}}],\"inLanguage\":\"en-US\"},{\"@type\":\"Organization\",\"@id\":\"https:\/\/sindicom.hr\/en\/#organization\",\"name\":\"SINDICOM d.o.o.\",\"url\":\"https:\/\/sindicom.hr\/en\/\",\"logo\":{\"@type\":\"ImageObject\",\"inLanguage\":\"en-US\",\"@id\":\"https:\/\/sindicom.hr\/en\/#\/schema\/logo\/image\/\",\"url\":\"https:\/\/sindicom.hr\/wp-content\/uploads\/2019\/11\/sindicom_logo_veliki1.jpg.png\",\"contentUrl\":\"https:\/\/sindicom.hr\/wp-content\/uploads\/2019\/11\/sindicom_logo_veliki1.jpg.png\",\"width\":732,\"height\":706,\"caption\":\"SINDICOM d.o.o.\"},\"image\":{\"@id\":\"https:\/\/sindicom.hr\/en\/#\/schema\/logo\/image\/\"},\"sameAs\":[\"https:\/\/www.facebook.com\/Sindicom-doo-170277286366043\/\",\"https:\/\/instagram.com\/sindicomdoo\"]}]}<\/script>\n<!-- \/ Yoast SEO plugin. -->","yoast_head_json":{"title":"ZUP\u010cASTA HIDRAULI\u010cNA PUMPA DIZALICE TYPE P010 32 STRA\u017dNJI PRIKLJU\u010cCI G3\/8 META HYDRAULIC WALVOIL - Sindicom","robots":{"index":"index","follow":"follow","max-snippet":"max-snippet:-1","max-image-preview":"max-image-preview:large","max-video-preview":"max-video-preview:-1"},"canonical":"https:\/\/sindicom.hr\/en\/katalog\/zupcasta-hidraulicna-pumpa-dizalice-type-p010-32-straznji-prikljucci-g3-8-meta-hydraulic-walvoil\/","og_locale":"en_US","og_type":"article","og_title":"ZUP\u010cASTA HIDRAULI\u010cNA PUMPA DIZALICE TYPE P010 32 STRA\u017dNJI PRIKLJU\u010cCI G3\/8 META HYDRAULIC WALVOIL - Sindicom","og_url":"https:\/\/sindicom.hr\/en\/katalog\/zupcasta-hidraulicna-pumpa-dizalice-type-p010-32-straznji-prikljucci-g3-8-meta-hydraulic-walvoil\/","og_site_name":"Sindicom","article_publisher":"https:\/\/www.facebook.com\/Sindicom-doo-170277286366043\/","article_modified_time":"2025-12-04T14:15:10+00:00","og_image":[{"width":1600,"height":900,"url":"https:\/\/sindicom.hr\/wp-content\/uploads\/2025\/12\/P01032D-P-META-HYDRAULIC.webp","type":"image\/webp"}],"twitter_card":"summary_large_image","twitter_misc":{"Est. reading time":"2 minutes"},"schema":{"@context":"https:\/\/schema.org","@graph":[{"@type":"WebPage","@id":"https:\/\/sindicom.hr\/en\/katalog\/zupcasta-hidraulicna-pumpa-dizalice-type-p010-32-straznji-prikljucci-g3-8-meta-hydraulic-walvoil\/","url":"https:\/\/sindicom.hr\/en\/katalog\/zupcasta-hidraulicna-pumpa-dizalice-type-p010-32-straznji-prikljucci-g3-8-meta-hydraulic-walvoil\/","name":"ZUP\u010cASTA HIDRAULI\u010cNA PUMPA DIZALICE TYPE P010 32 STRA\u017dNJI PRIKLJU\u010cCI G3\/8 META HYDRAULIC WALVOIL - Sindicom","isPartOf":{"@id":"https:\/\/sindicom.hr\/en\/#website"},"primaryImageOfPage":{"@id":"https:\/\/sindicom.hr\/en\/katalog\/zupcasta-hidraulicna-pumpa-dizalice-type-p010-32-straznji-prikljucci-g3-8-meta-hydraulic-walvoil\/#primaryimage"},"image":{"@id":"https:\/\/sindicom.hr\/en\/katalog\/zupcasta-hidraulicna-pumpa-dizalice-type-p010-32-straznji-prikljucci-g3-8-meta-hydraulic-walvoil\/#primaryimage"},"thumbnailUrl":"https:\/\/sindicom.hr\/wp-content\/uploads\/2025\/12\/P01032D-P-META-HYDRAULIC.webp","datePublished":"2025-12-04T07:23:52+00:00","dateModified":"2025-12-04T14:15:10+00:00","breadcrumb":{"@id":"https:\/\/sindicom.hr\/en\/katalog\/zupcasta-hidraulicna-pumpa-dizalice-type-p010-32-straznji-prikljucci-g3-8-meta-hydraulic-walvoil\/#breadcrumb"},"inLanguage":"en-US","potentialAction":[{"@type":"ReadAction","target":["https:\/\/sindicom.hr\/en\/katalog\/zupcasta-hidraulicna-pumpa-dizalice-type-p010-32-straznji-prikljucci-g3-8-meta-hydraulic-walvoil\/"]}]},{"@type":"ImageObject","inLanguage":"en-US","@id":"https:\/\/sindicom.hr\/en\/katalog\/zupcasta-hidraulicna-pumpa-dizalice-type-p010-32-straznji-prikljucci-g3-8-meta-hydraulic-walvoil\/#primaryimage","url":"https:\/\/sindicom.hr\/wp-content\/uploads\/2025\/12\/P01032D-P-META-HYDRAULIC.webp","contentUrl":"https:\/\/sindicom.hr\/wp-content\/uploads\/2025\/12\/P01032D-P-META-HYDRAULIC.webp","width":1600,"height":900},{"@type":"BreadcrumbList","@id":"https:\/\/sindicom.hr\/en\/katalog\/zupcasta-hidraulicna-pumpa-dizalice-type-p010-32-straznji-prikljucci-g3-8-meta-hydraulic-walvoil\/#breadcrumb","itemListElement":[{"@type":"ListItem","position":1,"name":"Po\u010detna stranica","item":"https:\/\/sindicom.hr\/en\/"},{"@type":"ListItem","position":2,"name":"Katalog dijelova","item":"https:\/\/sindicom.hr\/en\/catalog\/"},{"@type":"ListItem","position":3,"name":"ZUP\u010cASTA HIDRAULI\u010cNA PUMPA DIZALICE TYPE P010 32 STRA\u017dNJI PRIKLJU\u010cCI G3\/8 META HYDRAULIC WALVOIL"}]},{"@type":"WebSite","@id":"https:\/\/sindicom.hr\/en\/#website","url":"https:\/\/sindicom.hr\/en\/","name":"SINDICOM","description":"Trade and repair of pneumatic brakes, air and hydraulic systems for trucks and buses","publisher":{"@id":"https:\/\/sindicom.hr\/en\/#organization"},"potentialAction":[{"@type":"SearchAction","target":{"@type":"EntryPoint","urlTemplate":"https:\/\/sindicom.hr\/en\/?s={search_term_string}"},"query-input":{"@type":"PropertyValueSpecification","valueRequired":true,"valueName":"search_term_string"}}],"inLanguage":"en-US"},{"@type":"Organization","@id":"https:\/\/sindicom.hr\/en\/#organization","name":"SINDICOM d.o.o.","url":"https:\/\/sindicom.hr\/en\/","logo":{"@type":"ImageObject","inLanguage":"en-US","@id":"https:\/\/sindicom.hr\/en\/#\/schema\/logo\/image\/","url":"https:\/\/sindicom.hr\/wp-content\/uploads\/2019\/11\/sindicom_logo_veliki1.jpg.png","contentUrl":"https:\/\/sindicom.hr\/wp-content\/uploads\/2019\/11\/sindicom_logo_veliki1.jpg.png","width":732,"height":706,"caption":"SINDICOM d.o.o."},"image":{"@id":"https:\/\/sindicom.hr\/en\/#\/schema\/logo\/image\/"},"sameAs":["https:\/\/www.facebook.com\/Sindicom-doo-170277286366043\/","https:\/\/instagram.com\/sindicomdoo"]}]}},"_links":{"self":[{"href":"https:\/\/sindicom.hr\/en\/wp-json\/wp\/v2\/product\/51327","targetHints":{"allow":["GET"]}}],"collection":[{"href":"https:\/\/sindicom.hr\/en\/wp-json\/wp\/v2\/product"}],"about":[{"href":"https:\/\/sindicom.hr\/en\/wp-json\/wp\/v2\/types\/product"}],"wp:featuredmedia":[{"embeddable":true,"href":"https:\/\/sindicom.hr\/en\/wp-json\/wp\/v2\/media\/51340"}],"wp:attachment":[{"href":"https:\/\/sindicom.hr\/en\/wp-json\/wp\/v2\/media?parent=51327"}],"wp:term":[{"taxonomy":"product_brand","embeddable":true,"href":"https:\/\/sindicom.hr\/en\/wp-json\/wp\/v2\/product_brand?post=51327"},{"taxonomy":"product_cat","embeddable":true,"href":"https:\/\/sindicom.hr\/en\/wp-json\/wp\/v2\/product_cat?post=51327"},{"taxonomy":"product_tag","embeddable":true,"href":"https:\/\/sindicom.hr\/en\/wp-json\/wp\/v2\/product_tag?post=51327"}],"curies":[{"name":"wp","href":"https:\/\/api.w.org\/{rel}","templated":true}]}}