{"id":51703,"date":"2025-12-18T11:12:12","date_gmt":"2025-12-18T11:12:12","guid":{"rendered":"https:\/\/sindicom.hr\/?post_type=product&#038;p=51703"},"modified":"2025-12-18T11:12:12","modified_gmt":"2025-12-18T11:12:12","slug":"lezaj-nosac-kriza-kardana-44-mm-58-mm-mercedes-zamj","status":"publish","type":"product","link":"https:\/\/sindicom.hr\/en\/katalog\/lezaj-nosac-kriza-kardana-44-mm-58-mm-mercedes-zamj\/","title":{"rendered":"LE\u017dAJ NOSA\u010c KRI\u017dA KARDANA 44 mm\/58 mm MERCEDES ZAMJ."},"content":{"rendered":"<p>24511 FEBI<br \/>\n6704110112 MERCEDES<br \/>\nA6704110112 MERCEDES<br \/>\n670 411 01 12 MERCEDES<br \/>\nA 670 411 01 12 MERCEDES<br \/>\n12952 SEM<br \/>\n4.80931 DT<br \/>\n284.131 C.E.I<br \/>\n53250 AUGER<br \/>\n53250P AUGER<br \/>\n011.238 SAMPA<br \/>\n011.238P SAMPA<br \/>\n10924511 SWAG<br \/>\n10 92 4511 SWAG<br \/>\n00416057 TEDGUM<br \/>\nBPB1039 BORG &amp; BECK<br \/>\n36041 ORIGINAL IMPERIUM<br \/>\nHardy joint &#8211; cardan cross support with a bearing (44.5 mm \/ 58 mm)<br \/>\nRobustes Gelenk \u2013 Kardan-Kreuzst\u00fctze mit Lager (44,5 mm \/ 58 mm)<br \/>\nJoint Hardy &#8211; support de croix de cardan avec roulement (44,5 mm \/ 58 mm)<br \/>\nArticulaci\u00f3n Hardy &#8211; Soporte transversal card\u00e1n con cojinete (44,5 mm \/ 58 mm)<br \/>\nGiunto Hardy &#8211; Supporto cardanico trasversale con cuscinetto (44,5 mm \/ 58 mm)<\/p>\n","protected":false},"excerpt":{"rendered":"<p><img decoding=\"async\" class=\"alignnone size-medium wp-image-17694\" src=\"https:\/\/sindicom.hr\/wp-content\/uploads\/2020\/05\/aftermarket-300x300.png\" alt=\"\" width=\"300\" height=\"300\" srcset=\"https:\/\/sindicom.hr\/wp-content\/uploads\/2020\/05\/aftermarket-64x64.png 64w, https:\/\/sindicom.hr\/wp-content\/uploads\/2020\/05\/aftermarket-66x66.png 66w, https:\/\/sindicom.hr\/wp-content\/uploads\/2020\/05\/aftermarket-100x100.png 100w, https:\/\/sindicom.hr\/wp-content\/uploads\/2020\/05\/aftermarket-150x150.png 150w, https:\/\/sindicom.hr\/wp-content\/uploads\/2020\/05\/aftermarket-200x200.png 200w, https:\/\/sindicom.hr\/wp-content\/uploads\/2020\/05\/aftermarket.png 300w\" sizes=\"(max-width: 300px) 100vw, 300px\" \/><\/p>\n","protected":false},"featured_media":51704,"template":"","meta":{"inline_featured_image":false},"product_brand":[],"product_cat":[23,113,107],"product_tag":[],"class_list":{"0":"post-51703","1":"product","2":"type-product","3":"status-publish","4":"has-post-thumbnail","6":"product_cat-lezajevi","7":"product_cat-mercedes-teretna-vozila","8":"product_cat-teretna-vozila","10":"first","11":"instock","12":"shipping-taxable","13":"purchasable","14":"product-type-simple"},"yoast_head":"<!-- This site is optimized with the Yoast SEO plugin v26.2 - https:\/\/yoast.com\/wordpress\/plugins\/seo\/ -->\n<title>LE\u017dAJ NOSA\u010c KRI\u017dA KARDANA 44 mm\/58 mm MERCEDES ZAMJ. - Sindicom<\/title>\n<meta name=\"robots\" content=\"index, follow, max-snippet:-1, max-image-preview:large, max-video-preview:-1\" \/>\n<link rel=\"canonical\" href=\"https:\/\/sindicom.hr\/en\/katalog\/lezaj-nosac-kriza-kardana-44-mm-58-mm-mercedes-zamj\/\" \/>\n<meta property=\"og:locale\" content=\"en_US\" \/>\n<meta property=\"og:type\" content=\"article\" \/>\n<meta property=\"og:title\" content=\"LE\u017dAJ NOSA\u010c KRI\u017dA KARDANA 44 mm\/58 mm MERCEDES ZAMJ. - Sindicom\" \/>\n<meta property=\"og:url\" content=\"https:\/\/sindicom.hr\/en\/katalog\/lezaj-nosac-kriza-kardana-44-mm-58-mm-mercedes-zamj\/\" \/>\n<meta property=\"og:site_name\" content=\"Sindicom\" \/>\n<meta property=\"article:publisher\" content=\"https:\/\/www.facebook.com\/Sindicom-doo-170277286366043\/\" \/>\n<meta property=\"og:image\" content=\"https:\/\/sindicom.hr\/wp-content\/uploads\/2025\/12\/24511-FEBI.webp\" \/>\n\t<meta property=\"og:image:width\" content=\"1600\" \/>\n\t<meta property=\"og:image:height\" content=\"900\" \/>\n\t<meta property=\"og:image:type\" content=\"image\/webp\" \/>\n<meta name=\"twitter:card\" content=\"summary_large_image\" \/>\n<meta name=\"twitter:label1\" content=\"Est. reading time\" \/>\n\t<meta name=\"twitter:data1\" content=\"1 minute\" \/>\n<script type=\"application\/ld+json\" class=\"yoast-schema-graph\">{\"@context\":\"https:\/\/schema.org\",\"@graph\":[{\"@type\":\"WebPage\",\"@id\":\"https:\/\/sindicom.hr\/en\/katalog\/lezaj-nosac-kriza-kardana-44-mm-58-mm-mercedes-zamj\/\",\"url\":\"https:\/\/sindicom.hr\/en\/katalog\/lezaj-nosac-kriza-kardana-44-mm-58-mm-mercedes-zamj\/\",\"name\":\"LE\u017dAJ NOSA\u010c KRI\u017dA KARDANA 44 mm\/58 mm MERCEDES ZAMJ. - Sindicom\",\"isPartOf\":{\"@id\":\"https:\/\/sindicom.hr\/en\/#website\"},\"primaryImageOfPage\":{\"@id\":\"https:\/\/sindicom.hr\/en\/katalog\/lezaj-nosac-kriza-kardana-44-mm-58-mm-mercedes-zamj\/#primaryimage\"},\"image\":{\"@id\":\"https:\/\/sindicom.hr\/en\/katalog\/lezaj-nosac-kriza-kardana-44-mm-58-mm-mercedes-zamj\/#primaryimage\"},\"thumbnailUrl\":\"https:\/\/sindicom.hr\/wp-content\/uploads\/2025\/12\/24511-FEBI.webp\",\"datePublished\":\"2025-12-18T11:12:12+00:00\",\"breadcrumb\":{\"@id\":\"https:\/\/sindicom.hr\/en\/katalog\/lezaj-nosac-kriza-kardana-44-mm-58-mm-mercedes-zamj\/#breadcrumb\"},\"inLanguage\":\"en-US\",\"potentialAction\":[{\"@type\":\"ReadAction\",\"target\":[\"https:\/\/sindicom.hr\/en\/katalog\/lezaj-nosac-kriza-kardana-44-mm-58-mm-mercedes-zamj\/\"]}]},{\"@type\":\"ImageObject\",\"inLanguage\":\"en-US\",\"@id\":\"https:\/\/sindicom.hr\/en\/katalog\/lezaj-nosac-kriza-kardana-44-mm-58-mm-mercedes-zamj\/#primaryimage\",\"url\":\"https:\/\/sindicom.hr\/wp-content\/uploads\/2025\/12\/24511-FEBI.webp\",\"contentUrl\":\"https:\/\/sindicom.hr\/wp-content\/uploads\/2025\/12\/24511-FEBI.webp\",\"width\":1600,\"height\":900},{\"@type\":\"BreadcrumbList\",\"@id\":\"https:\/\/sindicom.hr\/en\/katalog\/lezaj-nosac-kriza-kardana-44-mm-58-mm-mercedes-zamj\/#breadcrumb\",\"itemListElement\":[{\"@type\":\"ListItem\",\"position\":1,\"name\":\"Po\u010detna stranica\",\"item\":\"https:\/\/sindicom.hr\/en\/\"},{\"@type\":\"ListItem\",\"position\":2,\"name\":\"Katalog dijelova\",\"item\":\"https:\/\/sindicom.hr\/en\/catalog\/\"},{\"@type\":\"ListItem\",\"position\":3,\"name\":\"LE\u017dAJ NOSA\u010c KRI\u017dA KARDANA 44 mm\/58 mm MERCEDES ZAMJ.\"}]},{\"@type\":\"WebSite\",\"@id\":\"https:\/\/sindicom.hr\/en\/#website\",\"url\":\"https:\/\/sindicom.hr\/en\/\",\"name\":\"SINDICOM\",\"description\":\"Trade and repair of pneumatic brakes, air and hydraulic systems for trucks and buses\",\"publisher\":{\"@id\":\"https:\/\/sindicom.hr\/en\/#organization\"},\"potentialAction\":[{\"@type\":\"SearchAction\",\"target\":{\"@type\":\"EntryPoint\",\"urlTemplate\":\"https:\/\/sindicom.hr\/en\/?s={search_term_string}\"},\"query-input\":{\"@type\":\"PropertyValueSpecification\",\"valueRequired\":true,\"valueName\":\"search_term_string\"}}],\"inLanguage\":\"en-US\"},{\"@type\":\"Organization\",\"@id\":\"https:\/\/sindicom.hr\/en\/#organization\",\"name\":\"SINDICOM d.o.o.\",\"url\":\"https:\/\/sindicom.hr\/en\/\",\"logo\":{\"@type\":\"ImageObject\",\"inLanguage\":\"en-US\",\"@id\":\"https:\/\/sindicom.hr\/en\/#\/schema\/logo\/image\/\",\"url\":\"https:\/\/sindicom.hr\/wp-content\/uploads\/2019\/11\/sindicom_logo_veliki1.jpg.png\",\"contentUrl\":\"https:\/\/sindicom.hr\/wp-content\/uploads\/2019\/11\/sindicom_logo_veliki1.jpg.png\",\"width\":732,\"height\":706,\"caption\":\"SINDICOM d.o.o.\"},\"image\":{\"@id\":\"https:\/\/sindicom.hr\/en\/#\/schema\/logo\/image\/\"},\"sameAs\":[\"https:\/\/www.facebook.com\/Sindicom-doo-170277286366043\/\",\"https:\/\/instagram.com\/sindicomdoo\"]}]}<\/script>\n<!-- \/ Yoast SEO plugin. -->","yoast_head_json":{"title":"LE\u017dAJ NOSA\u010c KRI\u017dA KARDANA 44 mm\/58 mm MERCEDES ZAMJ. - Sindicom","robots":{"index":"index","follow":"follow","max-snippet":"max-snippet:-1","max-image-preview":"max-image-preview:large","max-video-preview":"max-video-preview:-1"},"canonical":"https:\/\/sindicom.hr\/en\/katalog\/lezaj-nosac-kriza-kardana-44-mm-58-mm-mercedes-zamj\/","og_locale":"en_US","og_type":"article","og_title":"LE\u017dAJ NOSA\u010c KRI\u017dA KARDANA 44 mm\/58 mm MERCEDES ZAMJ. - Sindicom","og_url":"https:\/\/sindicom.hr\/en\/katalog\/lezaj-nosac-kriza-kardana-44-mm-58-mm-mercedes-zamj\/","og_site_name":"Sindicom","article_publisher":"https:\/\/www.facebook.com\/Sindicom-doo-170277286366043\/","og_image":[{"width":1600,"height":900,"url":"https:\/\/sindicom.hr\/wp-content\/uploads\/2025\/12\/24511-FEBI.webp","type":"image\/webp"}],"twitter_card":"summary_large_image","twitter_misc":{"Est. reading time":"1 minute"},"schema":{"@context":"https:\/\/schema.org","@graph":[{"@type":"WebPage","@id":"https:\/\/sindicom.hr\/en\/katalog\/lezaj-nosac-kriza-kardana-44-mm-58-mm-mercedes-zamj\/","url":"https:\/\/sindicom.hr\/en\/katalog\/lezaj-nosac-kriza-kardana-44-mm-58-mm-mercedes-zamj\/","name":"LE\u017dAJ NOSA\u010c KRI\u017dA KARDANA 44 mm\/58 mm MERCEDES ZAMJ. - Sindicom","isPartOf":{"@id":"https:\/\/sindicom.hr\/en\/#website"},"primaryImageOfPage":{"@id":"https:\/\/sindicom.hr\/en\/katalog\/lezaj-nosac-kriza-kardana-44-mm-58-mm-mercedes-zamj\/#primaryimage"},"image":{"@id":"https:\/\/sindicom.hr\/en\/katalog\/lezaj-nosac-kriza-kardana-44-mm-58-mm-mercedes-zamj\/#primaryimage"},"thumbnailUrl":"https:\/\/sindicom.hr\/wp-content\/uploads\/2025\/12\/24511-FEBI.webp","datePublished":"2025-12-18T11:12:12+00:00","breadcrumb":{"@id":"https:\/\/sindicom.hr\/en\/katalog\/lezaj-nosac-kriza-kardana-44-mm-58-mm-mercedes-zamj\/#breadcrumb"},"inLanguage":"en-US","potentialAction":[{"@type":"ReadAction","target":["https:\/\/sindicom.hr\/en\/katalog\/lezaj-nosac-kriza-kardana-44-mm-58-mm-mercedes-zamj\/"]}]},{"@type":"ImageObject","inLanguage":"en-US","@id":"https:\/\/sindicom.hr\/en\/katalog\/lezaj-nosac-kriza-kardana-44-mm-58-mm-mercedes-zamj\/#primaryimage","url":"https:\/\/sindicom.hr\/wp-content\/uploads\/2025\/12\/24511-FEBI.webp","contentUrl":"https:\/\/sindicom.hr\/wp-content\/uploads\/2025\/12\/24511-FEBI.webp","width":1600,"height":900},{"@type":"BreadcrumbList","@id":"https:\/\/sindicom.hr\/en\/katalog\/lezaj-nosac-kriza-kardana-44-mm-58-mm-mercedes-zamj\/#breadcrumb","itemListElement":[{"@type":"ListItem","position":1,"name":"Po\u010detna stranica","item":"https:\/\/sindicom.hr\/en\/"},{"@type":"ListItem","position":2,"name":"Katalog dijelova","item":"https:\/\/sindicom.hr\/en\/catalog\/"},{"@type":"ListItem","position":3,"name":"LE\u017dAJ NOSA\u010c KRI\u017dA KARDANA 44 mm\/58 mm MERCEDES ZAMJ."}]},{"@type":"WebSite","@id":"https:\/\/sindicom.hr\/en\/#website","url":"https:\/\/sindicom.hr\/en\/","name":"SINDICOM","description":"Trade and repair of pneumatic brakes, air and hydraulic systems for trucks and buses","publisher":{"@id":"https:\/\/sindicom.hr\/en\/#organization"},"potentialAction":[{"@type":"SearchAction","target":{"@type":"EntryPoint","urlTemplate":"https:\/\/sindicom.hr\/en\/?s={search_term_string}"},"query-input":{"@type":"PropertyValueSpecification","valueRequired":true,"valueName":"search_term_string"}}],"inLanguage":"en-US"},{"@type":"Organization","@id":"https:\/\/sindicom.hr\/en\/#organization","name":"SINDICOM d.o.o.","url":"https:\/\/sindicom.hr\/en\/","logo":{"@type":"ImageObject","inLanguage":"en-US","@id":"https:\/\/sindicom.hr\/en\/#\/schema\/logo\/image\/","url":"https:\/\/sindicom.hr\/wp-content\/uploads\/2019\/11\/sindicom_logo_veliki1.jpg.png","contentUrl":"https:\/\/sindicom.hr\/wp-content\/uploads\/2019\/11\/sindicom_logo_veliki1.jpg.png","width":732,"height":706,"caption":"SINDICOM d.o.o."},"image":{"@id":"https:\/\/sindicom.hr\/en\/#\/schema\/logo\/image\/"},"sameAs":["https:\/\/www.facebook.com\/Sindicom-doo-170277286366043\/","https:\/\/instagram.com\/sindicomdoo"]}]}},"_links":{"self":[{"href":"https:\/\/sindicom.hr\/en\/wp-json\/wp\/v2\/product\/51703","targetHints":{"allow":["GET"]}}],"collection":[{"href":"https:\/\/sindicom.hr\/en\/wp-json\/wp\/v2\/product"}],"about":[{"href":"https:\/\/sindicom.hr\/en\/wp-json\/wp\/v2\/types\/product"}],"wp:featuredmedia":[{"embeddable":true,"href":"https:\/\/sindicom.hr\/en\/wp-json\/wp\/v2\/media\/51704"}],"wp:attachment":[{"href":"https:\/\/sindicom.hr\/en\/wp-json\/wp\/v2\/media?parent=51703"}],"wp:term":[{"taxonomy":"product_brand","embeddable":true,"href":"https:\/\/sindicom.hr\/en\/wp-json\/wp\/v2\/product_brand?post=51703"},{"taxonomy":"product_cat","embeddable":true,"href":"https:\/\/sindicom.hr\/en\/wp-json\/wp\/v2\/product_cat?post=51703"},{"taxonomy":"product_tag","embeddable":true,"href":"https:\/\/sindicom.hr\/en\/wp-json\/wp\/v2\/product_tag?post=51703"}],"curies":[{"name":"wp","href":"https:\/\/api.w.org\/{rel}","templated":true}]}}