{"id":52145,"date":"2026-01-21T09:04:33","date_gmt":"2026-01-21T09:04:33","guid":{"rendered":"https:\/\/sindicom.hr\/?post_type=product&#038;p=52145"},"modified":"2026-01-22T06:18:27","modified_gmt":"2026-01-22T06:18:27","slug":"cilindar-za-vrata-autobusa-100-mm-hod-95-mm-bus-man-neoplan-euro-6-bode-masats-oe","status":"publish","type":"product","link":"https:\/\/sindicom.hr\/en\/katalog\/cilindar-za-vrata-autobusa-100-mm-hod-95-mm-bus-man-neoplan-euro-6-bode-masats-oe\/","title":{"rendered":"CILINDAR ZA VRATA AUTOBUSA 100 mm HOD-95 mm BUS MAN NEOPLAN EURO 6 BODE MASATS OE"},"content":{"rendered":"<p>6900-61-0-01-435 BODE<br \/>\n36.744066138 MAN<br \/>\n36744066138 MAN<br \/>\n36.74406.6138 MAN<br \/>\n36.74406-6138 MAN<br \/>\n81749106048 MAN<br \/>\n81.74910.6048 MAN<br \/>\n81.74910-6048 MAN<br \/>\n36.744066138 NEOPLAN<br \/>\n36744066138 NEOPLAN<br \/>\n36.74406.6138 NEOPLAN<br \/>\n36.74406-6138 NEOPLAN<br \/>\n0000245192 SOLARIS<br \/>\n0000.245.192 SOLARIS<br \/>\n0007637501 MERCEDES<br \/>\nA0007637501 MERCEDES<br \/>\nA 000 763 75 01 MERCEDES<br \/>\n101095A0 BODE MASATS<br \/>\n101095D0 BODE MASATS<br \/>\n690061001435 BODE<br \/>\n890079104256 BODE MASATS<br \/>\n6900-61-0-01-435 BODE MASATS<br \/>\n8900-79-1-04-256 BODE MASATS<br \/>\nLFD Nr. 000426 BODE MASATS<br \/>\nInfo 1: on rotary column bottom<br \/>\nConnection 1 \u2013 power input: M 12&#215;1,5<br \/>\nWeight (kg): 2,22<br \/>\nMax. operating pressure (bar): 10<br \/>\nFi cilindra: 100 mm<br \/>\nHod cilindra: 95 mm<br \/>\nFi cylinder: 100 mm<br \/>\nCylinder stroke: 95 mm<br \/>\nCilindro de alta presi\u00f3n: 100 mm<br \/>\nCarrera del cilindro: 95 mm<br \/>\nDiametre du cylindre : 100 mm<br \/>\nCourse du cylindre : 95 mm<br \/>\nZylinderdurchmesser: 100 mm<br \/>\nHubl\u00e4nge: 95 mm<br \/>\nCilindro Fi: 100 mm<br \/>\nCorsa cilindro: 95 mm<br \/>\nBust\u00fcrzylinder<br \/>\nBusdorscylinder<br \/>\nBUS Door cylinder<br \/>\nCylindre de porte d\u2019autobus<br \/>\nCilindro della porta dell\u2019autobus<br \/>\nCilindro de la puerta del autob\u00fas<br \/>\nDoor cylinder lock cylinder for Bode<br \/>\nT\u00fcrzylinder Schlie\u00dfzylinder f\u00fcr Bode<br \/>\nCilindro de cerradura de puerta para Bode<\/p>\n","protected":false},"excerpt":{"rendered":"<p><img decoding=\"async\" class=\"alignnone size-medium wp-image-20867\" src=\"https:\/\/sindicom.hr\/wp-content\/uploads\/2020\/05\/Masats-300x300.png\" alt=\"\" width=\"300\" height=\"300\" srcset=\"https:\/\/sindicom.hr\/wp-content\/uploads\/2020\/05\/Masats-64x64.png 64w, https:\/\/sindicom.hr\/wp-content\/uploads\/2020\/05\/Masats-66x66.png 66w, https:\/\/sindicom.hr\/wp-content\/uploads\/2020\/05\/Masats-100x100.png 100w, https:\/\/sindicom.hr\/wp-content\/uploads\/2020\/05\/Masats-150x150.png 150w, https:\/\/sindicom.hr\/wp-content\/uploads\/2020\/05\/Masats-200x200.png 200w, https:\/\/sindicom.hr\/wp-content\/uploads\/2020\/05\/Masats.png 300w\" sizes=\"(max-width: 300px) 100vw, 300px\" \/><\/p>\n","protected":false},"featured_media":52151,"template":"","meta":{"inline_featured_image":false},"product_brand":[],"product_cat":[15,96,227,97,105,104,102,186,183],"product_tag":[],"class_list":{"0":"post-52145","1":"product","2":"type-product","3":"status-publish","4":"has-post-thumbnail","6":"product_cat-all-products","7":"product_cat-busevi","8":"product_cat-cilindar-cylinder","9":"product_cat-man","10":"product_cat-mercedes","11":"product_cat-neoplan","12":"product_cat-solaris","13":"product_cat-ventili-vrata","14":"product_cat-zracni-ventili","16":"first","17":"instock","18":"shipping-taxable","19":"purchasable","20":"product-type-simple"},"yoast_head":"<!-- This site is optimized with the Yoast SEO plugin v26.2 - https:\/\/yoast.com\/wordpress\/plugins\/seo\/ -->\n<title>CILINDAR ZA VRATA AUTOBUSA 100 mm HOD-95 mm BUS MAN NEOPLAN EURO 6 BODE MASATS OE - Sindicom<\/title>\n<meta name=\"robots\" content=\"index, follow, max-snippet:-1, max-image-preview:large, max-video-preview:-1\" \/>\n<link rel=\"canonical\" href=\"https:\/\/sindicom.hr\/en\/katalog\/cilindar-za-vrata-autobusa-100-mm-hod-95-mm-bus-man-neoplan-euro-6-bode-masats-oe\/\" \/>\n<meta property=\"og:locale\" content=\"en_US\" \/>\n<meta property=\"og:type\" content=\"article\" \/>\n<meta property=\"og:title\" content=\"CILINDAR ZA VRATA AUTOBUSA 100 mm HOD-95 mm BUS MAN NEOPLAN EURO 6 BODE MASATS OE - Sindicom\" \/>\n<meta property=\"og:url\" content=\"https:\/\/sindicom.hr\/en\/katalog\/cilindar-za-vrata-autobusa-100-mm-hod-95-mm-bus-man-neoplan-euro-6-bode-masats-oe\/\" \/>\n<meta property=\"og:site_name\" content=\"Sindicom\" \/>\n<meta property=\"article:publisher\" content=\"https:\/\/www.facebook.com\/Sindicom-doo-170277286366043\/\" \/>\n<meta property=\"article:modified_time\" content=\"2026-01-22T06:18:27+00:00\" \/>\n<meta property=\"og:image\" content=\"https:\/\/sindicom.hr\/wp-content\/uploads\/2026\/01\/6900-61-0-01-435-1.webp\" \/>\n\t<meta property=\"og:image:width\" content=\"1600\" \/>\n\t<meta property=\"og:image:height\" content=\"900\" \/>\n\t<meta property=\"og:image:type\" content=\"image\/webp\" \/>\n<meta name=\"twitter:card\" content=\"summary_large_image\" \/>\n<meta name=\"twitter:label1\" content=\"Est. reading time\" \/>\n\t<meta name=\"twitter:data1\" content=\"2 minutes\" \/>\n<script type=\"application\/ld+json\" class=\"yoast-schema-graph\">{\"@context\":\"https:\/\/schema.org\",\"@graph\":[{\"@type\":\"WebPage\",\"@id\":\"https:\/\/sindicom.hr\/en\/katalog\/cilindar-za-vrata-autobusa-100-mm-hod-95-mm-bus-man-neoplan-euro-6-bode-masats-oe\/\",\"url\":\"https:\/\/sindicom.hr\/en\/katalog\/cilindar-za-vrata-autobusa-100-mm-hod-95-mm-bus-man-neoplan-euro-6-bode-masats-oe\/\",\"name\":\"CILINDAR ZA VRATA AUTOBUSA 100 mm HOD-95 mm BUS MAN NEOPLAN EURO 6 BODE MASATS OE - Sindicom\",\"isPartOf\":{\"@id\":\"https:\/\/sindicom.hr\/en\/#website\"},\"primaryImageOfPage\":{\"@id\":\"https:\/\/sindicom.hr\/en\/katalog\/cilindar-za-vrata-autobusa-100-mm-hod-95-mm-bus-man-neoplan-euro-6-bode-masats-oe\/#primaryimage\"},\"image\":{\"@id\":\"https:\/\/sindicom.hr\/en\/katalog\/cilindar-za-vrata-autobusa-100-mm-hod-95-mm-bus-man-neoplan-euro-6-bode-masats-oe\/#primaryimage\"},\"thumbnailUrl\":\"https:\/\/sindicom.hr\/wp-content\/uploads\/2026\/01\/6900-61-0-01-435-1.webp\",\"datePublished\":\"2026-01-21T09:04:33+00:00\",\"dateModified\":\"2026-01-22T06:18:27+00:00\",\"breadcrumb\":{\"@id\":\"https:\/\/sindicom.hr\/en\/katalog\/cilindar-za-vrata-autobusa-100-mm-hod-95-mm-bus-man-neoplan-euro-6-bode-masats-oe\/#breadcrumb\"},\"inLanguage\":\"en-US\",\"potentialAction\":[{\"@type\":\"ReadAction\",\"target\":[\"https:\/\/sindicom.hr\/en\/katalog\/cilindar-za-vrata-autobusa-100-mm-hod-95-mm-bus-man-neoplan-euro-6-bode-masats-oe\/\"]}]},{\"@type\":\"ImageObject\",\"inLanguage\":\"en-US\",\"@id\":\"https:\/\/sindicom.hr\/en\/katalog\/cilindar-za-vrata-autobusa-100-mm-hod-95-mm-bus-man-neoplan-euro-6-bode-masats-oe\/#primaryimage\",\"url\":\"https:\/\/sindicom.hr\/wp-content\/uploads\/2026\/01\/6900-61-0-01-435-1.webp\",\"contentUrl\":\"https:\/\/sindicom.hr\/wp-content\/uploads\/2026\/01\/6900-61-0-01-435-1.webp\",\"width\":1600,\"height\":900},{\"@type\":\"BreadcrumbList\",\"@id\":\"https:\/\/sindicom.hr\/en\/katalog\/cilindar-za-vrata-autobusa-100-mm-hod-95-mm-bus-man-neoplan-euro-6-bode-masats-oe\/#breadcrumb\",\"itemListElement\":[{\"@type\":\"ListItem\",\"position\":1,\"name\":\"Po\u010detna stranica\",\"item\":\"https:\/\/sindicom.hr\/en\/\"},{\"@type\":\"ListItem\",\"position\":2,\"name\":\"Katalog dijelova\",\"item\":\"https:\/\/sindicom.hr\/en\/catalog\/\"},{\"@type\":\"ListItem\",\"position\":3,\"name\":\"CILINDAR ZA VRATA AUTOBUSA 100 mm HOD-95 mm BUS MAN NEOPLAN EURO 6 BODE MASATS OE\"}]},{\"@type\":\"WebSite\",\"@id\":\"https:\/\/sindicom.hr\/en\/#website\",\"url\":\"https:\/\/sindicom.hr\/en\/\",\"name\":\"SINDICOM\",\"description\":\"Trade and repair of pneumatic brakes, air and hydraulic systems for trucks and buses\",\"publisher\":{\"@id\":\"https:\/\/sindicom.hr\/en\/#organization\"},\"potentialAction\":[{\"@type\":\"SearchAction\",\"target\":{\"@type\":\"EntryPoint\",\"urlTemplate\":\"https:\/\/sindicom.hr\/en\/?s={search_term_string}\"},\"query-input\":{\"@type\":\"PropertyValueSpecification\",\"valueRequired\":true,\"valueName\":\"search_term_string\"}}],\"inLanguage\":\"en-US\"},{\"@type\":\"Organization\",\"@id\":\"https:\/\/sindicom.hr\/en\/#organization\",\"name\":\"SINDICOM d.o.o.\",\"url\":\"https:\/\/sindicom.hr\/en\/\",\"logo\":{\"@type\":\"ImageObject\",\"inLanguage\":\"en-US\",\"@id\":\"https:\/\/sindicom.hr\/en\/#\/schema\/logo\/image\/\",\"url\":\"https:\/\/sindicom.hr\/wp-content\/uploads\/2019\/11\/sindicom_logo_veliki1.jpg.png\",\"contentUrl\":\"https:\/\/sindicom.hr\/wp-content\/uploads\/2019\/11\/sindicom_logo_veliki1.jpg.png\",\"width\":732,\"height\":706,\"caption\":\"SINDICOM d.o.o.\"},\"image\":{\"@id\":\"https:\/\/sindicom.hr\/en\/#\/schema\/logo\/image\/\"},\"sameAs\":[\"https:\/\/www.facebook.com\/Sindicom-doo-170277286366043\/\",\"https:\/\/instagram.com\/sindicomdoo\"]}]}<\/script>\n<!-- \/ Yoast SEO plugin. -->","yoast_head_json":{"title":"CILINDAR ZA VRATA AUTOBUSA 100 mm HOD-95 mm BUS MAN NEOPLAN EURO 6 BODE MASATS OE - Sindicom","robots":{"index":"index","follow":"follow","max-snippet":"max-snippet:-1","max-image-preview":"max-image-preview:large","max-video-preview":"max-video-preview:-1"},"canonical":"https:\/\/sindicom.hr\/en\/katalog\/cilindar-za-vrata-autobusa-100-mm-hod-95-mm-bus-man-neoplan-euro-6-bode-masats-oe\/","og_locale":"en_US","og_type":"article","og_title":"CILINDAR ZA VRATA AUTOBUSA 100 mm HOD-95 mm BUS MAN NEOPLAN EURO 6 BODE MASATS OE - Sindicom","og_url":"https:\/\/sindicom.hr\/en\/katalog\/cilindar-za-vrata-autobusa-100-mm-hod-95-mm-bus-man-neoplan-euro-6-bode-masats-oe\/","og_site_name":"Sindicom","article_publisher":"https:\/\/www.facebook.com\/Sindicom-doo-170277286366043\/","article_modified_time":"2026-01-22T06:18:27+00:00","og_image":[{"width":1600,"height":900,"url":"https:\/\/sindicom.hr\/wp-content\/uploads\/2026\/01\/6900-61-0-01-435-1.webp","type":"image\/webp"}],"twitter_card":"summary_large_image","twitter_misc":{"Est. reading time":"2 minutes"},"schema":{"@context":"https:\/\/schema.org","@graph":[{"@type":"WebPage","@id":"https:\/\/sindicom.hr\/en\/katalog\/cilindar-za-vrata-autobusa-100-mm-hod-95-mm-bus-man-neoplan-euro-6-bode-masats-oe\/","url":"https:\/\/sindicom.hr\/en\/katalog\/cilindar-za-vrata-autobusa-100-mm-hod-95-mm-bus-man-neoplan-euro-6-bode-masats-oe\/","name":"CILINDAR ZA VRATA AUTOBUSA 100 mm HOD-95 mm BUS MAN NEOPLAN EURO 6 BODE MASATS OE - Sindicom","isPartOf":{"@id":"https:\/\/sindicom.hr\/en\/#website"},"primaryImageOfPage":{"@id":"https:\/\/sindicom.hr\/en\/katalog\/cilindar-za-vrata-autobusa-100-mm-hod-95-mm-bus-man-neoplan-euro-6-bode-masats-oe\/#primaryimage"},"image":{"@id":"https:\/\/sindicom.hr\/en\/katalog\/cilindar-za-vrata-autobusa-100-mm-hod-95-mm-bus-man-neoplan-euro-6-bode-masats-oe\/#primaryimage"},"thumbnailUrl":"https:\/\/sindicom.hr\/wp-content\/uploads\/2026\/01\/6900-61-0-01-435-1.webp","datePublished":"2026-01-21T09:04:33+00:00","dateModified":"2026-01-22T06:18:27+00:00","breadcrumb":{"@id":"https:\/\/sindicom.hr\/en\/katalog\/cilindar-za-vrata-autobusa-100-mm-hod-95-mm-bus-man-neoplan-euro-6-bode-masats-oe\/#breadcrumb"},"inLanguage":"en-US","potentialAction":[{"@type":"ReadAction","target":["https:\/\/sindicom.hr\/en\/katalog\/cilindar-za-vrata-autobusa-100-mm-hod-95-mm-bus-man-neoplan-euro-6-bode-masats-oe\/"]}]},{"@type":"ImageObject","inLanguage":"en-US","@id":"https:\/\/sindicom.hr\/en\/katalog\/cilindar-za-vrata-autobusa-100-mm-hod-95-mm-bus-man-neoplan-euro-6-bode-masats-oe\/#primaryimage","url":"https:\/\/sindicom.hr\/wp-content\/uploads\/2026\/01\/6900-61-0-01-435-1.webp","contentUrl":"https:\/\/sindicom.hr\/wp-content\/uploads\/2026\/01\/6900-61-0-01-435-1.webp","width":1600,"height":900},{"@type":"BreadcrumbList","@id":"https:\/\/sindicom.hr\/en\/katalog\/cilindar-za-vrata-autobusa-100-mm-hod-95-mm-bus-man-neoplan-euro-6-bode-masats-oe\/#breadcrumb","itemListElement":[{"@type":"ListItem","position":1,"name":"Po\u010detna stranica","item":"https:\/\/sindicom.hr\/en\/"},{"@type":"ListItem","position":2,"name":"Katalog dijelova","item":"https:\/\/sindicom.hr\/en\/catalog\/"},{"@type":"ListItem","position":3,"name":"CILINDAR ZA VRATA AUTOBUSA 100 mm HOD-95 mm BUS MAN NEOPLAN EURO 6 BODE MASATS OE"}]},{"@type":"WebSite","@id":"https:\/\/sindicom.hr\/en\/#website","url":"https:\/\/sindicom.hr\/en\/","name":"SINDICOM","description":"Trade and repair of pneumatic brakes, air and hydraulic systems for trucks and buses","publisher":{"@id":"https:\/\/sindicom.hr\/en\/#organization"},"potentialAction":[{"@type":"SearchAction","target":{"@type":"EntryPoint","urlTemplate":"https:\/\/sindicom.hr\/en\/?s={search_term_string}"},"query-input":{"@type":"PropertyValueSpecification","valueRequired":true,"valueName":"search_term_string"}}],"inLanguage":"en-US"},{"@type":"Organization","@id":"https:\/\/sindicom.hr\/en\/#organization","name":"SINDICOM d.o.o.","url":"https:\/\/sindicom.hr\/en\/","logo":{"@type":"ImageObject","inLanguage":"en-US","@id":"https:\/\/sindicom.hr\/en\/#\/schema\/logo\/image\/","url":"https:\/\/sindicom.hr\/wp-content\/uploads\/2019\/11\/sindicom_logo_veliki1.jpg.png","contentUrl":"https:\/\/sindicom.hr\/wp-content\/uploads\/2019\/11\/sindicom_logo_veliki1.jpg.png","width":732,"height":706,"caption":"SINDICOM d.o.o."},"image":{"@id":"https:\/\/sindicom.hr\/en\/#\/schema\/logo\/image\/"},"sameAs":["https:\/\/www.facebook.com\/Sindicom-doo-170277286366043\/","https:\/\/instagram.com\/sindicomdoo"]}]}},"_links":{"self":[{"href":"https:\/\/sindicom.hr\/en\/wp-json\/wp\/v2\/product\/52145","targetHints":{"allow":["GET"]}}],"collection":[{"href":"https:\/\/sindicom.hr\/en\/wp-json\/wp\/v2\/product"}],"about":[{"href":"https:\/\/sindicom.hr\/en\/wp-json\/wp\/v2\/types\/product"}],"wp:featuredmedia":[{"embeddable":true,"href":"https:\/\/sindicom.hr\/en\/wp-json\/wp\/v2\/media\/52151"}],"wp:attachment":[{"href":"https:\/\/sindicom.hr\/en\/wp-json\/wp\/v2\/media?parent=52145"}],"wp:term":[{"taxonomy":"product_brand","embeddable":true,"href":"https:\/\/sindicom.hr\/en\/wp-json\/wp\/v2\/product_brand?post=52145"},{"taxonomy":"product_cat","embeddable":true,"href":"https:\/\/sindicom.hr\/en\/wp-json\/wp\/v2\/product_cat?post=52145"},{"taxonomy":"product_tag","embeddable":true,"href":"https:\/\/sindicom.hr\/en\/wp-json\/wp\/v2\/product_tag?post=52145"}],"curies":[{"name":"wp","href":"https:\/\/api.w.org\/{rel}","templated":true}]}}