{"id":52252,"date":"2026-01-23T12:08:29","date_gmt":"2026-01-23T12:08:29","guid":{"rendered":"https:\/\/sindicom.hr\/?post_type=product&#038;p=52252"},"modified":"2026-01-23T12:57:03","modified_gmt":"2026-01-23T12:57:03","slug":"opruzni-granicnik-nosac-odbojnik-spring-stop-za-75t-l17cm-do-prvog-zavijenog-dijela-meiller-oe","status":"publish","type":"product","link":"https:\/\/sindicom.hr\/en\/katalog\/opruzni-granicnik-nosac-odbojnik-spring-stop-za-75t-l17cm-do-prvog-zavijenog-dijela-meiller-oe\/","title":{"rendered":"OPRU\u017dNI GRANI\u010cNIK NOSA\u010c ODBOJNIK SPRING STOP ZA 7,5T  L=17cm DO PRVOG ZAVIJENOG DIJELA MEILLER OE"},"content":{"rendered":"<p>00001049264 MEILLER KIPPER<br \/>\n0000 1049 264 MEILLER KIPPER<br \/>\n57492525000 MEILLER KIPPER<br \/>\n5749 2525 000 MEILLER KIPPER<br \/>\n81651030013 MEILLER KIPPER<br \/>\n81651030013 MAN<br \/>\n81.65103-0013 MAN<br \/>\nFederanschlaghalterung, Sto\u00dfd\u00e4mpferfederanschlag f\u00fcr 7,5 t, L = 17 cm bis zum ersten Bruchteil, Meiller Kipper OE<br \/>\nFeder Anschlaghalterung, Sto\u00dfd\u00e4mpfer Federanschlag f\u00fcr 7,5 t, L = 17 cm bis zum ersten Bruchteil, Meiller Kipper OE<br \/>\nSupporto di arresto molla, arresto molla ammortizzatore per 7,5 t, L = 17 cm alla prima frazione, ribaltabile Meiller OE<br \/>\nSupport de but\u00e9e de ressort, but\u00e9e de ressort d&#8217;amortisseur pour 7,5 t, L = 17 cm au premier tiers, benne basculante Meiller OE<br \/>\nSPRING STOP BRACKET BUMPER SPRING STOP FOR 7.5T L=17cm TO THE FIRST BROKEN PART MEILLER KIPPER OE<br \/>\nRUG\u00d3S \u00dcT\u0150KONZOL L\u00d6KH\u00c1R\u00cdT\u00d3 RUG\u00d3S \u00dcT\u0150KONZOL 7,5T-HOZ H=17cm AZ ELS\u0150 T\u00d6R\u00d6TT ALKATR\u00c9SZIG MEILLER KIPPER OE<br \/>\nSOPORTE TOPE DE MUELLE PARACHOQUES TOPE DE MUELLE PARA 7,5T L=17cm HASTA LA PRIMERA PIEZA ROTA MEILLER KIPPER OE<\/p>\n","protected":false},"excerpt":{"rendered":"<p><img decoding=\"async\" class=\"alignnone size-medium wp-image-18041\" src=\"https:\/\/sindicom.hr\/wp-content\/uploads\/2020\/05\/meiller-kipper-300x300.png\" alt=\"\" width=\"300\" height=\"300\" srcset=\"https:\/\/sindicom.hr\/wp-content\/uploads\/2020\/05\/meiller-kipper-64x64.png 64w, https:\/\/sindicom.hr\/wp-content\/uploads\/2020\/05\/meiller-kipper-66x66.png 66w, https:\/\/sindicom.hr\/wp-content\/uploads\/2020\/05\/meiller-kipper-100x100.png 100w, https:\/\/sindicom.hr\/wp-content\/uploads\/2020\/05\/meiller-kipper-150x150.png 150w, https:\/\/sindicom.hr\/wp-content\/uploads\/2020\/05\/meiller-kipper-200x200.png 200w, https:\/\/sindicom.hr\/wp-content\/uploads\/2020\/05\/meiller-kipper.png 300w\" sizes=\"(max-width: 300px) 100vw, 300px\" \/><\/p>\n","protected":false},"featured_media":52253,"template":"","meta":{"inline_featured_image":false},"product_brand":[],"product_cat":[15,245,278,120],"product_tag":[],"class_list":{"0":"post-52252","1":"product","2":"type-product","3":"status-publish","4":"has-post-thumbnail","6":"product_cat-all-products","7":"product_cat-meiller-kipper-rezervni-dijelovi-meiller-kipper-ersatzteile","8":"product_cat-ostali-rezervni-dijelovi-other-spare-parts-andere-ersatzteile-altri-ricambi","9":"product_cat-reparaturni-setovi","11":"first","12":"instock","13":"shipping-taxable","14":"purchasable","15":"product-type-simple"},"yoast_head":"<!-- This site is optimized with the Yoast SEO plugin v26.2 - https:\/\/yoast.com\/wordpress\/plugins\/seo\/ -->\n<title>OPRU\u017dNI GRANI\u010cNIK NOSA\u010c ODBOJNIK SPRING STOP ZA 7,5T L=17cm DO PRVOG ZAVIJENOG DIJELA MEILLER OE - Sindicom<\/title>\n<meta name=\"robots\" content=\"index, follow, max-snippet:-1, max-image-preview:large, max-video-preview:-1\" \/>\n<link rel=\"canonical\" href=\"https:\/\/sindicom.hr\/en\/katalog\/opruzni-granicnik-nosac-odbojnik-spring-stop-za-75t-l17cm-do-prvog-zavijenog-dijela-meiller-oe\/\" \/>\n<meta property=\"og:locale\" content=\"en_US\" \/>\n<meta property=\"og:type\" content=\"article\" \/>\n<meta property=\"og:title\" content=\"OPRU\u017dNI GRANI\u010cNIK NOSA\u010c ODBOJNIK SPRING STOP ZA 7,5T L=17cm DO PRVOG ZAVIJENOG DIJELA MEILLER OE - Sindicom\" \/>\n<meta property=\"og:url\" content=\"https:\/\/sindicom.hr\/en\/katalog\/opruzni-granicnik-nosac-odbojnik-spring-stop-za-75t-l17cm-do-prvog-zavijenog-dijela-meiller-oe\/\" \/>\n<meta property=\"og:site_name\" content=\"Sindicom\" \/>\n<meta property=\"article:publisher\" content=\"https:\/\/www.facebook.com\/Sindicom-doo-170277286366043\/\" \/>\n<meta property=\"article:modified_time\" content=\"2026-01-23T12:57:03+00:00\" \/>\n<meta property=\"og:image\" content=\"https:\/\/sindicom.hr\/wp-content\/uploads\/2026\/01\/00001049264-MEILLER-KIPPER.webp\" \/>\n\t<meta property=\"og:image:width\" content=\"1600\" \/>\n\t<meta property=\"og:image:height\" content=\"900\" \/>\n\t<meta property=\"og:image:type\" content=\"image\/webp\" \/>\n<meta name=\"twitter:card\" content=\"summary_large_image\" \/>\n<meta name=\"twitter:label1\" content=\"Est. reading time\" \/>\n\t<meta name=\"twitter:data1\" content=\"2 minutes\" \/>\n<script type=\"application\/ld+json\" class=\"yoast-schema-graph\">{\"@context\":\"https:\/\/schema.org\",\"@graph\":[{\"@type\":\"WebPage\",\"@id\":\"https:\/\/sindicom.hr\/en\/katalog\/opruzni-granicnik-nosac-odbojnik-spring-stop-za-75t-l17cm-do-prvog-zavijenog-dijela-meiller-oe\/\",\"url\":\"https:\/\/sindicom.hr\/en\/katalog\/opruzni-granicnik-nosac-odbojnik-spring-stop-za-75t-l17cm-do-prvog-zavijenog-dijela-meiller-oe\/\",\"name\":\"OPRU\u017dNI GRANI\u010cNIK NOSA\u010c ODBOJNIK SPRING STOP ZA 7,5T L=17cm DO PRVOG ZAVIJENOG DIJELA MEILLER OE - Sindicom\",\"isPartOf\":{\"@id\":\"https:\/\/sindicom.hr\/en\/#website\"},\"primaryImageOfPage\":{\"@id\":\"https:\/\/sindicom.hr\/en\/katalog\/opruzni-granicnik-nosac-odbojnik-spring-stop-za-75t-l17cm-do-prvog-zavijenog-dijela-meiller-oe\/#primaryimage\"},\"image\":{\"@id\":\"https:\/\/sindicom.hr\/en\/katalog\/opruzni-granicnik-nosac-odbojnik-spring-stop-za-75t-l17cm-do-prvog-zavijenog-dijela-meiller-oe\/#primaryimage\"},\"thumbnailUrl\":\"https:\/\/sindicom.hr\/wp-content\/uploads\/2026\/01\/00001049264-MEILLER-KIPPER.webp\",\"datePublished\":\"2026-01-23T12:08:29+00:00\",\"dateModified\":\"2026-01-23T12:57:03+00:00\",\"breadcrumb\":{\"@id\":\"https:\/\/sindicom.hr\/en\/katalog\/opruzni-granicnik-nosac-odbojnik-spring-stop-za-75t-l17cm-do-prvog-zavijenog-dijela-meiller-oe\/#breadcrumb\"},\"inLanguage\":\"en-US\",\"potentialAction\":[{\"@type\":\"ReadAction\",\"target\":[\"https:\/\/sindicom.hr\/en\/katalog\/opruzni-granicnik-nosac-odbojnik-spring-stop-za-75t-l17cm-do-prvog-zavijenog-dijela-meiller-oe\/\"]}]},{\"@type\":\"ImageObject\",\"inLanguage\":\"en-US\",\"@id\":\"https:\/\/sindicom.hr\/en\/katalog\/opruzni-granicnik-nosac-odbojnik-spring-stop-za-75t-l17cm-do-prvog-zavijenog-dijela-meiller-oe\/#primaryimage\",\"url\":\"https:\/\/sindicom.hr\/wp-content\/uploads\/2026\/01\/00001049264-MEILLER-KIPPER.webp\",\"contentUrl\":\"https:\/\/sindicom.hr\/wp-content\/uploads\/2026\/01\/00001049264-MEILLER-KIPPER.webp\",\"width\":1600,\"height\":900},{\"@type\":\"BreadcrumbList\",\"@id\":\"https:\/\/sindicom.hr\/en\/katalog\/opruzni-granicnik-nosac-odbojnik-spring-stop-za-75t-l17cm-do-prvog-zavijenog-dijela-meiller-oe\/#breadcrumb\",\"itemListElement\":[{\"@type\":\"ListItem\",\"position\":1,\"name\":\"Po\u010detna stranica\",\"item\":\"https:\/\/sindicom.hr\/en\/\"},{\"@type\":\"ListItem\",\"position\":2,\"name\":\"Katalog dijelova\",\"item\":\"https:\/\/sindicom.hr\/en\/catalog\/\"},{\"@type\":\"ListItem\",\"position\":3,\"name\":\"OPRU\u017dNI GRANI\u010cNIK NOSA\u010c ODBOJNIK SPRING STOP ZA 7,5T L=17cm DO PRVOG ZAVIJENOG DIJELA MEILLER OE\"}]},{\"@type\":\"WebSite\",\"@id\":\"https:\/\/sindicom.hr\/en\/#website\",\"url\":\"https:\/\/sindicom.hr\/en\/\",\"name\":\"SINDICOM\",\"description\":\"Trade and repair of pneumatic brakes, air and hydraulic systems for trucks and buses\",\"publisher\":{\"@id\":\"https:\/\/sindicom.hr\/en\/#organization\"},\"potentialAction\":[{\"@type\":\"SearchAction\",\"target\":{\"@type\":\"EntryPoint\",\"urlTemplate\":\"https:\/\/sindicom.hr\/en\/?s={search_term_string}\"},\"query-input\":{\"@type\":\"PropertyValueSpecification\",\"valueRequired\":true,\"valueName\":\"search_term_string\"}}],\"inLanguage\":\"en-US\"},{\"@type\":\"Organization\",\"@id\":\"https:\/\/sindicom.hr\/en\/#organization\",\"name\":\"SINDICOM d.o.o.\",\"url\":\"https:\/\/sindicom.hr\/en\/\",\"logo\":{\"@type\":\"ImageObject\",\"inLanguage\":\"en-US\",\"@id\":\"https:\/\/sindicom.hr\/en\/#\/schema\/logo\/image\/\",\"url\":\"https:\/\/sindicom.hr\/wp-content\/uploads\/2019\/11\/sindicom_logo_veliki1.jpg.png\",\"contentUrl\":\"https:\/\/sindicom.hr\/wp-content\/uploads\/2019\/11\/sindicom_logo_veliki1.jpg.png\",\"width\":732,\"height\":706,\"caption\":\"SINDICOM d.o.o.\"},\"image\":{\"@id\":\"https:\/\/sindicom.hr\/en\/#\/schema\/logo\/image\/\"},\"sameAs\":[\"https:\/\/www.facebook.com\/Sindicom-doo-170277286366043\/\",\"https:\/\/instagram.com\/sindicomdoo\"]}]}<\/script>\n<!-- \/ Yoast SEO plugin. -->","yoast_head_json":{"title":"OPRU\u017dNI GRANI\u010cNIK NOSA\u010c ODBOJNIK SPRING STOP ZA 7,5T L=17cm DO PRVOG ZAVIJENOG DIJELA MEILLER OE - Sindicom","robots":{"index":"index","follow":"follow","max-snippet":"max-snippet:-1","max-image-preview":"max-image-preview:large","max-video-preview":"max-video-preview:-1"},"canonical":"https:\/\/sindicom.hr\/en\/katalog\/opruzni-granicnik-nosac-odbojnik-spring-stop-za-75t-l17cm-do-prvog-zavijenog-dijela-meiller-oe\/","og_locale":"en_US","og_type":"article","og_title":"OPRU\u017dNI GRANI\u010cNIK NOSA\u010c ODBOJNIK SPRING STOP ZA 7,5T L=17cm DO PRVOG ZAVIJENOG DIJELA MEILLER OE - Sindicom","og_url":"https:\/\/sindicom.hr\/en\/katalog\/opruzni-granicnik-nosac-odbojnik-spring-stop-za-75t-l17cm-do-prvog-zavijenog-dijela-meiller-oe\/","og_site_name":"Sindicom","article_publisher":"https:\/\/www.facebook.com\/Sindicom-doo-170277286366043\/","article_modified_time":"2026-01-23T12:57:03+00:00","og_image":[{"width":1600,"height":900,"url":"https:\/\/sindicom.hr\/wp-content\/uploads\/2026\/01\/00001049264-MEILLER-KIPPER.webp","type":"image\/webp"}],"twitter_card":"summary_large_image","twitter_misc":{"Est. reading time":"2 minutes"},"schema":{"@context":"https:\/\/schema.org","@graph":[{"@type":"WebPage","@id":"https:\/\/sindicom.hr\/en\/katalog\/opruzni-granicnik-nosac-odbojnik-spring-stop-za-75t-l17cm-do-prvog-zavijenog-dijela-meiller-oe\/","url":"https:\/\/sindicom.hr\/en\/katalog\/opruzni-granicnik-nosac-odbojnik-spring-stop-za-75t-l17cm-do-prvog-zavijenog-dijela-meiller-oe\/","name":"OPRU\u017dNI GRANI\u010cNIK NOSA\u010c ODBOJNIK SPRING STOP ZA 7,5T L=17cm DO PRVOG ZAVIJENOG DIJELA MEILLER OE - Sindicom","isPartOf":{"@id":"https:\/\/sindicom.hr\/en\/#website"},"primaryImageOfPage":{"@id":"https:\/\/sindicom.hr\/en\/katalog\/opruzni-granicnik-nosac-odbojnik-spring-stop-za-75t-l17cm-do-prvog-zavijenog-dijela-meiller-oe\/#primaryimage"},"image":{"@id":"https:\/\/sindicom.hr\/en\/katalog\/opruzni-granicnik-nosac-odbojnik-spring-stop-za-75t-l17cm-do-prvog-zavijenog-dijela-meiller-oe\/#primaryimage"},"thumbnailUrl":"https:\/\/sindicom.hr\/wp-content\/uploads\/2026\/01\/00001049264-MEILLER-KIPPER.webp","datePublished":"2026-01-23T12:08:29+00:00","dateModified":"2026-01-23T12:57:03+00:00","breadcrumb":{"@id":"https:\/\/sindicom.hr\/en\/katalog\/opruzni-granicnik-nosac-odbojnik-spring-stop-za-75t-l17cm-do-prvog-zavijenog-dijela-meiller-oe\/#breadcrumb"},"inLanguage":"en-US","potentialAction":[{"@type":"ReadAction","target":["https:\/\/sindicom.hr\/en\/katalog\/opruzni-granicnik-nosac-odbojnik-spring-stop-za-75t-l17cm-do-prvog-zavijenog-dijela-meiller-oe\/"]}]},{"@type":"ImageObject","inLanguage":"en-US","@id":"https:\/\/sindicom.hr\/en\/katalog\/opruzni-granicnik-nosac-odbojnik-spring-stop-za-75t-l17cm-do-prvog-zavijenog-dijela-meiller-oe\/#primaryimage","url":"https:\/\/sindicom.hr\/wp-content\/uploads\/2026\/01\/00001049264-MEILLER-KIPPER.webp","contentUrl":"https:\/\/sindicom.hr\/wp-content\/uploads\/2026\/01\/00001049264-MEILLER-KIPPER.webp","width":1600,"height":900},{"@type":"BreadcrumbList","@id":"https:\/\/sindicom.hr\/en\/katalog\/opruzni-granicnik-nosac-odbojnik-spring-stop-za-75t-l17cm-do-prvog-zavijenog-dijela-meiller-oe\/#breadcrumb","itemListElement":[{"@type":"ListItem","position":1,"name":"Po\u010detna stranica","item":"https:\/\/sindicom.hr\/en\/"},{"@type":"ListItem","position":2,"name":"Katalog dijelova","item":"https:\/\/sindicom.hr\/en\/catalog\/"},{"@type":"ListItem","position":3,"name":"OPRU\u017dNI GRANI\u010cNIK NOSA\u010c ODBOJNIK SPRING STOP ZA 7,5T L=17cm DO PRVOG ZAVIJENOG DIJELA MEILLER OE"}]},{"@type":"WebSite","@id":"https:\/\/sindicom.hr\/en\/#website","url":"https:\/\/sindicom.hr\/en\/","name":"SINDICOM","description":"Trade and repair of pneumatic brakes, air and hydraulic systems for trucks and buses","publisher":{"@id":"https:\/\/sindicom.hr\/en\/#organization"},"potentialAction":[{"@type":"SearchAction","target":{"@type":"EntryPoint","urlTemplate":"https:\/\/sindicom.hr\/en\/?s={search_term_string}"},"query-input":{"@type":"PropertyValueSpecification","valueRequired":true,"valueName":"search_term_string"}}],"inLanguage":"en-US"},{"@type":"Organization","@id":"https:\/\/sindicom.hr\/en\/#organization","name":"SINDICOM d.o.o.","url":"https:\/\/sindicom.hr\/en\/","logo":{"@type":"ImageObject","inLanguage":"en-US","@id":"https:\/\/sindicom.hr\/en\/#\/schema\/logo\/image\/","url":"https:\/\/sindicom.hr\/wp-content\/uploads\/2019\/11\/sindicom_logo_veliki1.jpg.png","contentUrl":"https:\/\/sindicom.hr\/wp-content\/uploads\/2019\/11\/sindicom_logo_veliki1.jpg.png","width":732,"height":706,"caption":"SINDICOM d.o.o."},"image":{"@id":"https:\/\/sindicom.hr\/en\/#\/schema\/logo\/image\/"},"sameAs":["https:\/\/www.facebook.com\/Sindicom-doo-170277286366043\/","https:\/\/instagram.com\/sindicomdoo"]}]}},"_links":{"self":[{"href":"https:\/\/sindicom.hr\/en\/wp-json\/wp\/v2\/product\/52252","targetHints":{"allow":["GET"]}}],"collection":[{"href":"https:\/\/sindicom.hr\/en\/wp-json\/wp\/v2\/product"}],"about":[{"href":"https:\/\/sindicom.hr\/en\/wp-json\/wp\/v2\/types\/product"}],"wp:featuredmedia":[{"embeddable":true,"href":"https:\/\/sindicom.hr\/en\/wp-json\/wp\/v2\/media\/52253"}],"wp:attachment":[{"href":"https:\/\/sindicom.hr\/en\/wp-json\/wp\/v2\/media?parent=52252"}],"wp:term":[{"taxonomy":"product_brand","embeddable":true,"href":"https:\/\/sindicom.hr\/en\/wp-json\/wp\/v2\/product_brand?post=52252"},{"taxonomy":"product_cat","embeddable":true,"href":"https:\/\/sindicom.hr\/en\/wp-json\/wp\/v2\/product_cat?post=52252"},{"taxonomy":"product_tag","embeddable":true,"href":"https:\/\/sindicom.hr\/en\/wp-json\/wp\/v2\/product_tag?post=52252"}],"curies":[{"name":"wp","href":"https:\/\/api.w.org\/{rel}","templated":true}]}}