{"id":52764,"date":"2026-02-17T07:43:48","date_gmt":"2026-02-17T07:43:48","guid":{"rendered":"https:\/\/sindicom.hr\/?post_type=product&#038;p=52764"},"modified":"2026-02-17T14:36:57","modified_gmt":"2026-02-17T14:36:57","slug":"kocione-plocice-mercedes-unimog-traktor-radni-stojevi-ate-sistem-kocnica-zamj","status":"publish","type":"product","link":"https:\/\/sindicom.hr\/en\/katalog\/kocione-plocice-mercedes-unimog-traktor-radni-stojevi-ate-sistem-kocnica-zamj\/","title":{"rendered":"KO\u010cIONE PLO\u010cICE MERCEDES UNIMOG TRAKTOR RADNI STOJEVI ATE SISTEM KO\u010cNICA ZAMJ."},"content":{"rendered":"<p>GDB1101 TRW<br \/>\n13.0460-4033.2 ATE<br \/>\n13.0460-4036.2 ATE<br \/>\n13.0460-3804.2 ATE<br \/>\n13.0460-3808.2 ATE<br \/>\n13.0460-4033.2 ATE<br \/>\n13.0460-4035.2 ATE<br \/>\n0 986 460 101 BOSCH<br \/>\n0 986 461 731 BOSCH<br \/>\n0 986 466 302 BOSCH<br \/>\n0 986 469 111 BOSCH<br \/>\n0 986 495 078 BOSCH<br \/>\nBL1007A1 FTE<br \/>\nBL1022A1 FTE<br \/>\nBL1022B1 FTE<br \/>\nBL1076A2 FTE<br \/>\nBL1593A3 FTE<br \/>\n168199 VALEO<br \/>\n301099 VALEO<br \/>\n301270 VALEO<br \/>\n540022 VALEO<br \/>\n597194 VALEO<br \/>\n598099 VALEO<br \/>\n598187 VALEO<br \/>\n598270 VALEO<br \/>\n601380 VALEO<br \/>\n311698151C AUDI<br \/>\n411 698 151 C AUDI<br \/>\n803698151A AUDI<br \/>\n803698151C AUDI<br \/>\n91075504 BEDFORD<br \/>\n91090543 BEDFORD<br \/>\n1 102 966 BMW<br \/>\n1 116 619 BMW<br \/>\n34111102966 BMW<br \/>\n34111116619 BMW<br \/>\nBMWPL01 BMW<br \/>\n91075504 FORD<br \/>\n91090543 FORD<br \/>\n310254042 MASERATI<br \/>\n327256131 MASERATI<br \/>\n1605124 OPEL<br \/>\n1605449 OPEL<br \/>\n1605466 OPEL<br \/>\n1605543 OPEL<br \/>\n1605723 OPEL<br \/>\n90016808 OPEL<br \/>\n90297421 OPEL<br \/>\n91032971 OPEL<br \/>\n91075504 OPEL<br \/>\n91082782 OPEL<br \/>\n91090543 OPEL<br \/>\n93192895 OPEL<br \/>\n424892 PEUGEOT<br \/>\n425005 PEUGEOT<br \/>\n425179 PEUGEOT<br \/>\n803698151C PORSCHE<br \/>\n7872906 SAAB<br \/>\n6101012 GIRLING<br \/>\n411 698 151 C SEAT<br \/>\n803698151A SEAT<br \/>\n411 698 151 C SKODA<br \/>\n803698151A SKODA<br \/>\n803698151C SKODA<br \/>\n04789100 TALBOT<br \/>\n424892 TALBOT<br \/>\n425005 TALBOT<br \/>\n425179 TALBOT<br \/>\n16 05 124 VAUXHALL<br \/>\n90016808 VAUXHALL<br \/>\n91032971 VAUXHALL<br \/>\n91075504 VAUXHALL<br \/>\n91082782 VAUXHALL<br \/>\n91090543 VAUXHALL<br \/>\n93192895 VAUXHALL<br \/>\n2717023 VOLVO<br \/>\n2724630 VOLVO<br \/>\n2726750 VOLVO<br \/>\n2728772 VOLVO<br \/>\n307938020 VOLVO<br \/>\n311698151C VW<br \/>\n311698151E VW<br \/>\n411698151C VW<br \/>\n803698151A VW<br \/>\n803698151C VW<br \/>\n0000060711958 ALFA ROMEO<br \/>\n0000060727285 ALFA ROMEO<br \/>\n0060711959 ALFA ROMEO<br \/>\n0060727286 ALFA ROMEO<br \/>\n0060729251 ALFA ROMEO<br \/>\n0060778263 ALFA ROMEO<br \/>\n105142211504 ALFA ROMEO<br \/>\n116002205203 ALFA ROMEO<br \/>\n116002205230 ALFA ROMEO<br \/>\n116332205200 ALFA ROMEO<br \/>\n116332205230 ALFA ROMEO<br \/>\n60711959 ALFA ROMEO<br \/>\n60727286 ALFA ROMEO<br \/>\n60729251 ALFA ROMEO<br \/>\n60778263 ALFA ROMEO<br \/>\n0004205720 MERCEDES<br \/>\n0004205820 MERCEDES<br \/>\n0004206220 MERCEDES<br \/>\n0004206280 MERCEDES<br \/>\n0004207120 MERCEDES<br \/>\n0004207620 MERCEDES<br \/>\n0014200620 MERCEDES<br \/>\n0014207920 MERCEDES<br \/>\n0014209320 MERCEDES<br \/>\n0025864742 MERCEDES<br \/>\n0025864842 MERCEDES<br \/>\nA0004205720 MERCEDES<br \/>\nA0004205820 MERCEDES<br \/>\nA0004206220 MERCEDES<br \/>\nA0004206280 MERCEDES<br \/>\nA0004207120 MERCEDES<br \/>\nA0004207620 MERCEDES<br \/>\nA0014200620 MERCEDES<br \/>\nA0014207920 MERCEDES<br \/>\nA0014209320 MERCEDES<br \/>\nA0025864742 MERCEDES<br \/>\nA0025864842 MERCEDES<br \/>\nA 000 420 57 20 MERCEDES<br \/>\nA 000 420 58 20 MERCEDES<br \/>\nA 000 420 62 20 MERCEDES<br \/>\nA 000 420 62 80 MERCEDES<br \/>\nA 000 420 71 20 MERCEDES<br \/>\nA 000 420 76 20 MERCEDES<br \/>\nA 001 420 06 20 MERCEDES<br \/>\nA 001 420 79 20 MERCEDES<br \/>\nA 001 420 93 20 MERCEDES<br \/>\nA 002 586 47 42 MERCEDES<br \/>\nA 002 586 48 42 MERCEDES<br \/>\n2003402 TEXTAR<br \/>\n\u0160irina: 61.7 mm<br \/>\nVisina: 56.5 mm<br \/>\nDebljina: 15.0 mm<br \/>\nKo\u010dioni sustav: ATE<br \/>\nWidth: 61.7 mm<br \/>\nHeight: 56.5 mm<br \/>\nThickness: 15.0 mm<br \/>\nBraking system: ATE<br \/>\nBrake pads<br \/>\nBremsbel\u00e4ge<br \/>\nPastiglie freno<br \/>\nDisc brake pads<br \/>\nPastillas de freno<br \/>\nScheibenbremsbelag<br \/>\nKit de plaquettes de frein<\/p>\n","protected":false},"excerpt":{"rendered":"<p><img decoding=\"async\" class=\"alignnone size-medium wp-image-17694\" src=\"https:\/\/sindicom.hr\/wp-content\/uploads\/2020\/05\/aftermarket-300x300.png\" alt=\"\" width=\"300\" height=\"300\" srcset=\"https:\/\/sindicom.hr\/wp-content\/uploads\/2020\/05\/aftermarket-64x64.png 64w, https:\/\/sindicom.hr\/wp-content\/uploads\/2020\/05\/aftermarket-66x66.png 66w, https:\/\/sindicom.hr\/wp-content\/uploads\/2020\/05\/aftermarket-100x100.png 100w, https:\/\/sindicom.hr\/wp-content\/uploads\/2020\/05\/aftermarket-150x150.png 150w, https:\/\/sindicom.hr\/wp-content\/uploads\/2020\/05\/aftermarket-200x200.png 200w, https:\/\/sindicom.hr\/wp-content\/uploads\/2020\/05\/aftermarket.png 300w\" sizes=\"(max-width: 300px) 100vw, 300px\" \/><\/p>\n","protected":false},"featured_media":52765,"template":"","meta":{"inline_featured_image":false},"product_brand":[],"product_cat":[208,78,113,149,107,111],"product_tag":[],"class_list":{"0":"post-52764","1":"product","2":"type-product","3":"status-publish","4":"has-post-thumbnail","6":"product_cat-ford","7":"product_cat-kocione-disk-plocice","8":"product_cat-mercedes-teretna-vozila","9":"product_cat-unimog","10":"product_cat-teretna-vozila","11":"product_cat-volvo","13":"first","14":"instock","15":"shipping-taxable","16":"purchasable","17":"product-type-simple"},"yoast_head":"<!-- This site is optimized with the Yoast SEO plugin v26.2 - https:\/\/yoast.com\/wordpress\/plugins\/seo\/ -->\n<title>KO\u010cIONE PLO\u010cICE MERCEDES UNIMOG TRAKTOR RADNI STOJEVI ATE SISTEM KO\u010cNICA ZAMJ. - Sindicom<\/title>\n<meta name=\"robots\" content=\"index, follow, max-snippet:-1, max-image-preview:large, max-video-preview:-1\" \/>\n<link rel=\"canonical\" href=\"https:\/\/sindicom.hr\/en\/katalog\/kocione-plocice-mercedes-unimog-traktor-radni-stojevi-ate-sistem-kocnica-zamj\/\" \/>\n<meta property=\"og:locale\" content=\"en_US\" \/>\n<meta property=\"og:type\" content=\"article\" \/>\n<meta property=\"og:title\" content=\"KO\u010cIONE PLO\u010cICE MERCEDES UNIMOG TRAKTOR RADNI STOJEVI ATE SISTEM KO\u010cNICA ZAMJ. - Sindicom\" \/>\n<meta property=\"og:url\" content=\"https:\/\/sindicom.hr\/en\/katalog\/kocione-plocice-mercedes-unimog-traktor-radni-stojevi-ate-sistem-kocnica-zamj\/\" \/>\n<meta property=\"og:site_name\" content=\"Sindicom\" \/>\n<meta property=\"article:publisher\" content=\"https:\/\/www.facebook.com\/Sindicom-doo-170277286366043\/\" \/>\n<meta property=\"article:modified_time\" content=\"2026-02-17T14:36:57+00:00\" \/>\n<meta property=\"og:image\" content=\"https:\/\/sindicom.hr\/wp-content\/uploads\/2026\/02\/GDB1101-TRW.webp\" \/>\n\t<meta property=\"og:image:width\" content=\"1600\" \/>\n\t<meta property=\"og:image:height\" content=\"900\" \/>\n\t<meta property=\"og:image:type\" content=\"image\/webp\" \/>\n<meta name=\"twitter:card\" content=\"summary_large_image\" \/>\n<meta name=\"twitter:label1\" content=\"Est. reading time\" \/>\n\t<meta name=\"twitter:data1\" content=\"3 minutes\" \/>\n<script type=\"application\/ld+json\" class=\"yoast-schema-graph\">{\"@context\":\"https:\/\/schema.org\",\"@graph\":[{\"@type\":\"WebPage\",\"@id\":\"https:\/\/sindicom.hr\/en\/katalog\/kocione-plocice-mercedes-unimog-traktor-radni-stojevi-ate-sistem-kocnica-zamj\/\",\"url\":\"https:\/\/sindicom.hr\/en\/katalog\/kocione-plocice-mercedes-unimog-traktor-radni-stojevi-ate-sistem-kocnica-zamj\/\",\"name\":\"KO\u010cIONE PLO\u010cICE MERCEDES UNIMOG TRAKTOR RADNI STOJEVI ATE SISTEM KO\u010cNICA ZAMJ. - Sindicom\",\"isPartOf\":{\"@id\":\"https:\/\/sindicom.hr\/en\/#website\"},\"primaryImageOfPage\":{\"@id\":\"https:\/\/sindicom.hr\/en\/katalog\/kocione-plocice-mercedes-unimog-traktor-radni-stojevi-ate-sistem-kocnica-zamj\/#primaryimage\"},\"image\":{\"@id\":\"https:\/\/sindicom.hr\/en\/katalog\/kocione-plocice-mercedes-unimog-traktor-radni-stojevi-ate-sistem-kocnica-zamj\/#primaryimage\"},\"thumbnailUrl\":\"https:\/\/sindicom.hr\/wp-content\/uploads\/2026\/02\/GDB1101-TRW.webp\",\"datePublished\":\"2026-02-17T07:43:48+00:00\",\"dateModified\":\"2026-02-17T14:36:57+00:00\",\"breadcrumb\":{\"@id\":\"https:\/\/sindicom.hr\/en\/katalog\/kocione-plocice-mercedes-unimog-traktor-radni-stojevi-ate-sistem-kocnica-zamj\/#breadcrumb\"},\"inLanguage\":\"en-US\",\"potentialAction\":[{\"@type\":\"ReadAction\",\"target\":[\"https:\/\/sindicom.hr\/en\/katalog\/kocione-plocice-mercedes-unimog-traktor-radni-stojevi-ate-sistem-kocnica-zamj\/\"]}]},{\"@type\":\"ImageObject\",\"inLanguage\":\"en-US\",\"@id\":\"https:\/\/sindicom.hr\/en\/katalog\/kocione-plocice-mercedes-unimog-traktor-radni-stojevi-ate-sistem-kocnica-zamj\/#primaryimage\",\"url\":\"https:\/\/sindicom.hr\/wp-content\/uploads\/2026\/02\/GDB1101-TRW.webp\",\"contentUrl\":\"https:\/\/sindicom.hr\/wp-content\/uploads\/2026\/02\/GDB1101-TRW.webp\",\"width\":1600,\"height\":900},{\"@type\":\"BreadcrumbList\",\"@id\":\"https:\/\/sindicom.hr\/en\/katalog\/kocione-plocice-mercedes-unimog-traktor-radni-stojevi-ate-sistem-kocnica-zamj\/#breadcrumb\",\"itemListElement\":[{\"@type\":\"ListItem\",\"position\":1,\"name\":\"Po\u010detna stranica\",\"item\":\"https:\/\/sindicom.hr\/en\/\"},{\"@type\":\"ListItem\",\"position\":2,\"name\":\"Katalog dijelova\",\"item\":\"https:\/\/sindicom.hr\/en\/catalog\/\"},{\"@type\":\"ListItem\",\"position\":3,\"name\":\"KO\u010cIONE PLO\u010cICE MERCEDES UNIMOG TRAKTOR RADNI STOJEVI ATE SISTEM KO\u010cNICA ZAMJ.\"}]},{\"@type\":\"WebSite\",\"@id\":\"https:\/\/sindicom.hr\/en\/#website\",\"url\":\"https:\/\/sindicom.hr\/en\/\",\"name\":\"SINDICOM\",\"description\":\"Trade and repair of pneumatic brakes, air and hydraulic systems for trucks and buses\",\"publisher\":{\"@id\":\"https:\/\/sindicom.hr\/en\/#organization\"},\"potentialAction\":[{\"@type\":\"SearchAction\",\"target\":{\"@type\":\"EntryPoint\",\"urlTemplate\":\"https:\/\/sindicom.hr\/en\/?s={search_term_string}\"},\"query-input\":{\"@type\":\"PropertyValueSpecification\",\"valueRequired\":true,\"valueName\":\"search_term_string\"}}],\"inLanguage\":\"en-US\"},{\"@type\":\"Organization\",\"@id\":\"https:\/\/sindicom.hr\/en\/#organization\",\"name\":\"SINDICOM d.o.o.\",\"url\":\"https:\/\/sindicom.hr\/en\/\",\"logo\":{\"@type\":\"ImageObject\",\"inLanguage\":\"en-US\",\"@id\":\"https:\/\/sindicom.hr\/en\/#\/schema\/logo\/image\/\",\"url\":\"https:\/\/sindicom.hr\/wp-content\/uploads\/2019\/11\/sindicom_logo_veliki1.jpg.png\",\"contentUrl\":\"https:\/\/sindicom.hr\/wp-content\/uploads\/2019\/11\/sindicom_logo_veliki1.jpg.png\",\"width\":732,\"height\":706,\"caption\":\"SINDICOM d.o.o.\"},\"image\":{\"@id\":\"https:\/\/sindicom.hr\/en\/#\/schema\/logo\/image\/\"},\"sameAs\":[\"https:\/\/www.facebook.com\/Sindicom-doo-170277286366043\/\",\"https:\/\/instagram.com\/sindicomdoo\"]}]}<\/script>\n<!-- \/ Yoast SEO plugin. -->","yoast_head_json":{"title":"KO\u010cIONE PLO\u010cICE MERCEDES UNIMOG TRAKTOR RADNI STOJEVI ATE SISTEM KO\u010cNICA ZAMJ. - Sindicom","robots":{"index":"index","follow":"follow","max-snippet":"max-snippet:-1","max-image-preview":"max-image-preview:large","max-video-preview":"max-video-preview:-1"},"canonical":"https:\/\/sindicom.hr\/en\/katalog\/kocione-plocice-mercedes-unimog-traktor-radni-stojevi-ate-sistem-kocnica-zamj\/","og_locale":"en_US","og_type":"article","og_title":"KO\u010cIONE PLO\u010cICE MERCEDES UNIMOG TRAKTOR RADNI STOJEVI ATE SISTEM KO\u010cNICA ZAMJ. - Sindicom","og_url":"https:\/\/sindicom.hr\/en\/katalog\/kocione-plocice-mercedes-unimog-traktor-radni-stojevi-ate-sistem-kocnica-zamj\/","og_site_name":"Sindicom","article_publisher":"https:\/\/www.facebook.com\/Sindicom-doo-170277286366043\/","article_modified_time":"2026-02-17T14:36:57+00:00","og_image":[{"width":1600,"height":900,"url":"https:\/\/sindicom.hr\/wp-content\/uploads\/2026\/02\/GDB1101-TRW.webp","type":"image\/webp"}],"twitter_card":"summary_large_image","twitter_misc":{"Est. reading time":"3 minutes"},"schema":{"@context":"https:\/\/schema.org","@graph":[{"@type":"WebPage","@id":"https:\/\/sindicom.hr\/en\/katalog\/kocione-plocice-mercedes-unimog-traktor-radni-stojevi-ate-sistem-kocnica-zamj\/","url":"https:\/\/sindicom.hr\/en\/katalog\/kocione-plocice-mercedes-unimog-traktor-radni-stojevi-ate-sistem-kocnica-zamj\/","name":"KO\u010cIONE PLO\u010cICE MERCEDES UNIMOG TRAKTOR RADNI STOJEVI ATE SISTEM KO\u010cNICA ZAMJ. - Sindicom","isPartOf":{"@id":"https:\/\/sindicom.hr\/en\/#website"},"primaryImageOfPage":{"@id":"https:\/\/sindicom.hr\/en\/katalog\/kocione-plocice-mercedes-unimog-traktor-radni-stojevi-ate-sistem-kocnica-zamj\/#primaryimage"},"image":{"@id":"https:\/\/sindicom.hr\/en\/katalog\/kocione-plocice-mercedes-unimog-traktor-radni-stojevi-ate-sistem-kocnica-zamj\/#primaryimage"},"thumbnailUrl":"https:\/\/sindicom.hr\/wp-content\/uploads\/2026\/02\/GDB1101-TRW.webp","datePublished":"2026-02-17T07:43:48+00:00","dateModified":"2026-02-17T14:36:57+00:00","breadcrumb":{"@id":"https:\/\/sindicom.hr\/en\/katalog\/kocione-plocice-mercedes-unimog-traktor-radni-stojevi-ate-sistem-kocnica-zamj\/#breadcrumb"},"inLanguage":"en-US","potentialAction":[{"@type":"ReadAction","target":["https:\/\/sindicom.hr\/en\/katalog\/kocione-plocice-mercedes-unimog-traktor-radni-stojevi-ate-sistem-kocnica-zamj\/"]}]},{"@type":"ImageObject","inLanguage":"en-US","@id":"https:\/\/sindicom.hr\/en\/katalog\/kocione-plocice-mercedes-unimog-traktor-radni-stojevi-ate-sistem-kocnica-zamj\/#primaryimage","url":"https:\/\/sindicom.hr\/wp-content\/uploads\/2026\/02\/GDB1101-TRW.webp","contentUrl":"https:\/\/sindicom.hr\/wp-content\/uploads\/2026\/02\/GDB1101-TRW.webp","width":1600,"height":900},{"@type":"BreadcrumbList","@id":"https:\/\/sindicom.hr\/en\/katalog\/kocione-plocice-mercedes-unimog-traktor-radni-stojevi-ate-sistem-kocnica-zamj\/#breadcrumb","itemListElement":[{"@type":"ListItem","position":1,"name":"Po\u010detna stranica","item":"https:\/\/sindicom.hr\/en\/"},{"@type":"ListItem","position":2,"name":"Katalog dijelova","item":"https:\/\/sindicom.hr\/en\/catalog\/"},{"@type":"ListItem","position":3,"name":"KO\u010cIONE PLO\u010cICE MERCEDES UNIMOG TRAKTOR RADNI STOJEVI ATE SISTEM KO\u010cNICA ZAMJ."}]},{"@type":"WebSite","@id":"https:\/\/sindicom.hr\/en\/#website","url":"https:\/\/sindicom.hr\/en\/","name":"SINDICOM","description":"Trade and repair of pneumatic brakes, air and hydraulic systems for trucks and buses","publisher":{"@id":"https:\/\/sindicom.hr\/en\/#organization"},"potentialAction":[{"@type":"SearchAction","target":{"@type":"EntryPoint","urlTemplate":"https:\/\/sindicom.hr\/en\/?s={search_term_string}"},"query-input":{"@type":"PropertyValueSpecification","valueRequired":true,"valueName":"search_term_string"}}],"inLanguage":"en-US"},{"@type":"Organization","@id":"https:\/\/sindicom.hr\/en\/#organization","name":"SINDICOM d.o.o.","url":"https:\/\/sindicom.hr\/en\/","logo":{"@type":"ImageObject","inLanguage":"en-US","@id":"https:\/\/sindicom.hr\/en\/#\/schema\/logo\/image\/","url":"https:\/\/sindicom.hr\/wp-content\/uploads\/2019\/11\/sindicom_logo_veliki1.jpg.png","contentUrl":"https:\/\/sindicom.hr\/wp-content\/uploads\/2019\/11\/sindicom_logo_veliki1.jpg.png","width":732,"height":706,"caption":"SINDICOM d.o.o."},"image":{"@id":"https:\/\/sindicom.hr\/en\/#\/schema\/logo\/image\/"},"sameAs":["https:\/\/www.facebook.com\/Sindicom-doo-170277286366043\/","https:\/\/instagram.com\/sindicomdoo"]}]}},"_links":{"self":[{"href":"https:\/\/sindicom.hr\/en\/wp-json\/wp\/v2\/product\/52764","targetHints":{"allow":["GET"]}}],"collection":[{"href":"https:\/\/sindicom.hr\/en\/wp-json\/wp\/v2\/product"}],"about":[{"href":"https:\/\/sindicom.hr\/en\/wp-json\/wp\/v2\/types\/product"}],"wp:featuredmedia":[{"embeddable":true,"href":"https:\/\/sindicom.hr\/en\/wp-json\/wp\/v2\/media\/52765"}],"wp:attachment":[{"href":"https:\/\/sindicom.hr\/en\/wp-json\/wp\/v2\/media?parent=52764"}],"wp:term":[{"taxonomy":"product_brand","embeddable":true,"href":"https:\/\/sindicom.hr\/en\/wp-json\/wp\/v2\/product_brand?post=52764"},{"taxonomy":"product_cat","embeddable":true,"href":"https:\/\/sindicom.hr\/en\/wp-json\/wp\/v2\/product_cat?post=52764"},{"taxonomy":"product_tag","embeddable":true,"href":"https:\/\/sindicom.hr\/en\/wp-json\/wp\/v2\/product_tag?post=52764"}],"curies":[{"name":"wp","href":"https:\/\/api.w.org\/{rel}","templated":true}]}}