{"id":52923,"date":"2026-02-24T13:56:37","date_gmt":"2026-02-24T13:56:37","guid":{"rendered":"https:\/\/sindicom.hr\/?post_type=product&#038;p=52923"},"modified":"2026-02-24T13:59:17","modified_gmt":"2026-02-24T13:59:17","slug":"bocni-manji-retrovizor-20x20-cm-mercedes-actros-mp2-mp3-econic-zamj","status":"publish","type":"product","link":"https:\/\/sindicom.hr\/en\/katalog\/bocni-manji-retrovizor-20x20-cm-mercedes-actros-mp2-mp3-econic-zamj\/","title":{"rendered":"BO\u010cNI MANJI RETROVIZOR 20&#215;20 cm MERCEDES ACTROS MP2 MP3 ECONIC ZAMJ."},"content":{"rendered":"<p>018.093-80 PE<br \/>\n0018109216 MERCEDES<br \/>\nA0018109216 MERCEDES<br \/>\nA001 810 92 16 MERCEDES<br \/>\nA 001 810 92 16 MERCEDES<br \/>\n9735C7 PEUGEOT<br \/>\n4.63956 DT<br \/>\n100117 FEBI<br \/>\n61.3773.147 MEKRA<br \/>\n61.3773.147H MEKRA<br \/>\n182202600056 MAGNETI MARELLI<br \/>\n018.093-80A PE<br \/>\nStrana ugradnje: desno \/ lijevo<br \/>\nTip pode\u0161avanja: Manualno<br \/>\nSa grijanjem: Da<br \/>\nDu\u017eina: 20 cm<br \/>\n\u0160irina: 20 cm<br \/>\nDubina: 139 cm<br \/>\nInstallation side: right \/ left<br \/>\nAdjustment type: Manual<br \/>\nWith heating: Yes<br \/>\nLength: 20 cm<br \/>\nWidth: 20 cm<br \/>\nDepth: 139 cm<br \/>\nSide mirror right\/left<br \/>\nOldals\u00f3 t\u00fck\u00f6r jobb\/bal<br \/>\nSidespejl hojre\/venstre<br \/>\nBuitenspiegel rechts\/links<br \/>\nLusterko boczne prawe\/lewe<br \/>\nSeitenspiegel rechts\/links<br \/>\nR\u00e9troviseur lat\u00e9ral droit\/gauche<br \/>\nEspejo lateral derecho\/izquierdo<br \/>\nSpecchietto laterale destro\/sinistro<br \/>\nSide mirror right\/left, manual, length: 200 mm, width: 200 mm fits MERCEDES ACTROS MP2 \/ MP3, ECONIC 01.98<br \/>\nMERCEDES ACTROS, ACTROS MP2 \/ MP3, ATEGO, ATEGO 2, AXOR, AXOR 2, CONECTO (O 345), ECONIC, ECONIC 2, INTOURO, UNIMOG; SETRA 400 04.96<\/p>\n","protected":false},"excerpt":{"rendered":"<p><img decoding=\"async\" class=\"alignnone size-medium wp-image-17694\" src=\"https:\/\/sindicom.hr\/wp-content\/uploads\/2020\/05\/aftermarket-300x300.png\" alt=\"\" width=\"300\" height=\"300\" srcset=\"https:\/\/sindicom.hr\/wp-content\/uploads\/2020\/05\/aftermarket-64x64.png 64w, https:\/\/sindicom.hr\/wp-content\/uploads\/2020\/05\/aftermarket-66x66.png 66w, https:\/\/sindicom.hr\/wp-content\/uploads\/2020\/05\/aftermarket-100x100.png 100w, https:\/\/sindicom.hr\/wp-content\/uploads\/2020\/05\/aftermarket-150x150.png 150w, https:\/\/sindicom.hr\/wp-content\/uploads\/2020\/05\/aftermarket-200x200.png 200w, https:\/\/sindicom.hr\/wp-content\/uploads\/2020\/05\/aftermarket.png 300w\" sizes=\"(max-width: 300px) 100vw, 300px\" \/><\/p>\n","protected":false},"featured_media":52924,"template":"","meta":{"inline_featured_image":false},"product_brand":[],"product_cat":[15,113,278,120,107],"product_tag":[],"class_list":{"0":"post-52923","1":"product","2":"type-product","3":"status-publish","4":"has-post-thumbnail","6":"product_cat-all-products","7":"product_cat-mercedes-teretna-vozila","8":"product_cat-ostali-rezervni-dijelovi-other-spare-parts-andere-ersatzteile-altri-ricambi","9":"product_cat-reparaturni-setovi","10":"product_cat-teretna-vozila","12":"first","13":"instock","14":"shipping-taxable","15":"purchasable","16":"product-type-simple"},"yoast_head":"<!-- This site is optimized with the Yoast SEO plugin v26.2 - https:\/\/yoast.com\/wordpress\/plugins\/seo\/ -->\n<title>BO\u010cNI MANJI RETROVIZOR 20x20 cm MERCEDES ACTROS MP2 MP3 ECONIC ZAMJ. - Sindicom<\/title>\n<meta name=\"robots\" content=\"index, follow, max-snippet:-1, max-image-preview:large, max-video-preview:-1\" \/>\n<link rel=\"canonical\" href=\"https:\/\/sindicom.hr\/en\/katalog\/bocni-manji-retrovizor-20x20-cm-mercedes-actros-mp2-mp3-econic-zamj\/\" \/>\n<meta property=\"og:locale\" content=\"en_US\" \/>\n<meta property=\"og:type\" content=\"article\" \/>\n<meta property=\"og:title\" content=\"BO\u010cNI MANJI RETROVIZOR 20x20 cm MERCEDES ACTROS MP2 MP3 ECONIC ZAMJ. - Sindicom\" \/>\n<meta property=\"og:url\" content=\"https:\/\/sindicom.hr\/en\/katalog\/bocni-manji-retrovizor-20x20-cm-mercedes-actros-mp2-mp3-econic-zamj\/\" \/>\n<meta property=\"og:site_name\" content=\"Sindicom\" \/>\n<meta property=\"article:publisher\" content=\"https:\/\/www.facebook.com\/Sindicom-doo-170277286366043\/\" \/>\n<meta property=\"article:modified_time\" content=\"2026-02-24T13:59:17+00:00\" \/>\n<meta property=\"og:image\" content=\"https:\/\/sindicom.hr\/wp-content\/uploads\/2026\/02\/018.093-80-PE.webp\" \/>\n\t<meta property=\"og:image:width\" content=\"1600\" \/>\n\t<meta property=\"og:image:height\" content=\"900\" \/>\n\t<meta property=\"og:image:type\" content=\"image\/webp\" \/>\n<meta name=\"twitter:card\" content=\"summary_large_image\" \/>\n<meta name=\"twitter:label1\" content=\"Est. reading time\" \/>\n\t<meta name=\"twitter:data1\" content=\"1 minute\" \/>\n<script type=\"application\/ld+json\" class=\"yoast-schema-graph\">{\"@context\":\"https:\/\/schema.org\",\"@graph\":[{\"@type\":\"WebPage\",\"@id\":\"https:\/\/sindicom.hr\/en\/katalog\/bocni-manji-retrovizor-20x20-cm-mercedes-actros-mp2-mp3-econic-zamj\/\",\"url\":\"https:\/\/sindicom.hr\/en\/katalog\/bocni-manji-retrovizor-20x20-cm-mercedes-actros-mp2-mp3-econic-zamj\/\",\"name\":\"BO\u010cNI MANJI RETROVIZOR 20x20 cm MERCEDES ACTROS MP2 MP3 ECONIC ZAMJ. - Sindicom\",\"isPartOf\":{\"@id\":\"https:\/\/sindicom.hr\/en\/#website\"},\"primaryImageOfPage\":{\"@id\":\"https:\/\/sindicom.hr\/en\/katalog\/bocni-manji-retrovizor-20x20-cm-mercedes-actros-mp2-mp3-econic-zamj\/#primaryimage\"},\"image\":{\"@id\":\"https:\/\/sindicom.hr\/en\/katalog\/bocni-manji-retrovizor-20x20-cm-mercedes-actros-mp2-mp3-econic-zamj\/#primaryimage\"},\"thumbnailUrl\":\"https:\/\/sindicom.hr\/wp-content\/uploads\/2026\/02\/018.093-80-PE.webp\",\"datePublished\":\"2026-02-24T13:56:37+00:00\",\"dateModified\":\"2026-02-24T13:59:17+00:00\",\"breadcrumb\":{\"@id\":\"https:\/\/sindicom.hr\/en\/katalog\/bocni-manji-retrovizor-20x20-cm-mercedes-actros-mp2-mp3-econic-zamj\/#breadcrumb\"},\"inLanguage\":\"en-US\",\"potentialAction\":[{\"@type\":\"ReadAction\",\"target\":[\"https:\/\/sindicom.hr\/en\/katalog\/bocni-manji-retrovizor-20x20-cm-mercedes-actros-mp2-mp3-econic-zamj\/\"]}]},{\"@type\":\"ImageObject\",\"inLanguage\":\"en-US\",\"@id\":\"https:\/\/sindicom.hr\/en\/katalog\/bocni-manji-retrovizor-20x20-cm-mercedes-actros-mp2-mp3-econic-zamj\/#primaryimage\",\"url\":\"https:\/\/sindicom.hr\/wp-content\/uploads\/2026\/02\/018.093-80-PE.webp\",\"contentUrl\":\"https:\/\/sindicom.hr\/wp-content\/uploads\/2026\/02\/018.093-80-PE.webp\",\"width\":1600,\"height\":900},{\"@type\":\"BreadcrumbList\",\"@id\":\"https:\/\/sindicom.hr\/en\/katalog\/bocni-manji-retrovizor-20x20-cm-mercedes-actros-mp2-mp3-econic-zamj\/#breadcrumb\",\"itemListElement\":[{\"@type\":\"ListItem\",\"position\":1,\"name\":\"Po\u010detna stranica\",\"item\":\"https:\/\/sindicom.hr\/en\/\"},{\"@type\":\"ListItem\",\"position\":2,\"name\":\"Katalog dijelova\",\"item\":\"https:\/\/sindicom.hr\/en\/catalog\/\"},{\"@type\":\"ListItem\",\"position\":3,\"name\":\"BO\u010cNI MANJI RETROVIZOR 20&#215;20 cm MERCEDES ACTROS MP2 MP3 ECONIC ZAMJ.\"}]},{\"@type\":\"WebSite\",\"@id\":\"https:\/\/sindicom.hr\/en\/#website\",\"url\":\"https:\/\/sindicom.hr\/en\/\",\"name\":\"SINDICOM\",\"description\":\"Trade and repair of pneumatic brakes, air and hydraulic systems for trucks and buses\",\"publisher\":{\"@id\":\"https:\/\/sindicom.hr\/en\/#organization\"},\"potentialAction\":[{\"@type\":\"SearchAction\",\"target\":{\"@type\":\"EntryPoint\",\"urlTemplate\":\"https:\/\/sindicom.hr\/en\/?s={search_term_string}\"},\"query-input\":{\"@type\":\"PropertyValueSpecification\",\"valueRequired\":true,\"valueName\":\"search_term_string\"}}],\"inLanguage\":\"en-US\"},{\"@type\":\"Organization\",\"@id\":\"https:\/\/sindicom.hr\/en\/#organization\",\"name\":\"SINDICOM d.o.o.\",\"url\":\"https:\/\/sindicom.hr\/en\/\",\"logo\":{\"@type\":\"ImageObject\",\"inLanguage\":\"en-US\",\"@id\":\"https:\/\/sindicom.hr\/en\/#\/schema\/logo\/image\/\",\"url\":\"https:\/\/sindicom.hr\/wp-content\/uploads\/2019\/11\/sindicom_logo_veliki1.jpg.png\",\"contentUrl\":\"https:\/\/sindicom.hr\/wp-content\/uploads\/2019\/11\/sindicom_logo_veliki1.jpg.png\",\"width\":732,\"height\":706,\"caption\":\"SINDICOM d.o.o.\"},\"image\":{\"@id\":\"https:\/\/sindicom.hr\/en\/#\/schema\/logo\/image\/\"},\"sameAs\":[\"https:\/\/www.facebook.com\/Sindicom-doo-170277286366043\/\",\"https:\/\/instagram.com\/sindicomdoo\"]}]}<\/script>\n<!-- \/ Yoast SEO plugin. -->","yoast_head_json":{"title":"BO\u010cNI MANJI RETROVIZOR 20x20 cm MERCEDES ACTROS MP2 MP3 ECONIC ZAMJ. - Sindicom","robots":{"index":"index","follow":"follow","max-snippet":"max-snippet:-1","max-image-preview":"max-image-preview:large","max-video-preview":"max-video-preview:-1"},"canonical":"https:\/\/sindicom.hr\/en\/katalog\/bocni-manji-retrovizor-20x20-cm-mercedes-actros-mp2-mp3-econic-zamj\/","og_locale":"en_US","og_type":"article","og_title":"BO\u010cNI MANJI RETROVIZOR 20x20 cm MERCEDES ACTROS MP2 MP3 ECONIC ZAMJ. - Sindicom","og_url":"https:\/\/sindicom.hr\/en\/katalog\/bocni-manji-retrovizor-20x20-cm-mercedes-actros-mp2-mp3-econic-zamj\/","og_site_name":"Sindicom","article_publisher":"https:\/\/www.facebook.com\/Sindicom-doo-170277286366043\/","article_modified_time":"2026-02-24T13:59:17+00:00","og_image":[{"width":1600,"height":900,"url":"https:\/\/sindicom.hr\/wp-content\/uploads\/2026\/02\/018.093-80-PE.webp","type":"image\/webp"}],"twitter_card":"summary_large_image","twitter_misc":{"Est. reading time":"1 minute"},"schema":{"@context":"https:\/\/schema.org","@graph":[{"@type":"WebPage","@id":"https:\/\/sindicom.hr\/en\/katalog\/bocni-manji-retrovizor-20x20-cm-mercedes-actros-mp2-mp3-econic-zamj\/","url":"https:\/\/sindicom.hr\/en\/katalog\/bocni-manji-retrovizor-20x20-cm-mercedes-actros-mp2-mp3-econic-zamj\/","name":"BO\u010cNI MANJI RETROVIZOR 20x20 cm MERCEDES ACTROS MP2 MP3 ECONIC ZAMJ. - Sindicom","isPartOf":{"@id":"https:\/\/sindicom.hr\/en\/#website"},"primaryImageOfPage":{"@id":"https:\/\/sindicom.hr\/en\/katalog\/bocni-manji-retrovizor-20x20-cm-mercedes-actros-mp2-mp3-econic-zamj\/#primaryimage"},"image":{"@id":"https:\/\/sindicom.hr\/en\/katalog\/bocni-manji-retrovizor-20x20-cm-mercedes-actros-mp2-mp3-econic-zamj\/#primaryimage"},"thumbnailUrl":"https:\/\/sindicom.hr\/wp-content\/uploads\/2026\/02\/018.093-80-PE.webp","datePublished":"2026-02-24T13:56:37+00:00","dateModified":"2026-02-24T13:59:17+00:00","breadcrumb":{"@id":"https:\/\/sindicom.hr\/en\/katalog\/bocni-manji-retrovizor-20x20-cm-mercedes-actros-mp2-mp3-econic-zamj\/#breadcrumb"},"inLanguage":"en-US","potentialAction":[{"@type":"ReadAction","target":["https:\/\/sindicom.hr\/en\/katalog\/bocni-manji-retrovizor-20x20-cm-mercedes-actros-mp2-mp3-econic-zamj\/"]}]},{"@type":"ImageObject","inLanguage":"en-US","@id":"https:\/\/sindicom.hr\/en\/katalog\/bocni-manji-retrovizor-20x20-cm-mercedes-actros-mp2-mp3-econic-zamj\/#primaryimage","url":"https:\/\/sindicom.hr\/wp-content\/uploads\/2026\/02\/018.093-80-PE.webp","contentUrl":"https:\/\/sindicom.hr\/wp-content\/uploads\/2026\/02\/018.093-80-PE.webp","width":1600,"height":900},{"@type":"BreadcrumbList","@id":"https:\/\/sindicom.hr\/en\/katalog\/bocni-manji-retrovizor-20x20-cm-mercedes-actros-mp2-mp3-econic-zamj\/#breadcrumb","itemListElement":[{"@type":"ListItem","position":1,"name":"Po\u010detna stranica","item":"https:\/\/sindicom.hr\/en\/"},{"@type":"ListItem","position":2,"name":"Katalog dijelova","item":"https:\/\/sindicom.hr\/en\/catalog\/"},{"@type":"ListItem","position":3,"name":"BO\u010cNI MANJI RETROVIZOR 20&#215;20 cm MERCEDES ACTROS MP2 MP3 ECONIC ZAMJ."}]},{"@type":"WebSite","@id":"https:\/\/sindicom.hr\/en\/#website","url":"https:\/\/sindicom.hr\/en\/","name":"SINDICOM","description":"Trade and repair of pneumatic brakes, air and hydraulic systems for trucks and buses","publisher":{"@id":"https:\/\/sindicom.hr\/en\/#organization"},"potentialAction":[{"@type":"SearchAction","target":{"@type":"EntryPoint","urlTemplate":"https:\/\/sindicom.hr\/en\/?s={search_term_string}"},"query-input":{"@type":"PropertyValueSpecification","valueRequired":true,"valueName":"search_term_string"}}],"inLanguage":"en-US"},{"@type":"Organization","@id":"https:\/\/sindicom.hr\/en\/#organization","name":"SINDICOM d.o.o.","url":"https:\/\/sindicom.hr\/en\/","logo":{"@type":"ImageObject","inLanguage":"en-US","@id":"https:\/\/sindicom.hr\/en\/#\/schema\/logo\/image\/","url":"https:\/\/sindicom.hr\/wp-content\/uploads\/2019\/11\/sindicom_logo_veliki1.jpg.png","contentUrl":"https:\/\/sindicom.hr\/wp-content\/uploads\/2019\/11\/sindicom_logo_veliki1.jpg.png","width":732,"height":706,"caption":"SINDICOM d.o.o."},"image":{"@id":"https:\/\/sindicom.hr\/en\/#\/schema\/logo\/image\/"},"sameAs":["https:\/\/www.facebook.com\/Sindicom-doo-170277286366043\/","https:\/\/instagram.com\/sindicomdoo"]}]}},"_links":{"self":[{"href":"https:\/\/sindicom.hr\/en\/wp-json\/wp\/v2\/product\/52923","targetHints":{"allow":["GET"]}}],"collection":[{"href":"https:\/\/sindicom.hr\/en\/wp-json\/wp\/v2\/product"}],"about":[{"href":"https:\/\/sindicom.hr\/en\/wp-json\/wp\/v2\/types\/product"}],"wp:featuredmedia":[{"embeddable":true,"href":"https:\/\/sindicom.hr\/en\/wp-json\/wp\/v2\/media\/52924"}],"wp:attachment":[{"href":"https:\/\/sindicom.hr\/en\/wp-json\/wp\/v2\/media?parent=52923"}],"wp:term":[{"taxonomy":"product_brand","embeddable":true,"href":"https:\/\/sindicom.hr\/en\/wp-json\/wp\/v2\/product_brand?post=52923"},{"taxonomy":"product_cat","embeddable":true,"href":"https:\/\/sindicom.hr\/en\/wp-json\/wp\/v2\/product_cat?post=52923"},{"taxonomy":"product_tag","embeddable":true,"href":"https:\/\/sindicom.hr\/en\/wp-json\/wp\/v2\/product_tag?post=52923"}],"curies":[{"name":"wp","href":"https:\/\/api.w.org\/{rel}","templated":true}]}}