{"id":52965,"date":"2026-02-26T11:52:04","date_gmt":"2026-02-26T11:52:04","guid":{"rendered":"https:\/\/sindicom.hr\/?post_type=product&#038;p=52965"},"modified":"2026-02-26T12:06:46","modified_gmt":"2026-02-26T12:06:46","slug":"set-3-2-usmjeravajuceg-ventila-wabco-bus-evobus-mercedes-steyr-wabco-trucktechnic","status":"publish","type":"product","link":"https:\/\/sindicom.hr\/en\/katalog\/set-3-2-usmjeravajuceg-ventila-wabco-bus-evobus-mercedes-steyr-wabco-trucktechnic\/","title":{"rendered":"SET 3\/2 USMJERAVAJU\u0106EG VENTILA WABCO BUS EVOBUS MERCEDES STEYR WABCO TRUCKTECHNIC"},"content":{"rendered":"<p>WSK.23.2 TRUCKTECHNIC<br \/>\n4630280022 WABCO<br \/>\n4630281110 WABCO<br \/>\n4630281120 WABCO<br \/>\n463 028 111 0 WABCO<br \/>\n463 028 112 0 WABCO<br \/>\n463 028 002 2 WABCO<br \/>\n463062 WABCO<br \/>\n42485671 IVECO<br \/>\n42485617 IVECO<br \/>\n0005863426 MERCEDES-BENZ<br \/>\nA0005863426 MERCEDES-BENZ<br \/>\nA 0005863426 MERCEDES-BENZ<br \/>\nA 000 586 34 26 MERCEDES-BENZ<br \/>\n0609715 DAF<br \/>\n0002604757 MERCEDES-BENZ<br \/>\nA0002604757 MERCEDES-BENZ<br \/>\nA 000 260 47 57 MERCEDES-BENZ<br \/>\n99012221612 STEYR<br \/>\nA0002604357 EVOBUS<br \/>\n0002604357 MERCEDES-BENZ<br \/>\nA0002604357 MERCEDES-BENZ<br \/>\nA 000 260 43 57 MERCEDES-BENZ<br \/>\n463.062 SAMPA<br \/>\nRepair kit<br \/>\nSpares Kit<br \/>\nReparatieset<br \/>\nReparatursatz<br \/>\nReparationssat<br \/>\nKit di riparazione<br \/>\nKit de r\u00e9paration<br \/>\nKit de reparaci\u00f3n<br \/>\nZestaw naprawczy<br \/>\nGeneral Service Kit<br \/>\nKit: Diaphragm + Valve<br \/>\nGear shift control valve repair kit<br \/>\nReparatieset schakelventiel<br \/>\nReparatursatz Schaltventil<br \/>\nReparationssat gearskifteventil<br \/>\nKit reparaci\u00f3n v\u00e1lvula control cambio<br \/>\nKit riparazione valvola comando cambio<br \/>\nSebess\u00e9gv\u00e1lt\u00f3 vez\u00e9rl\u0151szelep jav\u00edt\u00f3k\u00e9szlet<br \/>\nZestaw naprawczy zaworu sterowania zmiany bieg\u00f3w<br \/>\nKit r\u00e9paration valve de commande de changement de vitesse<\/p>\n","protected":false},"excerpt":{"rendered":"<p><img decoding=\"async\" class=\"alignnone size-medium wp-image-26176\" src=\"https:\/\/sindicom.hr\/wp-content\/uploads\/2022\/10\/Truck-Technic-300x300.jpg\" alt=\"\" width=\"300\" height=\"300\" srcset=\"https:\/\/sindicom.hr\/wp-content\/uploads\/2022\/10\/Truck-Technic-64x64.jpg 64w, https:\/\/sindicom.hr\/wp-content\/uploads\/2022\/10\/Truck-Technic-66x66.jpg 66w, https:\/\/sindicom.hr\/wp-content\/uploads\/2022\/10\/Truck-Technic-100x100.jpg 100w, https:\/\/sindicom.hr\/wp-content\/uploads\/2022\/10\/Truck-Technic-150x150.jpg 150w, https:\/\/sindicom.hr\/wp-content\/uploads\/2022\/10\/Truck-Technic-200x200.jpg 200w, https:\/\/sindicom.hr\/wp-content\/uploads\/2022\/10\/Truck-Technic.jpg 300w\" sizes=\"(max-width: 300px) 100vw, 300px\" \/><\/p>\n","protected":false},"featured_media":52966,"template":"","meta":{"inline_featured_image":false},"product_brand":[],"product_cat":[15,110,113,278,120,107],"product_tag":[],"class_list":{"0":"post-52965","1":"product","2":"type-product","3":"status-publish","4":"has-post-thumbnail","6":"product_cat-all-products","7":"product_cat-iveco-teretna-vozila","8":"product_cat-mercedes-teretna-vozila","9":"product_cat-ostali-rezervni-dijelovi-other-spare-parts-andere-ersatzteile-altri-ricambi","10":"product_cat-reparaturni-setovi","11":"product_cat-teretna-vozila","13":"first","14":"instock","15":"shipping-taxable","16":"purchasable","17":"product-type-simple"},"yoast_head":"<!-- This site is optimized with the Yoast SEO plugin v26.2 - https:\/\/yoast.com\/wordpress\/plugins\/seo\/ -->\n<title>SET 3\/2 USMJERAVAJU\u0106EG VENTILA WABCO BUS EVOBUS MERCEDES STEYR WABCO TRUCKTECHNIC - Sindicom<\/title>\n<meta name=\"robots\" content=\"index, follow, max-snippet:-1, max-image-preview:large, max-video-preview:-1\" \/>\n<link rel=\"canonical\" href=\"https:\/\/sindicom.hr\/en\/katalog\/set-3-2-usmjeravajuceg-ventila-wabco-bus-evobus-mercedes-steyr-wabco-trucktechnic\/\" \/>\n<meta property=\"og:locale\" content=\"en_US\" \/>\n<meta property=\"og:type\" content=\"article\" \/>\n<meta property=\"og:title\" content=\"SET 3\/2 USMJERAVAJU\u0106EG VENTILA WABCO BUS EVOBUS MERCEDES STEYR WABCO TRUCKTECHNIC - Sindicom\" \/>\n<meta property=\"og:url\" content=\"https:\/\/sindicom.hr\/en\/katalog\/set-3-2-usmjeravajuceg-ventila-wabco-bus-evobus-mercedes-steyr-wabco-trucktechnic\/\" \/>\n<meta property=\"og:site_name\" content=\"Sindicom\" \/>\n<meta property=\"article:publisher\" content=\"https:\/\/www.facebook.com\/Sindicom-doo-170277286366043\/\" \/>\n<meta property=\"article:modified_time\" content=\"2026-02-26T12:06:46+00:00\" \/>\n<meta property=\"og:image\" content=\"https:\/\/sindicom.hr\/wp-content\/uploads\/2026\/02\/WSK.23.2.webp\" \/>\n\t<meta property=\"og:image:width\" content=\"1600\" \/>\n\t<meta property=\"og:image:height\" content=\"900\" \/>\n\t<meta property=\"og:image:type\" content=\"image\/webp\" \/>\n<meta name=\"twitter:card\" content=\"summary_large_image\" \/>\n<meta name=\"twitter:label1\" content=\"Est. reading time\" \/>\n\t<meta name=\"twitter:data1\" content=\"1 minute\" \/>\n<script type=\"application\/ld+json\" class=\"yoast-schema-graph\">{\"@context\":\"https:\/\/schema.org\",\"@graph\":[{\"@type\":\"WebPage\",\"@id\":\"https:\/\/sindicom.hr\/en\/katalog\/set-3-2-usmjeravajuceg-ventila-wabco-bus-evobus-mercedes-steyr-wabco-trucktechnic\/\",\"url\":\"https:\/\/sindicom.hr\/en\/katalog\/set-3-2-usmjeravajuceg-ventila-wabco-bus-evobus-mercedes-steyr-wabco-trucktechnic\/\",\"name\":\"SET 3\/2 USMJERAVAJU\u0106EG VENTILA WABCO BUS EVOBUS MERCEDES STEYR WABCO TRUCKTECHNIC - Sindicom\",\"isPartOf\":{\"@id\":\"https:\/\/sindicom.hr\/en\/#website\"},\"primaryImageOfPage\":{\"@id\":\"https:\/\/sindicom.hr\/en\/katalog\/set-3-2-usmjeravajuceg-ventila-wabco-bus-evobus-mercedes-steyr-wabco-trucktechnic\/#primaryimage\"},\"image\":{\"@id\":\"https:\/\/sindicom.hr\/en\/katalog\/set-3-2-usmjeravajuceg-ventila-wabco-bus-evobus-mercedes-steyr-wabco-trucktechnic\/#primaryimage\"},\"thumbnailUrl\":\"https:\/\/sindicom.hr\/wp-content\/uploads\/2026\/02\/WSK.23.2.webp\",\"datePublished\":\"2026-02-26T11:52:04+00:00\",\"dateModified\":\"2026-02-26T12:06:46+00:00\",\"breadcrumb\":{\"@id\":\"https:\/\/sindicom.hr\/en\/katalog\/set-3-2-usmjeravajuceg-ventila-wabco-bus-evobus-mercedes-steyr-wabco-trucktechnic\/#breadcrumb\"},\"inLanguage\":\"en-US\",\"potentialAction\":[{\"@type\":\"ReadAction\",\"target\":[\"https:\/\/sindicom.hr\/en\/katalog\/set-3-2-usmjeravajuceg-ventila-wabco-bus-evobus-mercedes-steyr-wabco-trucktechnic\/\"]}]},{\"@type\":\"ImageObject\",\"inLanguage\":\"en-US\",\"@id\":\"https:\/\/sindicom.hr\/en\/katalog\/set-3-2-usmjeravajuceg-ventila-wabco-bus-evobus-mercedes-steyr-wabco-trucktechnic\/#primaryimage\",\"url\":\"https:\/\/sindicom.hr\/wp-content\/uploads\/2026\/02\/WSK.23.2.webp\",\"contentUrl\":\"https:\/\/sindicom.hr\/wp-content\/uploads\/2026\/02\/WSK.23.2.webp\",\"width\":1600,\"height\":900},{\"@type\":\"BreadcrumbList\",\"@id\":\"https:\/\/sindicom.hr\/en\/katalog\/set-3-2-usmjeravajuceg-ventila-wabco-bus-evobus-mercedes-steyr-wabco-trucktechnic\/#breadcrumb\",\"itemListElement\":[{\"@type\":\"ListItem\",\"position\":1,\"name\":\"Po\u010detna stranica\",\"item\":\"https:\/\/sindicom.hr\/en\/\"},{\"@type\":\"ListItem\",\"position\":2,\"name\":\"Katalog dijelova\",\"item\":\"https:\/\/sindicom.hr\/en\/catalog\/\"},{\"@type\":\"ListItem\",\"position\":3,\"name\":\"SET 3\/2 USMJERAVAJU\u0106EG VENTILA WABCO BUS EVOBUS MERCEDES STEYR WABCO TRUCKTECHNIC\"}]},{\"@type\":\"WebSite\",\"@id\":\"https:\/\/sindicom.hr\/en\/#website\",\"url\":\"https:\/\/sindicom.hr\/en\/\",\"name\":\"SINDICOM\",\"description\":\"Trade and repair of pneumatic brakes, air and hydraulic systems for trucks and buses\",\"publisher\":{\"@id\":\"https:\/\/sindicom.hr\/en\/#organization\"},\"potentialAction\":[{\"@type\":\"SearchAction\",\"target\":{\"@type\":\"EntryPoint\",\"urlTemplate\":\"https:\/\/sindicom.hr\/en\/?s={search_term_string}\"},\"query-input\":{\"@type\":\"PropertyValueSpecification\",\"valueRequired\":true,\"valueName\":\"search_term_string\"}}],\"inLanguage\":\"en-US\"},{\"@type\":\"Organization\",\"@id\":\"https:\/\/sindicom.hr\/en\/#organization\",\"name\":\"SINDICOM d.o.o.\",\"url\":\"https:\/\/sindicom.hr\/en\/\",\"logo\":{\"@type\":\"ImageObject\",\"inLanguage\":\"en-US\",\"@id\":\"https:\/\/sindicom.hr\/en\/#\/schema\/logo\/image\/\",\"url\":\"https:\/\/sindicom.hr\/wp-content\/uploads\/2019\/11\/sindicom_logo_veliki1.jpg.png\",\"contentUrl\":\"https:\/\/sindicom.hr\/wp-content\/uploads\/2019\/11\/sindicom_logo_veliki1.jpg.png\",\"width\":732,\"height\":706,\"caption\":\"SINDICOM d.o.o.\"},\"image\":{\"@id\":\"https:\/\/sindicom.hr\/en\/#\/schema\/logo\/image\/\"},\"sameAs\":[\"https:\/\/www.facebook.com\/Sindicom-doo-170277286366043\/\",\"https:\/\/instagram.com\/sindicomdoo\"]}]}<\/script>\n<!-- \/ Yoast SEO plugin. -->","yoast_head_json":{"title":"SET 3\/2 USMJERAVAJU\u0106EG VENTILA WABCO BUS EVOBUS MERCEDES STEYR WABCO TRUCKTECHNIC - Sindicom","robots":{"index":"index","follow":"follow","max-snippet":"max-snippet:-1","max-image-preview":"max-image-preview:large","max-video-preview":"max-video-preview:-1"},"canonical":"https:\/\/sindicom.hr\/en\/katalog\/set-3-2-usmjeravajuceg-ventila-wabco-bus-evobus-mercedes-steyr-wabco-trucktechnic\/","og_locale":"en_US","og_type":"article","og_title":"SET 3\/2 USMJERAVAJU\u0106EG VENTILA WABCO BUS EVOBUS MERCEDES STEYR WABCO TRUCKTECHNIC - Sindicom","og_url":"https:\/\/sindicom.hr\/en\/katalog\/set-3-2-usmjeravajuceg-ventila-wabco-bus-evobus-mercedes-steyr-wabco-trucktechnic\/","og_site_name":"Sindicom","article_publisher":"https:\/\/www.facebook.com\/Sindicom-doo-170277286366043\/","article_modified_time":"2026-02-26T12:06:46+00:00","og_image":[{"width":1600,"height":900,"url":"https:\/\/sindicom.hr\/wp-content\/uploads\/2026\/02\/WSK.23.2.webp","type":"image\/webp"}],"twitter_card":"summary_large_image","twitter_misc":{"Est. reading time":"1 minute"},"schema":{"@context":"https:\/\/schema.org","@graph":[{"@type":"WebPage","@id":"https:\/\/sindicom.hr\/en\/katalog\/set-3-2-usmjeravajuceg-ventila-wabco-bus-evobus-mercedes-steyr-wabco-trucktechnic\/","url":"https:\/\/sindicom.hr\/en\/katalog\/set-3-2-usmjeravajuceg-ventila-wabco-bus-evobus-mercedes-steyr-wabco-trucktechnic\/","name":"SET 3\/2 USMJERAVAJU\u0106EG VENTILA WABCO BUS EVOBUS MERCEDES STEYR WABCO TRUCKTECHNIC - Sindicom","isPartOf":{"@id":"https:\/\/sindicom.hr\/en\/#website"},"primaryImageOfPage":{"@id":"https:\/\/sindicom.hr\/en\/katalog\/set-3-2-usmjeravajuceg-ventila-wabco-bus-evobus-mercedes-steyr-wabco-trucktechnic\/#primaryimage"},"image":{"@id":"https:\/\/sindicom.hr\/en\/katalog\/set-3-2-usmjeravajuceg-ventila-wabco-bus-evobus-mercedes-steyr-wabco-trucktechnic\/#primaryimage"},"thumbnailUrl":"https:\/\/sindicom.hr\/wp-content\/uploads\/2026\/02\/WSK.23.2.webp","datePublished":"2026-02-26T11:52:04+00:00","dateModified":"2026-02-26T12:06:46+00:00","breadcrumb":{"@id":"https:\/\/sindicom.hr\/en\/katalog\/set-3-2-usmjeravajuceg-ventila-wabco-bus-evobus-mercedes-steyr-wabco-trucktechnic\/#breadcrumb"},"inLanguage":"en-US","potentialAction":[{"@type":"ReadAction","target":["https:\/\/sindicom.hr\/en\/katalog\/set-3-2-usmjeravajuceg-ventila-wabco-bus-evobus-mercedes-steyr-wabco-trucktechnic\/"]}]},{"@type":"ImageObject","inLanguage":"en-US","@id":"https:\/\/sindicom.hr\/en\/katalog\/set-3-2-usmjeravajuceg-ventila-wabco-bus-evobus-mercedes-steyr-wabco-trucktechnic\/#primaryimage","url":"https:\/\/sindicom.hr\/wp-content\/uploads\/2026\/02\/WSK.23.2.webp","contentUrl":"https:\/\/sindicom.hr\/wp-content\/uploads\/2026\/02\/WSK.23.2.webp","width":1600,"height":900},{"@type":"BreadcrumbList","@id":"https:\/\/sindicom.hr\/en\/katalog\/set-3-2-usmjeravajuceg-ventila-wabco-bus-evobus-mercedes-steyr-wabco-trucktechnic\/#breadcrumb","itemListElement":[{"@type":"ListItem","position":1,"name":"Po\u010detna stranica","item":"https:\/\/sindicom.hr\/en\/"},{"@type":"ListItem","position":2,"name":"Katalog dijelova","item":"https:\/\/sindicom.hr\/en\/catalog\/"},{"@type":"ListItem","position":3,"name":"SET 3\/2 USMJERAVAJU\u0106EG VENTILA WABCO BUS EVOBUS MERCEDES STEYR WABCO TRUCKTECHNIC"}]},{"@type":"WebSite","@id":"https:\/\/sindicom.hr\/en\/#website","url":"https:\/\/sindicom.hr\/en\/","name":"SINDICOM","description":"Trade and repair of pneumatic brakes, air and hydraulic systems for trucks and buses","publisher":{"@id":"https:\/\/sindicom.hr\/en\/#organization"},"potentialAction":[{"@type":"SearchAction","target":{"@type":"EntryPoint","urlTemplate":"https:\/\/sindicom.hr\/en\/?s={search_term_string}"},"query-input":{"@type":"PropertyValueSpecification","valueRequired":true,"valueName":"search_term_string"}}],"inLanguage":"en-US"},{"@type":"Organization","@id":"https:\/\/sindicom.hr\/en\/#organization","name":"SINDICOM d.o.o.","url":"https:\/\/sindicom.hr\/en\/","logo":{"@type":"ImageObject","inLanguage":"en-US","@id":"https:\/\/sindicom.hr\/en\/#\/schema\/logo\/image\/","url":"https:\/\/sindicom.hr\/wp-content\/uploads\/2019\/11\/sindicom_logo_veliki1.jpg.png","contentUrl":"https:\/\/sindicom.hr\/wp-content\/uploads\/2019\/11\/sindicom_logo_veliki1.jpg.png","width":732,"height":706,"caption":"SINDICOM d.o.o."},"image":{"@id":"https:\/\/sindicom.hr\/en\/#\/schema\/logo\/image\/"},"sameAs":["https:\/\/www.facebook.com\/Sindicom-doo-170277286366043\/","https:\/\/instagram.com\/sindicomdoo"]}]}},"_links":{"self":[{"href":"https:\/\/sindicom.hr\/en\/wp-json\/wp\/v2\/product\/52965","targetHints":{"allow":["GET"]}}],"collection":[{"href":"https:\/\/sindicom.hr\/en\/wp-json\/wp\/v2\/product"}],"about":[{"href":"https:\/\/sindicom.hr\/en\/wp-json\/wp\/v2\/types\/product"}],"wp:featuredmedia":[{"embeddable":true,"href":"https:\/\/sindicom.hr\/en\/wp-json\/wp\/v2\/media\/52966"}],"wp:attachment":[{"href":"https:\/\/sindicom.hr\/en\/wp-json\/wp\/v2\/media?parent=52965"}],"wp:term":[{"taxonomy":"product_brand","embeddable":true,"href":"https:\/\/sindicom.hr\/en\/wp-json\/wp\/v2\/product_brand?post=52965"},{"taxonomy":"product_cat","embeddable":true,"href":"https:\/\/sindicom.hr\/en\/wp-json\/wp\/v2\/product_cat?post=52965"},{"taxonomy":"product_tag","embeddable":true,"href":"https:\/\/sindicom.hr\/en\/wp-json\/wp\/v2\/product_tag?post=52965"}],"curies":[{"name":"wp","href":"https:\/\/api.w.org\/{rel}","templated":true}]}}