{"id":53041,"date":"2026-03-04T10:13:38","date_gmt":"2026-03-04T10:13:38","guid":{"rendered":"https:\/\/sindicom.hr\/?post_type=product&#038;p=53041"},"modified":"2026-04-07T19:00:50","modified_gmt":"2026-04-07T19:00:50","slug":"zf-assy-powerpack-jedinica-as-lite-daf-lf-volvo-renault-midlum-wabco-zf-oe-kaucija-820e","status":"publish","type":"product","link":"https:\/\/sindicom.hr\/en\/katalog\/zf-assy-powerpack-jedinica-as-lite-daf-lf-volvo-renault-midlum-wabco-zf-oe-kaucija-820e\/","title":{"rendered":"ZF ASSY POWERPACK JEDINICA AS LITE DAF LF VOLVO RENAULT MIDLUM WABCO ZF OE KAUCIJA 820\u20ac"},"content":{"rendered":"<p>6070298012 ZF<br \/>\n6070307086 ZF<br \/>\n6070298009 ZF<br \/>\n0501325723 ZF<br \/>\n0501333572 ZF<br \/>\n0501325722 ZF<br \/>\n0501325721 ZF<br \/>\n607029800901 ZF<br \/>\n477001031R WABCO<br \/>\n4770010310 WABCO<br \/>\n4770010370 WABCO<br \/>\n4770010360 WABCO<br \/>\n4770109422 WABCO<br \/>\n477010942R WABCO<br \/>\n1832782 DAF<br \/>\n1832782R DAF<br \/>\n1832044 DAF<br \/>\n1832044R DAF<br \/>\n2005382 DAF<br \/>\n2005382R DAF<br \/>\n2035125 DAF<br \/>\n42574138 IVECO<br \/>\n2035125R VOLVO<br \/>\n21306287 VOLVO<br \/>\n21306255 VOLVO<br \/>\n21306293 VOLVO<br \/>\n23646680 VOLVO<br \/>\n22031681 VOLVO<br \/>\n23646686 VOLVO<br \/>\n81326906074 MAN<br \/>\n81326906061 MAN<br \/>\n81326906059 MAN<br \/>\n81.32690-6074 MAN<br \/>\n81.32690-6061 MAN<br \/>\n81.32690-6059 MAN<br \/>\n7421306255 RENAULT<br \/>\n7421306293 RENAULT<br \/>\n7421535282 RENAULT<br \/>\n6070 298 012 ZF<br \/>\n6070 298 012 ZF<br \/>\n6070 307 086 ZF<br \/>\n6070.298.012 ZF<br \/>\n6070.298.012 ZF<br \/>\n6070.307.086 ZF<br \/>\n6070.298.091 ZF<br \/>\n0501.325.723 ZF<br \/>\n0501.333.572 ZF<br \/>\n0501.325.722 ZF<br \/>\n0501.325.721 ZF<br \/>\nHydraulic automated manual transmission (AMT) ZF control unit<br \/>\nHydraulisches automatisiertes Schaltgetriebe (AMT) ZF-Steuerger\u00e4t<br \/>\nHidrauli\u010dni automatizirani ru\u010dni mjenja\u010d (AMT) ZF upravljacka jedinica<br \/>\nUnita di controllo ZF del cambio manuale automatizzato idraulico (AMT)<br \/>\nUnidad de control ZF de transmisi\u00f3n manual automatizada hidr\u00e1ulica (AMT)<br \/>\nHydrauliczna zautomatyzowana skrzynia bieg\u00f3w (AMT) Jednostka steruj\u0105ca ZF<br \/>\nUnit\u00e9 de commande ZF pour transmission manuelle automatis\u00e9e hydraulique (AMT)<br \/>\nGear shifting, outer PowerPack kit (further programming OE\/ZF service; universal) ZF AS 850 \/ 1000<br \/>\nPART SOLD WITH EMPTY ECU &#8211; NO SOFTWARE &#8211; MAKE SURE CUSTOMER IS INFORMED<br \/>\nTeil wird ohne Steuerger\u00e4t verkauft \u2013 keine Software \u2013 Kunde muss dar\u00fcber informiert werden<br \/>\nIl pezzo viene venduto senza unita di controllo, ovvero senza software: il cliente deve esserne informato<\/p>\n","protected":false},"excerpt":{"rendered":"<p><img decoding=\"async\" class=\"alignnone size-medium wp-image-17720\" src=\"https:\/\/sindicom.hr\/wp-content\/uploads\/2020\/05\/wabco-300x300.png\" alt=\"\" width=\"300\" height=\"300\" srcset=\"https:\/\/sindicom.hr\/wp-content\/uploads\/2020\/05\/wabco-64x64.png 64w, https:\/\/sindicom.hr\/wp-content\/uploads\/2020\/05\/wabco-66x66.png 66w, https:\/\/sindicom.hr\/wp-content\/uploads\/2020\/05\/wabco-100x100.png 100w, https:\/\/sindicom.hr\/wp-content\/uploads\/2020\/05\/wabco-150x150.png 150w, https:\/\/sindicom.hr\/wp-content\/uploads\/2020\/05\/wabco-200x200.png 200w, https:\/\/sindicom.hr\/wp-content\/uploads\/2020\/05\/wabco.png 300w\" sizes=\"(max-width: 300px) 100vw, 300px\" \/><\/p>\n","protected":false},"featured_media":53047,"template":"","meta":{"inline_featured_image":false},"product_brand":[],"product_cat":[15,126,110,108,112,107,111,272,64],"product_tag":[],"class_list":{"0":"post-53041","1":"product","2":"type-product","3":"status-publish","4":"has-post-thumbnail","6":"product_cat-all-products","7":"product_cat-daf","8":"product_cat-iveco-teretna-vozila","9":"product_cat-man-teretna-vozila","10":"product_cat-renault","11":"product_cat-teretna-vozila","12":"product_cat-volvo","13":"product_cat-zf-astronic-rezervni-dijelovi-zf-amt-astronic-gearbox-actuator-spare-parts","14":"product_cat-zf-dijelovi-mjenjaca","16":"first","17":"instock","18":"sale","19":"shipping-taxable","20":"purchasable","21":"product-type-simple"},"yoast_head":"<!-- This site is optimized with the Yoast SEO plugin v26.2 - https:\/\/yoast.com\/wordpress\/plugins\/seo\/ -->\n<title>ZF ASSY POWERPACK JEDINICA AS LITE DAF LF VOLVO RENAULT MIDLUM WABCO ZF OE KAUCIJA 820\u20ac - Sindicom<\/title>\n<meta name=\"robots\" content=\"index, follow, max-snippet:-1, max-image-preview:large, max-video-preview:-1\" \/>\n<link rel=\"canonical\" href=\"https:\/\/sindicom.hr\/en\/katalog\/zf-assy-powerpack-jedinica-as-lite-daf-lf-volvo-renault-midlum-wabco-zf-oe-kaucija-820e\/\" \/>\n<meta property=\"og:locale\" content=\"en_US\" \/>\n<meta property=\"og:type\" content=\"article\" \/>\n<meta property=\"og:title\" content=\"ZF ASSY POWERPACK JEDINICA AS LITE DAF LF VOLVO RENAULT MIDLUM WABCO ZF OE KAUCIJA 820\u20ac - Sindicom\" \/>\n<meta property=\"og:url\" content=\"https:\/\/sindicom.hr\/en\/katalog\/zf-assy-powerpack-jedinica-as-lite-daf-lf-volvo-renault-midlum-wabco-zf-oe-kaucija-820e\/\" \/>\n<meta property=\"og:site_name\" content=\"Sindicom\" \/>\n<meta property=\"article:publisher\" content=\"https:\/\/www.facebook.com\/Sindicom-doo-170277286366043\/\" \/>\n<meta property=\"article:modified_time\" content=\"2026-04-07T19:00:50+00:00\" \/>\n<meta property=\"og:image\" content=\"https:\/\/sindicom.hr\/wp-content\/uploads\/2026\/03\/6070298012-ZF.webp\" \/>\n\t<meta property=\"og:image:width\" content=\"1600\" \/>\n\t<meta property=\"og:image:height\" content=\"900\" \/>\n\t<meta property=\"og:image:type\" content=\"image\/webp\" \/>\n<meta name=\"twitter:card\" content=\"summary_large_image\" \/>\n<meta name=\"twitter:label1\" content=\"Est. reading time\" \/>\n\t<meta name=\"twitter:data1\" content=\"2 minutes\" \/>\n<script type=\"application\/ld+json\" class=\"yoast-schema-graph\">{\"@context\":\"https:\/\/schema.org\",\"@graph\":[{\"@type\":\"WebPage\",\"@id\":\"https:\/\/sindicom.hr\/en\/katalog\/zf-assy-powerpack-jedinica-as-lite-daf-lf-volvo-renault-midlum-wabco-zf-oe-kaucija-820e\/\",\"url\":\"https:\/\/sindicom.hr\/en\/katalog\/zf-assy-powerpack-jedinica-as-lite-daf-lf-volvo-renault-midlum-wabco-zf-oe-kaucija-820e\/\",\"name\":\"ZF ASSY POWERPACK JEDINICA AS LITE DAF LF VOLVO RENAULT MIDLUM WABCO ZF OE KAUCIJA 820\u20ac - Sindicom\",\"isPartOf\":{\"@id\":\"https:\/\/sindicom.hr\/en\/#website\"},\"primaryImageOfPage\":{\"@id\":\"https:\/\/sindicom.hr\/en\/katalog\/zf-assy-powerpack-jedinica-as-lite-daf-lf-volvo-renault-midlum-wabco-zf-oe-kaucija-820e\/#primaryimage\"},\"image\":{\"@id\":\"https:\/\/sindicom.hr\/en\/katalog\/zf-assy-powerpack-jedinica-as-lite-daf-lf-volvo-renault-midlum-wabco-zf-oe-kaucija-820e\/#primaryimage\"},\"thumbnailUrl\":\"https:\/\/sindicom.hr\/wp-content\/uploads\/2026\/03\/6070298012-ZF.webp\",\"datePublished\":\"2026-03-04T10:13:38+00:00\",\"dateModified\":\"2026-04-07T19:00:50+00:00\",\"breadcrumb\":{\"@id\":\"https:\/\/sindicom.hr\/en\/katalog\/zf-assy-powerpack-jedinica-as-lite-daf-lf-volvo-renault-midlum-wabco-zf-oe-kaucija-820e\/#breadcrumb\"},\"inLanguage\":\"en-US\",\"potentialAction\":[{\"@type\":\"ReadAction\",\"target\":[\"https:\/\/sindicom.hr\/en\/katalog\/zf-assy-powerpack-jedinica-as-lite-daf-lf-volvo-renault-midlum-wabco-zf-oe-kaucija-820e\/\"]}]},{\"@type\":\"ImageObject\",\"inLanguage\":\"en-US\",\"@id\":\"https:\/\/sindicom.hr\/en\/katalog\/zf-assy-powerpack-jedinica-as-lite-daf-lf-volvo-renault-midlum-wabco-zf-oe-kaucija-820e\/#primaryimage\",\"url\":\"https:\/\/sindicom.hr\/wp-content\/uploads\/2026\/03\/6070298012-ZF.webp\",\"contentUrl\":\"https:\/\/sindicom.hr\/wp-content\/uploads\/2026\/03\/6070298012-ZF.webp\",\"width\":1600,\"height\":900},{\"@type\":\"BreadcrumbList\",\"@id\":\"https:\/\/sindicom.hr\/en\/katalog\/zf-assy-powerpack-jedinica-as-lite-daf-lf-volvo-renault-midlum-wabco-zf-oe-kaucija-820e\/#breadcrumb\",\"itemListElement\":[{\"@type\":\"ListItem\",\"position\":1,\"name\":\"Po\u010detna stranica\",\"item\":\"https:\/\/sindicom.hr\/en\/\"},{\"@type\":\"ListItem\",\"position\":2,\"name\":\"Katalog dijelova\",\"item\":\"https:\/\/sindicom.hr\/en\/catalog\/\"},{\"@type\":\"ListItem\",\"position\":3,\"name\":\"ZF ASSY POWERPACK JEDINICA AS LITE DAF LF VOLVO RENAULT MIDLUM WABCO ZF OE KAUCIJA 820\u20ac\"}]},{\"@type\":\"WebSite\",\"@id\":\"https:\/\/sindicom.hr\/en\/#website\",\"url\":\"https:\/\/sindicom.hr\/en\/\",\"name\":\"SINDICOM\",\"description\":\"Trade and repair of pneumatic brakes, air and hydraulic systems for trucks and buses\",\"publisher\":{\"@id\":\"https:\/\/sindicom.hr\/en\/#organization\"},\"potentialAction\":[{\"@type\":\"SearchAction\",\"target\":{\"@type\":\"EntryPoint\",\"urlTemplate\":\"https:\/\/sindicom.hr\/en\/?s={search_term_string}\"},\"query-input\":{\"@type\":\"PropertyValueSpecification\",\"valueRequired\":true,\"valueName\":\"search_term_string\"}}],\"inLanguage\":\"en-US\"},{\"@type\":\"Organization\",\"@id\":\"https:\/\/sindicom.hr\/en\/#organization\",\"name\":\"SINDICOM d.o.o.\",\"url\":\"https:\/\/sindicom.hr\/en\/\",\"logo\":{\"@type\":\"ImageObject\",\"inLanguage\":\"en-US\",\"@id\":\"https:\/\/sindicom.hr\/en\/#\/schema\/logo\/image\/\",\"url\":\"https:\/\/sindicom.hr\/wp-content\/uploads\/2019\/11\/sindicom_logo_veliki1.jpg.png\",\"contentUrl\":\"https:\/\/sindicom.hr\/wp-content\/uploads\/2019\/11\/sindicom_logo_veliki1.jpg.png\",\"width\":732,\"height\":706,\"caption\":\"SINDICOM d.o.o.\"},\"image\":{\"@id\":\"https:\/\/sindicom.hr\/en\/#\/schema\/logo\/image\/\"},\"sameAs\":[\"https:\/\/www.facebook.com\/Sindicom-doo-170277286366043\/\",\"https:\/\/instagram.com\/sindicomdoo\"]}]}<\/script>\n<!-- \/ Yoast SEO plugin. -->","yoast_head_json":{"title":"ZF ASSY POWERPACK JEDINICA AS LITE DAF LF VOLVO RENAULT MIDLUM WABCO ZF OE KAUCIJA 820\u20ac - Sindicom","robots":{"index":"index","follow":"follow","max-snippet":"max-snippet:-1","max-image-preview":"max-image-preview:large","max-video-preview":"max-video-preview:-1"},"canonical":"https:\/\/sindicom.hr\/en\/katalog\/zf-assy-powerpack-jedinica-as-lite-daf-lf-volvo-renault-midlum-wabco-zf-oe-kaucija-820e\/","og_locale":"en_US","og_type":"article","og_title":"ZF ASSY POWERPACK JEDINICA AS LITE DAF LF VOLVO RENAULT MIDLUM WABCO ZF OE KAUCIJA 820\u20ac - Sindicom","og_url":"https:\/\/sindicom.hr\/en\/katalog\/zf-assy-powerpack-jedinica-as-lite-daf-lf-volvo-renault-midlum-wabco-zf-oe-kaucija-820e\/","og_site_name":"Sindicom","article_publisher":"https:\/\/www.facebook.com\/Sindicom-doo-170277286366043\/","article_modified_time":"2026-04-07T19:00:50+00:00","og_image":[{"width":1600,"height":900,"url":"https:\/\/sindicom.hr\/wp-content\/uploads\/2026\/03\/6070298012-ZF.webp","type":"image\/webp"}],"twitter_card":"summary_large_image","twitter_misc":{"Est. reading time":"2 minutes"},"schema":{"@context":"https:\/\/schema.org","@graph":[{"@type":"WebPage","@id":"https:\/\/sindicom.hr\/en\/katalog\/zf-assy-powerpack-jedinica-as-lite-daf-lf-volvo-renault-midlum-wabco-zf-oe-kaucija-820e\/","url":"https:\/\/sindicom.hr\/en\/katalog\/zf-assy-powerpack-jedinica-as-lite-daf-lf-volvo-renault-midlum-wabco-zf-oe-kaucija-820e\/","name":"ZF ASSY POWERPACK JEDINICA AS LITE DAF LF VOLVO RENAULT MIDLUM WABCO ZF OE KAUCIJA 820\u20ac - Sindicom","isPartOf":{"@id":"https:\/\/sindicom.hr\/en\/#website"},"primaryImageOfPage":{"@id":"https:\/\/sindicom.hr\/en\/katalog\/zf-assy-powerpack-jedinica-as-lite-daf-lf-volvo-renault-midlum-wabco-zf-oe-kaucija-820e\/#primaryimage"},"image":{"@id":"https:\/\/sindicom.hr\/en\/katalog\/zf-assy-powerpack-jedinica-as-lite-daf-lf-volvo-renault-midlum-wabco-zf-oe-kaucija-820e\/#primaryimage"},"thumbnailUrl":"https:\/\/sindicom.hr\/wp-content\/uploads\/2026\/03\/6070298012-ZF.webp","datePublished":"2026-03-04T10:13:38+00:00","dateModified":"2026-04-07T19:00:50+00:00","breadcrumb":{"@id":"https:\/\/sindicom.hr\/en\/katalog\/zf-assy-powerpack-jedinica-as-lite-daf-lf-volvo-renault-midlum-wabco-zf-oe-kaucija-820e\/#breadcrumb"},"inLanguage":"en-US","potentialAction":[{"@type":"ReadAction","target":["https:\/\/sindicom.hr\/en\/katalog\/zf-assy-powerpack-jedinica-as-lite-daf-lf-volvo-renault-midlum-wabco-zf-oe-kaucija-820e\/"]}]},{"@type":"ImageObject","inLanguage":"en-US","@id":"https:\/\/sindicom.hr\/en\/katalog\/zf-assy-powerpack-jedinica-as-lite-daf-lf-volvo-renault-midlum-wabco-zf-oe-kaucija-820e\/#primaryimage","url":"https:\/\/sindicom.hr\/wp-content\/uploads\/2026\/03\/6070298012-ZF.webp","contentUrl":"https:\/\/sindicom.hr\/wp-content\/uploads\/2026\/03\/6070298012-ZF.webp","width":1600,"height":900},{"@type":"BreadcrumbList","@id":"https:\/\/sindicom.hr\/en\/katalog\/zf-assy-powerpack-jedinica-as-lite-daf-lf-volvo-renault-midlum-wabco-zf-oe-kaucija-820e\/#breadcrumb","itemListElement":[{"@type":"ListItem","position":1,"name":"Po\u010detna stranica","item":"https:\/\/sindicom.hr\/en\/"},{"@type":"ListItem","position":2,"name":"Katalog dijelova","item":"https:\/\/sindicom.hr\/en\/catalog\/"},{"@type":"ListItem","position":3,"name":"ZF ASSY POWERPACK JEDINICA AS LITE DAF LF VOLVO RENAULT MIDLUM WABCO ZF OE KAUCIJA 820\u20ac"}]},{"@type":"WebSite","@id":"https:\/\/sindicom.hr\/en\/#website","url":"https:\/\/sindicom.hr\/en\/","name":"SINDICOM","description":"Trade and repair of pneumatic brakes, air and hydraulic systems for trucks and buses","publisher":{"@id":"https:\/\/sindicom.hr\/en\/#organization"},"potentialAction":[{"@type":"SearchAction","target":{"@type":"EntryPoint","urlTemplate":"https:\/\/sindicom.hr\/en\/?s={search_term_string}"},"query-input":{"@type":"PropertyValueSpecification","valueRequired":true,"valueName":"search_term_string"}}],"inLanguage":"en-US"},{"@type":"Organization","@id":"https:\/\/sindicom.hr\/en\/#organization","name":"SINDICOM d.o.o.","url":"https:\/\/sindicom.hr\/en\/","logo":{"@type":"ImageObject","inLanguage":"en-US","@id":"https:\/\/sindicom.hr\/en\/#\/schema\/logo\/image\/","url":"https:\/\/sindicom.hr\/wp-content\/uploads\/2019\/11\/sindicom_logo_veliki1.jpg.png","contentUrl":"https:\/\/sindicom.hr\/wp-content\/uploads\/2019\/11\/sindicom_logo_veliki1.jpg.png","width":732,"height":706,"caption":"SINDICOM d.o.o."},"image":{"@id":"https:\/\/sindicom.hr\/en\/#\/schema\/logo\/image\/"},"sameAs":["https:\/\/www.facebook.com\/Sindicom-doo-170277286366043\/","https:\/\/instagram.com\/sindicomdoo"]}]}},"_links":{"self":[{"href":"https:\/\/sindicom.hr\/en\/wp-json\/wp\/v2\/product\/53041","targetHints":{"allow":["GET"]}}],"collection":[{"href":"https:\/\/sindicom.hr\/en\/wp-json\/wp\/v2\/product"}],"about":[{"href":"https:\/\/sindicom.hr\/en\/wp-json\/wp\/v2\/types\/product"}],"wp:featuredmedia":[{"embeddable":true,"href":"https:\/\/sindicom.hr\/en\/wp-json\/wp\/v2\/media\/53047"}],"wp:attachment":[{"href":"https:\/\/sindicom.hr\/en\/wp-json\/wp\/v2\/media?parent=53041"}],"wp:term":[{"taxonomy":"product_brand","embeddable":true,"href":"https:\/\/sindicom.hr\/en\/wp-json\/wp\/v2\/product_brand?post=53041"},{"taxonomy":"product_cat","embeddable":true,"href":"https:\/\/sindicom.hr\/en\/wp-json\/wp\/v2\/product_cat?post=53041"},{"taxonomy":"product_tag","embeddable":true,"href":"https:\/\/sindicom.hr\/en\/wp-json\/wp\/v2\/product_tag?post=53041"}],"curies":[{"name":"wp","href":"https:\/\/api.w.org\/{rel}","templated":true}]}}