{"id":53520,"date":"2026-04-09T06:55:14","date_gmt":"2026-04-09T06:55:14","guid":{"rendered":"https:\/\/sindicom.hr\/?post_type=product&#038;p=53520"},"modified":"2026-04-09T13:08:21","modified_gmt":"2026-04-09T13:08:21","slug":"senzor-prekidac-rikverc-svjetala-na-ventilu-mjenjaca-man-zf-zamj","status":"publish","type":"product","link":"https:\/\/sindicom.hr\/en\/katalog\/senzor-prekidac-rikverc-svjetala-na-ventilu-mjenjaca-man-zf-zamj\/","title":{"rendered":"SENZOR PREKIDA\u010c RIKVERC SVJETALA NA VENTILU MJENJA\u010cA MAN ZF ZAMJ."},"content":{"rendered":"<p>0501331662 ZF<br \/>\n0501.331.662 ZF<br \/>\n0501 331 662 ZF<br \/>\n0501212606 ZF<br \/>\n0501.212.606 ZF<br \/>\n0501 212 606 ZF<br \/>\n81255250156 MAN<br \/>\n81.25525-0156 MAN<br \/>\n81325506016 MAN<br \/>\n81.32550-6016 MAN<br \/>\n1745013 DAF<br \/>\n0501214568 ZF<br \/>\n0501215333 ZF<br \/>\n0501216401 ZF<br \/>\n0501217295 ZF<br \/>\n0501219311 ZF<br \/>\n7421318089 RENAULT<br \/>\n080.933-00A PE<br \/>\nReverse light switch sensor<br \/>\nR\u00fcckfahrlichtschalter<br \/>\nReverse Light Switch Sensor<br \/>\nInterruptor Luz Marcha Atr\u00e1s<br \/>\nInterruttore Luce Retromarcia<br \/>\nContacteur Feu Marche Arriere<br \/>\nAchteruitrijlicht Schakelaar<br \/>\nTol\u00f3l\u00e1mpa Kapcsol\u00f3 Szenzor<br \/>\nPrze\u0142\u0105cznik \u015awiat\u0142a Cofania<br \/>\nBaklyskontakt Bakgear<\/p>\n","protected":false},"excerpt":{"rendered":"<p><img decoding=\"async\" class=\"alignnone size-medium wp-image-17694\" src=\"https:\/\/sindicom.hr\/wp-content\/uploads\/2020\/05\/aftermarket-300x300.png\" alt=\"\" width=\"300\" height=\"300\" srcset=\"https:\/\/sindicom.hr\/wp-content\/uploads\/2020\/05\/aftermarket-64x64.png 64w, https:\/\/sindicom.hr\/wp-content\/uploads\/2020\/05\/aftermarket-66x66.png 66w, https:\/\/sindicom.hr\/wp-content\/uploads\/2020\/05\/aftermarket-100x100.png 100w, https:\/\/sindicom.hr\/wp-content\/uploads\/2020\/05\/aftermarket-150x150.png 150w, https:\/\/sindicom.hr\/wp-content\/uploads\/2020\/05\/aftermarket-200x200.png 200w, https:\/\/sindicom.hr\/wp-content\/uploads\/2020\/05\/aftermarket.png 300w\" sizes=\"(max-width: 300px) 100vw, 300px\" \/><\/p>\n","protected":false},"featured_media":53548,"template":"","meta":{"inline_featured_image":false},"product_brand":[],"product_cat":[15,126,192,108,278,112,120,191,107],"product_tag":[],"class_list":{"0":"post-53520","1":"product","2":"type-product","3":"status-publish","4":"has-post-thumbnail","6":"product_cat-all-products","7":"product_cat-daf","8":"product_cat-dijelovi-mjenjaca","9":"product_cat-man-teretna-vozila","10":"product_cat-ostali-rezervni-dijelovi-other-spare-parts-andere-ersatzteile-altri-ricambi","11":"product_cat-renault","12":"product_cat-reparaturni-setovi","13":"product_cat-senzori","14":"product_cat-teretna-vozila","16":"first","17":"instock","18":"shipping-taxable","19":"purchasable","20":"product-type-simple"},"yoast_head":"<!-- This site is optimized with the Yoast SEO plugin v26.2 - https:\/\/yoast.com\/wordpress\/plugins\/seo\/ -->\n<title>SENZOR PREKIDA\u010c RIKVERC SVJETALA NA VENTILU MJENJA\u010cA MAN ZF ZAMJ. - Sindicom<\/title>\n<meta name=\"robots\" content=\"index, follow, max-snippet:-1, max-image-preview:large, max-video-preview:-1\" \/>\n<link rel=\"canonical\" href=\"https:\/\/sindicom.hr\/en\/katalog\/senzor-prekidac-rikverc-svjetala-na-ventilu-mjenjaca-man-zf-zamj\/\" \/>\n<meta property=\"og:locale\" content=\"en_US\" \/>\n<meta property=\"og:type\" content=\"article\" \/>\n<meta property=\"og:title\" content=\"SENZOR PREKIDA\u010c RIKVERC SVJETALA NA VENTILU MJENJA\u010cA MAN ZF ZAMJ. - Sindicom\" \/>\n<meta property=\"og:url\" content=\"https:\/\/sindicom.hr\/en\/katalog\/senzor-prekidac-rikverc-svjetala-na-ventilu-mjenjaca-man-zf-zamj\/\" \/>\n<meta property=\"og:site_name\" content=\"Sindicom\" \/>\n<meta property=\"article:publisher\" content=\"https:\/\/www.facebook.com\/Sindicom-doo-170277286366043\/\" \/>\n<meta property=\"article:modified_time\" content=\"2026-04-09T13:08:21+00:00\" \/>\n<meta property=\"og:image\" content=\"https:\/\/sindicom.hr\/wp-content\/uploads\/2026\/04\/0501331662.webp\" \/>\n\t<meta property=\"og:image:width\" content=\"1600\" \/>\n\t<meta property=\"og:image:height\" content=\"900\" \/>\n\t<meta property=\"og:image:type\" content=\"image\/webp\" \/>\n<meta name=\"twitter:card\" content=\"summary_large_image\" \/>\n<meta name=\"twitter:label1\" content=\"Est. reading time\" \/>\n\t<meta name=\"twitter:data1\" content=\"1 minute\" \/>\n<script type=\"application\/ld+json\" class=\"yoast-schema-graph\">{\"@context\":\"https:\/\/schema.org\",\"@graph\":[{\"@type\":\"WebPage\",\"@id\":\"https:\/\/sindicom.hr\/en\/katalog\/senzor-prekidac-rikverc-svjetala-na-ventilu-mjenjaca-man-zf-zamj\/\",\"url\":\"https:\/\/sindicom.hr\/en\/katalog\/senzor-prekidac-rikverc-svjetala-na-ventilu-mjenjaca-man-zf-zamj\/\",\"name\":\"SENZOR PREKIDA\u010c RIKVERC SVJETALA NA VENTILU MJENJA\u010cA MAN ZF ZAMJ. - Sindicom\",\"isPartOf\":{\"@id\":\"https:\/\/sindicom.hr\/en\/#website\"},\"primaryImageOfPage\":{\"@id\":\"https:\/\/sindicom.hr\/en\/katalog\/senzor-prekidac-rikverc-svjetala-na-ventilu-mjenjaca-man-zf-zamj\/#primaryimage\"},\"image\":{\"@id\":\"https:\/\/sindicom.hr\/en\/katalog\/senzor-prekidac-rikverc-svjetala-na-ventilu-mjenjaca-man-zf-zamj\/#primaryimage\"},\"thumbnailUrl\":\"https:\/\/sindicom.hr\/wp-content\/uploads\/2026\/04\/0501331662.webp\",\"datePublished\":\"2026-04-09T06:55:14+00:00\",\"dateModified\":\"2026-04-09T13:08:21+00:00\",\"breadcrumb\":{\"@id\":\"https:\/\/sindicom.hr\/en\/katalog\/senzor-prekidac-rikverc-svjetala-na-ventilu-mjenjaca-man-zf-zamj\/#breadcrumb\"},\"inLanguage\":\"en-US\",\"potentialAction\":[{\"@type\":\"ReadAction\",\"target\":[\"https:\/\/sindicom.hr\/en\/katalog\/senzor-prekidac-rikverc-svjetala-na-ventilu-mjenjaca-man-zf-zamj\/\"]}]},{\"@type\":\"ImageObject\",\"inLanguage\":\"en-US\",\"@id\":\"https:\/\/sindicom.hr\/en\/katalog\/senzor-prekidac-rikverc-svjetala-na-ventilu-mjenjaca-man-zf-zamj\/#primaryimage\",\"url\":\"https:\/\/sindicom.hr\/wp-content\/uploads\/2026\/04\/0501331662.webp\",\"contentUrl\":\"https:\/\/sindicom.hr\/wp-content\/uploads\/2026\/04\/0501331662.webp\",\"width\":1600,\"height\":900},{\"@type\":\"BreadcrumbList\",\"@id\":\"https:\/\/sindicom.hr\/en\/katalog\/senzor-prekidac-rikverc-svjetala-na-ventilu-mjenjaca-man-zf-zamj\/#breadcrumb\",\"itemListElement\":[{\"@type\":\"ListItem\",\"position\":1,\"name\":\"Po\u010detna stranica\",\"item\":\"https:\/\/sindicom.hr\/en\/\"},{\"@type\":\"ListItem\",\"position\":2,\"name\":\"Katalog dijelova\",\"item\":\"https:\/\/sindicom.hr\/en\/catalog\/\"},{\"@type\":\"ListItem\",\"position\":3,\"name\":\"SENZOR PREKIDA\u010c RIKVERC SVJETALA NA VENTILU MJENJA\u010cA MAN ZF ZAMJ.\"}]},{\"@type\":\"WebSite\",\"@id\":\"https:\/\/sindicom.hr\/en\/#website\",\"url\":\"https:\/\/sindicom.hr\/en\/\",\"name\":\"SINDICOM\",\"description\":\"Trade and repair of pneumatic brakes, air and hydraulic systems for trucks and buses\",\"publisher\":{\"@id\":\"https:\/\/sindicom.hr\/en\/#organization\"},\"potentialAction\":[{\"@type\":\"SearchAction\",\"target\":{\"@type\":\"EntryPoint\",\"urlTemplate\":\"https:\/\/sindicom.hr\/en\/?s={search_term_string}\"},\"query-input\":{\"@type\":\"PropertyValueSpecification\",\"valueRequired\":true,\"valueName\":\"search_term_string\"}}],\"inLanguage\":\"en-US\"},{\"@type\":\"Organization\",\"@id\":\"https:\/\/sindicom.hr\/en\/#organization\",\"name\":\"SINDICOM d.o.o.\",\"url\":\"https:\/\/sindicom.hr\/en\/\",\"logo\":{\"@type\":\"ImageObject\",\"inLanguage\":\"en-US\",\"@id\":\"https:\/\/sindicom.hr\/en\/#\/schema\/logo\/image\/\",\"url\":\"https:\/\/sindicom.hr\/wp-content\/uploads\/2019\/11\/sindicom_logo_veliki1.jpg.png\",\"contentUrl\":\"https:\/\/sindicom.hr\/wp-content\/uploads\/2019\/11\/sindicom_logo_veliki1.jpg.png\",\"width\":732,\"height\":706,\"caption\":\"SINDICOM d.o.o.\"},\"image\":{\"@id\":\"https:\/\/sindicom.hr\/en\/#\/schema\/logo\/image\/\"},\"sameAs\":[\"https:\/\/www.facebook.com\/Sindicom-doo-170277286366043\/\",\"https:\/\/instagram.com\/sindicomdoo\"]}]}<\/script>\n<!-- \/ Yoast SEO plugin. -->","yoast_head_json":{"title":"SENZOR PREKIDA\u010c RIKVERC SVJETALA NA VENTILU MJENJA\u010cA MAN ZF ZAMJ. - Sindicom","robots":{"index":"index","follow":"follow","max-snippet":"max-snippet:-1","max-image-preview":"max-image-preview:large","max-video-preview":"max-video-preview:-1"},"canonical":"https:\/\/sindicom.hr\/en\/katalog\/senzor-prekidac-rikverc-svjetala-na-ventilu-mjenjaca-man-zf-zamj\/","og_locale":"en_US","og_type":"article","og_title":"SENZOR PREKIDA\u010c RIKVERC SVJETALA NA VENTILU MJENJA\u010cA MAN ZF ZAMJ. - Sindicom","og_url":"https:\/\/sindicom.hr\/en\/katalog\/senzor-prekidac-rikverc-svjetala-na-ventilu-mjenjaca-man-zf-zamj\/","og_site_name":"Sindicom","article_publisher":"https:\/\/www.facebook.com\/Sindicom-doo-170277286366043\/","article_modified_time":"2026-04-09T13:08:21+00:00","og_image":[{"width":1600,"height":900,"url":"https:\/\/sindicom.hr\/wp-content\/uploads\/2026\/04\/0501331662.webp","type":"image\/webp"}],"twitter_card":"summary_large_image","twitter_misc":{"Est. reading time":"1 minute"},"schema":{"@context":"https:\/\/schema.org","@graph":[{"@type":"WebPage","@id":"https:\/\/sindicom.hr\/en\/katalog\/senzor-prekidac-rikverc-svjetala-na-ventilu-mjenjaca-man-zf-zamj\/","url":"https:\/\/sindicom.hr\/en\/katalog\/senzor-prekidac-rikverc-svjetala-na-ventilu-mjenjaca-man-zf-zamj\/","name":"SENZOR PREKIDA\u010c RIKVERC SVJETALA NA VENTILU MJENJA\u010cA MAN ZF ZAMJ. - Sindicom","isPartOf":{"@id":"https:\/\/sindicom.hr\/en\/#website"},"primaryImageOfPage":{"@id":"https:\/\/sindicom.hr\/en\/katalog\/senzor-prekidac-rikverc-svjetala-na-ventilu-mjenjaca-man-zf-zamj\/#primaryimage"},"image":{"@id":"https:\/\/sindicom.hr\/en\/katalog\/senzor-prekidac-rikverc-svjetala-na-ventilu-mjenjaca-man-zf-zamj\/#primaryimage"},"thumbnailUrl":"https:\/\/sindicom.hr\/wp-content\/uploads\/2026\/04\/0501331662.webp","datePublished":"2026-04-09T06:55:14+00:00","dateModified":"2026-04-09T13:08:21+00:00","breadcrumb":{"@id":"https:\/\/sindicom.hr\/en\/katalog\/senzor-prekidac-rikverc-svjetala-na-ventilu-mjenjaca-man-zf-zamj\/#breadcrumb"},"inLanguage":"en-US","potentialAction":[{"@type":"ReadAction","target":["https:\/\/sindicom.hr\/en\/katalog\/senzor-prekidac-rikverc-svjetala-na-ventilu-mjenjaca-man-zf-zamj\/"]}]},{"@type":"ImageObject","inLanguage":"en-US","@id":"https:\/\/sindicom.hr\/en\/katalog\/senzor-prekidac-rikverc-svjetala-na-ventilu-mjenjaca-man-zf-zamj\/#primaryimage","url":"https:\/\/sindicom.hr\/wp-content\/uploads\/2026\/04\/0501331662.webp","contentUrl":"https:\/\/sindicom.hr\/wp-content\/uploads\/2026\/04\/0501331662.webp","width":1600,"height":900},{"@type":"BreadcrumbList","@id":"https:\/\/sindicom.hr\/en\/katalog\/senzor-prekidac-rikverc-svjetala-na-ventilu-mjenjaca-man-zf-zamj\/#breadcrumb","itemListElement":[{"@type":"ListItem","position":1,"name":"Po\u010detna stranica","item":"https:\/\/sindicom.hr\/en\/"},{"@type":"ListItem","position":2,"name":"Katalog dijelova","item":"https:\/\/sindicom.hr\/en\/catalog\/"},{"@type":"ListItem","position":3,"name":"SENZOR PREKIDA\u010c RIKVERC SVJETALA NA VENTILU MJENJA\u010cA MAN ZF ZAMJ."}]},{"@type":"WebSite","@id":"https:\/\/sindicom.hr\/en\/#website","url":"https:\/\/sindicom.hr\/en\/","name":"SINDICOM","description":"Trade and repair of pneumatic brakes, air and hydraulic systems for trucks and buses","publisher":{"@id":"https:\/\/sindicom.hr\/en\/#organization"},"potentialAction":[{"@type":"SearchAction","target":{"@type":"EntryPoint","urlTemplate":"https:\/\/sindicom.hr\/en\/?s={search_term_string}"},"query-input":{"@type":"PropertyValueSpecification","valueRequired":true,"valueName":"search_term_string"}}],"inLanguage":"en-US"},{"@type":"Organization","@id":"https:\/\/sindicom.hr\/en\/#organization","name":"SINDICOM d.o.o.","url":"https:\/\/sindicom.hr\/en\/","logo":{"@type":"ImageObject","inLanguage":"en-US","@id":"https:\/\/sindicom.hr\/en\/#\/schema\/logo\/image\/","url":"https:\/\/sindicom.hr\/wp-content\/uploads\/2019\/11\/sindicom_logo_veliki1.jpg.png","contentUrl":"https:\/\/sindicom.hr\/wp-content\/uploads\/2019\/11\/sindicom_logo_veliki1.jpg.png","width":732,"height":706,"caption":"SINDICOM d.o.o."},"image":{"@id":"https:\/\/sindicom.hr\/en\/#\/schema\/logo\/image\/"},"sameAs":["https:\/\/www.facebook.com\/Sindicom-doo-170277286366043\/","https:\/\/instagram.com\/sindicomdoo"]}]}},"_links":{"self":[{"href":"https:\/\/sindicom.hr\/en\/wp-json\/wp\/v2\/product\/53520","targetHints":{"allow":["GET"]}}],"collection":[{"href":"https:\/\/sindicom.hr\/en\/wp-json\/wp\/v2\/product"}],"about":[{"href":"https:\/\/sindicom.hr\/en\/wp-json\/wp\/v2\/types\/product"}],"wp:featuredmedia":[{"embeddable":true,"href":"https:\/\/sindicom.hr\/en\/wp-json\/wp\/v2\/media\/53548"}],"wp:attachment":[{"href":"https:\/\/sindicom.hr\/en\/wp-json\/wp\/v2\/media?parent=53520"}],"wp:term":[{"taxonomy":"product_brand","embeddable":true,"href":"https:\/\/sindicom.hr\/en\/wp-json\/wp\/v2\/product_brand?post=53520"},{"taxonomy":"product_cat","embeddable":true,"href":"https:\/\/sindicom.hr\/en\/wp-json\/wp\/v2\/product_cat?post=53520"},{"taxonomy":"product_tag","embeddable":true,"href":"https:\/\/sindicom.hr\/en\/wp-json\/wp\/v2\/product_tag?post=53520"}],"curies":[{"name":"wp","href":"https:\/\/api.w.org\/{rel}","templated":true}]}}