{"id":53666,"date":"2026-04-16T13:33:12","date_gmt":"2026-04-16T13:33:12","guid":{"rendered":"https:\/\/sindicom.hr\/?post_type=product&#038;p=53666"},"modified":"2026-04-17T10:55:14","modified_gmt":"2026-04-17T10:55:14","slug":"kociona-celjust-straznja-desna-52-mm-iveco-daily-trw","status":"publish","type":"product","link":"https:\/\/sindicom.hr\/en\/katalog\/kociona-celjust-straznja-desna-52-mm-iveco-daily-trw\/","title":{"rendered":"KO\u010cIONA \u010cELJUST STRA\u017dNJA DESNA 52 mm IVECO DAILY TRW"},"content":{"rendered":"<p>BHS791E TRW<br \/>\n42559618 IVECO<br \/>\n42535111 IVECO<br \/>\n42536631 IVECO<br \/>\n42548182 IVECO<br \/>\n42554778 IVECO<br \/>\n504113574 IVECO<br \/>\n504134583 IVECO<br \/>\n504360795 IVECO<br \/>\n042559618 IVECO<br \/>\n0 4255 9618 IVECO<br \/>\n0986474166 BOSCH<br \/>\n0 986 474 166 BOSCH<br \/>\nFA6015 BREMBO<br \/>\nFA6017 BREMBO<br \/>\n212378 NK<br \/>\n87-1347 ELSTOCK<br \/>\n180309 FEBI<br \/>\n9291543 FTE<br \/>\n9298233 FTE<br \/>\nRX529810A0 FTE<br \/>\n7107791 GIRLING<br \/>\nFCL695598 FERODO<br \/>\n8AC355388-841 HELLA<br \/>\n8AN355788-841 HELLA<br \/>\n8AC 355 388-841 HELLA<br \/>\n8AN 355 788-841 HELLA<br \/>\n343529 BUDWEG CALIPER<br \/>\n343531 BUDWEG CALIPER<br \/>\n9291543 VALEO<br \/>\nBC-1065R OPTIMAL<br \/>\nQBS4740 QUINTON HAZELL<br \/>\n9020132 REMSA<br \/>\nDC73529 REMY<br \/>\nRAB84630 REMY<br \/>\n403529 SPIDAN<br \/>\n38110400 TEXTAR<br \/>\n343529 BUDWEG<br \/>\n8170 343529 TRISCAN<br \/>\n8170 343531 TRISCAN<br \/>\nAir Disc Brake caliper<br \/>\nF\u00e9knyereg<br \/>\nPinza Freno<br \/>\n\u00c9trier De Frein<br \/>\nLuftscheibenbremse Bremssattel<br \/>\nPinza del freno a disco pneumatico<br \/>\n\u00c9trier de frein a disque pneumatique<br \/>\nPinza de freno de disco de aire<\/p>\n","protected":false},"excerpt":{"rendered":"<p>BHS791E TRW 42559618 IVECO 42535111 IVECO 42536631 IVECO 42548182 IVECO  [&#8230;]<\/p>\n","protected":false},"featured_media":53667,"template":"","meta":{"inline_featured_image":false},"product_brand":[],"product_cat":[15,110,59,107],"product_tag":[],"class_list":{"0":"post-53666","1":"product","2":"type-product","3":"status-publish","4":"has-post-thumbnail","6":"product_cat-all-products","7":"product_cat-iveco-teretna-vozila","8":"product_cat-kocione-celjusti","9":"product_cat-teretna-vozila","11":"first","12":"instock","13":"shipping-taxable","14":"purchasable","15":"product-type-simple"},"yoast_head":"<!-- This site is optimized with the Yoast SEO plugin v26.2 - https:\/\/yoast.com\/wordpress\/plugins\/seo\/ -->\n<title>KO\u010cIONA \u010cELJUST STRA\u017dNJA DESNA 52 mm IVECO DAILY TRW - Sindicom<\/title>\n<meta name=\"robots\" content=\"index, follow, max-snippet:-1, max-image-preview:large, max-video-preview:-1\" \/>\n<link rel=\"canonical\" href=\"https:\/\/sindicom.hr\/en\/katalog\/kociona-celjust-straznja-desna-52-mm-iveco-daily-trw\/\" \/>\n<meta property=\"og:locale\" content=\"en_US\" \/>\n<meta property=\"og:type\" content=\"article\" \/>\n<meta property=\"og:title\" content=\"KO\u010cIONA \u010cELJUST STRA\u017dNJA DESNA 52 mm IVECO DAILY TRW - Sindicom\" \/>\n<meta property=\"og:description\" content=\"BHS791E TRW 42559618 IVECO 42535111 IVECO 42536631 IVECO 42548182 IVECO [...]\" \/>\n<meta property=\"og:url\" content=\"https:\/\/sindicom.hr\/en\/katalog\/kociona-celjust-straznja-desna-52-mm-iveco-daily-trw\/\" \/>\n<meta property=\"og:site_name\" content=\"Sindicom\" \/>\n<meta property=\"article:publisher\" content=\"https:\/\/www.facebook.com\/Sindicom-doo-170277286366043\/\" \/>\n<meta property=\"article:modified_time\" content=\"2026-04-17T10:55:14+00:00\" \/>\n<meta property=\"og:image\" content=\"https:\/\/sindicom.hr\/wp-content\/uploads\/2026\/04\/42535111.webp\" \/>\n\t<meta property=\"og:image:width\" content=\"1600\" \/>\n\t<meta property=\"og:image:height\" content=\"900\" \/>\n\t<meta property=\"og:image:type\" content=\"image\/webp\" \/>\n<meta name=\"twitter:card\" content=\"summary_large_image\" \/>\n<meta name=\"twitter:label1\" content=\"Est. reading time\" \/>\n\t<meta name=\"twitter:data1\" content=\"1 minute\" \/>\n<script type=\"application\/ld+json\" class=\"yoast-schema-graph\">{\"@context\":\"https:\/\/schema.org\",\"@graph\":[{\"@type\":\"WebPage\",\"@id\":\"https:\/\/sindicom.hr\/en\/katalog\/kociona-celjust-straznja-desna-52-mm-iveco-daily-trw\/\",\"url\":\"https:\/\/sindicom.hr\/en\/katalog\/kociona-celjust-straznja-desna-52-mm-iveco-daily-trw\/\",\"name\":\"KO\u010cIONA \u010cELJUST STRA\u017dNJA DESNA 52 mm IVECO DAILY TRW - Sindicom\",\"isPartOf\":{\"@id\":\"https:\/\/sindicom.hr\/en\/#website\"},\"primaryImageOfPage\":{\"@id\":\"https:\/\/sindicom.hr\/en\/katalog\/kociona-celjust-straznja-desna-52-mm-iveco-daily-trw\/#primaryimage\"},\"image\":{\"@id\":\"https:\/\/sindicom.hr\/en\/katalog\/kociona-celjust-straznja-desna-52-mm-iveco-daily-trw\/#primaryimage\"},\"thumbnailUrl\":\"https:\/\/sindicom.hr\/wp-content\/uploads\/2026\/04\/42535111.webp\",\"datePublished\":\"2026-04-16T13:33:12+00:00\",\"dateModified\":\"2026-04-17T10:55:14+00:00\",\"breadcrumb\":{\"@id\":\"https:\/\/sindicom.hr\/en\/katalog\/kociona-celjust-straznja-desna-52-mm-iveco-daily-trw\/#breadcrumb\"},\"inLanguage\":\"en-US\",\"potentialAction\":[{\"@type\":\"ReadAction\",\"target\":[\"https:\/\/sindicom.hr\/en\/katalog\/kociona-celjust-straznja-desna-52-mm-iveco-daily-trw\/\"]}]},{\"@type\":\"ImageObject\",\"inLanguage\":\"en-US\",\"@id\":\"https:\/\/sindicom.hr\/en\/katalog\/kociona-celjust-straznja-desna-52-mm-iveco-daily-trw\/#primaryimage\",\"url\":\"https:\/\/sindicom.hr\/wp-content\/uploads\/2026\/04\/42535111.webp\",\"contentUrl\":\"https:\/\/sindicom.hr\/wp-content\/uploads\/2026\/04\/42535111.webp\",\"width\":1600,\"height\":900},{\"@type\":\"BreadcrumbList\",\"@id\":\"https:\/\/sindicom.hr\/en\/katalog\/kociona-celjust-straznja-desna-52-mm-iveco-daily-trw\/#breadcrumb\",\"itemListElement\":[{\"@type\":\"ListItem\",\"position\":1,\"name\":\"Po\u010detna stranica\",\"item\":\"https:\/\/sindicom.hr\/en\/\"},{\"@type\":\"ListItem\",\"position\":2,\"name\":\"Katalog dijelova\",\"item\":\"https:\/\/sindicom.hr\/en\/catalog\/\"},{\"@type\":\"ListItem\",\"position\":3,\"name\":\"KO\u010cIONA \u010cELJUST STRA\u017dNJA DESNA 52 mm IVECO DAILY TRW\"}]},{\"@type\":\"WebSite\",\"@id\":\"https:\/\/sindicom.hr\/en\/#website\",\"url\":\"https:\/\/sindicom.hr\/en\/\",\"name\":\"SINDICOM\",\"description\":\"Trade and repair of pneumatic brakes, air and hydraulic systems for trucks and buses\",\"publisher\":{\"@id\":\"https:\/\/sindicom.hr\/en\/#organization\"},\"potentialAction\":[{\"@type\":\"SearchAction\",\"target\":{\"@type\":\"EntryPoint\",\"urlTemplate\":\"https:\/\/sindicom.hr\/en\/?s={search_term_string}\"},\"query-input\":{\"@type\":\"PropertyValueSpecification\",\"valueRequired\":true,\"valueName\":\"search_term_string\"}}],\"inLanguage\":\"en-US\"},{\"@type\":\"Organization\",\"@id\":\"https:\/\/sindicom.hr\/en\/#organization\",\"name\":\"SINDICOM d.o.o.\",\"url\":\"https:\/\/sindicom.hr\/en\/\",\"logo\":{\"@type\":\"ImageObject\",\"inLanguage\":\"en-US\",\"@id\":\"https:\/\/sindicom.hr\/en\/#\/schema\/logo\/image\/\",\"url\":\"https:\/\/sindicom.hr\/wp-content\/uploads\/2019\/11\/sindicom_logo_veliki1.jpg.png\",\"contentUrl\":\"https:\/\/sindicom.hr\/wp-content\/uploads\/2019\/11\/sindicom_logo_veliki1.jpg.png\",\"width\":732,\"height\":706,\"caption\":\"SINDICOM d.o.o.\"},\"image\":{\"@id\":\"https:\/\/sindicom.hr\/en\/#\/schema\/logo\/image\/\"},\"sameAs\":[\"https:\/\/www.facebook.com\/Sindicom-doo-170277286366043\/\",\"https:\/\/instagram.com\/sindicomdoo\"]}]}<\/script>\n<!-- \/ Yoast SEO plugin. -->","yoast_head_json":{"title":"KO\u010cIONA \u010cELJUST STRA\u017dNJA DESNA 52 mm IVECO DAILY TRW - Sindicom","robots":{"index":"index","follow":"follow","max-snippet":"max-snippet:-1","max-image-preview":"max-image-preview:large","max-video-preview":"max-video-preview:-1"},"canonical":"https:\/\/sindicom.hr\/en\/katalog\/kociona-celjust-straznja-desna-52-mm-iveco-daily-trw\/","og_locale":"en_US","og_type":"article","og_title":"KO\u010cIONA \u010cELJUST STRA\u017dNJA DESNA 52 mm IVECO DAILY TRW - Sindicom","og_description":"BHS791E TRW 42559618 IVECO 42535111 IVECO 42536631 IVECO 42548182 IVECO [...]","og_url":"https:\/\/sindicom.hr\/en\/katalog\/kociona-celjust-straznja-desna-52-mm-iveco-daily-trw\/","og_site_name":"Sindicom","article_publisher":"https:\/\/www.facebook.com\/Sindicom-doo-170277286366043\/","article_modified_time":"2026-04-17T10:55:14+00:00","og_image":[{"width":1600,"height":900,"url":"https:\/\/sindicom.hr\/wp-content\/uploads\/2026\/04\/42535111.webp","type":"image\/webp"}],"twitter_card":"summary_large_image","twitter_misc":{"Est. reading time":"1 minute"},"schema":{"@context":"https:\/\/schema.org","@graph":[{"@type":"WebPage","@id":"https:\/\/sindicom.hr\/en\/katalog\/kociona-celjust-straznja-desna-52-mm-iveco-daily-trw\/","url":"https:\/\/sindicom.hr\/en\/katalog\/kociona-celjust-straznja-desna-52-mm-iveco-daily-trw\/","name":"KO\u010cIONA \u010cELJUST STRA\u017dNJA DESNA 52 mm IVECO DAILY TRW - Sindicom","isPartOf":{"@id":"https:\/\/sindicom.hr\/en\/#website"},"primaryImageOfPage":{"@id":"https:\/\/sindicom.hr\/en\/katalog\/kociona-celjust-straznja-desna-52-mm-iveco-daily-trw\/#primaryimage"},"image":{"@id":"https:\/\/sindicom.hr\/en\/katalog\/kociona-celjust-straznja-desna-52-mm-iveco-daily-trw\/#primaryimage"},"thumbnailUrl":"https:\/\/sindicom.hr\/wp-content\/uploads\/2026\/04\/42535111.webp","datePublished":"2026-04-16T13:33:12+00:00","dateModified":"2026-04-17T10:55:14+00:00","breadcrumb":{"@id":"https:\/\/sindicom.hr\/en\/katalog\/kociona-celjust-straznja-desna-52-mm-iveco-daily-trw\/#breadcrumb"},"inLanguage":"en-US","potentialAction":[{"@type":"ReadAction","target":["https:\/\/sindicom.hr\/en\/katalog\/kociona-celjust-straznja-desna-52-mm-iveco-daily-trw\/"]}]},{"@type":"ImageObject","inLanguage":"en-US","@id":"https:\/\/sindicom.hr\/en\/katalog\/kociona-celjust-straznja-desna-52-mm-iveco-daily-trw\/#primaryimage","url":"https:\/\/sindicom.hr\/wp-content\/uploads\/2026\/04\/42535111.webp","contentUrl":"https:\/\/sindicom.hr\/wp-content\/uploads\/2026\/04\/42535111.webp","width":1600,"height":900},{"@type":"BreadcrumbList","@id":"https:\/\/sindicom.hr\/en\/katalog\/kociona-celjust-straznja-desna-52-mm-iveco-daily-trw\/#breadcrumb","itemListElement":[{"@type":"ListItem","position":1,"name":"Po\u010detna stranica","item":"https:\/\/sindicom.hr\/en\/"},{"@type":"ListItem","position":2,"name":"Katalog dijelova","item":"https:\/\/sindicom.hr\/en\/catalog\/"},{"@type":"ListItem","position":3,"name":"KO\u010cIONA \u010cELJUST STRA\u017dNJA DESNA 52 mm IVECO DAILY TRW"}]},{"@type":"WebSite","@id":"https:\/\/sindicom.hr\/en\/#website","url":"https:\/\/sindicom.hr\/en\/","name":"SINDICOM","description":"Trade and repair of pneumatic brakes, air and hydraulic systems for trucks and buses","publisher":{"@id":"https:\/\/sindicom.hr\/en\/#organization"},"potentialAction":[{"@type":"SearchAction","target":{"@type":"EntryPoint","urlTemplate":"https:\/\/sindicom.hr\/en\/?s={search_term_string}"},"query-input":{"@type":"PropertyValueSpecification","valueRequired":true,"valueName":"search_term_string"}}],"inLanguage":"en-US"},{"@type":"Organization","@id":"https:\/\/sindicom.hr\/en\/#organization","name":"SINDICOM d.o.o.","url":"https:\/\/sindicom.hr\/en\/","logo":{"@type":"ImageObject","inLanguage":"en-US","@id":"https:\/\/sindicom.hr\/en\/#\/schema\/logo\/image\/","url":"https:\/\/sindicom.hr\/wp-content\/uploads\/2019\/11\/sindicom_logo_veliki1.jpg.png","contentUrl":"https:\/\/sindicom.hr\/wp-content\/uploads\/2019\/11\/sindicom_logo_veliki1.jpg.png","width":732,"height":706,"caption":"SINDICOM d.o.o."},"image":{"@id":"https:\/\/sindicom.hr\/en\/#\/schema\/logo\/image\/"},"sameAs":["https:\/\/www.facebook.com\/Sindicom-doo-170277286366043\/","https:\/\/instagram.com\/sindicomdoo"]}]}},"_links":{"self":[{"href":"https:\/\/sindicom.hr\/en\/wp-json\/wp\/v2\/product\/53666","targetHints":{"allow":["GET"]}}],"collection":[{"href":"https:\/\/sindicom.hr\/en\/wp-json\/wp\/v2\/product"}],"about":[{"href":"https:\/\/sindicom.hr\/en\/wp-json\/wp\/v2\/types\/product"}],"wp:featuredmedia":[{"embeddable":true,"href":"https:\/\/sindicom.hr\/en\/wp-json\/wp\/v2\/media\/53667"}],"wp:attachment":[{"href":"https:\/\/sindicom.hr\/en\/wp-json\/wp\/v2\/media?parent=53666"}],"wp:term":[{"taxonomy":"product_brand","embeddable":true,"href":"https:\/\/sindicom.hr\/en\/wp-json\/wp\/v2\/product_brand?post=53666"},{"taxonomy":"product_cat","embeddable":true,"href":"https:\/\/sindicom.hr\/en\/wp-json\/wp\/v2\/product_cat?post=53666"},{"taxonomy":"product_tag","embeddable":true,"href":"https:\/\/sindicom.hr\/en\/wp-json\/wp\/v2\/product_tag?post=53666"}],"curies":[{"name":"wp","href":"https:\/\/api.w.org\/{rel}","templated":true}]}}