{"id":54019,"date":"2026-05-08T10:44:53","date_gmt":"2026-05-08T10:44:53","guid":{"rendered":"https:\/\/sindicom.hr\/?post_type=product&#038;p=54019"},"modified":"2026-05-08T11:52:16","modified_gmt":"2026-05-08T11:52:16","slug":"relej-prekidac-podizne-rampe-s-nosacem-24v-150a-bar-palfinger-dhollandia-haco-oe","status":"publish","type":"product","link":"https:\/\/sindicom.hr\/en\/katalog\/relej-prekidac-podizne-rampe-s-nosacem-24v-150a-bar-palfinger-dhollandia-haco-oe\/","title":{"rendered":"RELEJ PREKIDA\u010c PODIZNE RAMPE S NOSA\u010cEM 24V 150A BAR PALFINGER DHOLLANDIA HACO OE"},"content":{"rendered":"<p>4501127H HACO<br \/>\n101139290 BAR CARGOLIFT<br \/>\n101139290 B\u00c4R CARGOLIFT<br \/>\n01.139290 BAR CARGOLIFT<br \/>\n395450 ANTEO<br \/>\n89451 DAUTEL<br \/>\n65978 DAUTEL<br \/>\n0089451 DAUTEL<br \/>\n0065978 DAUTEL<br \/>\nEEA4184 PALGATE<br \/>\n4696-218-7 RATCLIFF<br \/>\n1404305 MBB PALFINGER<br \/>\n2016995 MBB PALFINGER<br \/>\n2017806 MBB PALFINGER<br \/>\n2017826 MBB PALFINGER<br \/>\n3181612 MBB PALFINGER<br \/>\n67474899 MBB PALFINGER<br \/>\nE0058 PALFINGER<br \/>\n4552058H PALFINGER<br \/>\n40840312 PALFINGER<br \/>\n62500207600 PALFINGER<br \/>\n4501127 HACO<br \/>\nNapon: 24.0 V<br \/>\nNapon: 150.0 A<br \/>\nVoltage: 24.0 V<br \/>\nVoltage: 150.0 A<br \/>\nSpannung: 24,0 V<br \/>\nSpannung: 150,0 A<br \/>\nElectro-switch Albright<br \/>\nRampeswitch-rela<br \/>\nR\u00e1mpakapcsol\u00f3 rel\u00e9<br \/>\nRampeschakelrelais<br \/>\nRampen-Schaltrelais<br \/>\nRele interruttore rampa<br \/>\nRel\u00e9 del interruptor de rampa<br \/>\nRelais de l\u2019interrupteur de rampe<br \/>\nStarter solenoid valve 24V 150A<br \/>\nBAR CARGOLIFT drive current relay PALFINGER<br \/>\nZA TIPOVE:<br \/>\nFOR TIPS:<br \/>\nDHLM.08<br \/>\nDHLM.10<br \/>\nDHLM.15<br \/>\nDHLMQ.10<br \/>\nDHSM.20<br \/>\nDHSM.30<br \/>\nDHSO71<br \/>\nDHSO8.15<br \/>\nDHSO8.20<br \/>\nBAR CARGOLIFT PARTS<br \/>\nLIFT RAMP FOR TRUCKS<br \/>\nPARTS OF TRUCK LOADING RAMPS<br \/>\nTRUCK LIFT RAMP, LIFT RAMP PARTS<br \/>\nPARTS OF LOADING LIFT TRUCK RAMP<\/p>\n","protected":false},"excerpt":{"rendered":"<p><img decoding=\"async\" class=\"alignnone size-medium wp-image-54020\" src=\"https:\/\/sindicom.hr\/wp-content\/uploads\/2026\/05\/HACO-LOGO-300x139.png\" alt=\"\" width=\"300\" height=\"139\" srcset=\"https:\/\/sindicom.hr\/wp-content\/uploads\/2026\/05\/HACO-LOGO-64x30.png 64w, https:\/\/sindicom.hr\/wp-content\/uploads\/2026\/05\/HACO-LOGO-200x93.png 200w, https:\/\/sindicom.hr\/wp-content\/uploads\/2026\/05\/HACO-LOGO-300x139.png 300w, https:\/\/sindicom.hr\/wp-content\/uploads\/2026\/05\/HACO-LOGO-400x185.png 400w, https:\/\/sindicom.hr\/wp-content\/uploads\/2026\/05\/HACO-LOGO-500x232.png 500w, https:\/\/sindicom.hr\/wp-content\/uploads\/2026\/05\/HACO-LOGO-600x278.png 600w, https:\/\/sindicom.hr\/wp-content\/uploads\/2026\/05\/HACO-LOGO-700x324.png 700w, https:\/\/sindicom.hr\/wp-content\/uploads\/2026\/05\/HACO-LOGO-768x356.png 768w, https:\/\/sindicom.hr\/wp-content\/uploads\/2026\/05\/HACO-LOGO-800x371.png 800w, https:\/\/sindicom.hr\/wp-content\/uploads\/2026\/05\/HACO-LOGO-1024x475.png 1024w, https:\/\/sindicom.hr\/wp-content\/uploads\/2026\/05\/HACO-LOGO-1200x556.png 1200w, https:\/\/sindicom.hr\/wp-content\/uploads\/2026\/05\/HACO-LOGO-1536x712.png 1536w, https:\/\/sindicom.hr\/wp-content\/uploads\/2026\/05\/HACO-LOGO.png 1875w\" sizes=\"(max-width: 300px) 100vw, 300px\" \/><\/p>\n","protected":false},"featured_media":54022,"template":"","meta":{"inline_featured_image":false},"product_brand":[],"product_cat":[15,278,228],"product_tag":[],"class_list":{"0":"post-54019","1":"product","2":"type-product","3":"status-publish","4":"has-post-thumbnail","6":"product_cat-all-products","7":"product_cat-ostali-rezervni-dijelovi-other-spare-parts-andere-ersatzteile-altri-ricambi","8":"product_cat-taster-i-prekidac-button-and-switch","10":"first","11":"instock","12":"shipping-taxable","13":"purchasable","14":"product-type-simple"},"yoast_head":"<!-- This site is optimized with the Yoast SEO plugin v26.2 - https:\/\/yoast.com\/wordpress\/plugins\/seo\/ -->\n<title>RELEJ PREKIDA\u010c PODIZNE RAMPE S NOSA\u010cEM 24V 150A BAR PALFINGER DHOLLANDIA HACO OE - Sindicom<\/title>\n<meta name=\"robots\" content=\"index, follow, max-snippet:-1, max-image-preview:large, max-video-preview:-1\" \/>\n<link rel=\"canonical\" href=\"https:\/\/sindicom.hr\/en\/katalog\/relej-prekidac-podizne-rampe-s-nosacem-24v-150a-bar-palfinger-dhollandia-haco-oe\/\" \/>\n<meta property=\"og:locale\" content=\"en_US\" \/>\n<meta property=\"og:type\" content=\"article\" \/>\n<meta property=\"og:title\" content=\"RELEJ PREKIDA\u010c PODIZNE RAMPE S NOSA\u010cEM 24V 150A BAR PALFINGER DHOLLANDIA HACO OE - Sindicom\" \/>\n<meta property=\"og:url\" content=\"https:\/\/sindicom.hr\/en\/katalog\/relej-prekidac-podizne-rampe-s-nosacem-24v-150a-bar-palfinger-dhollandia-haco-oe\/\" \/>\n<meta property=\"og:site_name\" content=\"Sindicom\" \/>\n<meta property=\"article:publisher\" content=\"https:\/\/www.facebook.com\/Sindicom-doo-170277286366043\/\" \/>\n<meta property=\"article:modified_time\" content=\"2026-05-08T11:52:16+00:00\" \/>\n<meta property=\"og:image\" content=\"https:\/\/sindicom.hr\/wp-content\/uploads\/2026\/05\/4501127H-HACO.webp\" \/>\n\t<meta property=\"og:image:width\" content=\"1600\" \/>\n\t<meta property=\"og:image:height\" content=\"900\" \/>\n\t<meta property=\"og:image:type\" content=\"image\/webp\" \/>\n<meta name=\"twitter:card\" content=\"summary_large_image\" \/>\n<meta name=\"twitter:label1\" content=\"Est. reading time\" \/>\n\t<meta name=\"twitter:data1\" content=\"1 minute\" \/>\n<script type=\"application\/ld+json\" class=\"yoast-schema-graph\">{\"@context\":\"https:\/\/schema.org\",\"@graph\":[{\"@type\":\"WebPage\",\"@id\":\"https:\/\/sindicom.hr\/en\/katalog\/relej-prekidac-podizne-rampe-s-nosacem-24v-150a-bar-palfinger-dhollandia-haco-oe\/\",\"url\":\"https:\/\/sindicom.hr\/en\/katalog\/relej-prekidac-podizne-rampe-s-nosacem-24v-150a-bar-palfinger-dhollandia-haco-oe\/\",\"name\":\"RELEJ PREKIDA\u010c PODIZNE RAMPE S NOSA\u010cEM 24V 150A BAR PALFINGER DHOLLANDIA HACO OE - Sindicom\",\"isPartOf\":{\"@id\":\"https:\/\/sindicom.hr\/en\/#website\"},\"primaryImageOfPage\":{\"@id\":\"https:\/\/sindicom.hr\/en\/katalog\/relej-prekidac-podizne-rampe-s-nosacem-24v-150a-bar-palfinger-dhollandia-haco-oe\/#primaryimage\"},\"image\":{\"@id\":\"https:\/\/sindicom.hr\/en\/katalog\/relej-prekidac-podizne-rampe-s-nosacem-24v-150a-bar-palfinger-dhollandia-haco-oe\/#primaryimage\"},\"thumbnailUrl\":\"https:\/\/sindicom.hr\/wp-content\/uploads\/2026\/05\/4501127H-HACO.webp\",\"datePublished\":\"2026-05-08T10:44:53+00:00\",\"dateModified\":\"2026-05-08T11:52:16+00:00\",\"breadcrumb\":{\"@id\":\"https:\/\/sindicom.hr\/en\/katalog\/relej-prekidac-podizne-rampe-s-nosacem-24v-150a-bar-palfinger-dhollandia-haco-oe\/#breadcrumb\"},\"inLanguage\":\"en-US\",\"potentialAction\":[{\"@type\":\"ReadAction\",\"target\":[\"https:\/\/sindicom.hr\/en\/katalog\/relej-prekidac-podizne-rampe-s-nosacem-24v-150a-bar-palfinger-dhollandia-haco-oe\/\"]}]},{\"@type\":\"ImageObject\",\"inLanguage\":\"en-US\",\"@id\":\"https:\/\/sindicom.hr\/en\/katalog\/relej-prekidac-podizne-rampe-s-nosacem-24v-150a-bar-palfinger-dhollandia-haco-oe\/#primaryimage\",\"url\":\"https:\/\/sindicom.hr\/wp-content\/uploads\/2026\/05\/4501127H-HACO.webp\",\"contentUrl\":\"https:\/\/sindicom.hr\/wp-content\/uploads\/2026\/05\/4501127H-HACO.webp\",\"width\":1600,\"height\":900},{\"@type\":\"BreadcrumbList\",\"@id\":\"https:\/\/sindicom.hr\/en\/katalog\/relej-prekidac-podizne-rampe-s-nosacem-24v-150a-bar-palfinger-dhollandia-haco-oe\/#breadcrumb\",\"itemListElement\":[{\"@type\":\"ListItem\",\"position\":1,\"name\":\"Po\u010detna stranica\",\"item\":\"https:\/\/sindicom.hr\/en\/\"},{\"@type\":\"ListItem\",\"position\":2,\"name\":\"Katalog dijelova\",\"item\":\"https:\/\/sindicom.hr\/en\/catalog\/\"},{\"@type\":\"ListItem\",\"position\":3,\"name\":\"RELEJ PREKIDA\u010c PODIZNE RAMPE S NOSA\u010cEM 24V 150A BAR PALFINGER DHOLLANDIA HACO OE\"}]},{\"@type\":\"WebSite\",\"@id\":\"https:\/\/sindicom.hr\/en\/#website\",\"url\":\"https:\/\/sindicom.hr\/en\/\",\"name\":\"SINDICOM\",\"description\":\"Trade and repair of pneumatic brakes, air and hydraulic systems for trucks and buses\",\"publisher\":{\"@id\":\"https:\/\/sindicom.hr\/en\/#organization\"},\"potentialAction\":[{\"@type\":\"SearchAction\",\"target\":{\"@type\":\"EntryPoint\",\"urlTemplate\":\"https:\/\/sindicom.hr\/en\/?s={search_term_string}\"},\"query-input\":{\"@type\":\"PropertyValueSpecification\",\"valueRequired\":true,\"valueName\":\"search_term_string\"}}],\"inLanguage\":\"en-US\"},{\"@type\":\"Organization\",\"@id\":\"https:\/\/sindicom.hr\/en\/#organization\",\"name\":\"SINDICOM d.o.o.\",\"url\":\"https:\/\/sindicom.hr\/en\/\",\"logo\":{\"@type\":\"ImageObject\",\"inLanguage\":\"en-US\",\"@id\":\"https:\/\/sindicom.hr\/en\/#\/schema\/logo\/image\/\",\"url\":\"https:\/\/sindicom.hr\/wp-content\/uploads\/2019\/11\/sindicom_logo_veliki1.jpg.png\",\"contentUrl\":\"https:\/\/sindicom.hr\/wp-content\/uploads\/2019\/11\/sindicom_logo_veliki1.jpg.png\",\"width\":732,\"height\":706,\"caption\":\"SINDICOM d.o.o.\"},\"image\":{\"@id\":\"https:\/\/sindicom.hr\/en\/#\/schema\/logo\/image\/\"},\"sameAs\":[\"https:\/\/www.facebook.com\/Sindicom-doo-170277286366043\/\",\"https:\/\/instagram.com\/sindicomdoo\"]}]}<\/script>\n<!-- \/ Yoast SEO plugin. -->","yoast_head_json":{"title":"RELEJ PREKIDA\u010c PODIZNE RAMPE S NOSA\u010cEM 24V 150A BAR PALFINGER DHOLLANDIA HACO OE - Sindicom","robots":{"index":"index","follow":"follow","max-snippet":"max-snippet:-1","max-image-preview":"max-image-preview:large","max-video-preview":"max-video-preview:-1"},"canonical":"https:\/\/sindicom.hr\/en\/katalog\/relej-prekidac-podizne-rampe-s-nosacem-24v-150a-bar-palfinger-dhollandia-haco-oe\/","og_locale":"en_US","og_type":"article","og_title":"RELEJ PREKIDA\u010c PODIZNE RAMPE S NOSA\u010cEM 24V 150A BAR PALFINGER DHOLLANDIA HACO OE - Sindicom","og_url":"https:\/\/sindicom.hr\/en\/katalog\/relej-prekidac-podizne-rampe-s-nosacem-24v-150a-bar-palfinger-dhollandia-haco-oe\/","og_site_name":"Sindicom","article_publisher":"https:\/\/www.facebook.com\/Sindicom-doo-170277286366043\/","article_modified_time":"2026-05-08T11:52:16+00:00","og_image":[{"width":1600,"height":900,"url":"https:\/\/sindicom.hr\/wp-content\/uploads\/2026\/05\/4501127H-HACO.webp","type":"image\/webp"}],"twitter_card":"summary_large_image","twitter_misc":{"Est. reading time":"1 minute"},"schema":{"@context":"https:\/\/schema.org","@graph":[{"@type":"WebPage","@id":"https:\/\/sindicom.hr\/en\/katalog\/relej-prekidac-podizne-rampe-s-nosacem-24v-150a-bar-palfinger-dhollandia-haco-oe\/","url":"https:\/\/sindicom.hr\/en\/katalog\/relej-prekidac-podizne-rampe-s-nosacem-24v-150a-bar-palfinger-dhollandia-haco-oe\/","name":"RELEJ PREKIDA\u010c PODIZNE RAMPE S NOSA\u010cEM 24V 150A BAR PALFINGER DHOLLANDIA HACO OE - Sindicom","isPartOf":{"@id":"https:\/\/sindicom.hr\/en\/#website"},"primaryImageOfPage":{"@id":"https:\/\/sindicom.hr\/en\/katalog\/relej-prekidac-podizne-rampe-s-nosacem-24v-150a-bar-palfinger-dhollandia-haco-oe\/#primaryimage"},"image":{"@id":"https:\/\/sindicom.hr\/en\/katalog\/relej-prekidac-podizne-rampe-s-nosacem-24v-150a-bar-palfinger-dhollandia-haco-oe\/#primaryimage"},"thumbnailUrl":"https:\/\/sindicom.hr\/wp-content\/uploads\/2026\/05\/4501127H-HACO.webp","datePublished":"2026-05-08T10:44:53+00:00","dateModified":"2026-05-08T11:52:16+00:00","breadcrumb":{"@id":"https:\/\/sindicom.hr\/en\/katalog\/relej-prekidac-podizne-rampe-s-nosacem-24v-150a-bar-palfinger-dhollandia-haco-oe\/#breadcrumb"},"inLanguage":"en-US","potentialAction":[{"@type":"ReadAction","target":["https:\/\/sindicom.hr\/en\/katalog\/relej-prekidac-podizne-rampe-s-nosacem-24v-150a-bar-palfinger-dhollandia-haco-oe\/"]}]},{"@type":"ImageObject","inLanguage":"en-US","@id":"https:\/\/sindicom.hr\/en\/katalog\/relej-prekidac-podizne-rampe-s-nosacem-24v-150a-bar-palfinger-dhollandia-haco-oe\/#primaryimage","url":"https:\/\/sindicom.hr\/wp-content\/uploads\/2026\/05\/4501127H-HACO.webp","contentUrl":"https:\/\/sindicom.hr\/wp-content\/uploads\/2026\/05\/4501127H-HACO.webp","width":1600,"height":900},{"@type":"BreadcrumbList","@id":"https:\/\/sindicom.hr\/en\/katalog\/relej-prekidac-podizne-rampe-s-nosacem-24v-150a-bar-palfinger-dhollandia-haco-oe\/#breadcrumb","itemListElement":[{"@type":"ListItem","position":1,"name":"Po\u010detna stranica","item":"https:\/\/sindicom.hr\/en\/"},{"@type":"ListItem","position":2,"name":"Katalog dijelova","item":"https:\/\/sindicom.hr\/en\/catalog\/"},{"@type":"ListItem","position":3,"name":"RELEJ PREKIDA\u010c PODIZNE RAMPE S NOSA\u010cEM 24V 150A BAR PALFINGER DHOLLANDIA HACO OE"}]},{"@type":"WebSite","@id":"https:\/\/sindicom.hr\/en\/#website","url":"https:\/\/sindicom.hr\/en\/","name":"SINDICOM","description":"Trade and repair of pneumatic brakes, air and hydraulic systems for trucks and buses","publisher":{"@id":"https:\/\/sindicom.hr\/en\/#organization"},"potentialAction":[{"@type":"SearchAction","target":{"@type":"EntryPoint","urlTemplate":"https:\/\/sindicom.hr\/en\/?s={search_term_string}"},"query-input":{"@type":"PropertyValueSpecification","valueRequired":true,"valueName":"search_term_string"}}],"inLanguage":"en-US"},{"@type":"Organization","@id":"https:\/\/sindicom.hr\/en\/#organization","name":"SINDICOM d.o.o.","url":"https:\/\/sindicom.hr\/en\/","logo":{"@type":"ImageObject","inLanguage":"en-US","@id":"https:\/\/sindicom.hr\/en\/#\/schema\/logo\/image\/","url":"https:\/\/sindicom.hr\/wp-content\/uploads\/2019\/11\/sindicom_logo_veliki1.jpg.png","contentUrl":"https:\/\/sindicom.hr\/wp-content\/uploads\/2019\/11\/sindicom_logo_veliki1.jpg.png","width":732,"height":706,"caption":"SINDICOM d.o.o."},"image":{"@id":"https:\/\/sindicom.hr\/en\/#\/schema\/logo\/image\/"},"sameAs":["https:\/\/www.facebook.com\/Sindicom-doo-170277286366043\/","https:\/\/instagram.com\/sindicomdoo"]}]}},"_links":{"self":[{"href":"https:\/\/sindicom.hr\/en\/wp-json\/wp\/v2\/product\/54019","targetHints":{"allow":["GET"]}}],"collection":[{"href":"https:\/\/sindicom.hr\/en\/wp-json\/wp\/v2\/product"}],"about":[{"href":"https:\/\/sindicom.hr\/en\/wp-json\/wp\/v2\/types\/product"}],"wp:featuredmedia":[{"embeddable":true,"href":"https:\/\/sindicom.hr\/en\/wp-json\/wp\/v2\/media\/54022"}],"wp:attachment":[{"href":"https:\/\/sindicom.hr\/en\/wp-json\/wp\/v2\/media?parent=54019"}],"wp:term":[{"taxonomy":"product_brand","embeddable":true,"href":"https:\/\/sindicom.hr\/en\/wp-json\/wp\/v2\/product_brand?post=54019"},{"taxonomy":"product_cat","embeddable":true,"href":"https:\/\/sindicom.hr\/en\/wp-json\/wp\/v2\/product_cat?post=54019"},{"taxonomy":"product_tag","embeddable":true,"href":"https:\/\/sindicom.hr\/en\/wp-json\/wp\/v2\/product_tag?post=54019"}],"curies":[{"name":"wp","href":"https:\/\/api.w.org\/{rel}","templated":true}]}}